{"id":2577,"date":"2023-07-25T10:10:38","date_gmt":"2023-07-25T10:10:38","guid":{"rendered":"https:\/\/simchocolate.com\/noticias\/"},"modified":"2023-10-24T14:12:30","modified_gmt":"2023-10-24T14:12:30","slug":"news","status":"publish","type":"page","link":"https:\/\/simchocolate.com\/en\/news\/","title":{"rendered":"News"},"content":{"rendered":"\t\t<div data-elementor-type=\"wp-page\" data-elementor-id=\"2577\" class=\"elementor elementor-2577 elementor-953\" data-elementor-post-type=\"page\">\n\t\t\t\t\t\t<section class=\"elementor-section elementor-top-section elementor-element elementor-element-2908991 elementor-section-boxed elementor-section-height-default elementor-section-height-default qodef-elementor-content-no\" data-id=\"2908991\" data-element_type=\"section\" data-e-type=\"section\">\n\t\t\t\t\t\t<div class=\"elementor-container elementor-column-gap-default\">\n\t\t\t\t\t<div class=\"elementor-column elementor-col-100 elementor-top-column elementor-element elementor-element-a8df125\" data-id=\"a8df125\" data-element_type=\"column\" data-e-type=\"column\">\n\t\t\t<div class=\"elementor-widget-wrap elementor-element-populated\">\n\t\t\t\t\t\t<div class=\"elementor-element elementor-element-dc00b92 elementor-invisible elementor-widget elementor-widget-heading\" data-id=\"dc00b92\" data-element_type=\"widget\" data-e-type=\"widget\" data-settings=\"{&quot;_animation&quot;:&quot;slideInUp&quot;,&quot;_animation_delay&quot;:250}\" data-widget_type=\"heading.default\">\n\t\t\t\t<div class=\"elementor-widget-container\">\n\t\t\t\t\t<h1 class=\"elementor-heading-title elementor-size-default\">SIM Chocolate News<\/h1>\t\t\t\t<\/div>\n\t\t\t\t<\/div>\n\t\t\t\t<section class=\"elementor-section elementor-inner-section elementor-element elementor-element-c4f8b4e elementor-section-full_width elementor-section-height-default elementor-section-height-default qodef-elementor-content-no\" data-id=\"c4f8b4e\" data-element_type=\"section\" data-e-type=\"section\" id=\"sim-blog-posts\">\n\t\t\t\t\t\t<div class=\"elementor-container elementor-column-gap-default\">\n\t\t\t\t\t<div class=\"elementor-column elementor-col-100 elementor-inner-column elementor-element elementor-element-7c0bd1d\" data-id=\"7c0bd1d\" data-element_type=\"column\" data-e-type=\"column\">\n\t\t\t<div class=\"elementor-widget-wrap elementor-element-populated\">\n\t\t\t\t\t\t<div class=\"elementor-element elementor-element-af85e24 elementor-grid-2 elementor-posts__hover-none elementor-grid-tablet-2 elementor-grid-mobile-1 elementor-posts--thumbnail-top elementor-invisible elementor-widget elementor-widget-posts\" data-id=\"af85e24\" data-element_type=\"widget\" data-e-type=\"widget\" data-settings=\"{&quot;cards_columns&quot;:&quot;2&quot;,&quot;cards_row_gap_tablet&quot;:{&quot;unit&quot;:&quot;px&quot;,&quot;size&quot;:20,&quot;sizes&quot;:[]},&quot;cards_row_gap_mobile&quot;:{&quot;unit&quot;:&quot;px&quot;,&quot;size&quot;:0,&quot;sizes&quot;:[]},&quot;_animation&quot;:&quot;fadeIn&quot;,&quot;_animation_delay&quot;:500,&quot;pagination_type&quot;:&quot;load_more_infinite_scroll&quot;,&quot;cards_columns_tablet&quot;:&quot;2&quot;,&quot;cards_columns_mobile&quot;:&quot;1&quot;,&quot;cards_row_gap&quot;:{&quot;unit&quot;:&quot;px&quot;,&quot;size&quot;:35,&quot;sizes&quot;:[]},&quot;cards_row_gap_laptop&quot;:{&quot;unit&quot;:&quot;px&quot;,&quot;size&quot;:&quot;&quot;,&quot;sizes&quot;:[]},&quot;cards_row_gap_tablet_extra&quot;:{&quot;unit&quot;:&quot;px&quot;,&quot;size&quot;:&quot;&quot;,&quot;sizes&quot;:[]},&quot;cards_row_gap_mobile_extra&quot;:{&quot;unit&quot;:&quot;px&quot;,&quot;size&quot;:&quot;&quot;,&quot;sizes&quot;:[]},&quot;load_more_spinner&quot;:{&quot;value&quot;:&quot;fas fa-spinner&quot;,&quot;library&quot;:&quot;fa-solid&quot;}}\" data-widget_type=\"posts.cards\">\n\t\t\t\t<div class=\"elementor-widget-container\">\n\t\t\t\t\t\t\t<div class=\"elementor-posts-container elementor-posts elementor-posts--skin-cards elementor-grid\" role=\"list\">\n\t\t\t\t<article class=\"elementor-post elementor-grid-item post-10661 post type-post status-publish format-standard has-post-thumbnail hentry category-sem-categoria category-womens-day\">\n\t\t\t<div class=\"elementor-post__card\">\n\t\t\t\t<a class=\"elementor-post__thumbnail__link\" href=\"https:\/\/simchocolate.com\/en\/what-to-do-on-womens-day-tips-for-an-unforgettable-celebration\/\" target=\"\" >\n            <div class=\"elementor-post__thumbnail\"><img fetchpriority=\"high\" decoding=\"async\" width=\"2560\" height=\"1707\" src=\"https:\/\/simchocolate.com\/wp-content\/uploads\/2026\/02\/kostiantyn-li-mrqOQ8E5teI-unsplash-scaled.jpg\" class=\"attachment-full size-full wp-image-10648\" alt=\"dia da mulher\" srcset=\"https:\/\/simchocolate.com\/wp-content\/uploads\/2026\/02\/kostiantyn-li-mrqOQ8E5teI-unsplash-scaled.jpg 2560w, https:\/\/simchocolate.com\/wp-content\/uploads\/2026\/02\/kostiantyn-li-mrqOQ8E5teI-unsplash-300x200.jpg 300w, https:\/\/simchocolate.com\/wp-content\/uploads\/2026\/02\/kostiantyn-li-mrqOQ8E5teI-unsplash-1024x683.jpg 1024w, https:\/\/simchocolate.com\/wp-content\/uploads\/2026\/02\/kostiantyn-li-mrqOQ8E5teI-unsplash-768x512.jpg 768w, https:\/\/simchocolate.com\/wp-content\/uploads\/2026\/02\/kostiantyn-li-mrqOQ8E5teI-unsplash-1536x1024.jpg 1536w, https:\/\/simchocolate.com\/wp-content\/uploads\/2026\/02\/kostiantyn-li-mrqOQ8E5teI-unsplash-2048x1365.jpg 2048w, https:\/\/simchocolate.com\/wp-content\/uploads\/2026\/02\/kostiantyn-li-mrqOQ8E5teI-unsplash-800x533.jpg 800w\" sizes=\"(max-width: 2560px) 100vw, 2560px\" \/> <\/div>\n            \t\t<div class=\"elementor-post__badge\">Sem categoria<\/div>\n\t\t        <\/a>\n\t\t\t\t<div class=\"elementor-post__text\">\n\t\t\t\t<div class=\"elementor-post__meta-data\">\n\t\t\t\t\t<span class=\"elementor-post-date\">\n\t\t\t6 de February, 2026\t\t<\/span>\n\t\t\t\t<\/div>\n\t\t\t\t<h3 class=\"elementor-post__title\">\n\t\t\t<a href=\"https:\/\/simchocolate.com\/en\/what-to-do-on-womens-day-tips-for-an-unforgettable-celebration\/\" target=\"\" >\n\t\t\t\tWhat to do on Women&#8217;s Day? Tips for an Unforgettable Celebration\t\t\t<\/a>\n\t\t<\/h3>\n\t\t\t\t<div class=\"elementor-post__excerpt\">\n\t\t\t<p>Women&#8217;s Day doesn&#8217;t call for big speeches , it calls for gestures that recognize, value and make<\/p>\n\t\t<\/div>\n\t\t\n\t\t<a class=\"elementor-post__read-more\" href=\"https:\/\/simchocolate.com\/en\/what-to-do-on-womens-day-tips-for-an-unforgettable-celebration\/\" target=\"\" aria-label=\"Read more about What to do on Women&#8217;s Day? Tips for an Unforgettable Celebration\" >\n            <span>\n                Ler Mais                <svg class=\"qodef-m-svg-icon\" xmlns=\"http:\/\/www.w3.org\/2000\/svg\" xmlns:xlink=\"http:\/\/www.w3.org\/1999\/xlink\" x=\"0px\" y=\"0px\" width=\"35.375px\" height=\"11.125px\" viewBox=\"0 0 35.375 12.125\" enable-background=\"new 0 0 35.375 12.125\" xml:space=\"preserve\"><g><line x1=\"0.198\" y1=\"6.078\" x2=\"35.088\" y2=\"6.047\"><\/line><line x1=\"29.823\" y1=\"1\" x2=\"34.745\" y2=\"5.922\"><\/line><line x1=\"29.823\" y1=\"11.125\" x2=\"34.745\" y2=\"6.203\"><\/line><\/g><\/svg>\n            <\/span>\n        <\/a>\n\n\t\t\t\t<\/div>\n\t\t\t\t\t<\/div>\n\t\t<\/article>\n\t\t\t\t<article class=\"elementor-post elementor-grid-item post-10532 post type-post status-publish format-standard has-post-thumbnail hentry category-sem-categoria\">\n\t\t\t<div class=\"elementor-post__card\">\n\t\t\t\t<a class=\"elementor-post__thumbnail__link\" href=\"https:\/\/simchocolate.com\/en\/what-to-offer-on-valentines-day-when-you-already-have-everything\/\" target=\"\" >\n            <div class=\"elementor-post__thumbnail\"><img decoding=\"async\" width=\"2560\" height=\"1707\" src=\"https:\/\/simchocolate.com\/wp-content\/uploads\/2026\/01\/becca-tapert-8qxdUJf346A-unsplash-scaled.jpg\" class=\"attachment-full size-full wp-image-10470\" alt=\"\" srcset=\"https:\/\/simchocolate.com\/wp-content\/uploads\/2026\/01\/becca-tapert-8qxdUJf346A-unsplash-scaled.jpg 2560w, https:\/\/simchocolate.com\/wp-content\/uploads\/2026\/01\/becca-tapert-8qxdUJf346A-unsplash-300x200.jpg 300w, https:\/\/simchocolate.com\/wp-content\/uploads\/2026\/01\/becca-tapert-8qxdUJf346A-unsplash-1024x683.jpg 1024w, https:\/\/simchocolate.com\/wp-content\/uploads\/2026\/01\/becca-tapert-8qxdUJf346A-unsplash-768x512.jpg 768w, https:\/\/simchocolate.com\/wp-content\/uploads\/2026\/01\/becca-tapert-8qxdUJf346A-unsplash-1536x1024.jpg 1536w, https:\/\/simchocolate.com\/wp-content\/uploads\/2026\/01\/becca-tapert-8qxdUJf346A-unsplash-2048x1365.jpg 2048w, https:\/\/simchocolate.com\/wp-content\/uploads\/2026\/01\/becca-tapert-8qxdUJf346A-unsplash-800x533.jpg 800w\" sizes=\"(max-width: 2560px) 100vw, 2560px\" \/> <\/div>\n            \t\t<div class=\"elementor-post__badge\">Sem categoria<\/div>\n\t\t        <\/a>\n\t\t\t\t<div class=\"elementor-post__text\">\n\t\t\t\t<div class=\"elementor-post__meta-data\">\n\t\t\t\t\t<span class=\"elementor-post-date\">\n\t\t\t13 de January, 2026\t\t<\/span>\n\t\t\t\t<\/div>\n\t\t\t\t<h3 class=\"elementor-post__title\">\n\t\t\t<a href=\"https:\/\/simchocolate.com\/en\/what-to-offer-on-valentines-day-when-you-already-have-everything\/\" target=\"\" >\n\t\t\t\tWhat to offer on Valentine&#8217;s Day when you already &#8220;have everything&#8221;\t\t\t<\/a>\n\t\t<\/h3>\n\t\t\t\t<div class=\"elementor-post__excerpt\">\n\t\t\t<p>When Valentine&#8217;s Day comes around, the same question always arises: whatto offer when it seems like everything<\/p>\n\t\t<\/div>\n\t\t\n\t\t<a class=\"elementor-post__read-more\" href=\"https:\/\/simchocolate.com\/en\/what-to-offer-on-valentines-day-when-you-already-have-everything\/\" target=\"\" aria-label=\"Read more about What to offer on Valentine&#8217;s Day when you already &#8220;have everything&#8221;\" >\n            <span>\n                Ler Mais                <svg class=\"qodef-m-svg-icon\" xmlns=\"http:\/\/www.w3.org\/2000\/svg\" xmlns:xlink=\"http:\/\/www.w3.org\/1999\/xlink\" x=\"0px\" y=\"0px\" width=\"35.375px\" height=\"11.125px\" viewBox=\"0 0 35.375 12.125\" enable-background=\"new 0 0 35.375 12.125\" xml:space=\"preserve\"><g><line x1=\"0.198\" y1=\"6.078\" x2=\"35.088\" y2=\"6.047\"><\/line><line x1=\"29.823\" y1=\"1\" x2=\"34.745\" y2=\"5.922\"><\/line><line x1=\"29.823\" y1=\"11.125\" x2=\"34.745\" y2=\"6.203\"><\/line><\/g><\/svg>\n            <\/span>\n        <\/a>\n\n\t\t\t\t<\/div>\n\t\t\t\t\t<\/div>\n\t\t<\/article>\n\t\t\t\t<\/div>\n\t\t\t\t\t<span class=\"e-load-more-spinner\">\n\t\t\t\t<i aria-hidden=\"true\" class=\"fas fa-spinner\"><\/i>\t\t\t<\/span>\n\t\t\n\t\t\t\t\t\t<\/div>\n\t\t\t\t<\/div>\n\t\t\t\t\t<\/div>\n\t\t<\/div>\n\t\t\t\t\t<\/div>\n\t\t<\/section>\n\t\t\t\t\t<\/div>\n\t\t<\/div>\n\t\t\t\t\t<\/div>\n\t\t<\/section>\n\t\t\t\t<section class=\"elementor-section elementor-top-section elementor-element elementor-element-0c08ba7 qodef-elementor-content-grid elementor-section-boxed elementor-section-height-default elementor-section-height-default\" data-id=\"0c08ba7\" data-element_type=\"section\" data-e-type=\"section\" data-settings=\"{&quot;background_background&quot;:&quot;classic&quot;}\">\n\t\t\t\t\t\t<div class=\"elementor-container elementor-column-gap-default\">\n\t\t\t\t\t<div class=\"elementor-column elementor-col-33 elementor-top-column elementor-element elementor-element-c2278b5\" data-id=\"c2278b5\" data-element_type=\"column\" data-e-type=\"column\">\n\t\t\t<div class=\"elementor-widget-wrap elementor-element-populated\">\n\t\t\t\t\t\t<div class=\"elementor-element elementor-element-0495d86 elementor-widget__width-auto elementor-widget elementor-widget-swissdelight_core_icon_with_text\" data-id=\"0495d86\" data-element_type=\"widget\" data-e-type=\"widget\" data-widget_type=\"swissdelight_core_icon_with_text.default\">\n\t\t\t\t<div class=\"elementor-widget-container\">\n\t\t\t\t\t<div class=\"qodef-shortcode qodef-m  qodef-icon-with-text qodef-layout--before-title qodef--custom-icon\">\n\t<div class=\"qodef-m-content\">\n\t\t\t<h6 class=\"qodef-m-title\" style=\"color: #242424\">\n\t\t\t\t\t<a itemprop=\"url\" href=\"https:\/\/simchocolate.com\/en\/personalization\/\" target=\"_self\">\n\t\t\t\t\t<span class=\"qodef-m-title-inner\">\n\t\t\t\t<span class=\"qodef-m-icon-wrapper\">\n\t\t\t\t\t<img decoding=\"async\" width=\"31\" height=\"31\" src=\"https:\/\/simchocolate.com\/wp-content\/uploads\/2023\/07\/sim-shopping-gift-icon.svg\" class=\"attachment-full size-full\" alt=\"\" \/>\t\t\t\t<\/span>\n\t\t\t\t<span class=\"qodef-m-title-text\">\n\t\t\t\t\tCustomize packaging\t\t\t\t<\/span>\n\t\t\t<\/span>\n\t\t\t\t\t<\/a>\n\t\t\t<\/h6>\n\t\t\t<\/div>\n<\/div>\n\t\t\t\t<\/div>\n\t\t\t\t<\/div>\n\t\t\t\t\t<\/div>\n\t\t<\/div>\n\t\t\t\t<div class=\"elementor-column elementor-col-33 elementor-top-column elementor-element elementor-element-92408e4\" data-id=\"92408e4\" data-element_type=\"column\" data-e-type=\"column\">\n\t\t\t<div class=\"elementor-widget-wrap elementor-element-populated\">\n\t\t\t\t\t\t<div class=\"elementor-element elementor-element-370273f elementor-widget__width-auto elementor-widget elementor-widget-swissdelight_core_icon_with_text\" data-id=\"370273f\" data-element_type=\"widget\" data-e-type=\"widget\" data-widget_type=\"swissdelight_core_icon_with_text.default\">\n\t\t\t\t<div class=\"elementor-widget-container\">\n\t\t\t\t\t<div class=\"qodef-shortcode qodef-m  qodef-icon-with-text qodef-layout--before-title qodef--custom-icon\">\n\t<div class=\"qodef-m-content\">\n\t\t\t<h6 class=\"qodef-m-title\" style=\"color: #242424\">\n\t\t\t\t\t<a itemprop=\"url\" href=\"https:\/\/simchocolate.com\/en\/chocolates\/\" target=\"_self\">\n\t\t\t\t\t<span class=\"qodef-m-title-inner\">\n\t\t\t\t<span class=\"qodef-m-icon-wrapper\">\n\t\t\t\t\t<img loading=\"lazy\" decoding=\"async\" width=\"37\" height=\"37\" src=\"https:\/\/simchocolate.com\/wp-content\/uploads\/2023\/07\/h1-icon-with-text-img2.png\" class=\"attachment-full size-full\" alt=\"\" \/>\t\t\t\t<\/span>\n\t\t\t\t<span class=\"qodef-m-title-text\">\n\t\t\t\t\tBuy chocolates\t\t\t\t<\/span>\n\t\t\t<\/span>\n\t\t\t\t\t<\/a>\n\t\t\t<\/h6>\n\t\t\t<\/div>\n<\/div>\n\t\t\t\t<\/div>\n\t\t\t\t<\/div>\n\t\t\t\t\t<\/div>\n\t\t<\/div>\n\t\t\t\t<div class=\"elementor-column elementor-col-33 elementor-top-column elementor-element elementor-element-0f7e158\" data-id=\"0f7e158\" data-element_type=\"column\" data-e-type=\"column\">\n\t\t\t<div class=\"elementor-widget-wrap elementor-element-populated\">\n\t\t\t\t\t\t<div class=\"elementor-element elementor-element-bc529ec elementor-widget__width-auto elementor-widget elementor-widget-swissdelight_core_icon_with_text\" data-id=\"bc529ec\" data-element_type=\"widget\" data-e-type=\"widget\" data-widget_type=\"swissdelight_core_icon_with_text.default\">\n\t\t\t\t<div class=\"elementor-widget-container\">\n\t\t\t\t\t<div class=\"qodef-shortcode qodef-m  qodef-icon-with-text qodef-layout--before-title qodef--custom-icon\">\n\t<div class=\"qodef-m-content\">\n\t\t\t<h6 class=\"qodef-m-title\" style=\"color: #242424\">\n\t\t\t\t\t<a itemprop=\"url\" href=\"https:\/\/simchocolate.com\/en\/stores\/\" target=\"_self\">\n\t\t\t\t\t<span class=\"qodef-m-title-inner\">\n\t\t\t\t<span class=\"qodef-m-icon-wrapper\">\n\t\t\t\t\t<img loading=\"lazy\" decoding=\"async\" width=\"37\" height=\"37\" src=\"https:\/\/simchocolate.com\/wp-content\/uploads\/2023\/07\/h1-icon-with-text-img3.png\" class=\"attachment-full size-full\" alt=\"\" \/>\t\t\t\t<\/span>\n\t\t\t\t<span class=\"qodef-m-title-text\">\n\t\t\t\t\tWhere we are\t\t\t\t<\/span>\n\t\t\t<\/span>\n\t\t\t\t\t<\/a>\n\t\t\t<\/h6>\n\t\t\t<\/div>\n<\/div>\n\t\t\t\t<\/div>\n\t\t\t\t<\/div>\n\t\t\t\t\t<\/div>\n\t\t<\/div>\n\t\t\t\t\t<\/div>\n\t\t<\/section>\n\t\t\t\t<\/div>\n\t\t","protected":false},"excerpt":{"rendered":"<p>SIM Chocolate News Customize packaging Buy chocolates Where we are<\/p>\n","protected":false},"author":1,"featured_media":0,"parent":0,"menu_order":0,"comment_status":"closed","ping_status":"closed","template":"","meta":{"footnotes":""},"class_list":["post-2577","page","type-page","status-publish","hentry"],"yoast_head":"<!-- This site is optimized with the Yoast SEO plugin v27.2 - https:\/\/yoast.com\/product\/yoast-seo-wordpress\/ -->\n<title>Blog SIM Chocolate - Doces Novidades de chocolate gourmet<\/title>\n<meta name=\"description\" content=\"Saboreie os nossos artigos, not\u00edcias e novidades enquanto desvendamos os segredos, hist\u00f3rias e inspira\u00e7\u00f5es por tr\u00e1s dos nossos chocolates gourmet inovadores.\" \/>\n<meta name=\"robots\" content=\"index, follow, max-snippet:-1, max-image-preview:large, max-video-preview:-1\" \/>\n<link rel=\"canonical\" href=\"https:\/\/simchocolate.com\/en\/news\/\" \/>\n<meta property=\"og:locale\" content=\"en_US\" \/>\n<meta property=\"og:type\" content=\"article\" \/>\n<meta property=\"og:title\" content=\"Blog SIM Chocolate - Doces Novidades de chocolate gourmet\" \/>\n<meta property=\"og:description\" content=\"Saboreie os nossos artigos, not\u00edcias e novidades enquanto desvendamos os segredos, hist\u00f3rias e inspira\u00e7\u00f5es por tr\u00e1s dos nossos chocolates gourmet inovadores.\" \/>\n<meta property=\"og:url\" content=\"https:\/\/simchocolate.com\/en\/news\/\" \/>\n<meta property=\"og:site_name\" content=\"SIM Chocolate\" \/>\n<meta property=\"article:publisher\" content=\"https:\/\/www.facebook.com\/SimBombons\" \/>\n<meta property=\"article:modified_time\" content=\"2023-10-24T14:12:30+00:00\" \/>\n<meta property=\"og:image\" content=\"https:\/\/simchocolate.com\/wp-content\/uploads\/2023\/07\/sim-shopping-gift-icon.svg\" \/>\n<meta name=\"twitter:card\" content=\"summary_large_image\" \/>\n<meta name=\"twitter:label1\" content=\"Est. reading time\" \/>\n\t<meta name=\"twitter:data1\" content=\"1 minute\" \/>\n<script type=\"application\/ld+json\" class=\"yoast-schema-graph\">{\"@context\":\"https:\/\/schema.org\",\"@graph\":[{\"@type\":\"WebPage\",\"@id\":\"https:\/\/simchocolate.com\/en\/news\/\",\"url\":\"https:\/\/simchocolate.com\/en\/news\/\",\"name\":\"Blog SIM Chocolate - Doces Novidades de chocolate gourmet\",\"isPartOf\":{\"@id\":\"https:\/\/simchocolate.com\/en\/#website\"},\"primaryImageOfPage\":{\"@id\":\"https:\/\/simchocolate.com\/en\/news\/#primaryimage\"},\"image\":{\"@id\":\"https:\/\/simchocolate.com\/en\/news\/#primaryimage\"},\"thumbnailUrl\":\"https:\/\/simchocolate.com\/wp-content\/uploads\/2023\/07\/sim-shopping-gift-icon.svg\",\"datePublished\":\"2023-07-25T10:10:38+00:00\",\"dateModified\":\"2023-10-24T14:12:30+00:00\",\"description\":\"Saboreie os nossos artigos, not\u00edcias e novidades enquanto desvendamos os segredos, hist\u00f3rias e inspira\u00e7\u00f5es por tr\u00e1s dos nossos chocolates gourmet inovadores.\",\"breadcrumb\":{\"@id\":\"https:\/\/simchocolate.com\/en\/news\/#breadcrumb\"},\"inLanguage\":\"en-US\",\"potentialAction\":[{\"@type\":\"ReadAction\",\"target\":[\"https:\/\/simchocolate.com\/en\/news\/\"]}]},{\"@type\":\"ImageObject\",\"inLanguage\":\"en-US\",\"@id\":\"https:\/\/simchocolate.com\/en\/news\/#primaryimage\",\"url\":\"https:\/\/simchocolate.com\/wp-content\/uploads\/2023\/07\/sim-shopping-gift-icon.svg\",\"contentUrl\":\"https:\/\/simchocolate.com\/wp-content\/uploads\/2023\/07\/sim-shopping-gift-icon.svg\"},{\"@type\":\"BreadcrumbList\",\"@id\":\"https:\/\/simchocolate.com\/en\/news\/#breadcrumb\",\"itemListElement\":[{\"@type\":\"ListItem\",\"position\":1,\"name\":\"In\u00edcio\",\"item\":\"https:\/\/simchocolate.com\/en\/\"},{\"@type\":\"ListItem\",\"position\":2,\"name\":\"News\"}]},{\"@type\":\"WebSite\",\"@id\":\"https:\/\/simchocolate.com\/en\/#website\",\"url\":\"https:\/\/simchocolate.com\/en\/\",\"name\":\"SIM Chocolate\",\"description\":\"Do amor incondicional entre uma m\u00e3e e sua filha, nasce a marca SIM Bombons no Natal de 2014\",\"publisher\":{\"@id\":\"https:\/\/simchocolate.com\/en\/#organization\"},\"potentialAction\":[{\"@type\":\"SearchAction\",\"target\":{\"@type\":\"EntryPoint\",\"urlTemplate\":\"https:\/\/simchocolate.com\/en\/?s={search_term_string}\"},\"query-input\":{\"@type\":\"PropertyValueSpecification\",\"valueRequired\":true,\"valueName\":\"search_term_string\"}}],\"inLanguage\":\"en-US\"},{\"@type\":\"Organization\",\"@id\":\"https:\/\/simchocolate.com\/en\/#organization\",\"name\":\"SIM Chocolate\",\"url\":\"https:\/\/simchocolate.com\/en\/\",\"logo\":{\"@type\":\"ImageObject\",\"inLanguage\":\"en-US\",\"@id\":\"https:\/\/simchocolate.com\/en\/#\/schema\/logo\/image\/\",\"url\":\"https:\/\/simchocolate.com\/wp-content\/uploads\/2023\/04\/sim-chocolate-logo.svg\",\"contentUrl\":\"https:\/\/simchocolate.com\/wp-content\/uploads\/2023\/04\/sim-chocolate-logo.svg\",\"caption\":\"SIM Chocolate\"},\"image\":{\"@id\":\"https:\/\/simchocolate.com\/en\/#\/schema\/logo\/image\/\"},\"sameAs\":[\"https:\/\/www.facebook.com\/SimBombons\",\"https:\/\/www.instagram.com\/sim_chocolate_\"]}]}<\/script>\n<!-- \/ Yoast SEO plugin. -->","yoast_head_json":{"title":"Blog SIM Chocolate - Doces Novidades de chocolate gourmet","description":"Saboreie os nossos artigos, not\u00edcias e novidades enquanto desvendamos os segredos, hist\u00f3rias e inspira\u00e7\u00f5es por tr\u00e1s dos nossos chocolates gourmet inovadores.","robots":{"index":"index","follow":"follow","max-snippet":"max-snippet:-1","max-image-preview":"max-image-preview:large","max-video-preview":"max-video-preview:-1"},"canonical":"https:\/\/simchocolate.com\/en\/news\/","og_locale":"en_US","og_type":"article","og_title":"Blog SIM Chocolate - Doces Novidades de chocolate gourmet","og_description":"Saboreie os nossos artigos, not\u00edcias e novidades enquanto desvendamos os segredos, hist\u00f3rias e inspira\u00e7\u00f5es por tr\u00e1s dos nossos chocolates gourmet inovadores.","og_url":"https:\/\/simchocolate.com\/en\/news\/","og_site_name":"SIM Chocolate","article_publisher":"https:\/\/www.facebook.com\/SimBombons","article_modified_time":"2023-10-24T14:12:30+00:00","og_image":[{"url":"https:\/\/simchocolate.com\/wp-content\/uploads\/2023\/07\/sim-shopping-gift-icon.svg","type":"","width":"","height":""}],"twitter_card":"summary_large_image","twitter_misc":{"Est. reading time":"1 minute"},"schema":{"@context":"https:\/\/schema.org","@graph":[{"@type":"WebPage","@id":"https:\/\/simchocolate.com\/en\/news\/","url":"https:\/\/simchocolate.com\/en\/news\/","name":"Blog SIM Chocolate - Doces Novidades de chocolate gourmet","isPartOf":{"@id":"https:\/\/simchocolate.com\/en\/#website"},"primaryImageOfPage":{"@id":"https:\/\/simchocolate.com\/en\/news\/#primaryimage"},"image":{"@id":"https:\/\/simchocolate.com\/en\/news\/#primaryimage"},"thumbnailUrl":"https:\/\/simchocolate.com\/wp-content\/uploads\/2023\/07\/sim-shopping-gift-icon.svg","datePublished":"2023-07-25T10:10:38+00:00","dateModified":"2023-10-24T14:12:30+00:00","description":"Saboreie os nossos artigos, not\u00edcias e novidades enquanto desvendamos os segredos, hist\u00f3rias e inspira\u00e7\u00f5es por tr\u00e1s dos nossos chocolates gourmet inovadores.","breadcrumb":{"@id":"https:\/\/simchocolate.com\/en\/news\/#breadcrumb"},"inLanguage":"en-US","potentialAction":[{"@type":"ReadAction","target":["https:\/\/simchocolate.com\/en\/news\/"]}]},{"@type":"ImageObject","inLanguage":"en-US","@id":"https:\/\/simchocolate.com\/en\/news\/#primaryimage","url":"https:\/\/simchocolate.com\/wp-content\/uploads\/2023\/07\/sim-shopping-gift-icon.svg","contentUrl":"https:\/\/simchocolate.com\/wp-content\/uploads\/2023\/07\/sim-shopping-gift-icon.svg"},{"@type":"BreadcrumbList","@id":"https:\/\/simchocolate.com\/en\/news\/#breadcrumb","itemListElement":[{"@type":"ListItem","position":1,"name":"In\u00edcio","item":"https:\/\/simchocolate.com\/en\/"},{"@type":"ListItem","position":2,"name":"News"}]},{"@type":"WebSite","@id":"https:\/\/simchocolate.com\/en\/#website","url":"https:\/\/simchocolate.com\/en\/","name":"SIM Chocolate","description":"Do amor incondicional entre uma m\u00e3e e sua filha, nasce a marca SIM Bombons no Natal de 2014","publisher":{"@id":"https:\/\/simchocolate.com\/en\/#organization"},"potentialAction":[{"@type":"SearchAction","target":{"@type":"EntryPoint","urlTemplate":"https:\/\/simchocolate.com\/en\/?s={search_term_string}"},"query-input":{"@type":"PropertyValueSpecification","valueRequired":true,"valueName":"search_term_string"}}],"inLanguage":"en-US"},{"@type":"Organization","@id":"https:\/\/simchocolate.com\/en\/#organization","name":"SIM Chocolate","url":"https:\/\/simchocolate.com\/en\/","logo":{"@type":"ImageObject","inLanguage":"en-US","@id":"https:\/\/simchocolate.com\/en\/#\/schema\/logo\/image\/","url":"https:\/\/simchocolate.com\/wp-content\/uploads\/2023\/04\/sim-chocolate-logo.svg","contentUrl":"https:\/\/simchocolate.com\/wp-content\/uploads\/2023\/04\/sim-chocolate-logo.svg","caption":"SIM Chocolate"},"image":{"@id":"https:\/\/simchocolate.com\/en\/#\/schema\/logo\/image\/"},"sameAs":["https:\/\/www.facebook.com\/SimBombons","https:\/\/www.instagram.com\/sim_chocolate_"]}]}},"_links":{"self":[{"href":"https:\/\/simchocolate.com\/en\/wp-json\/wp\/v2\/pages\/2577","targetHints":{"allow":["GET"]}}],"collection":[{"href":"https:\/\/simchocolate.com\/en\/wp-json\/wp\/v2\/pages"}],"about":[{"href":"https:\/\/simchocolate.com\/en\/wp-json\/wp\/v2\/types\/page"}],"author":[{"embeddable":true,"href":"https:\/\/simchocolate.com\/en\/wp-json\/wp\/v2\/users\/1"}],"replies":[{"embeddable":true,"href":"https:\/\/simchocolate.com\/en\/wp-json\/wp\/v2\/comments?post=2577"}],"version-history":[{"count":0,"href":"https:\/\/simchocolate.com\/en\/wp-json\/wp\/v2\/pages\/2577\/revisions"}],"wp:attachment":[{"href":"https:\/\/simchocolate.com\/en\/wp-json\/wp\/v2\/media?parent=2577"}],"curies":[{"name":"wp","href":"https:\/\/api.w.org\/{rel}","templated":true}]}}