{"id":2739,"date":"2023-07-19T14:43:44","date_gmt":"2023-07-19T14:43:44","guid":{"rendered":"https:\/\/simchocolate.com\/envios-e-devolucoes\/"},"modified":"2023-12-12T19:31:21","modified_gmt":"2023-12-12T19:31:21","slug":"shipping-and-returns","status":"publish","type":"page","link":"https:\/\/simchocolate.com\/en\/shipping-and-returns\/","title":{"rendered":"Shipping and Returns"},"content":{"rendered":"\t\t<div data-elementor-type=\"wp-page\" data-elementor-id=\"2739\" class=\"elementor elementor-2739 elementor-384\" data-elementor-post-type=\"page\">\n\t\t\t\t\t\t<section class=\"elementor-section elementor-top-section elementor-element elementor-element-9426b64 elementor-section-boxed elementor-section-height-default elementor-section-height-default qodef-elementor-content-no\" data-id=\"9426b64\" data-element_type=\"section\" data-e-type=\"section\">\n\t\t\t\t\t\t<div class=\"elementor-container elementor-column-gap-default\">\n\t\t\t\t\t<div class=\"elementor-column elementor-col-100 elementor-top-column elementor-element elementor-element-2bbfe16\" data-id=\"2bbfe16\" data-element_type=\"column\" data-e-type=\"column\">\n\t\t\t<div class=\"elementor-widget-wrap elementor-element-populated\">\n\t\t\t\t\t\t<div class=\"elementor-element elementor-element-b5c3fb7 elementor-invisible elementor-widget elementor-widget-heading\" data-id=\"b5c3fb7\" data-element_type=\"widget\" data-e-type=\"widget\" data-settings=\"{&quot;_animation&quot;:&quot;slideInUp&quot;,&quot;_animation_delay&quot;:250}\" data-widget_type=\"heading.default\">\n\t\t\t\t<div class=\"elementor-widget-container\">\n\t\t\t\t\t<h1 class=\"elementor-heading-title elementor-size-default\">Terms and conditions for shipments, cancellations and returns<\/h1>\t\t\t\t<\/div>\n\t\t\t\t<\/div>\n\t\t\t\t<div class=\"elementor-element elementor-element-5cd492c elementor-widget-divider--view-line elementor-widget elementor-widget-divider\" data-id=\"5cd492c\" data-element_type=\"widget\" data-e-type=\"widget\" data-widget_type=\"divider.default\">\n\t\t\t\t<div class=\"elementor-widget-container\">\n\t\t\t\t\t\t\t<div class=\"elementor-divider\">\n\t\t\t<span class=\"elementor-divider-separator\">\n\t\t\t\t\t\t<\/span>\n\t\t<\/div>\n\t\t\t\t\t\t<\/div>\n\t\t\t\t<\/div>\n\t\t\t\t<div class=\"elementor-element elementor-element-8b9b500 elementor-invisible elementor-widget elementor-widget-heading\" data-id=\"8b9b500\" data-element_type=\"widget\" data-e-type=\"widget\" data-settings=\"{&quot;_animation&quot;:&quot;slideInUp&quot;,&quot;_animation_delay&quot;:500}\" data-widget_type=\"heading.default\">\n\t\t\t\t<div class=\"elementor-widget-container\">\n\t\t\t\t\t<h2 class=\"elementor-heading-title elementor-size-default\">Registration process<\/h2>\t\t\t\t<\/div>\n\t\t\t\t<\/div>\n\t\t\t\t<div class=\"elementor-element elementor-element-64ee619 elementor-invisible elementor-widget elementor-widget-text-editor\" data-id=\"64ee619\" data-element_type=\"widget\" data-e-type=\"widget\" data-settings=\"{&quot;_animation&quot;:&quot;fadeIn&quot;,&quot;_animation_delay&quot;:800}\" data-widget_type=\"text-editor.default\">\n\t\t\t\t<div class=\"elementor-widget-container\">\n\t\t\t\t\t\t\t\t\t<p>Registration on our website is reserved for people of legal age (18 years or older), and requires filling in the mandatory information on the registration form.<\/p><p>The user&#8217;s account is personal and non-transferable and contains true information. The user must ensure the confidentiality of their password, and SIM Chocolate is not liable for any damages resulting from improper or negligent use of the same.<\/p>\t\t\t\t\t\t\t\t<\/div>\n\t\t\t\t<\/div>\n\t\t\t\t<div class=\"elementor-element elementor-element-a570e14 elementor-invisible elementor-widget elementor-widget-heading\" data-id=\"a570e14\" data-element_type=\"widget\" data-e-type=\"widget\" data-settings=\"{&quot;_animation&quot;:&quot;slideInUp&quot;,&quot;_animation_delay&quot;:500}\" data-widget_type=\"heading.default\">\n\t\t\t\t<div class=\"elementor-widget-container\">\n\t\t\t\t\t<h2 class=\"elementor-heading-title elementor-size-default\">Shipping policy<\/h2>\t\t\t\t<\/div>\n\t\t\t\t<\/div>\n\t\t\t\t<div class=\"elementor-element elementor-element-f41606d elementor-invisible elementor-widget elementor-widget-text-editor\" data-id=\"f41606d\" data-element_type=\"widget\" data-e-type=\"widget\" data-settings=\"{&quot;_animation&quot;:&quot;fadeIn&quot;,&quot;_animation_delay&quot;:800}\" data-widget_type=\"text-editor.default\">\n\t\t\t\t<div class=\"elementor-widget-container\">\n\t\t\t\t\t\t\t\t\t<p>For all orders placed in the online shop for national delivery, the estimated time is 24 to 48 hours after dispatch of the order and costs \u20ac5.00. Free postage for orders over 75\u20ac.<\/p><p>For orders outside mainland Portugal, shipping costs are subject to consultation, so please contact us by email at <a href=\"https:\/\/encomendas@simchocolate.com\">encomendas@simchocolate.com<\/a> or by calling +351 252 085 707.<\/p><p>During the festive season, these deadlines may be compromised.<\/p><p>Next day delivery is available for an extra fee, which may vary depending on the delivery location.<\/p><p>Deliveries are made from Monday to Thursday and an extra shipping fee may apply if no one is there to receive the order, which is then returned to the company.<\/p>\t\t\t\t\t\t\t\t<\/div>\n\t\t\t\t<\/div>\n\t\t\t\t<div class=\"elementor-element elementor-element-54ebb0c elementor-invisible elementor-widget elementor-widget-heading\" data-id=\"54ebb0c\" data-element_type=\"widget\" data-e-type=\"widget\" data-settings=\"{&quot;_animation&quot;:&quot;slideInUp&quot;,&quot;_animation_delay&quot;:500}\" data-widget_type=\"heading.default\">\n\t\t\t\t<div class=\"elementor-widget-container\">\n\t\t\t\t\t<h2 class=\"elementor-heading-title elementor-size-default\">Cancellations, Warranty and Returns<\/h2>\t\t\t\t<\/div>\n\t\t\t\t<\/div>\n\t\t\t\t<div class=\"elementor-element elementor-element-252fc15 elementor-invisible elementor-widget elementor-widget-text-editor\" data-id=\"252fc15\" data-element_type=\"widget\" data-e-type=\"widget\" data-settings=\"{&quot;_animation&quot;:&quot;fadeIn&quot;,&quot;_animation_delay&quot;:800}\" data-widget_type=\"text-editor.default\">\n\t\t\t\t<div class=\"elementor-widget-container\">\n\t\t\t\t\t\t\t\t\t<p>Without prejudice to the applicable legislation on guarantees for consumer goods and the rights recognized in the event of non-conformity of the product, the customer will not benefit from the right to freely terminate the contract entered into, given the nature of the products, namely because they are perishable and liable to deteriorate and\/or quickly become out of date.<\/p><p>You cannot cancel or change your order, and in the event of unavailability and\/or out of stock you will be informed of partial or total cancellation.<\/p><p>All items are securely packaged so as not to compromise their integrity. If the packaging is damaged on the outside, you must report this to the carrier at the time of delivery, also making reference to this on the proof of delivery document. You should contact us as soon as possible to report the damage.<\/p><p>SIM Chocolate declines all responsibility for damage or loss of goods.<\/p>\t\t\t\t\t\t\t\t<\/div>\n\t\t\t\t<\/div>\n\t\t\t\t\t<\/div>\n\t\t<\/div>\n\t\t\t\t\t<\/div>\n\t\t<\/section>\n\t\t\t\t<\/div>\n\t\t","protected":false},"excerpt":{"rendered":"<p>Terms and conditions for shipments, cancellations and returns Registration process Registration on our website is reserved for people of legal age (18 years or older), and requires filling in the mandatory information on the registration form. The user&#8217;s account is personal and non-transferable and contains true information. The user must ensure the confidentiality of their [&hellip;]<\/p>\n","protected":false},"author":1,"featured_media":0,"parent":0,"menu_order":0,"comment_status":"closed","ping_status":"closed","template":"","meta":{"footnotes":""},"class_list":["post-2739","page","type-page","status-publish","hentry"],"yoast_head":"<!-- This site is optimized with the Yoast SEO plugin v27.5 - https:\/\/yoast.com\/product\/yoast-seo-wordpress\/ -->\n<title>Termos e Condi\u00e7\u00f5es de Envios, Trocas e Devolu\u00e7\u00f5es da SIM Chocolate<\/title>\n<meta name=\"description\" content=\"Saiba tudo sobre os nossos prazos de envio, condi\u00e7\u00f5es de troca e devolu\u00e7\u00e3o. Na SIM Chocolate, a sua satisfa\u00e7\u00e3o \u00e9 a nossa prioridade.\" \/>\n<meta name=\"robots\" content=\"index, follow, max-snippet:-1, max-image-preview:large, max-video-preview:-1\" \/>\n<link rel=\"canonical\" href=\"https:\/\/simchocolate.com\/en\/shipping-and-returns\/\" \/>\n<meta property=\"og:locale\" content=\"en_US\" \/>\n<meta property=\"og:type\" content=\"article\" \/>\n<meta property=\"og:title\" content=\"Termos e Condi\u00e7\u00f5es de Envios, Trocas e Devolu\u00e7\u00f5es da SIM Chocolate\" \/>\n<meta property=\"og:description\" content=\"Saiba tudo sobre os nossos prazos de envio, condi\u00e7\u00f5es de troca e devolu\u00e7\u00e3o. Na SIM Chocolate, a sua satisfa\u00e7\u00e3o \u00e9 a nossa prioridade.\" \/>\n<meta property=\"og:url\" content=\"https:\/\/simchocolate.com\/en\/shipping-and-returns\/\" \/>\n<meta property=\"og:site_name\" content=\"SIM Chocolate\" \/>\n<meta property=\"article:publisher\" content=\"https:\/\/www.facebook.com\/SimBombons\" \/>\n<meta property=\"article:modified_time\" content=\"2023-12-12T19:31:21+00:00\" \/>\n<meta property=\"og:image\" content=\"https:\/\/simchocolate.com\/wp-content\/uploads\/2023\/12\/IMG_7632-Photoroom-Photoroom-2.jpg\" \/>\n\t<meta property=\"og:image:width\" content=\"853\" \/>\n\t<meta property=\"og:image:height\" content=\"853\" \/>\n\t<meta property=\"og:image:type\" content=\"image\/jpeg\" \/>\n<meta name=\"twitter:card\" content=\"summary_large_image\" \/>\n<meta name=\"twitter:label1\" content=\"Est. reading time\" \/>\n\t<meta name=\"twitter:data1\" content=\"2 minutes\" \/>\n<script type=\"application\/ld+json\" class=\"yoast-schema-graph\">{\"@context\":\"https:\\\/\\\/schema.org\",\"@graph\":[{\"@type\":\"WebPage\",\"@id\":\"https:\\\/\\\/simchocolate.com\\\/en\\\/shipping-and-returns\\\/\",\"url\":\"https:\\\/\\\/simchocolate.com\\\/en\\\/shipping-and-returns\\\/\",\"name\":\"Termos e Condi\u00e7\u00f5es de Envios, Trocas e Devolu\u00e7\u00f5es da SIM Chocolate\",\"isPartOf\":{\"@id\":\"https:\\\/\\\/simchocolate.com\\\/en\\\/#website\"},\"datePublished\":\"2023-07-19T14:43:44+00:00\",\"dateModified\":\"2023-12-12T19:31:21+00:00\",\"description\":\"Saiba tudo sobre os nossos prazos de envio, condi\u00e7\u00f5es de troca e devolu\u00e7\u00e3o. Na SIM Chocolate, a sua satisfa\u00e7\u00e3o \u00e9 a nossa prioridade.\",\"breadcrumb\":{\"@id\":\"https:\\\/\\\/simchocolate.com\\\/en\\\/shipping-and-returns\\\/#breadcrumb\"},\"inLanguage\":\"en-US\",\"potentialAction\":[{\"@type\":\"ReadAction\",\"target\":[\"https:\\\/\\\/simchocolate.com\\\/en\\\/shipping-and-returns\\\/\"]}]},{\"@type\":\"BreadcrumbList\",\"@id\":\"https:\\\/\\\/simchocolate.com\\\/en\\\/shipping-and-returns\\\/#breadcrumb\",\"itemListElement\":[{\"@type\":\"ListItem\",\"position\":1,\"name\":\"In\u00edcio\",\"item\":\"https:\\\/\\\/simchocolate.com\\\/en\\\/\"},{\"@type\":\"ListItem\",\"position\":2,\"name\":\"Shipping and Returns\"}]},{\"@type\":\"WebSite\",\"@id\":\"https:\\\/\\\/simchocolate.com\\\/en\\\/#website\",\"url\":\"https:\\\/\\\/simchocolate.com\\\/en\\\/\",\"name\":\"SIM Chocolate\",\"description\":\"Do amor incondicional entre uma m\u00e3e e sua filha, nasce a marca SIM Bombons no Natal de 2014\",\"publisher\":{\"@id\":\"https:\\\/\\\/simchocolate.com\\\/en\\\/#organization\"},\"potentialAction\":[{\"@type\":\"SearchAction\",\"target\":{\"@type\":\"EntryPoint\",\"urlTemplate\":\"https:\\\/\\\/simchocolate.com\\\/en\\\/?s={search_term_string}\"},\"query-input\":{\"@type\":\"PropertyValueSpecification\",\"valueRequired\":true,\"valueName\":\"search_term_string\"}}],\"inLanguage\":\"en-US\"},{\"@type\":\"Organization\",\"@id\":\"https:\\\/\\\/simchocolate.com\\\/en\\\/#organization\",\"name\":\"SIM Chocolate\",\"url\":\"https:\\\/\\\/simchocolate.com\\\/en\\\/\",\"logo\":{\"@type\":\"ImageObject\",\"inLanguage\":\"en-US\",\"@id\":\"https:\\\/\\\/simchocolate.com\\\/en\\\/#\\\/schema\\\/logo\\\/image\\\/\",\"url\":\"https:\\\/\\\/simchocolate.com\\\/wp-content\\\/uploads\\\/2023\\\/04\\\/sim-chocolate-logo.svg\",\"contentUrl\":\"https:\\\/\\\/simchocolate.com\\\/wp-content\\\/uploads\\\/2023\\\/04\\\/sim-chocolate-logo.svg\",\"caption\":\"SIM Chocolate\"},\"image\":{\"@id\":\"https:\\\/\\\/simchocolate.com\\\/en\\\/#\\\/schema\\\/logo\\\/image\\\/\"},\"sameAs\":[\"https:\\\/\\\/www.facebook.com\\\/SimBombons\",\"https:\\\/\\\/www.instagram.com\\\/sim_chocolate_\"]}]}<\/script>\n<!-- \/ Yoast SEO plugin. -->","yoast_head_json":{"title":"Termos e Condi\u00e7\u00f5es de Envios, Trocas e Devolu\u00e7\u00f5es da SIM Chocolate","description":"Saiba tudo sobre os nossos prazos de envio, condi\u00e7\u00f5es de troca e devolu\u00e7\u00e3o. Na SIM Chocolate, a sua satisfa\u00e7\u00e3o \u00e9 a nossa prioridade.","robots":{"index":"index","follow":"follow","max-snippet":"max-snippet:-1","max-image-preview":"max-image-preview:large","max-video-preview":"max-video-preview:-1"},"canonical":"https:\/\/simchocolate.com\/en\/shipping-and-returns\/","og_locale":"en_US","og_type":"article","og_title":"Termos e Condi\u00e7\u00f5es de Envios, Trocas e Devolu\u00e7\u00f5es da SIM Chocolate","og_description":"Saiba tudo sobre os nossos prazos de envio, condi\u00e7\u00f5es de troca e devolu\u00e7\u00e3o. Na SIM Chocolate, a sua satisfa\u00e7\u00e3o \u00e9 a nossa prioridade.","og_url":"https:\/\/simchocolate.com\/en\/shipping-and-returns\/","og_site_name":"SIM Chocolate","article_publisher":"https:\/\/www.facebook.com\/SimBombons","article_modified_time":"2023-12-12T19:31:21+00:00","og_image":[{"width":853,"height":853,"url":"https:\/\/simchocolate.com\/wp-content\/uploads\/2023\/12\/IMG_7632-Photoroom-Photoroom-2.jpg","type":"image\/jpeg"}],"twitter_card":"summary_large_image","twitter_misc":{"Est. reading time":"2 minutes"},"schema":{"@context":"https:\/\/schema.org","@graph":[{"@type":"WebPage","@id":"https:\/\/simchocolate.com\/en\/shipping-and-returns\/","url":"https:\/\/simchocolate.com\/en\/shipping-and-returns\/","name":"Termos e Condi\u00e7\u00f5es de Envios, Trocas e Devolu\u00e7\u00f5es da SIM Chocolate","isPartOf":{"@id":"https:\/\/simchocolate.com\/en\/#website"},"datePublished":"2023-07-19T14:43:44+00:00","dateModified":"2023-12-12T19:31:21+00:00","description":"Saiba tudo sobre os nossos prazos de envio, condi\u00e7\u00f5es de troca e devolu\u00e7\u00e3o. Na SIM Chocolate, a sua satisfa\u00e7\u00e3o \u00e9 a nossa prioridade.","breadcrumb":{"@id":"https:\/\/simchocolate.com\/en\/shipping-and-returns\/#breadcrumb"},"inLanguage":"en-US","potentialAction":[{"@type":"ReadAction","target":["https:\/\/simchocolate.com\/en\/shipping-and-returns\/"]}]},{"@type":"BreadcrumbList","@id":"https:\/\/simchocolate.com\/en\/shipping-and-returns\/#breadcrumb","itemListElement":[{"@type":"ListItem","position":1,"name":"In\u00edcio","item":"https:\/\/simchocolate.com\/en\/"},{"@type":"ListItem","position":2,"name":"Shipping and Returns"}]},{"@type":"WebSite","@id":"https:\/\/simchocolate.com\/en\/#website","url":"https:\/\/simchocolate.com\/en\/","name":"SIM Chocolate","description":"Do amor incondicional entre uma m\u00e3e e sua filha, nasce a marca SIM Bombons no Natal de 2014","publisher":{"@id":"https:\/\/simchocolate.com\/en\/#organization"},"potentialAction":[{"@type":"SearchAction","target":{"@type":"EntryPoint","urlTemplate":"https:\/\/simchocolate.com\/en\/?s={search_term_string}"},"query-input":{"@type":"PropertyValueSpecification","valueRequired":true,"valueName":"search_term_string"}}],"inLanguage":"en-US"},{"@type":"Organization","@id":"https:\/\/simchocolate.com\/en\/#organization","name":"SIM Chocolate","url":"https:\/\/simchocolate.com\/en\/","logo":{"@type":"ImageObject","inLanguage":"en-US","@id":"https:\/\/simchocolate.com\/en\/#\/schema\/logo\/image\/","url":"https:\/\/simchocolate.com\/wp-content\/uploads\/2023\/04\/sim-chocolate-logo.svg","contentUrl":"https:\/\/simchocolate.com\/wp-content\/uploads\/2023\/04\/sim-chocolate-logo.svg","caption":"SIM Chocolate"},"image":{"@id":"https:\/\/simchocolate.com\/en\/#\/schema\/logo\/image\/"},"sameAs":["https:\/\/www.facebook.com\/SimBombons","https:\/\/www.instagram.com\/sim_chocolate_"]}]}},"_links":{"self":[{"href":"https:\/\/simchocolate.com\/en\/wp-json\/wp\/v2\/pages\/2739","targetHints":{"allow":["GET"]}}],"collection":[{"href":"https:\/\/simchocolate.com\/en\/wp-json\/wp\/v2\/pages"}],"about":[{"href":"https:\/\/simchocolate.com\/en\/wp-json\/wp\/v2\/types\/page"}],"author":[{"embeddable":true,"href":"https:\/\/simchocolate.com\/en\/wp-json\/wp\/v2\/users\/1"}],"replies":[{"embeddable":true,"href":"https:\/\/simchocolate.com\/en\/wp-json\/wp\/v2\/comments?post=2739"}],"version-history":[{"count":0,"href":"https:\/\/simchocolate.com\/en\/wp-json\/wp\/v2\/pages\/2739\/revisions"}],"wp:attachment":[{"href":"https:\/\/simchocolate.com\/en\/wp-json\/wp\/v2\/media?parent=2739"}],"curies":[{"name":"wp","href":"https:\/\/api.w.org\/{rel}","templated":true}]}}