{"id":2851,"date":"2023-10-20T18:07:57","date_gmt":"2023-10-20T18:07:57","guid":{"rendered":"https:\/\/simchocolate.com\/produto\/truffles-scandal-truffles-vinhao-box\/"},"modified":"2024-06-04T14:48:40","modified_gmt":"2024-06-04T14:48:40","slug":"truffles-scandal-truffles-vinhao-box","status":"publish","type":"product","link":"https:\/\/simchocolate.com\/en\/product\/truffles-scandal-truffles-vinhao-box\/","title":{"rendered":"Truffles Scandal &#8211; Truffles Vinh\u00e3o Box"},"content":{"rendered":"","protected":false},"excerpt":{"rendered":"<p>Box Truffles Scandal &#8211; Truffles Vinh\u00e3o. Chocolate truffles with all the quality thanks to the perfect harmony between cocoa and green wine from the Vinh\u00e3o grape. Capable of satisfying even the most demanding and refined palates.<\/p>\n","protected":false},"featured_media":8391,"comment_status":"open","ping_status":"closed","template":"","meta":[],"product_brand":[],"product_cat":[60],"product_tag":[],"class_list":{"0":"post-2851","1":"product","2":"type-product","3":"status-publish","4":"has-post-thumbnail","6":"product_cat-truffles","7":"edicoes-with-alcohol","9":"first","10":"instock","11":"shipping-taxable","12":"purchasable","13":"product-type-simple"},"yoast_head":"<!-- This site is optimized with the Yoast SEO plugin v27.5 - https:\/\/yoast.com\/product\/yoast-seo-wordpress\/ -->\n<title>Truffles Scandal - Truffles Vinh\u00e3o Box - Truffles - SIM Chocolate<\/title>\n<meta name=\"description\" content=\"Box Truffles Scandal - Truffles Vinh\u00e3o. Chocolate truffles with all the quality thanks to the perfect harmony between cocoa and green wine from the Vinh\u00e3o grape. Capable of satisfying even the most demanding and refined palates.\" \/>\n<meta name=\"robots\" content=\"index, follow, max-snippet:-1, max-image-preview:large, max-video-preview:-1\" \/>\n<link rel=\"canonical\" href=\"https:\/\/simchocolate.com\/en\/product\/truffles-scandal-truffles-vinhao-box\/\" \/>\n<meta property=\"og:locale\" content=\"en_US\" \/>\n<meta property=\"og:type\" content=\"article\" \/>\n<meta property=\"og:title\" content=\"Truffles Scandal - Truffles Vinh\u00e3o Box - Truffles - SIM Chocolate\" \/>\n<meta property=\"og:description\" content=\"Box Truffles Scandal - Truffles Vinh\u00e3o. Chocolate truffles with all the quality thanks to the perfect harmony between cocoa and green wine from the Vinh\u00e3o grape. Capable of satisfying even the most demanding and refined palates.\" \/>\n<meta property=\"og:url\" content=\"https:\/\/simchocolate.com\/en\/product\/truffles-scandal-truffles-vinhao-box\/\" \/>\n<meta property=\"og:site_name\" content=\"SIM Chocolate\" \/>\n<meta property=\"article:publisher\" content=\"https:\/\/www.facebook.com\/SimBombons\" \/>\n<meta property=\"article:modified_time\" content=\"2024-06-04T14:48:40+00:00\" \/>\n<meta property=\"og:image\" content=\"https:\/\/simchocolate.com\/wp-content\/uploads\/2023\/10\/BX0034.jpg\" \/>\n\t<meta property=\"og:image:width\" content=\"1150\" \/>\n\t<meta property=\"og:image:height\" content=\"1150\" \/>\n\t<meta property=\"og:image:type\" content=\"image\/jpeg\" \/>\n<meta name=\"twitter:card\" content=\"summary_large_image\" \/>\n<script type=\"application\/ld+json\" class=\"yoast-schema-graph\">{\"@context\":\"https:\\\/\\\/schema.org\",\"@graph\":[{\"@type\":\"WebPage\",\"@id\":\"https:\\\/\\\/simchocolate.com\\\/en\\\/product\\\/truffles-scandal-truffles-vinhao-box\\\/\",\"url\":\"https:\\\/\\\/simchocolate.com\\\/en\\\/product\\\/truffles-scandal-truffles-vinhao-box\\\/\",\"name\":\"Truffles Scandal - Truffles Vinh\u00e3o Box - Truffles - SIM Chocolate\",\"isPartOf\":{\"@id\":\"https:\\\/\\\/simchocolate.com\\\/en\\\/#website\"},\"primaryImageOfPage\":{\"@id\":\"https:\\\/\\\/simchocolate.com\\\/en\\\/product\\\/truffles-scandal-truffles-vinhao-box\\\/#primaryimage\"},\"image\":{\"@id\":\"https:\\\/\\\/simchocolate.com\\\/en\\\/product\\\/truffles-scandal-truffles-vinhao-box\\\/#primaryimage\"},\"thumbnailUrl\":\"https:\\\/\\\/simchocolate.com\\\/wp-content\\\/uploads\\\/2023\\\/10\\\/IMG_0719.jpg\",\"datePublished\":\"2023-10-20T18:07:57+00:00\",\"dateModified\":\"2024-06-04T14:48:40+00:00\",\"description\":\"Box Truffles Scandal - Truffles Vinh\u00e3o. Chocolate truffles with all the quality thanks to the perfect harmony between cocoa and green wine from the Vinh\u00e3o grape. Capable of satisfying even the most demanding and refined palates.\",\"breadcrumb\":{\"@id\":\"https:\\\/\\\/simchocolate.com\\\/en\\\/product\\\/truffles-scandal-truffles-vinhao-box\\\/#breadcrumb\"},\"inLanguage\":\"en-US\",\"potentialAction\":[{\"@type\":\"ReadAction\",\"target\":[\"https:\\\/\\\/simchocolate.com\\\/en\\\/product\\\/truffles-scandal-truffles-vinhao-box\\\/\"]}]},{\"@type\":\"ImageObject\",\"inLanguage\":\"en-US\",\"@id\":\"https:\\\/\\\/simchocolate.com\\\/en\\\/product\\\/truffles-scandal-truffles-vinhao-box\\\/#primaryimage\",\"url\":\"https:\\\/\\\/simchocolate.com\\\/wp-content\\\/uploads\\\/2023\\\/10\\\/IMG_0719.jpg\",\"contentUrl\":\"https:\\\/\\\/simchocolate.com\\\/wp-content\\\/uploads\\\/2023\\\/10\\\/IMG_0719.jpg\",\"width\":1000,\"height\":1000,\"caption\":\"trufas escandalo\"},{\"@type\":\"BreadcrumbList\",\"@id\":\"https:\\\/\\\/simchocolate.com\\\/en\\\/product\\\/truffles-scandal-truffles-vinhao-box\\\/#breadcrumb\",\"itemListElement\":[{\"@type\":\"ListItem\",\"position\":1,\"name\":\"In\u00edcio\",\"item\":\"https:\\\/\\\/simchocolate.com\\\/en\\\/\"},{\"@type\":\"ListItem\",\"position\":2,\"name\":\"Products\",\"item\":\"https:\\\/\\\/simchocolate.com\\\/en\\\/shop\\\/\"},{\"@type\":\"ListItem\",\"position\":3,\"name\":\"Truffles Scandal &#8211; Truffles Vinh\u00e3o Box\"}]},{\"@type\":\"WebSite\",\"@id\":\"https:\\\/\\\/simchocolate.com\\\/en\\\/#website\",\"url\":\"https:\\\/\\\/simchocolate.com\\\/en\\\/\",\"name\":\"SIM Chocolate\",\"description\":\"Do amor incondicional entre uma m\u00e3e e sua filha, nasce a marca SIM Bombons no Natal de 2014\",\"publisher\":{\"@id\":\"https:\\\/\\\/simchocolate.com\\\/en\\\/#organization\"},\"potentialAction\":[{\"@type\":\"SearchAction\",\"target\":{\"@type\":\"EntryPoint\",\"urlTemplate\":\"https:\\\/\\\/simchocolate.com\\\/en\\\/?s={search_term_string}\"},\"query-input\":{\"@type\":\"PropertyValueSpecification\",\"valueRequired\":true,\"valueName\":\"search_term_string\"}}],\"inLanguage\":\"en-US\"},{\"@type\":\"Organization\",\"@id\":\"https:\\\/\\\/simchocolate.com\\\/en\\\/#organization\",\"name\":\"SIM Chocolate\",\"url\":\"https:\\\/\\\/simchocolate.com\\\/en\\\/\",\"logo\":{\"@type\":\"ImageObject\",\"inLanguage\":\"en-US\",\"@id\":\"https:\\\/\\\/simchocolate.com\\\/en\\\/#\\\/schema\\\/logo\\\/image\\\/\",\"url\":\"https:\\\/\\\/simchocolate.com\\\/wp-content\\\/uploads\\\/2023\\\/04\\\/sim-chocolate-logo.svg\",\"contentUrl\":\"https:\\\/\\\/simchocolate.com\\\/wp-content\\\/uploads\\\/2023\\\/04\\\/sim-chocolate-logo.svg\",\"caption\":\"SIM Chocolate\"},\"image\":{\"@id\":\"https:\\\/\\\/simchocolate.com\\\/en\\\/#\\\/schema\\\/logo\\\/image\\\/\"},\"sameAs\":[\"https:\\\/\\\/www.facebook.com\\\/SimBombons\",\"https:\\\/\\\/www.instagram.com\\\/sim_chocolate_\"]}]}<\/script>\n<!-- \/ Yoast SEO plugin. -->","yoast_head_json":{"title":"Truffles Scandal - Truffles Vinh\u00e3o Box - Truffles - SIM Chocolate","description":"Box Truffles Scandal - Truffles Vinh\u00e3o. Chocolate truffles with all the quality thanks to the perfect harmony between cocoa and green wine from the Vinh\u00e3o grape. Capable of satisfying even the most demanding and refined palates.","robots":{"index":"index","follow":"follow","max-snippet":"max-snippet:-1","max-image-preview":"max-image-preview:large","max-video-preview":"max-video-preview:-1"},"canonical":"https:\/\/simchocolate.com\/en\/product\/truffles-scandal-truffles-vinhao-box\/","og_locale":"en_US","og_type":"article","og_title":"Truffles Scandal - Truffles Vinh\u00e3o Box - Truffles - SIM Chocolate","og_description":"Box Truffles Scandal - Truffles Vinh\u00e3o. Chocolate truffles with all the quality thanks to the perfect harmony between cocoa and green wine from the Vinh\u00e3o grape. Capable of satisfying even the most demanding and refined palates.","og_url":"https:\/\/simchocolate.com\/en\/product\/truffles-scandal-truffles-vinhao-box\/","og_site_name":"SIM Chocolate","article_publisher":"https:\/\/www.facebook.com\/SimBombons","article_modified_time":"2024-06-04T14:48:40+00:00","og_image":[{"width":1150,"height":1150,"url":"https:\/\/simchocolate.com\/wp-content\/uploads\/2023\/10\/BX0034.jpg","type":"image\/jpeg"}],"twitter_card":"summary_large_image","schema":{"@context":"https:\/\/schema.org","@graph":[{"@type":"WebPage","@id":"https:\/\/simchocolate.com\/en\/product\/truffles-scandal-truffles-vinhao-box\/","url":"https:\/\/simchocolate.com\/en\/product\/truffles-scandal-truffles-vinhao-box\/","name":"Truffles Scandal - Truffles Vinh\u00e3o Box - Truffles - SIM Chocolate","isPartOf":{"@id":"https:\/\/simchocolate.com\/en\/#website"},"primaryImageOfPage":{"@id":"https:\/\/simchocolate.com\/en\/product\/truffles-scandal-truffles-vinhao-box\/#primaryimage"},"image":{"@id":"https:\/\/simchocolate.com\/en\/product\/truffles-scandal-truffles-vinhao-box\/#primaryimage"},"thumbnailUrl":"https:\/\/simchocolate.com\/wp-content\/uploads\/2023\/10\/IMG_0719.jpg","datePublished":"2023-10-20T18:07:57+00:00","dateModified":"2024-06-04T14:48:40+00:00","description":"Box Truffles Scandal - Truffles Vinh\u00e3o. Chocolate truffles with all the quality thanks to the perfect harmony between cocoa and green wine from the Vinh\u00e3o grape. Capable of satisfying even the most demanding and refined palates.","breadcrumb":{"@id":"https:\/\/simchocolate.com\/en\/product\/truffles-scandal-truffles-vinhao-box\/#breadcrumb"},"inLanguage":"en-US","potentialAction":[{"@type":"ReadAction","target":["https:\/\/simchocolate.com\/en\/product\/truffles-scandal-truffles-vinhao-box\/"]}]},{"@type":"ImageObject","inLanguage":"en-US","@id":"https:\/\/simchocolate.com\/en\/product\/truffles-scandal-truffles-vinhao-box\/#primaryimage","url":"https:\/\/simchocolate.com\/wp-content\/uploads\/2023\/10\/IMG_0719.jpg","contentUrl":"https:\/\/simchocolate.com\/wp-content\/uploads\/2023\/10\/IMG_0719.jpg","width":1000,"height":1000,"caption":"trufas escandalo"},{"@type":"BreadcrumbList","@id":"https:\/\/simchocolate.com\/en\/product\/truffles-scandal-truffles-vinhao-box\/#breadcrumb","itemListElement":[{"@type":"ListItem","position":1,"name":"In\u00edcio","item":"https:\/\/simchocolate.com\/en\/"},{"@type":"ListItem","position":2,"name":"Products","item":"https:\/\/simchocolate.com\/en\/shop\/"},{"@type":"ListItem","position":3,"name":"Truffles Scandal &#8211; Truffles Vinh\u00e3o Box"}]},{"@type":"WebSite","@id":"https:\/\/simchocolate.com\/en\/#website","url":"https:\/\/simchocolate.com\/en\/","name":"SIM Chocolate","description":"Do amor incondicional entre uma m\u00e3e e sua filha, nasce a marca SIM Bombons no Natal de 2014","publisher":{"@id":"https:\/\/simchocolate.com\/en\/#organization"},"potentialAction":[{"@type":"SearchAction","target":{"@type":"EntryPoint","urlTemplate":"https:\/\/simchocolate.com\/en\/?s={search_term_string}"},"query-input":{"@type":"PropertyValueSpecification","valueRequired":true,"valueName":"search_term_string"}}],"inLanguage":"en-US"},{"@type":"Organization","@id":"https:\/\/simchocolate.com\/en\/#organization","name":"SIM Chocolate","url":"https:\/\/simchocolate.com\/en\/","logo":{"@type":"ImageObject","inLanguage":"en-US","@id":"https:\/\/simchocolate.com\/en\/#\/schema\/logo\/image\/","url":"https:\/\/simchocolate.com\/wp-content\/uploads\/2023\/04\/sim-chocolate-logo.svg","contentUrl":"https:\/\/simchocolate.com\/wp-content\/uploads\/2023\/04\/sim-chocolate-logo.svg","caption":"SIM Chocolate"},"image":{"@id":"https:\/\/simchocolate.com\/en\/#\/schema\/logo\/image\/"},"sameAs":["https:\/\/www.facebook.com\/SimBombons","https:\/\/www.instagram.com\/sim_chocolate_"]}]}},"_links":{"self":[{"href":"https:\/\/simchocolate.com\/en\/wp-json\/wp\/v2\/product\/2851","targetHints":{"allow":["GET"]}}],"collection":[{"href":"https:\/\/simchocolate.com\/en\/wp-json\/wp\/v2\/product"}],"about":[{"href":"https:\/\/simchocolate.com\/en\/wp-json\/wp\/v2\/types\/product"}],"replies":[{"embeddable":true,"href":"https:\/\/simchocolate.com\/en\/wp-json\/wp\/v2\/comments?post=2851"}],"wp:featuredmedia":[{"embeddable":true,"href":"https:\/\/simchocolate.com\/en\/wp-json\/wp\/v2\/media\/8391"}],"wp:attachment":[{"href":"https:\/\/simchocolate.com\/en\/wp-json\/wp\/v2\/media?parent=2851"}],"wp:term":[{"taxonomy":"product_brand","embeddable":true,"href":"https:\/\/simchocolate.com\/en\/wp-json\/wp\/v2\/product_brand?post=2851"},{"taxonomy":"product_cat","embeddable":true,"href":"https:\/\/simchocolate.com\/en\/wp-json\/wp\/v2\/product_cat?post=2851"},{"taxonomy":"product_tag","embeddable":true,"href":"https:\/\/simchocolate.com\/en\/wp-json\/wp\/v2\/product_tag?post=2851"}],"curies":[{"name":"wp","href":"https:\/\/api.w.org\/{rel}","templated":true}]}}