{"id":9191,"date":"2023-07-19T14:43:44","date_gmt":"2023-07-19T14:43:44","guid":{"rendered":"https:\/\/simchocolate.com\/envios-y-devoluciones\/"},"modified":"2025-12-02T11:32:47","modified_gmt":"2025-12-02T11:32:47","slug":"envios-y-devoluciones","status":"publish","type":"page","link":"https:\/\/simchocolate.com\/es\/envios-y-devoluciones\/","title":{"rendered":"Env\u00edos y devoluciones"},"content":{"rendered":"\t\t<div data-elementor-type=\"wp-page\" data-elementor-id=\"9191\" class=\"elementor elementor-9191 elementor-384\" data-elementor-post-type=\"page\">\n\t\t\t\t\t\t<section class=\"elementor-section elementor-top-section elementor-element elementor-element-9426b64 elementor-section-boxed elementor-section-height-default elementor-section-height-default qodef-elementor-content-no\" data-id=\"9426b64\" data-element_type=\"section\" data-e-type=\"section\">\n\t\t\t\t\t\t<div class=\"elementor-container elementor-column-gap-default\">\n\t\t\t\t\t<div class=\"elementor-column elementor-col-100 elementor-top-column elementor-element elementor-element-2bbfe16\" data-id=\"2bbfe16\" data-element_type=\"column\" data-e-type=\"column\">\n\t\t\t<div class=\"elementor-widget-wrap elementor-element-populated\">\n\t\t\t\t\t\t<div class=\"elementor-element elementor-element-b5c3fb7 elementor-invisible elementor-widget elementor-widget-heading\" data-id=\"b5c3fb7\" data-element_type=\"widget\" data-e-type=\"widget\" data-settings=\"{&quot;_animation&quot;:&quot;slideInUp&quot;,&quot;_animation_delay&quot;:&quot;250&quot;}\" data-widget_type=\"heading.default\">\n\t\t\t\t<div class=\"elementor-widget-container\">\n\t\t\t\t\t<h1 class=\"elementor-heading-title elementor-size-default\">Condiciones de env\u00edo, anulaci\u00f3n y devoluci\u00f3n<\/h1>\t\t\t\t<\/div>\n\t\t\t\t<\/div>\n\t\t\t\t<div class=\"elementor-element elementor-element-5cd492c elementor-widget-divider--view-line elementor-widget elementor-widget-divider\" data-id=\"5cd492c\" data-element_type=\"widget\" data-e-type=\"widget\" data-widget_type=\"divider.default\">\n\t\t\t\t<div class=\"elementor-widget-container\">\n\t\t\t\t\t\t\t<div class=\"elementor-divider\">\n\t\t\t<span class=\"elementor-divider-separator\">\n\t\t\t\t\t\t<\/span>\n\t\t<\/div>\n\t\t\t\t\t\t<\/div>\n\t\t\t\t<\/div>\n\t\t\t\t<div class=\"elementor-element elementor-element-8b9b500 elementor-invisible elementor-widget elementor-widget-heading\" data-id=\"8b9b500\" data-element_type=\"widget\" data-e-type=\"widget\" data-settings=\"{&quot;_animation&quot;:&quot;slideInUp&quot;,&quot;_animation_delay&quot;:&quot;500&quot;}\" data-widget_type=\"heading.default\">\n\t\t\t\t<div class=\"elementor-widget-container\">\n\t\t\t\t\t<h2 class=\"elementor-heading-title elementor-size-default\">Proceso de inscripci\u00f3n<\/h2>\t\t\t\t<\/div>\n\t\t\t\t<\/div>\n\t\t\t\t<div class=\"elementor-element elementor-element-64ee619 elementor-invisible elementor-widget elementor-widget-text-editor\" data-id=\"64ee619\" data-element_type=\"widget\" data-e-type=\"widget\" data-settings=\"{&quot;_animation&quot;:&quot;fadeIn&quot;,&quot;_animation_delay&quot;:&quot;800&quot;}\" data-widget_type=\"text-editor.default\">\n\t\t\t\t<div class=\"elementor-widget-container\">\n\t\t\t\t\t\t\t\t\t<p>El registro en nuestro sitio web est\u00e1 reservado a personas mayores de edad (18 a\u00f1os o m\u00e1s) y requiere que rellenen la informaci\u00f3n obligatoria del formulario de registro.<\/p><p>La cuenta del usuario es personal e intransferible y contiene informaci\u00f3n veraz. El usuario debe garantizar la confidencialidad de su contrase\u00f1a y SIM Chocolate no ser\u00e1 responsable de ning\u00fan da\u00f1o derivado del uso indebido o negligente de la misma. <\/p>\t\t\t\t\t\t\t\t<\/div>\n\t\t\t\t<\/div>\n\t\t\t\t<div class=\"elementor-element elementor-element-a570e14 elementor-invisible elementor-widget elementor-widget-heading\" data-id=\"a570e14\" data-element_type=\"widget\" data-e-type=\"widget\" data-settings=\"{&quot;_animation&quot;:&quot;slideInUp&quot;,&quot;_animation_delay&quot;:&quot;500&quot;}\" data-widget_type=\"heading.default\">\n\t\t\t\t<div class=\"elementor-widget-container\">\n\t\t\t\t\t<h2 class=\"elementor-heading-title elementor-size-default\">Pol\u00edtica de env\u00edos<\/h2>\t\t\t\t<\/div>\n\t\t\t\t<\/div>\n\t\t\t\t<div class=\"elementor-element elementor-element-f41606d elementor-invisible elementor-widget elementor-widget-text-editor\" data-id=\"f41606d\" data-element_type=\"widget\" data-e-type=\"widget\" data-settings=\"{&quot;_animation&quot;:&quot;fadeIn&quot;,&quot;_animation_delay&quot;:&quot;800&quot;}\" data-widget_type=\"text-editor.default\">\n\t\t\t\t<div class=\"elementor-widget-container\">\n\t\t\t\t\t\t\t\t\t<p>Para todos los pedidos realizados en la tienda online con entrega nacional, el plazo estimado es de 24 a 48 horas tras el env\u00edo del pedido y tiene un coste de 6,50 euros. Gastos de env\u00edo gratuitos para pedidos superiores a 75 \u20ac. <\/p><p>Los env\u00edos a las islas Madeira y Azores pueden tardar entre 10 y 15 d\u00edas desde la expedici\u00f3n, y los gastos de env\u00edo est\u00e1n sujetos a consulta, por lo que te rogamos que te pongas en contacto con nosotros en <a href=\"https:\/\/encomendas@simchocolate.com\">encomendas@simchocolate.com<\/a> o en el 252 085 707.<\/p><p>Durante las fiestas, estos plazos pueden verse comprometidos.<\/p><p>La entrega al d\u00eda siguiente est\u00e1 disponible por un coste adicional, que puede variar en funci\u00f3n del lugar de entrega.<\/p><p>Las entregas se realizan de lunes a jueves y puede aplicarse un recargo por gastos de env\u00edo si no hay nadie para recibir el paquete, que se devuelve a la empresa.<\/p>\t\t\t\t\t\t\t\t<\/div>\n\t\t\t\t<\/div>\n\t\t\t\t<div class=\"elementor-element elementor-element-54ebb0c elementor-invisible elementor-widget elementor-widget-heading\" data-id=\"54ebb0c\" data-element_type=\"widget\" data-e-type=\"widget\" data-settings=\"{&quot;_animation&quot;:&quot;slideInUp&quot;,&quot;_animation_delay&quot;:&quot;500&quot;}\" data-widget_type=\"heading.default\">\n\t\t\t\t<div class=\"elementor-widget-container\">\n\t\t\t\t\t<h2 class=\"elementor-heading-title elementor-size-default\">Cancelaciones, garant\u00eda y devoluciones<\/h2>\t\t\t\t<\/div>\n\t\t\t\t<\/div>\n\t\t\t\t<div class=\"elementor-element elementor-element-252fc15 elementor-invisible elementor-widget elementor-widget-text-editor\" data-id=\"252fc15\" data-element_type=\"widget\" data-e-type=\"widget\" data-settings=\"{&quot;_animation&quot;:&quot;fadeIn&quot;,&quot;_animation_delay&quot;:&quot;800&quot;}\" data-widget_type=\"text-editor.default\">\n\t\t\t\t<div class=\"elementor-widget-container\">\n\t\t\t\t\t\t\t\t\t<p>Sin perjuicio de la legislaci\u00f3n aplicable en materia de garant\u00edas de los bienes de consumo y de los derechos reconocidos en caso de falta de conformidad del producto, el cliente no se beneficiar\u00e1 del derecho a desistir libremente del contrato celebrado, dada la naturaleza de los productos, en concreto por ser perecederos y susceptibles de deteriorarse y\/o caducar r\u00e1pidamente.<\/p><p>No podr\u00e1s anular ni modificar tu pedido. En caso de indisponibilidad y\/o fin de existencias, se te informar\u00e1 de la anulaci\u00f3n parcial o total.<\/p><p>Todos los art\u00edculos se embalan de forma segura para no poner en peligro su integridad. Si el embalaje est\u00e1 da\u00f1ado por fuera, debes informar de ello al mensajero en el momento de la entrega, incluyendo una referencia en el documento de prueba de entrega. Debes ponerte en contacto con nosotros lo antes posible para comunicarnos los da\u00f1os.  <\/p><p>SIM Chocolate declina toda responsabilidad por da\u00f1os o p\u00e9rdida de mercanc\u00edas.<\/p>\t\t\t\t\t\t\t\t<\/div>\n\t\t\t\t<\/div>\n\t\t\t\t\t<\/div>\n\t\t<\/div>\n\t\t\t\t\t<\/div>\n\t\t<\/section>\n\t\t\t\t<\/div>\n\t\t","protected":false},"excerpt":{"rendered":"<p>Condiciones de env\u00edo, anulaci\u00f3n y devoluci\u00f3n Proceso de inscripci\u00f3n El registro en nuestro sitio web est\u00e1 reservado a personas mayores de edad (18 a\u00f1os o m\u00e1s) y requiere que rellenen la informaci\u00f3n obligatoria del formulario de registro. La cuenta del usuario es personal e intransferible y contiene informaci\u00f3n veraz. El usuario debe garantizar la confidencialidad [&hellip;]<\/p>\n","protected":false},"author":1,"featured_media":0,"parent":0,"menu_order":0,"comment_status":"closed","ping_status":"closed","template":"","meta":{"footnotes":""},"class_list":["post-9191","page","type-page","status-publish","hentry"],"yoast_head":"<!-- This site is optimized with the Yoast SEO plugin v27.5 - https:\/\/yoast.com\/product\/yoast-seo-wordpress\/ -->\n<title>Condiciones de env\u00edo, cambios y devoluciones de SIM Chocolate<\/title>\n<meta name=\"description\" content=\"Inf\u00f3rmate sobre nuestros plazos de entrega y condiciones de cambio y devoluci\u00f3n. En SIM Chocolate, tu satisfacci\u00f3n es nuestra prioridad.\" \/>\n<meta name=\"robots\" content=\"index, follow, max-snippet:-1, max-image-preview:large, max-video-preview:-1\" \/>\n<link rel=\"canonical\" href=\"https:\/\/simchocolate.com\/es\/envios-y-devoluciones\/\" \/>\n<meta property=\"og:locale\" content=\"es_ES\" \/>\n<meta property=\"og:type\" content=\"article\" \/>\n<meta property=\"og:title\" content=\"Condiciones de env\u00edo, cambios y devoluciones de SIM Chocolate\" \/>\n<meta property=\"og:description\" content=\"Inf\u00f3rmate sobre nuestros plazos de entrega y condiciones de cambio y devoluci\u00f3n. En SIM Chocolate, tu satisfacci\u00f3n es nuestra prioridad.\" \/>\n<meta property=\"og:url\" content=\"https:\/\/simchocolate.com\/es\/envios-y-devoluciones\/\" \/>\n<meta property=\"og:site_name\" content=\"SIM Chocolate\" \/>\n<meta property=\"article:publisher\" content=\"https:\/\/www.facebook.com\/SimBombons\" \/>\n<meta property=\"article:modified_time\" content=\"2025-12-02T11:32:47+00:00\" \/>\n<meta property=\"og:image\" content=\"https:\/\/simchocolate.com\/wp-content\/uploads\/2023\/12\/IMG_7632-Photoroom-Photoroom-2.jpg\" \/>\n\t<meta property=\"og:image:width\" content=\"853\" \/>\n\t<meta property=\"og:image:height\" content=\"853\" \/>\n\t<meta property=\"og:image:type\" content=\"image\/jpeg\" \/>\n<meta name=\"twitter:card\" content=\"summary_large_image\" \/>\n<meta name=\"twitter:label1\" content=\"Tiempo de lectura\" \/>\n\t<meta name=\"twitter:data1\" content=\"2 minutos\" \/>\n<script type=\"application\/ld+json\" class=\"yoast-schema-graph\">{\"@context\":\"https:\\\/\\\/schema.org\",\"@graph\":[{\"@type\":\"WebPage\",\"@id\":\"https:\\\/\\\/simchocolate.com\\\/es\\\/envios-y-devoluciones\\\/\",\"url\":\"https:\\\/\\\/simchocolate.com\\\/es\\\/envios-y-devoluciones\\\/\",\"name\":\"Condiciones de env\u00edo, cambios y devoluciones de SIM Chocolate\",\"isPartOf\":{\"@id\":\"https:\\\/\\\/simchocolate.com\\\/es\\\/#website\"},\"datePublished\":\"2023-07-19T14:43:44+00:00\",\"dateModified\":\"2025-12-02T11:32:47+00:00\",\"description\":\"Inf\u00f3rmate sobre nuestros plazos de entrega y condiciones de cambio y devoluci\u00f3n. En SIM Chocolate, tu satisfacci\u00f3n es nuestra prioridad.\",\"breadcrumb\":{\"@id\":\"https:\\\/\\\/simchocolate.com\\\/es\\\/envios-y-devoluciones\\\/#breadcrumb\"},\"inLanguage\":\"es\",\"potentialAction\":[{\"@type\":\"ReadAction\",\"target\":[\"https:\\\/\\\/simchocolate.com\\\/es\\\/envios-y-devoluciones\\\/\"]}]},{\"@type\":\"BreadcrumbList\",\"@id\":\"https:\\\/\\\/simchocolate.com\\\/es\\\/envios-y-devoluciones\\\/#breadcrumb\",\"itemListElement\":[{\"@type\":\"ListItem\",\"position\":1,\"name\":\"In\u00edcio\",\"item\":\"https:\\\/\\\/simchocolate.com\\\/es\\\/\"},{\"@type\":\"ListItem\",\"position\":2,\"name\":\"Env\u00edos y devoluciones\"}]},{\"@type\":\"WebSite\",\"@id\":\"https:\\\/\\\/simchocolate.com\\\/es\\\/#website\",\"url\":\"https:\\\/\\\/simchocolate.com\\\/es\\\/\",\"name\":\"SIM Chocolate\",\"description\":\"Do amor incondicional entre uma m\u00e3e e sua filha, nasce a marca SIM Bombons no Natal de 2014\",\"potentialAction\":[{\"@type\":\"SearchAction\",\"target\":{\"@type\":\"EntryPoint\",\"urlTemplate\":\"https:\\\/\\\/simchocolate.com\\\/es\\\/?s={search_term_string}\"},\"query-input\":{\"@type\":\"PropertyValueSpecification\",\"valueRequired\":true,\"valueName\":\"search_term_string\"}}],\"inLanguage\":\"es\"}]}<\/script>\n<!-- \/ Yoast SEO plugin. -->","yoast_head_json":{"title":"Condiciones de env\u00edo, cambios y devoluciones de SIM Chocolate","description":"Inf\u00f3rmate sobre nuestros plazos de entrega y condiciones de cambio y devoluci\u00f3n. En SIM Chocolate, tu satisfacci\u00f3n es nuestra prioridad.","robots":{"index":"index","follow":"follow","max-snippet":"max-snippet:-1","max-image-preview":"max-image-preview:large","max-video-preview":"max-video-preview:-1"},"canonical":"https:\/\/simchocolate.com\/es\/envios-y-devoluciones\/","og_locale":"es_ES","og_type":"article","og_title":"Condiciones de env\u00edo, cambios y devoluciones de SIM Chocolate","og_description":"Inf\u00f3rmate sobre nuestros plazos de entrega y condiciones de cambio y devoluci\u00f3n. En SIM Chocolate, tu satisfacci\u00f3n es nuestra prioridad.","og_url":"https:\/\/simchocolate.com\/es\/envios-y-devoluciones\/","og_site_name":"SIM Chocolate","article_publisher":"https:\/\/www.facebook.com\/SimBombons","article_modified_time":"2025-12-02T11:32:47+00:00","og_image":[{"width":853,"height":853,"url":"https:\/\/simchocolate.com\/wp-content\/uploads\/2023\/12\/IMG_7632-Photoroom-Photoroom-2.jpg","type":"image\/jpeg"}],"twitter_card":"summary_large_image","twitter_misc":{"Tiempo de lectura":"2 minutos"},"schema":{"@context":"https:\/\/schema.org","@graph":[{"@type":"WebPage","@id":"https:\/\/simchocolate.com\/es\/envios-y-devoluciones\/","url":"https:\/\/simchocolate.com\/es\/envios-y-devoluciones\/","name":"Condiciones de env\u00edo, cambios y devoluciones de SIM Chocolate","isPartOf":{"@id":"https:\/\/simchocolate.com\/es\/#website"},"datePublished":"2023-07-19T14:43:44+00:00","dateModified":"2025-12-02T11:32:47+00:00","description":"Inf\u00f3rmate sobre nuestros plazos de entrega y condiciones de cambio y devoluci\u00f3n. En SIM Chocolate, tu satisfacci\u00f3n es nuestra prioridad.","breadcrumb":{"@id":"https:\/\/simchocolate.com\/es\/envios-y-devoluciones\/#breadcrumb"},"inLanguage":"es","potentialAction":[{"@type":"ReadAction","target":["https:\/\/simchocolate.com\/es\/envios-y-devoluciones\/"]}]},{"@type":"BreadcrumbList","@id":"https:\/\/simchocolate.com\/es\/envios-y-devoluciones\/#breadcrumb","itemListElement":[{"@type":"ListItem","position":1,"name":"In\u00edcio","item":"https:\/\/simchocolate.com\/es\/"},{"@type":"ListItem","position":2,"name":"Env\u00edos y devoluciones"}]},{"@type":"WebSite","@id":"https:\/\/simchocolate.com\/es\/#website","url":"https:\/\/simchocolate.com\/es\/","name":"SIM Chocolate","description":"Do amor incondicional entre uma m\u00e3e e sua filha, nasce a marca SIM Bombons no Natal de 2014","potentialAction":[{"@type":"SearchAction","target":{"@type":"EntryPoint","urlTemplate":"https:\/\/simchocolate.com\/es\/?s={search_term_string}"},"query-input":{"@type":"PropertyValueSpecification","valueRequired":true,"valueName":"search_term_string"}}],"inLanguage":"es"}]}},"_links":{"self":[{"href":"https:\/\/simchocolate.com\/es\/wp-json\/wp\/v2\/pages\/9191","targetHints":{"allow":["GET"]}}],"collection":[{"href":"https:\/\/simchocolate.com\/es\/wp-json\/wp\/v2\/pages"}],"about":[{"href":"https:\/\/simchocolate.com\/es\/wp-json\/wp\/v2\/types\/page"}],"author":[{"embeddable":true,"href":"https:\/\/simchocolate.com\/es\/wp-json\/wp\/v2\/users\/1"}],"replies":[{"embeddable":true,"href":"https:\/\/simchocolate.com\/es\/wp-json\/wp\/v2\/comments?post=9191"}],"version-history":[{"count":1,"href":"https:\/\/simchocolate.com\/es\/wp-json\/wp\/v2\/pages\/9191\/revisions"}],"predecessor-version":[{"id":9211,"href":"https:\/\/simchocolate.com\/es\/wp-json\/wp\/v2\/pages\/9191\/revisions\/9211"}],"wp:attachment":[{"href":"https:\/\/simchocolate.com\/es\/wp-json\/wp\/v2\/media?parent=9191"}],"curies":[{"name":"wp","href":"https:\/\/api.w.org\/{rel}","templated":true}]}}