{"id":10000,"date":"2023-10-20T18:07:46","date_gmt":"2023-10-20T18:07:46","guid":{"rendered":"https:\/\/simchocolate.com\/produto\/fragmentos-de-frutos-secos-con-chocolate-con-leche\/"},"modified":"2023-10-20T18:07:46","modified_gmt":"2023-10-20T18:07:46","slug":"fragmentos-de-frutos-secos-con-chocolate-con-leche","status":"publish","type":"product","link":"https:\/\/simchocolate.com\/es\/produto\/fragmentos-de-frutos-secos-con-chocolate-con-leche\/","title":{"rendered":"Fragmentos de frutos secos con chocolate con leche"},"content":{"rendered":"<div class=\"flex flex-grow flex-col max-w-full\">\n<div class=\"min-h-[20px] text-message flex w-full flex-col items-end gap-2 whitespace-pre-wrap break-words [.text-message+&amp;]:mt-5 overflow-x-auto\" dir=\"auto\" data-message-author-role=\"assistant\" data-message-id=\"31073241-dec3-4d25-9fc0-33f8abb4dd74\">\n<div class=\"flex w-full flex-col gap-1 empty:hidden first:pt-[3px]\">\n<div class=\"markdown prose w-full break-words dark:prose-invert dark\">\n<h5 style=\"text-align: left;\">La armon\u00eda perfecta entre lo crujiente y lo dulce<\/h5>\n<p style=\"text-align: left;\">Explora la <strong>combinaci\u00f3n perfecta de sabor y textura<\/strong> con nuestros fragmentos de frutos secos con chocolate con leche. Esta delicia gourmet es una celebraci\u00f3n del delicioso contraste entre el crujiente de la fruta deshidratada y la rica suavidad del chocolate con leche. <strong>  Ideal para ti o para regalar a tus seres queridos.<\/strong><\/p>\n<p style=\"text-align: left;\">Cada pieza se elabora cuidadosamente para garantizar la m\u00e1xima calidad y sabor. Utilizamos una selecci\u00f3n de frutas de primera calidad, como almendras, nueces, avellanas y casta\u00f1as, conocidas por su textura crujiente y su sabor robusto. Cubrir las frutas con un generoso ba\u00f1o de chocolate con leche da como resultado una combinaci\u00f3n de sabores tan rica como equilibrada.  <\/p>\n<p style=\"text-align: left;\">El proceso de producci\u00f3n de nuestros fragmentos comienza con una meticulosa selecci\u00f3n de los ingredientes. Recogemos a mano los frutos secos, asegur\u00e1ndonos de utilizar s\u00f3lo los mejores y m\u00e1s frescos. A continuaci\u00f3n, los tostamos lentamente para realzar su sabor natural y conseguir una textura a\u00fan m\u00e1s crujiente.  <\/p>\n<p style=\"text-align: left;\">Elegimos un chocolate con leche de alta calidad, conocido por su suavidad y dulzura, que complementa a la perfecci\u00f3n los sabores naturales de los frutos secos. La fusi\u00f3n del chocolate cremoso y la fruta crujiente crea una experiencia gustativa sencillamente irresistible, de hecho, una delicia para los sentidos. <\/p>\n<p style=\"text-align: left;\"><strong>R\u00edndete a nuestros Fragmentos y disfruta de momentos \u00fanicos de placer.<\/strong><\/p>\n<\/div>\n<\/div>\n<\/div>\n<\/div>\n","protected":false},"excerpt":{"rendered":"<p>Date un capricho con nuestros Fragmentos de Frutos Secos con Chocolate con Leche, una irresistible combinaci\u00f3n de crujientes frutos secos envueltos en el m\u00e1s suave chocolate con leche.<\/p>\n","protected":false},"featured_media":10009,"comment_status":"open","ping_status":"closed","template":"","meta":[],"product_brand":[],"product_cat":[253],"product_tag":[],"class_list":{"0":"post-10000","1":"product","2":"type-product","3":"status-publish","4":"has-post-thumbnail","6":"product_cat-fragmentos-y-crujientes","8":"first","9":"instock","10":"shipping-taxable","11":"purchasable","12":"product-type-simple"},"yoast_head":"<!-- This site is optimized with the Yoast SEO plugin v27.2 - https:\/\/yoast.com\/product\/yoast-seo-wordpress\/ -->\n<title>Fruta Deshidratada | Crujiente de Fruta Deshidratada con Chocolate con Leche<\/title>\n<meta name=\"description\" content=\"Saborea nuestros Fragmentos de Frutos Secos con Chocolate con Leche, una combinaci\u00f3n \u00fanica de crujientes frutos secos envueltos en chocolate con leche.\" \/>\n<meta name=\"robots\" content=\"index, follow, max-snippet:-1, max-image-preview:large, max-video-preview:-1\" \/>\n<link rel=\"canonical\" href=\"https:\/\/simchocolate.com\/es\/produto\/fragmentos-de-frutos-secos-con-chocolate-con-leche\/\" \/>\n<meta property=\"og:locale\" content=\"es_ES\" \/>\n<meta property=\"og:type\" content=\"article\" \/>\n<meta property=\"og:title\" content=\"Fruta Deshidratada | Crujiente de Fruta Deshidratada con Chocolate con Leche\" \/>\n<meta property=\"og:description\" content=\"Saborea nuestros Fragmentos de Frutos Secos con Chocolate con Leche, una combinaci\u00f3n \u00fanica de crujientes frutos secos envueltos en chocolate con leche.\" \/>\n<meta property=\"og:url\" content=\"https:\/\/simchocolate.com\/es\/produto\/fragmentos-de-frutos-secos-con-chocolate-con-leche\/\" \/>\n<meta property=\"og:site_name\" content=\"SIM Chocolate\" \/>\n<meta property=\"article:publisher\" content=\"https:\/\/www.facebook.com\/SimBombons\" \/>\n<meta property=\"og:image\" content=\"https:\/\/simchocolate.com\/wp-content\/uploads\/2023\/10\/IMG_0693-1.jpg\" \/>\n\t<meta property=\"og:image:width\" content=\"1000\" \/>\n\t<meta property=\"og:image:height\" content=\"1000\" \/>\n\t<meta property=\"og:image:type\" content=\"image\/jpeg\" \/>\n<meta name=\"twitter:card\" content=\"summary_large_image\" \/>\n<meta name=\"twitter:label1\" content=\"Tiempo de lectura\" \/>\n\t<meta name=\"twitter:data1\" content=\"1 minuto\" \/>\n<script type=\"application\/ld+json\" class=\"yoast-schema-graph\">{\"@context\":\"https:\/\/schema.org\",\"@graph\":[{\"@type\":\"WebPage\",\"@id\":\"https:\/\/simchocolate.com\/es\/produto\/fragmentos-de-frutos-secos-con-chocolate-con-leche\/\",\"url\":\"https:\/\/simchocolate.com\/es\/produto\/fragmentos-de-frutos-secos-con-chocolate-con-leche\/\",\"name\":\"Fruta Deshidratada | Crujiente de Fruta Deshidratada con Chocolate con Leche\",\"isPartOf\":{\"@id\":\"https:\/\/simchocolate.com\/es\/#website\"},\"primaryImageOfPage\":{\"@id\":\"https:\/\/simchocolate.com\/es\/produto\/fragmentos-de-frutos-secos-con-chocolate-con-leche\/#primaryimage\"},\"image\":{\"@id\":\"https:\/\/simchocolate.com\/es\/produto\/fragmentos-de-frutos-secos-con-chocolate-con-leche\/#primaryimage\"},\"thumbnailUrl\":\"https:\/\/simchocolate.com\/wp-content\/uploads\/2023\/10\/IMG_0693-1.jpg\",\"datePublished\":\"2023-10-20T18:07:46+00:00\",\"description\":\"Saborea nuestros Fragmentos de Frutos Secos con Chocolate con Leche, una combinaci\u00f3n \u00fanica de crujientes frutos secos envueltos en chocolate con leche.\",\"breadcrumb\":{\"@id\":\"https:\/\/simchocolate.com\/es\/produto\/fragmentos-de-frutos-secos-con-chocolate-con-leche\/#breadcrumb\"},\"inLanguage\":\"es\",\"potentialAction\":[{\"@type\":\"ReadAction\",\"target\":[\"https:\/\/simchocolate.com\/es\/produto\/fragmentos-de-frutos-secos-con-chocolate-con-leche\/\"]}]},{\"@type\":\"ImageObject\",\"inLanguage\":\"es\",\"@id\":\"https:\/\/simchocolate.com\/es\/produto\/fragmentos-de-frutos-secos-con-chocolate-con-leche\/#primaryimage\",\"url\":\"https:\/\/simchocolate.com\/wp-content\/uploads\/2023\/10\/IMG_0693-1.jpg\",\"contentUrl\":\"https:\/\/simchocolate.com\/wp-content\/uploads\/2023\/10\/IMG_0693-1.jpg\",\"width\":1000,\"height\":1000},{\"@type\":\"BreadcrumbList\",\"@id\":\"https:\/\/simchocolate.com\/es\/produto\/fragmentos-de-frutos-secos-con-chocolate-con-leche\/#breadcrumb\",\"itemListElement\":[{\"@type\":\"ListItem\",\"position\":1,\"name\":\"In\u00edcio\",\"item\":\"https:\/\/simchocolate.com\/es\/\"},{\"@type\":\"ListItem\",\"position\":2,\"name\":\"Productos\",\"item\":\"https:\/\/simchocolate.com\/es\/shop\/\"},{\"@type\":\"ListItem\",\"position\":3,\"name\":\"Fragmentos de frutos secos con chocolate con leche\"}]},{\"@type\":\"WebSite\",\"@id\":\"https:\/\/simchocolate.com\/es\/#website\",\"url\":\"https:\/\/simchocolate.com\/es\/\",\"name\":\"SIM Chocolate\",\"description\":\"Do amor incondicional entre uma m\u00e3e e sua filha, nasce a marca SIM Bombons no Natal de 2014\",\"potentialAction\":[{\"@type\":\"SearchAction\",\"target\":{\"@type\":\"EntryPoint\",\"urlTemplate\":\"https:\/\/simchocolate.com\/es\/?s={search_term_string}\"},\"query-input\":{\"@type\":\"PropertyValueSpecification\",\"valueRequired\":true,\"valueName\":\"search_term_string\"}}],\"inLanguage\":\"es\"}]}<\/script>\n<!-- \/ Yoast SEO plugin. -->","yoast_head_json":{"title":"Fruta Deshidratada | Crujiente de Fruta Deshidratada con Chocolate con Leche","description":"Saborea nuestros Fragmentos de Frutos Secos con Chocolate con Leche, una combinaci\u00f3n \u00fanica de crujientes frutos secos envueltos en chocolate con leche.","robots":{"index":"index","follow":"follow","max-snippet":"max-snippet:-1","max-image-preview":"max-image-preview:large","max-video-preview":"max-video-preview:-1"},"canonical":"https:\/\/simchocolate.com\/es\/produto\/fragmentos-de-frutos-secos-con-chocolate-con-leche\/","og_locale":"es_ES","og_type":"article","og_title":"Fruta Deshidratada | Crujiente de Fruta Deshidratada con Chocolate con Leche","og_description":"Saborea nuestros Fragmentos de Frutos Secos con Chocolate con Leche, una combinaci\u00f3n \u00fanica de crujientes frutos secos envueltos en chocolate con leche.","og_url":"https:\/\/simchocolate.com\/es\/produto\/fragmentos-de-frutos-secos-con-chocolate-con-leche\/","og_site_name":"SIM Chocolate","article_publisher":"https:\/\/www.facebook.com\/SimBombons","og_image":[{"width":1000,"height":1000,"url":"https:\/\/simchocolate.com\/wp-content\/uploads\/2023\/10\/IMG_0693-1.jpg","type":"image\/jpeg"}],"twitter_card":"summary_large_image","twitter_misc":{"Tiempo de lectura":"1 minuto"},"schema":{"@context":"https:\/\/schema.org","@graph":[{"@type":"WebPage","@id":"https:\/\/simchocolate.com\/es\/produto\/fragmentos-de-frutos-secos-con-chocolate-con-leche\/","url":"https:\/\/simchocolate.com\/es\/produto\/fragmentos-de-frutos-secos-con-chocolate-con-leche\/","name":"Fruta Deshidratada | Crujiente de Fruta Deshidratada con Chocolate con Leche","isPartOf":{"@id":"https:\/\/simchocolate.com\/es\/#website"},"primaryImageOfPage":{"@id":"https:\/\/simchocolate.com\/es\/produto\/fragmentos-de-frutos-secos-con-chocolate-con-leche\/#primaryimage"},"image":{"@id":"https:\/\/simchocolate.com\/es\/produto\/fragmentos-de-frutos-secos-con-chocolate-con-leche\/#primaryimage"},"thumbnailUrl":"https:\/\/simchocolate.com\/wp-content\/uploads\/2023\/10\/IMG_0693-1.jpg","datePublished":"2023-10-20T18:07:46+00:00","description":"Saborea nuestros Fragmentos de Frutos Secos con Chocolate con Leche, una combinaci\u00f3n \u00fanica de crujientes frutos secos envueltos en chocolate con leche.","breadcrumb":{"@id":"https:\/\/simchocolate.com\/es\/produto\/fragmentos-de-frutos-secos-con-chocolate-con-leche\/#breadcrumb"},"inLanguage":"es","potentialAction":[{"@type":"ReadAction","target":["https:\/\/simchocolate.com\/es\/produto\/fragmentos-de-frutos-secos-con-chocolate-con-leche\/"]}]},{"@type":"ImageObject","inLanguage":"es","@id":"https:\/\/simchocolate.com\/es\/produto\/fragmentos-de-frutos-secos-con-chocolate-con-leche\/#primaryimage","url":"https:\/\/simchocolate.com\/wp-content\/uploads\/2023\/10\/IMG_0693-1.jpg","contentUrl":"https:\/\/simchocolate.com\/wp-content\/uploads\/2023\/10\/IMG_0693-1.jpg","width":1000,"height":1000},{"@type":"BreadcrumbList","@id":"https:\/\/simchocolate.com\/es\/produto\/fragmentos-de-frutos-secos-con-chocolate-con-leche\/#breadcrumb","itemListElement":[{"@type":"ListItem","position":1,"name":"In\u00edcio","item":"https:\/\/simchocolate.com\/es\/"},{"@type":"ListItem","position":2,"name":"Productos","item":"https:\/\/simchocolate.com\/es\/shop\/"},{"@type":"ListItem","position":3,"name":"Fragmentos de frutos secos con chocolate con leche"}]},{"@type":"WebSite","@id":"https:\/\/simchocolate.com\/es\/#website","url":"https:\/\/simchocolate.com\/es\/","name":"SIM Chocolate","description":"Do amor incondicional entre uma m\u00e3e e sua filha, nasce a marca SIM Bombons no Natal de 2014","potentialAction":[{"@type":"SearchAction","target":{"@type":"EntryPoint","urlTemplate":"https:\/\/simchocolate.com\/es\/?s={search_term_string}"},"query-input":{"@type":"PropertyValueSpecification","valueRequired":true,"valueName":"search_term_string"}}],"inLanguage":"es"}]}},"_links":{"self":[{"href":"https:\/\/simchocolate.com\/es\/wp-json\/wp\/v2\/product\/10000","targetHints":{"allow":["GET"]}}],"collection":[{"href":"https:\/\/simchocolate.com\/es\/wp-json\/wp\/v2\/product"}],"about":[{"href":"https:\/\/simchocolate.com\/es\/wp-json\/wp\/v2\/types\/product"}],"replies":[{"embeddable":true,"href":"https:\/\/simchocolate.com\/es\/wp-json\/wp\/v2\/comments?post=10000"}],"wp:featuredmedia":[{"embeddable":true,"href":"https:\/\/simchocolate.com\/es\/wp-json\/wp\/v2\/media\/10009"}],"wp:attachment":[{"href":"https:\/\/simchocolate.com\/es\/wp-json\/wp\/v2\/media?parent=10000"}],"wp:term":[{"taxonomy":"product_brand","embeddable":true,"href":"https:\/\/simchocolate.com\/es\/wp-json\/wp\/v2\/product_brand?post=10000"},{"taxonomy":"product_cat","embeddable":true,"href":"https:\/\/simchocolate.com\/es\/wp-json\/wp\/v2\/product_cat?post=10000"},{"taxonomy":"product_tag","embeddable":true,"href":"https:\/\/simchocolate.com\/es\/wp-json\/wp\/v2\/product_tag?post=10000"}],"curies":[{"name":"wp","href":"https:\/\/api.w.org\/{rel}","templated":true}]}}