{"id":10010,"date":"2023-10-20T18:07:57","date_gmt":"2023-10-20T18:07:57","guid":{"rendered":"https:\/\/simchocolate.com\/produto\/escandalo-de-la-caja-de-trufas\/"},"modified":"2023-10-20T18:07:57","modified_gmt":"2023-10-20T18:07:57","slug":"escandalo-de-la-caja-de-trufas","status":"publish","type":"product","link":"https:\/\/simchocolate.com\/es\/produto\/escandalo-de-la-caja-de-trufas\/","title":{"rendered":"Esc\u00e1ndalo de la caja de trufas"},"content":{"rendered":"<div class=\"flex flex-grow flex-col max-w-full\">\n<div class=\"min-h-[20px] text-message flex w-full flex-col items-end gap-2 whitespace-pre-wrap break-words [.text-message+&amp;]:mt-5 overflow-x-auto\" dir=\"auto\" data-message-author-role=\"assistant\" data-message-id=\"5414f31a-6423-4ab3-83a7-064d9110acf7\">\n<div class=\"flex w-full flex-col gap-1 empty:hidden first:pt-[3px]\">\n<div class=\"markdown prose w-full break-words dark:prose-invert dark\">\n<h5 style=\"text-align: left;\"><strong>El lujo de Vinh\u00e3o en cada bocado<\/strong><\/h5>\n<p style=\"text-align: left;\">Reg\u00e1late una experiencia gourmet incomparable con nuestras trufas premium, donde el sabor intenso y robusto de la vinagreta se une a la sofisticaci\u00f3n del chocolate premium. Esta exclusiva selecci\u00f3n de trufas artesanales se ha creado para quienes aprecian el verdadero arte de la reposter\u00eda y la riqueza de los sabores aut\u00e9nticos. <\/p>\n<p style=\"text-align: left;\">Cada trufa de esta caja est\u00e1 <strong>meticulosamente elaborada, combinando lo mejor de la vinagreta con la lujosa suavidad del chocolate.<\/strong> El vinh\u00e3o aporta una complejidad \u00fanica a las trufas, proporcionando una experiencia de degustaci\u00f3n \u00fanica. El contraste entre el sabor robusto del vino y la cremosidad del chocolate crea una sinfon\u00eda de sabores sencillamente irresistible. <\/p>\n<p style=\"text-align: left;\">D\u00e9jate seducir por el lujo y la intensidad del vino con nuestras trufas premium. Ya sea para regalar a alguien especial o para ti mismo, esta caja <g id=\"gid_0\">ofrece una experiencia gourmet perfecta entre chocolate y vino<\/g>, que proporciona placer y sofisticaci\u00f3n. Disfruta de un viaje sensorial que eleva el list\u00f3n de la calidad y el sabor, convirtiendo cada trufa en un recuerdo escandalosamente delicioso.  <\/p>\n<\/div>\n<\/div>\n<\/div>\n<\/div>\n","protected":false},"excerpt":{"rendered":"<p>Descubre un placer \u00fanico con nuestra Caja de Trufas Esc\u00e1ndalo, elaboradas con el sabor robusto e intenso de la vinagreta.<\/p>\n","protected":false},"featured_media":10015,"comment_status":"open","ping_status":"closed","template":"","meta":[],"product_brand":[],"product_cat":[191],"product_tag":[],"class_list":{"0":"post-10010","1":"product","2":"type-product","3":"status-publish","4":"has-post-thumbnail","6":"product_cat-trufas","7":"edicoes-con-alcohol","9":"first","10":"instock","11":"shipping-taxable","12":"purchasable","13":"product-type-simple"},"yoast_head":"<!-- This site is optimized with the Yoast SEO plugin v27.2 - https:\/\/yoast.com\/product\/yoast-seo-wordpress\/ -->\n<title>Trufas Premium | Esc\u00e1ndalo de la caja de trufas<\/title>\n<meta name=\"description\" content=\"Descubre el \u00faltimo capricho con nuestra Caja de Trufas Esc\u00e1ndalo, hechas a mano con el sabor robusto e intenso de la vinagreta.\" \/>\n<meta name=\"robots\" content=\"index, follow, max-snippet:-1, max-image-preview:large, max-video-preview:-1\" \/>\n<link rel=\"canonical\" href=\"https:\/\/simchocolate.com\/es\/produto\/escandalo-de-la-caja-de-trufas\/\" \/>\n<meta property=\"og:locale\" content=\"es_ES\" \/>\n<meta property=\"og:type\" content=\"article\" \/>\n<meta property=\"og:title\" content=\"Trufas Premium | Esc\u00e1ndalo de la caja de trufas\" \/>\n<meta property=\"og:description\" content=\"Descubre el \u00faltimo capricho con nuestra Caja de Trufas Esc\u00e1ndalo, hechas a mano con el sabor robusto e intenso de la vinagreta.\" \/>\n<meta property=\"og:url\" content=\"https:\/\/simchocolate.com\/es\/produto\/escandalo-de-la-caja-de-trufas\/\" \/>\n<meta property=\"og:site_name\" content=\"SIM Chocolate\" \/>\n<meta property=\"article:publisher\" content=\"https:\/\/www.facebook.com\/SimBombons\" \/>\n<meta property=\"og:image\" content=\"https:\/\/simchocolate.com\/wp-content\/uploads\/2023\/10\/IMG_0719.jpg\" \/>\n\t<meta property=\"og:image:width\" content=\"1000\" \/>\n\t<meta property=\"og:image:height\" content=\"1000\" \/>\n\t<meta property=\"og:image:type\" content=\"image\/jpeg\" \/>\n<meta name=\"twitter:card\" content=\"summary_large_image\" \/>\n<meta name=\"twitter:label1\" content=\"Tiempo de lectura\" \/>\n\t<meta name=\"twitter:data1\" content=\"1 minuto\" \/>\n<script type=\"application\/ld+json\" class=\"yoast-schema-graph\">{\"@context\":\"https:\/\/schema.org\",\"@graph\":[{\"@type\":\"WebPage\",\"@id\":\"https:\/\/simchocolate.com\/es\/produto\/escandalo-de-la-caja-de-trufas\/\",\"url\":\"https:\/\/simchocolate.com\/es\/produto\/escandalo-de-la-caja-de-trufas\/\",\"name\":\"Trufas Premium | Esc\u00e1ndalo de la caja de trufas\",\"isPartOf\":{\"@id\":\"https:\/\/simchocolate.com\/es\/#website\"},\"primaryImageOfPage\":{\"@id\":\"https:\/\/simchocolate.com\/es\/produto\/escandalo-de-la-caja-de-trufas\/#primaryimage\"},\"image\":{\"@id\":\"https:\/\/simchocolate.com\/es\/produto\/escandalo-de-la-caja-de-trufas\/#primaryimage\"},\"thumbnailUrl\":\"https:\/\/simchocolate.com\/wp-content\/uploads\/2023\/10\/IMG_0719.jpg\",\"datePublished\":\"2023-10-20T18:07:57+00:00\",\"description\":\"Descubre el \u00faltimo capricho con nuestra Caja de Trufas Esc\u00e1ndalo, hechas a mano con el sabor robusto e intenso de la vinagreta.\",\"breadcrumb\":{\"@id\":\"https:\/\/simchocolate.com\/es\/produto\/escandalo-de-la-caja-de-trufas\/#breadcrumb\"},\"inLanguage\":\"es\",\"potentialAction\":[{\"@type\":\"ReadAction\",\"target\":[\"https:\/\/simchocolate.com\/es\/produto\/escandalo-de-la-caja-de-trufas\/\"]}]},{\"@type\":\"ImageObject\",\"inLanguage\":\"es\",\"@id\":\"https:\/\/simchocolate.com\/es\/produto\/escandalo-de-la-caja-de-trufas\/#primaryimage\",\"url\":\"https:\/\/simchocolate.com\/wp-content\/uploads\/2023\/10\/IMG_0719.jpg\",\"contentUrl\":\"https:\/\/simchocolate.com\/wp-content\/uploads\/2023\/10\/IMG_0719.jpg\",\"width\":1000,\"height\":1000,\"caption\":\"trufas escandalo\"},{\"@type\":\"BreadcrumbList\",\"@id\":\"https:\/\/simchocolate.com\/es\/produto\/escandalo-de-la-caja-de-trufas\/#breadcrumb\",\"itemListElement\":[{\"@type\":\"ListItem\",\"position\":1,\"name\":\"In\u00edcio\",\"item\":\"https:\/\/simchocolate.com\/es\/\"},{\"@type\":\"ListItem\",\"position\":2,\"name\":\"Productos\",\"item\":\"https:\/\/simchocolate.com\/es\/shop\/\"},{\"@type\":\"ListItem\",\"position\":3,\"name\":\"Esc\u00e1ndalo de la caja de trufas\"}]},{\"@type\":\"WebSite\",\"@id\":\"https:\/\/simchocolate.com\/es\/#website\",\"url\":\"https:\/\/simchocolate.com\/es\/\",\"name\":\"SIM Chocolate\",\"description\":\"Do amor incondicional entre uma m\u00e3e e sua filha, nasce a marca SIM Bombons no Natal de 2014\",\"potentialAction\":[{\"@type\":\"SearchAction\",\"target\":{\"@type\":\"EntryPoint\",\"urlTemplate\":\"https:\/\/simchocolate.com\/es\/?s={search_term_string}\"},\"query-input\":{\"@type\":\"PropertyValueSpecification\",\"valueRequired\":true,\"valueName\":\"search_term_string\"}}],\"inLanguage\":\"es\"}]}<\/script>\n<!-- \/ Yoast SEO plugin. -->","yoast_head_json":{"title":"Trufas Premium | Esc\u00e1ndalo de la caja de trufas","description":"Descubre el \u00faltimo capricho con nuestra Caja de Trufas Esc\u00e1ndalo, hechas a mano con el sabor robusto e intenso de la vinagreta.","robots":{"index":"index","follow":"follow","max-snippet":"max-snippet:-1","max-image-preview":"max-image-preview:large","max-video-preview":"max-video-preview:-1"},"canonical":"https:\/\/simchocolate.com\/es\/produto\/escandalo-de-la-caja-de-trufas\/","og_locale":"es_ES","og_type":"article","og_title":"Trufas Premium | Esc\u00e1ndalo de la caja de trufas","og_description":"Descubre el \u00faltimo capricho con nuestra Caja de Trufas Esc\u00e1ndalo, hechas a mano con el sabor robusto e intenso de la vinagreta.","og_url":"https:\/\/simchocolate.com\/es\/produto\/escandalo-de-la-caja-de-trufas\/","og_site_name":"SIM Chocolate","article_publisher":"https:\/\/www.facebook.com\/SimBombons","og_image":[{"width":1000,"height":1000,"url":"https:\/\/simchocolate.com\/wp-content\/uploads\/2023\/10\/IMG_0719.jpg","type":"image\/jpeg"}],"twitter_card":"summary_large_image","twitter_misc":{"Tiempo de lectura":"1 minuto"},"schema":{"@context":"https:\/\/schema.org","@graph":[{"@type":"WebPage","@id":"https:\/\/simchocolate.com\/es\/produto\/escandalo-de-la-caja-de-trufas\/","url":"https:\/\/simchocolate.com\/es\/produto\/escandalo-de-la-caja-de-trufas\/","name":"Trufas Premium | Esc\u00e1ndalo de la caja de trufas","isPartOf":{"@id":"https:\/\/simchocolate.com\/es\/#website"},"primaryImageOfPage":{"@id":"https:\/\/simchocolate.com\/es\/produto\/escandalo-de-la-caja-de-trufas\/#primaryimage"},"image":{"@id":"https:\/\/simchocolate.com\/es\/produto\/escandalo-de-la-caja-de-trufas\/#primaryimage"},"thumbnailUrl":"https:\/\/simchocolate.com\/wp-content\/uploads\/2023\/10\/IMG_0719.jpg","datePublished":"2023-10-20T18:07:57+00:00","description":"Descubre el \u00faltimo capricho con nuestra Caja de Trufas Esc\u00e1ndalo, hechas a mano con el sabor robusto e intenso de la vinagreta.","breadcrumb":{"@id":"https:\/\/simchocolate.com\/es\/produto\/escandalo-de-la-caja-de-trufas\/#breadcrumb"},"inLanguage":"es","potentialAction":[{"@type":"ReadAction","target":["https:\/\/simchocolate.com\/es\/produto\/escandalo-de-la-caja-de-trufas\/"]}]},{"@type":"ImageObject","inLanguage":"es","@id":"https:\/\/simchocolate.com\/es\/produto\/escandalo-de-la-caja-de-trufas\/#primaryimage","url":"https:\/\/simchocolate.com\/wp-content\/uploads\/2023\/10\/IMG_0719.jpg","contentUrl":"https:\/\/simchocolate.com\/wp-content\/uploads\/2023\/10\/IMG_0719.jpg","width":1000,"height":1000,"caption":"trufas escandalo"},{"@type":"BreadcrumbList","@id":"https:\/\/simchocolate.com\/es\/produto\/escandalo-de-la-caja-de-trufas\/#breadcrumb","itemListElement":[{"@type":"ListItem","position":1,"name":"In\u00edcio","item":"https:\/\/simchocolate.com\/es\/"},{"@type":"ListItem","position":2,"name":"Productos","item":"https:\/\/simchocolate.com\/es\/shop\/"},{"@type":"ListItem","position":3,"name":"Esc\u00e1ndalo de la caja de trufas"}]},{"@type":"WebSite","@id":"https:\/\/simchocolate.com\/es\/#website","url":"https:\/\/simchocolate.com\/es\/","name":"SIM Chocolate","description":"Do amor incondicional entre uma m\u00e3e e sua filha, nasce a marca SIM Bombons no Natal de 2014","potentialAction":[{"@type":"SearchAction","target":{"@type":"EntryPoint","urlTemplate":"https:\/\/simchocolate.com\/es\/?s={search_term_string}"},"query-input":{"@type":"PropertyValueSpecification","valueRequired":true,"valueName":"search_term_string"}}],"inLanguage":"es"}]}},"_links":{"self":[{"href":"https:\/\/simchocolate.com\/es\/wp-json\/wp\/v2\/product\/10010","targetHints":{"allow":["GET"]}}],"collection":[{"href":"https:\/\/simchocolate.com\/es\/wp-json\/wp\/v2\/product"}],"about":[{"href":"https:\/\/simchocolate.com\/es\/wp-json\/wp\/v2\/types\/product"}],"replies":[{"embeddable":true,"href":"https:\/\/simchocolate.com\/es\/wp-json\/wp\/v2\/comments?post=10010"}],"wp:featuredmedia":[{"embeddable":true,"href":"https:\/\/simchocolate.com\/es\/wp-json\/wp\/v2\/media\/10015"}],"wp:attachment":[{"href":"https:\/\/simchocolate.com\/es\/wp-json\/wp\/v2\/media?parent=10010"}],"wp:term":[{"taxonomy":"product_brand","embeddable":true,"href":"https:\/\/simchocolate.com\/es\/wp-json\/wp\/v2\/product_brand?post=10010"},{"taxonomy":"product_cat","embeddable":true,"href":"https:\/\/simchocolate.com\/es\/wp-json\/wp\/v2\/product_cat?post=10010"},{"taxonomy":"product_tag","embeddable":true,"href":"https:\/\/simchocolate.com\/es\/wp-json\/wp\/v2\/product_tag?post=10010"}],"curies":[{"name":"wp","href":"https:\/\/api.w.org\/{rel}","templated":true}]}}