{"id":10011,"date":"2023-10-20T18:07:49","date_gmt":"2023-10-20T18:07:49","guid":{"rendered":"https:\/\/simchocolate.com\/produto\/pepitas-de-chocolate-negro\/"},"modified":"2023-10-20T18:07:49","modified_gmt":"2023-10-20T18:07:49","slug":"pepitas-de-chocolate-negro","status":"publish","type":"product","link":"https:\/\/simchocolate.com\/es\/produto\/pepitas-de-chocolate-negro\/","title":{"rendered":"Pepitas de chocolate negro"},"content":{"rendered":"<h5 style=\"text-align: left;\">Una explosi\u00f3n de color y sabor<\/h5>\n<p style=\"text-align: left;\">Descubre la <strong>deliciosa combinaci\u00f3n de sabores y texturas intensos<\/strong> con nuestros Trozos de Chocolate Negro con Chispas de Colores. Cada trozo de este chocolate es una aut\u00e9ntica obra de arte, donde la riqueza del chocolate negro se mezcla con la vivacidad de las virutas de chocolate. <\/p>\n<p style=\"text-align: left;\">La base de chocolate negro, con su intensidad y sus notas complejas, se combina meticulosamente con las vibrantes pepitas que a\u00f1aden un toque de dulzor y un llamativo contraste visual. Cada bocado revela una explosi\u00f3n de sabores, donde la profundidad del cacao se ve realzada por la adici\u00f3n de elementos coloridos y crujientes, creando una experiencia sensorial \u00fanica. <\/p>\n<p style=\"text-align: left;\">Adem\u00e1s de su irresistible sabor, la variedad de colores y texturas hace de este chocolate una opci\u00f3n ideal para ocasiones especiales. Ya sea como regalo para un ser querido o como tentaci\u00f3n personal, las Esquirlas de Chocolate Negro con Pepitas de Colores son perfectas para impresionar y satisfacer. Adem\u00e1s, son una opci\u00f3n irresistible para cualquier ocasi\u00f3n.  <\/p>\n<p style=\"text-align: left;\">Este chocolate no s\u00f3lo tiene un sabor delicioso, sino que<strong> es una explosi\u00f3n de creatividad y calidad en confiter\u00eda artesana<\/strong>. Cada fragmento se elabora cuidadosamente para garantizar una experiencia de degustaci\u00f3n equilibrada y placentera, adem\u00e1s de ofrecer un aspecto atractivo y un sabor inigualable. <\/p>\n<p style=\"text-align: left;\">Eleva tus celebraciones y momentos cotidianos con <strong>una divertida y deliciosa combinaci\u00f3n de nuestros Fragmentos.<\/strong><\/p>\n<p style=\"text-align: left;\">\n","protected":false},"excerpt":{"rendered":"<p>Descubre la alegr\u00eda y el irresistible sabor de las Chips de Colores con Chocolate Negro.<\/p>\n","protected":false},"featured_media":10020,"comment_status":"open","ping_status":"closed","template":"","meta":[],"product_brand":[],"product_cat":[253],"product_tag":[],"class_list":{"0":"post-10011","1":"product","2":"type-product","3":"status-publish","4":"has-post-thumbnail","6":"product_cat-fragmentos-y-crujientes","8":"first","9":"instock","10":"sale","11":"shipping-taxable","12":"purchasable","13":"product-type-simple"},"yoast_head":"<!-- This site is optimized with the Yoast SEO plugin v27.5 - https:\/\/yoast.com\/product\/yoast-seo-wordpress\/ -->\n<title>Chispas de chocolate | Fragmentos de chocolate negro Gourmet<\/title>\n<meta name=\"description\" content=\"Descubre la alegr\u00eda y el irresistible sabor de las Pepitas de Colores con Chocolate Negro. Esta combinaci\u00f3n es perfecta para alegrar cualquier momento.\" \/>\n<meta name=\"robots\" content=\"index, follow, max-snippet:-1, max-image-preview:large, max-video-preview:-1\" \/>\n<link rel=\"canonical\" href=\"https:\/\/simchocolate.com\/es\/produto\/pepitas-de-chocolate-negro\/\" \/>\n<meta property=\"og:locale\" content=\"es_ES\" \/>\n<meta property=\"og:type\" content=\"article\" \/>\n<meta property=\"og:title\" content=\"Chispas de chocolate | Fragmentos de chocolate negro Gourmet\" \/>\n<meta property=\"og:description\" content=\"Descubre la alegr\u00eda y el irresistible sabor de las Pepitas de Colores con Chocolate Negro. Esta combinaci\u00f3n es perfecta para alegrar cualquier momento.\" \/>\n<meta property=\"og:url\" content=\"https:\/\/simchocolate.com\/es\/produto\/pepitas-de-chocolate-negro\/\" \/>\n<meta property=\"og:site_name\" content=\"SIM Chocolate\" \/>\n<meta property=\"article:publisher\" content=\"https:\/\/www.facebook.com\/SimBombons\" \/>\n<meta property=\"og:image\" content=\"https:\/\/simchocolate.com\/wp-content\/uploads\/2023\/10\/IMG_0669-1.jpg\" \/>\n\t<meta property=\"og:image:width\" content=\"1000\" \/>\n\t<meta property=\"og:image:height\" content=\"1000\" \/>\n\t<meta property=\"og:image:type\" content=\"image\/jpeg\" \/>\n<meta name=\"twitter:card\" content=\"summary_large_image\" \/>\n<meta name=\"twitter:label1\" content=\"Tiempo de lectura\" \/>\n\t<meta name=\"twitter:data1\" content=\"1 minuto\" \/>\n<script type=\"application\/ld+json\" class=\"yoast-schema-graph\">{\"@context\":\"https:\\\/\\\/schema.org\",\"@graph\":[{\"@type\":\"WebPage\",\"@id\":\"https:\\\/\\\/simchocolate.com\\\/es\\\/produto\\\/pepitas-de-chocolate-negro\\\/\",\"url\":\"https:\\\/\\\/simchocolate.com\\\/es\\\/produto\\\/pepitas-de-chocolate-negro\\\/\",\"name\":\"Chispas de chocolate | Fragmentos de chocolate negro Gourmet\",\"isPartOf\":{\"@id\":\"https:\\\/\\\/simchocolate.com\\\/es\\\/#website\"},\"primaryImageOfPage\":{\"@id\":\"https:\\\/\\\/simchocolate.com\\\/es\\\/produto\\\/pepitas-de-chocolate-negro\\\/#primaryimage\"},\"image\":{\"@id\":\"https:\\\/\\\/simchocolate.com\\\/es\\\/produto\\\/pepitas-de-chocolate-negro\\\/#primaryimage\"},\"thumbnailUrl\":\"https:\\\/\\\/simchocolate.com\\\/wp-content\\\/uploads\\\/2023\\\/10\\\/IMG_0669-1.jpg\",\"datePublished\":\"2023-10-20T18:07:49+00:00\",\"description\":\"Descubre la alegr\u00eda y el irresistible sabor de las Pepitas de Colores con Chocolate Negro. Esta combinaci\u00f3n es perfecta para alegrar cualquier momento.\",\"breadcrumb\":{\"@id\":\"https:\\\/\\\/simchocolate.com\\\/es\\\/produto\\\/pepitas-de-chocolate-negro\\\/#breadcrumb\"},\"inLanguage\":\"es\",\"potentialAction\":[{\"@type\":\"ReadAction\",\"target\":[\"https:\\\/\\\/simchocolate.com\\\/es\\\/produto\\\/pepitas-de-chocolate-negro\\\/\"]}]},{\"@type\":\"ImageObject\",\"inLanguage\":\"es\",\"@id\":\"https:\\\/\\\/simchocolate.com\\\/es\\\/produto\\\/pepitas-de-chocolate-negro\\\/#primaryimage\",\"url\":\"https:\\\/\\\/simchocolate.com\\\/wp-content\\\/uploads\\\/2023\\\/10\\\/IMG_0669-1.jpg\",\"contentUrl\":\"https:\\\/\\\/simchocolate.com\\\/wp-content\\\/uploads\\\/2023\\\/10\\\/IMG_0669-1.jpg\",\"width\":1000,\"height\":1000},{\"@type\":\"BreadcrumbList\",\"@id\":\"https:\\\/\\\/simchocolate.com\\\/es\\\/produto\\\/pepitas-de-chocolate-negro\\\/#breadcrumb\",\"itemListElement\":[{\"@type\":\"ListItem\",\"position\":1,\"name\":\"In\u00edcio\",\"item\":\"https:\\\/\\\/simchocolate.com\\\/es\\\/\"},{\"@type\":\"ListItem\",\"position\":2,\"name\":\"Productos\",\"item\":\"https:\\\/\\\/simchocolate.com\\\/es\\\/shop\\\/\"},{\"@type\":\"ListItem\",\"position\":3,\"name\":\"Pepitas de chocolate negro\"}]},{\"@type\":\"WebSite\",\"@id\":\"https:\\\/\\\/simchocolate.com\\\/es\\\/#website\",\"url\":\"https:\\\/\\\/simchocolate.com\\\/es\\\/\",\"name\":\"SIM Chocolate\",\"description\":\"Do amor incondicional entre uma m\u00e3e e sua filha, nasce a marca SIM Bombons no Natal de 2014\",\"potentialAction\":[{\"@type\":\"SearchAction\",\"target\":{\"@type\":\"EntryPoint\",\"urlTemplate\":\"https:\\\/\\\/simchocolate.com\\\/es\\\/?s={search_term_string}\"},\"query-input\":{\"@type\":\"PropertyValueSpecification\",\"valueRequired\":true,\"valueName\":\"search_term_string\"}}],\"inLanguage\":\"es\"}]}<\/script>\n<!-- \/ Yoast SEO plugin. -->","yoast_head_json":{"title":"Chispas de chocolate | Fragmentos de chocolate negro Gourmet","description":"Descubre la alegr\u00eda y el irresistible sabor de las Pepitas de Colores con Chocolate Negro. Esta combinaci\u00f3n es perfecta para alegrar cualquier momento.","robots":{"index":"index","follow":"follow","max-snippet":"max-snippet:-1","max-image-preview":"max-image-preview:large","max-video-preview":"max-video-preview:-1"},"canonical":"https:\/\/simchocolate.com\/es\/produto\/pepitas-de-chocolate-negro\/","og_locale":"es_ES","og_type":"article","og_title":"Chispas de chocolate | Fragmentos de chocolate negro Gourmet","og_description":"Descubre la alegr\u00eda y el irresistible sabor de las Pepitas de Colores con Chocolate Negro. Esta combinaci\u00f3n es perfecta para alegrar cualquier momento.","og_url":"https:\/\/simchocolate.com\/es\/produto\/pepitas-de-chocolate-negro\/","og_site_name":"SIM Chocolate","article_publisher":"https:\/\/www.facebook.com\/SimBombons","og_image":[{"width":1000,"height":1000,"url":"https:\/\/simchocolate.com\/wp-content\/uploads\/2023\/10\/IMG_0669-1.jpg","type":"image\/jpeg"}],"twitter_card":"summary_large_image","twitter_misc":{"Tiempo de lectura":"1 minuto"},"schema":{"@context":"https:\/\/schema.org","@graph":[{"@type":"WebPage","@id":"https:\/\/simchocolate.com\/es\/produto\/pepitas-de-chocolate-negro\/","url":"https:\/\/simchocolate.com\/es\/produto\/pepitas-de-chocolate-negro\/","name":"Chispas de chocolate | Fragmentos de chocolate negro Gourmet","isPartOf":{"@id":"https:\/\/simchocolate.com\/es\/#website"},"primaryImageOfPage":{"@id":"https:\/\/simchocolate.com\/es\/produto\/pepitas-de-chocolate-negro\/#primaryimage"},"image":{"@id":"https:\/\/simchocolate.com\/es\/produto\/pepitas-de-chocolate-negro\/#primaryimage"},"thumbnailUrl":"https:\/\/simchocolate.com\/wp-content\/uploads\/2023\/10\/IMG_0669-1.jpg","datePublished":"2023-10-20T18:07:49+00:00","description":"Descubre la alegr\u00eda y el irresistible sabor de las Pepitas de Colores con Chocolate Negro. Esta combinaci\u00f3n es perfecta para alegrar cualquier momento.","breadcrumb":{"@id":"https:\/\/simchocolate.com\/es\/produto\/pepitas-de-chocolate-negro\/#breadcrumb"},"inLanguage":"es","potentialAction":[{"@type":"ReadAction","target":["https:\/\/simchocolate.com\/es\/produto\/pepitas-de-chocolate-negro\/"]}]},{"@type":"ImageObject","inLanguage":"es","@id":"https:\/\/simchocolate.com\/es\/produto\/pepitas-de-chocolate-negro\/#primaryimage","url":"https:\/\/simchocolate.com\/wp-content\/uploads\/2023\/10\/IMG_0669-1.jpg","contentUrl":"https:\/\/simchocolate.com\/wp-content\/uploads\/2023\/10\/IMG_0669-1.jpg","width":1000,"height":1000},{"@type":"BreadcrumbList","@id":"https:\/\/simchocolate.com\/es\/produto\/pepitas-de-chocolate-negro\/#breadcrumb","itemListElement":[{"@type":"ListItem","position":1,"name":"In\u00edcio","item":"https:\/\/simchocolate.com\/es\/"},{"@type":"ListItem","position":2,"name":"Productos","item":"https:\/\/simchocolate.com\/es\/shop\/"},{"@type":"ListItem","position":3,"name":"Pepitas de chocolate negro"}]},{"@type":"WebSite","@id":"https:\/\/simchocolate.com\/es\/#website","url":"https:\/\/simchocolate.com\/es\/","name":"SIM Chocolate","description":"Do amor incondicional entre uma m\u00e3e e sua filha, nasce a marca SIM Bombons no Natal de 2014","potentialAction":[{"@type":"SearchAction","target":{"@type":"EntryPoint","urlTemplate":"https:\/\/simchocolate.com\/es\/?s={search_term_string}"},"query-input":{"@type":"PropertyValueSpecification","valueRequired":true,"valueName":"search_term_string"}}],"inLanguage":"es"}]}},"_links":{"self":[{"href":"https:\/\/simchocolate.com\/es\/wp-json\/wp\/v2\/product\/10011","targetHints":{"allow":["GET"]}}],"collection":[{"href":"https:\/\/simchocolate.com\/es\/wp-json\/wp\/v2\/product"}],"about":[{"href":"https:\/\/simchocolate.com\/es\/wp-json\/wp\/v2\/types\/product"}],"replies":[{"embeddable":true,"href":"https:\/\/simchocolate.com\/es\/wp-json\/wp\/v2\/comments?post=10011"}],"wp:featuredmedia":[{"embeddable":true,"href":"https:\/\/simchocolate.com\/es\/wp-json\/wp\/v2\/media\/10020"}],"wp:attachment":[{"href":"https:\/\/simchocolate.com\/es\/wp-json\/wp\/v2\/media?parent=10011"}],"wp:term":[{"taxonomy":"product_brand","embeddable":true,"href":"https:\/\/simchocolate.com\/es\/wp-json\/wp\/v2\/product_brand?post=10011"},{"taxonomy":"product_cat","embeddable":true,"href":"https:\/\/simchocolate.com\/es\/wp-json\/wp\/v2\/product_cat?post=10011"},{"taxonomy":"product_tag","embeddable":true,"href":"https:\/\/simchocolate.com\/es\/wp-json\/wp\/v2\/product_tag?post=10011"}],"curies":[{"name":"wp","href":"https:\/\/api.w.org\/{rel}","templated":true}]}}