{"id":10043,"date":"2023-10-20T18:08:10","date_gmt":"2023-10-20T18:08:10","guid":{"rendered":"https:\/\/simchocolate.com\/produto\/caja-quinta-do-beijo\/"},"modified":"2023-10-20T18:08:10","modified_gmt":"2023-10-20T18:08:10","slug":"caja-quinta-do-beijo","status":"publish","type":"product","link":"https:\/\/simchocolate.com\/es\/produto\/caja-quinta-do-beijo\/","title":{"rendered":"Caja Quinta do Beijo"},"content":{"rendered":"<h5 style=\"text-align: left\"><strong>Una experiencia gourmet de chocolate y vino<\/strong><\/h5>\n<p style=\"text-align: left\">La Caja Quinta do Beijo es la expresi\u00f3n perfecta de la armon\u00eda entre el chocolate de primera calidad y los m\u00e1s renombrados vinos de Oporto. Compuesta por 9 bombones hechos a mano, esta selecci\u00f3n \u00fanica ofrece un viaje sensorial a trav\u00e9s de los ricos y distintivos sabores del Oporto Blanco, el Oporto Tawny y el Oporto Ruby. <\/p>\n<p style=\"text-align: left\"><strong>Una selecci\u00f3n distintiva de sabores:<\/strong><\/p>\n<ul>\n<li style=\"text-align: left\"><strong>3 Bombones de Oporto Blanco:<\/strong> Envueltos en cacao de alta calidad, estos bombones revelan un relleno cremoso infusionado con oporto blanco. El sabor suave y afrutado del vino lo complementa a la perfecci\u00f3n, creando una combinaci\u00f3n ligera y refrescante. <\/li>\n<li style=\"text-align: left\"><strong>3 Bombones<\/strong> de Oporto Tawny<strong>:<\/strong> Estos bombones combinan chocolate con un sofisticado relleno de Oporto Tawny. El complejo perfil de sabor, con notas de frutos secos y caramelo, ofrece una experiencia rica y complaciente, ideal para paladares exigentes. <\/li>\n<li style=\"text-align: left\"><strong>3 Bombones de Vino de Oporto Rub\u00ed:<\/strong> El chocolate rodea un relleno de Oporto Rub\u00ed vibrante y afrutado. La intensidad del chocolate contrasta armoniosamente con las notas de frutos rojos del vino, proporcionando una explosi\u00f3n de sabores que deleita los sentidos. <\/li>\n<\/ul>\n","protected":false},"excerpt":{"rendered":"<p>Descubre la sofisticaci\u00f3n de la Caja Quinta do Beijo con <strong>9 bombones hechos a mano<\/strong>, cada uno de ellos infusionado con los distintos sabores de Oporto Blanco, Oporto Tawny y Oporto Ruby. Una experiencia \u00fanica y placentera para los amantes del chocolate y del oporto. <\/p>\n<p><strong>Esta caja contiene<\/strong><\/p>\n<ul>\n<li>3 Bombones de Vino de Oporto Blanco<\/li>\n<li>3 Bombones de Vino de Oporto Tawny<\/li>\n<li>3 Bombones de Vino de Oporto Rub\u00ed<\/li>\n<\/ul>\n","protected":false},"featured_media":10047,"comment_status":"closed","ping_status":"closed","template":"","meta":[],"product_brand":[],"product_cat":[189],"product_tag":[],"class_list":{"0":"post-10043","1":"product","2":"type-product","3":"status-publish","4":"has-post-thumbnail","6":"product_cat-caja-de-bombones","7":"edicoes-con-alcohol","8":"edicoes-especial-si","10":"first","11":"outofstock","12":"shipping-taxable","13":"purchasable","14":"product-type-simple"},"yoast_head":"<!-- This site is optimized with the Yoast SEO plugin v27.5 - https:\/\/yoast.com\/product\/yoast-seo-wordpress\/ -->\n<title>Chocolate con Vino | Quinta do Beijo<\/title>\n<meta name=\"description\" content=\"Descubre la mejor combinaci\u00f3n de chocolate y vino con nuestra caja Quinta do Beijo de 9 bombones infusionados con los sabores de los mejores vinos.\" \/>\n<meta name=\"robots\" content=\"index, follow, max-snippet:-1, max-image-preview:large, max-video-preview:-1\" \/>\n<link rel=\"canonical\" href=\"https:\/\/simchocolate.com\/es\/produto\/caja-quinta-do-beijo\/\" \/>\n<meta property=\"og:locale\" content=\"es_ES\" \/>\n<meta property=\"og:type\" content=\"article\" \/>\n<meta property=\"og:title\" content=\"Chocolate con Vino | Quinta do Beijo\" \/>\n<meta property=\"og:description\" content=\"Descubre la mejor combinaci\u00f3n de chocolate y vino con nuestra caja Quinta do Beijo de 9 bombones infusionados con los sabores de los mejores vinos.\" \/>\n<meta property=\"og:url\" content=\"https:\/\/simchocolate.com\/es\/produto\/caja-quinta-do-beijo\/\" \/>\n<meta property=\"og:site_name\" content=\"SIM Chocolate\" \/>\n<meta property=\"article:publisher\" content=\"https:\/\/www.facebook.com\/SimBombons\" \/>\n<meta property=\"og:image\" content=\"https:\/\/simchocolate.com\/wp-content\/uploads\/2023\/10\/IMG_7687_compressed-scaled.jpg\" \/>\n\t<meta property=\"og:image:width\" content=\"2560\" \/>\n\t<meta property=\"og:image:height\" content=\"2560\" \/>\n\t<meta property=\"og:image:type\" content=\"image\/jpeg\" \/>\n<meta name=\"twitter:card\" content=\"summary_large_image\" \/>\n<meta name=\"twitter:label1\" content=\"Tiempo de lectura\" \/>\n\t<meta name=\"twitter:data1\" content=\"1 minuto\" \/>\n<script type=\"application\/ld+json\" class=\"yoast-schema-graph\">{\"@context\":\"https:\\\/\\\/schema.org\",\"@graph\":[{\"@type\":\"WebPage\",\"@id\":\"https:\\\/\\\/simchocolate.com\\\/es\\\/produto\\\/caja-quinta-do-beijo\\\/\",\"url\":\"https:\\\/\\\/simchocolate.com\\\/es\\\/produto\\\/caja-quinta-do-beijo\\\/\",\"name\":\"Chocolate con Vino | Quinta do Beijo\",\"isPartOf\":{\"@id\":\"https:\\\/\\\/simchocolate.com\\\/es\\\/#website\"},\"primaryImageOfPage\":{\"@id\":\"https:\\\/\\\/simchocolate.com\\\/es\\\/produto\\\/caja-quinta-do-beijo\\\/#primaryimage\"},\"image\":{\"@id\":\"https:\\\/\\\/simchocolate.com\\\/es\\\/produto\\\/caja-quinta-do-beijo\\\/#primaryimage\"},\"thumbnailUrl\":\"https:\\\/\\\/simchocolate.com\\\/wp-content\\\/uploads\\\/2023\\\/10\\\/IMG_7687_compressed-scaled.jpg\",\"datePublished\":\"2023-10-20T18:08:10+00:00\",\"description\":\"Descubre la mejor combinaci\u00f3n de chocolate y vino con nuestra caja Quinta do Beijo de 9 bombones infusionados con los sabores de los mejores vinos.\",\"breadcrumb\":{\"@id\":\"https:\\\/\\\/simchocolate.com\\\/es\\\/produto\\\/caja-quinta-do-beijo\\\/#breadcrumb\"},\"inLanguage\":\"es\",\"potentialAction\":[{\"@type\":\"ReadAction\",\"target\":[\"https:\\\/\\\/simchocolate.com\\\/es\\\/produto\\\/caja-quinta-do-beijo\\\/\"]}]},{\"@type\":\"ImageObject\",\"inLanguage\":\"es\",\"@id\":\"https:\\\/\\\/simchocolate.com\\\/es\\\/produto\\\/caja-quinta-do-beijo\\\/#primaryimage\",\"url\":\"https:\\\/\\\/simchocolate.com\\\/wp-content\\\/uploads\\\/2023\\\/10\\\/IMG_7687_compressed-scaled.jpg\",\"contentUrl\":\"https:\\\/\\\/simchocolate.com\\\/wp-content\\\/uploads\\\/2023\\\/10\\\/IMG_7687_compressed-scaled.jpg\",\"width\":2560,\"height\":2560,\"caption\":\"chocolate com vinho\"},{\"@type\":\"BreadcrumbList\",\"@id\":\"https:\\\/\\\/simchocolate.com\\\/es\\\/produto\\\/caja-quinta-do-beijo\\\/#breadcrumb\",\"itemListElement\":[{\"@type\":\"ListItem\",\"position\":1,\"name\":\"In\u00edcio\",\"item\":\"https:\\\/\\\/simchocolate.com\\\/es\\\/\"},{\"@type\":\"ListItem\",\"position\":2,\"name\":\"Productos\",\"item\":\"https:\\\/\\\/simchocolate.com\\\/es\\\/shop\\\/\"},{\"@type\":\"ListItem\",\"position\":3,\"name\":\"Caja Quinta do Beijo\"}]},{\"@type\":\"WebSite\",\"@id\":\"https:\\\/\\\/simchocolate.com\\\/es\\\/#website\",\"url\":\"https:\\\/\\\/simchocolate.com\\\/es\\\/\",\"name\":\"SIM Chocolate\",\"description\":\"Do amor incondicional entre uma m\u00e3e e sua filha, nasce a marca SIM Bombons no Natal de 2014\",\"potentialAction\":[{\"@type\":\"SearchAction\",\"target\":{\"@type\":\"EntryPoint\",\"urlTemplate\":\"https:\\\/\\\/simchocolate.com\\\/es\\\/?s={search_term_string}\"},\"query-input\":{\"@type\":\"PropertyValueSpecification\",\"valueRequired\":true,\"valueName\":\"search_term_string\"}}],\"inLanguage\":\"es\"}]}<\/script>\n<!-- \/ Yoast SEO plugin. -->","yoast_head_json":{"title":"Chocolate con Vino | Quinta do Beijo","description":"Descubre la mejor combinaci\u00f3n de chocolate y vino con nuestra caja Quinta do Beijo de 9 bombones infusionados con los sabores de los mejores vinos.","robots":{"index":"index","follow":"follow","max-snippet":"max-snippet:-1","max-image-preview":"max-image-preview:large","max-video-preview":"max-video-preview:-1"},"canonical":"https:\/\/simchocolate.com\/es\/produto\/caja-quinta-do-beijo\/","og_locale":"es_ES","og_type":"article","og_title":"Chocolate con Vino | Quinta do Beijo","og_description":"Descubre la mejor combinaci\u00f3n de chocolate y vino con nuestra caja Quinta do Beijo de 9 bombones infusionados con los sabores de los mejores vinos.","og_url":"https:\/\/simchocolate.com\/es\/produto\/caja-quinta-do-beijo\/","og_site_name":"SIM Chocolate","article_publisher":"https:\/\/www.facebook.com\/SimBombons","og_image":[{"width":2560,"height":2560,"url":"https:\/\/simchocolate.com\/wp-content\/uploads\/2023\/10\/IMG_7687_compressed-scaled.jpg","type":"image\/jpeg"}],"twitter_card":"summary_large_image","twitter_misc":{"Tiempo de lectura":"1 minuto"},"schema":{"@context":"https:\/\/schema.org","@graph":[{"@type":"WebPage","@id":"https:\/\/simchocolate.com\/es\/produto\/caja-quinta-do-beijo\/","url":"https:\/\/simchocolate.com\/es\/produto\/caja-quinta-do-beijo\/","name":"Chocolate con Vino | Quinta do Beijo","isPartOf":{"@id":"https:\/\/simchocolate.com\/es\/#website"},"primaryImageOfPage":{"@id":"https:\/\/simchocolate.com\/es\/produto\/caja-quinta-do-beijo\/#primaryimage"},"image":{"@id":"https:\/\/simchocolate.com\/es\/produto\/caja-quinta-do-beijo\/#primaryimage"},"thumbnailUrl":"https:\/\/simchocolate.com\/wp-content\/uploads\/2023\/10\/IMG_7687_compressed-scaled.jpg","datePublished":"2023-10-20T18:08:10+00:00","description":"Descubre la mejor combinaci\u00f3n de chocolate y vino con nuestra caja Quinta do Beijo de 9 bombones infusionados con los sabores de los mejores vinos.","breadcrumb":{"@id":"https:\/\/simchocolate.com\/es\/produto\/caja-quinta-do-beijo\/#breadcrumb"},"inLanguage":"es","potentialAction":[{"@type":"ReadAction","target":["https:\/\/simchocolate.com\/es\/produto\/caja-quinta-do-beijo\/"]}]},{"@type":"ImageObject","inLanguage":"es","@id":"https:\/\/simchocolate.com\/es\/produto\/caja-quinta-do-beijo\/#primaryimage","url":"https:\/\/simchocolate.com\/wp-content\/uploads\/2023\/10\/IMG_7687_compressed-scaled.jpg","contentUrl":"https:\/\/simchocolate.com\/wp-content\/uploads\/2023\/10\/IMG_7687_compressed-scaled.jpg","width":2560,"height":2560,"caption":"chocolate com vinho"},{"@type":"BreadcrumbList","@id":"https:\/\/simchocolate.com\/es\/produto\/caja-quinta-do-beijo\/#breadcrumb","itemListElement":[{"@type":"ListItem","position":1,"name":"In\u00edcio","item":"https:\/\/simchocolate.com\/es\/"},{"@type":"ListItem","position":2,"name":"Productos","item":"https:\/\/simchocolate.com\/es\/shop\/"},{"@type":"ListItem","position":3,"name":"Caja Quinta do Beijo"}]},{"@type":"WebSite","@id":"https:\/\/simchocolate.com\/es\/#website","url":"https:\/\/simchocolate.com\/es\/","name":"SIM Chocolate","description":"Do amor incondicional entre uma m\u00e3e e sua filha, nasce a marca SIM Bombons no Natal de 2014","potentialAction":[{"@type":"SearchAction","target":{"@type":"EntryPoint","urlTemplate":"https:\/\/simchocolate.com\/es\/?s={search_term_string}"},"query-input":{"@type":"PropertyValueSpecification","valueRequired":true,"valueName":"search_term_string"}}],"inLanguage":"es"}]}},"_links":{"self":[{"href":"https:\/\/simchocolate.com\/es\/wp-json\/wp\/v2\/product\/10043","targetHints":{"allow":["GET"]}}],"collection":[{"href":"https:\/\/simchocolate.com\/es\/wp-json\/wp\/v2\/product"}],"about":[{"href":"https:\/\/simchocolate.com\/es\/wp-json\/wp\/v2\/types\/product"}],"replies":[{"embeddable":true,"href":"https:\/\/simchocolate.com\/es\/wp-json\/wp\/v2\/comments?post=10043"}],"wp:featuredmedia":[{"embeddable":true,"href":"https:\/\/simchocolate.com\/es\/wp-json\/wp\/v2\/media\/10047"}],"wp:attachment":[{"href":"https:\/\/simchocolate.com\/es\/wp-json\/wp\/v2\/media?parent=10043"}],"wp:term":[{"taxonomy":"product_brand","embeddable":true,"href":"https:\/\/simchocolate.com\/es\/wp-json\/wp\/v2\/product_brand?post=10043"},{"taxonomy":"product_cat","embeddable":true,"href":"https:\/\/simchocolate.com\/es\/wp-json\/wp\/v2\/product_cat?post=10043"},{"taxonomy":"product_tag","embeddable":true,"href":"https:\/\/simchocolate.com\/es\/wp-json\/wp\/v2\/product_tag?post=10043"}],"curies":[{"name":"wp","href":"https:\/\/api.w.org\/{rel}","templated":true}]}}