{"id":10079,"date":"2023-10-20T18:08:27","date_gmt":"2023-10-20T18:08:27","guid":{"rendered":"https:\/\/simchocolate.com\/produto\/tableta-de-chocolate-feliz-cumpleanos\/"},"modified":"2023-10-20T18:08:27","modified_gmt":"2023-10-20T18:08:27","slug":"tableta-de-chocolate-feliz-cumpleanos","status":"publish","type":"product","link":"https:\/\/simchocolate.com\/es\/produto\/tableta-de-chocolate-feliz-cumpleanos\/","title":{"rendered":"Tableta de Chocolate Feliz Cumplea\u00f1os"},"content":{"rendered":"<p style=\"text-align: left\">Nuestra Tableta de Chocolate con Leche Feliz Cumplea\u00f1os <strong>es el regalo ideal para hacer que cualquier cumplea\u00f1os sea muy especial.<\/strong> Hecha con cremoso chocolate con leche de alta calidad, esta tableta combina sabor y celebraci\u00f3n. Es perfecta para fiestas o como regalo \u00fanico que har\u00e1 las delicias de cualquier cumplea\u00f1ero o cumplea\u00f1era. Un toque dulce que aporta alegr\u00eda y sabor a cualquier celebraci\u00f3n. Elegantemente envasada, esta barrita es deliciosa y visualmente atractiva.   <\/p>\n","protected":false},"excerpt":{"rendered":"<p>Tableta de chocolate con leche Feliz Cumplea\u00f1os, ideal para regalar y celebrar cumplea\u00f1os de una forma dulce y especial.<\/p>\n","protected":false},"featured_media":10083,"comment_status":"closed","ping_status":"closed","template":"","meta":[],"product_brand":[],"product_cat":[200],"product_tag":[],"class_list":{"0":"post-10079","1":"product","2":"type-product","3":"status-publish","4":"has-post-thumbnail","6":"product_cat-tabletas-de-chocolate","8":"first","9":"instock","10":"shipping-taxable","11":"purchasable","12":"product-type-simple"},"yoast_head":"<!-- This site is optimized with the Yoast SEO plugin v27.2 - https:\/\/yoast.com\/product\/yoast-seo-wordpress\/ -->\n<title>Tableta de Chocolate Feliz Cumplea\u00f1os | S\u00ed Chocolate<\/title>\n<meta name=\"description\" content=\"Sorprende con la Tableta de Chocolate Cumplea\u00f1os Feliz, un regalo delicioso y festivo, perfecto para celebrar los cumplea\u00f1os con estilo y un sabor \u00fanico.\" \/>\n<meta name=\"robots\" content=\"index, follow, max-snippet:-1, max-image-preview:large, max-video-preview:-1\" \/>\n<link rel=\"canonical\" href=\"https:\/\/simchocolate.com\/es\/produto\/tableta-de-chocolate-feliz-cumpleanos\/\" \/>\n<meta property=\"og:locale\" content=\"es_ES\" \/>\n<meta property=\"og:type\" content=\"article\" \/>\n<meta property=\"og:title\" content=\"Tableta de Chocolate Feliz Cumplea\u00f1os | S\u00ed Chocolate\" \/>\n<meta property=\"og:description\" content=\"Sorprende con la Tableta de Chocolate Cumplea\u00f1os Feliz, un regalo delicioso y festivo, perfecto para celebrar los cumplea\u00f1os con estilo y un sabor \u00fanico.\" \/>\n<meta property=\"og:url\" content=\"https:\/\/simchocolate.com\/es\/produto\/tableta-de-chocolate-feliz-cumpleanos\/\" \/>\n<meta property=\"og:site_name\" content=\"SIM Chocolate\" \/>\n<meta property=\"article:publisher\" content=\"https:\/\/www.facebook.com\/SimBombons\" \/>\n<meta property=\"og:image\" content=\"https:\/\/simchocolate.com\/wp-content\/uploads\/2023\/10\/birthday-scaled.jpg\" \/>\n\t<meta property=\"og:image:width\" content=\"2560\" \/>\n\t<meta property=\"og:image:height\" content=\"2560\" \/>\n\t<meta property=\"og:image:type\" content=\"image\/jpeg\" \/>\n<meta name=\"twitter:card\" content=\"summary_large_image\" \/>\n<script type=\"application\/ld+json\" class=\"yoast-schema-graph\">{\"@context\":\"https:\/\/schema.org\",\"@graph\":[{\"@type\":\"WebPage\",\"@id\":\"https:\/\/simchocolate.com\/es\/produto\/tableta-de-chocolate-feliz-cumpleanos\/\",\"url\":\"https:\/\/simchocolate.com\/es\/produto\/tableta-de-chocolate-feliz-cumpleanos\/\",\"name\":\"Tableta de Chocolate Feliz Cumplea\u00f1os | S\u00ed Chocolate\",\"isPartOf\":{\"@id\":\"https:\/\/simchocolate.com\/es\/#website\"},\"primaryImageOfPage\":{\"@id\":\"https:\/\/simchocolate.com\/es\/produto\/tableta-de-chocolate-feliz-cumpleanos\/#primaryimage\"},\"image\":{\"@id\":\"https:\/\/simchocolate.com\/es\/produto\/tableta-de-chocolate-feliz-cumpleanos\/#primaryimage\"},\"thumbnailUrl\":\"https:\/\/simchocolate.com\/wp-content\/uploads\/2023\/10\/birthday-scaled.jpg\",\"datePublished\":\"2023-10-20T18:08:27+00:00\",\"description\":\"Sorprende con la Tableta de Chocolate Cumplea\u00f1os Feliz, un regalo delicioso y festivo, perfecto para celebrar los cumplea\u00f1os con estilo y un sabor \u00fanico.\",\"breadcrumb\":{\"@id\":\"https:\/\/simchocolate.com\/es\/produto\/tableta-de-chocolate-feliz-cumpleanos\/#breadcrumb\"},\"inLanguage\":\"es\",\"potentialAction\":[{\"@type\":\"ReadAction\",\"target\":[\"https:\/\/simchocolate.com\/es\/produto\/tableta-de-chocolate-feliz-cumpleanos\/\"]}]},{\"@type\":\"ImageObject\",\"inLanguage\":\"es\",\"@id\":\"https:\/\/simchocolate.com\/es\/produto\/tableta-de-chocolate-feliz-cumpleanos\/#primaryimage\",\"url\":\"https:\/\/simchocolate.com\/wp-content\/uploads\/2023\/10\/birthday-scaled.jpg\",\"contentUrl\":\"https:\/\/simchocolate.com\/wp-content\/uploads\/2023\/10\/birthday-scaled.jpg\",\"width\":2560,\"height\":2560,\"caption\":\"tablete de chocolate happy birthday\"},{\"@type\":\"BreadcrumbList\",\"@id\":\"https:\/\/simchocolate.com\/es\/produto\/tableta-de-chocolate-feliz-cumpleanos\/#breadcrumb\",\"itemListElement\":[{\"@type\":\"ListItem\",\"position\":1,\"name\":\"In\u00edcio\",\"item\":\"https:\/\/simchocolate.com\/es\/\"},{\"@type\":\"ListItem\",\"position\":2,\"name\":\"Productos\",\"item\":\"https:\/\/simchocolate.com\/es\/shop\/\"},{\"@type\":\"ListItem\",\"position\":3,\"name\":\"Tableta de Chocolate Feliz Cumplea\u00f1os\"}]},{\"@type\":\"WebSite\",\"@id\":\"https:\/\/simchocolate.com\/es\/#website\",\"url\":\"https:\/\/simchocolate.com\/es\/\",\"name\":\"SIM Chocolate\",\"description\":\"Do amor incondicional entre uma m\u00e3e e sua filha, nasce a marca SIM Bombons no Natal de 2014\",\"potentialAction\":[{\"@type\":\"SearchAction\",\"target\":{\"@type\":\"EntryPoint\",\"urlTemplate\":\"https:\/\/simchocolate.com\/es\/?s={search_term_string}\"},\"query-input\":{\"@type\":\"PropertyValueSpecification\",\"valueRequired\":true,\"valueName\":\"search_term_string\"}}],\"inLanguage\":\"es\"}]}<\/script>\n<!-- \/ Yoast SEO plugin. -->","yoast_head_json":{"title":"Tableta de Chocolate Feliz Cumplea\u00f1os | S\u00ed Chocolate","description":"Sorprende con la Tableta de Chocolate Cumplea\u00f1os Feliz, un regalo delicioso y festivo, perfecto para celebrar los cumplea\u00f1os con estilo y un sabor \u00fanico.","robots":{"index":"index","follow":"follow","max-snippet":"max-snippet:-1","max-image-preview":"max-image-preview:large","max-video-preview":"max-video-preview:-1"},"canonical":"https:\/\/simchocolate.com\/es\/produto\/tableta-de-chocolate-feliz-cumpleanos\/","og_locale":"es_ES","og_type":"article","og_title":"Tableta de Chocolate Feliz Cumplea\u00f1os | S\u00ed Chocolate","og_description":"Sorprende con la Tableta de Chocolate Cumplea\u00f1os Feliz, un regalo delicioso y festivo, perfecto para celebrar los cumplea\u00f1os con estilo y un sabor \u00fanico.","og_url":"https:\/\/simchocolate.com\/es\/produto\/tableta-de-chocolate-feliz-cumpleanos\/","og_site_name":"SIM Chocolate","article_publisher":"https:\/\/www.facebook.com\/SimBombons","og_image":[{"width":2560,"height":2560,"url":"https:\/\/simchocolate.com\/wp-content\/uploads\/2023\/10\/birthday-scaled.jpg","type":"image\/jpeg"}],"twitter_card":"summary_large_image","schema":{"@context":"https:\/\/schema.org","@graph":[{"@type":"WebPage","@id":"https:\/\/simchocolate.com\/es\/produto\/tableta-de-chocolate-feliz-cumpleanos\/","url":"https:\/\/simchocolate.com\/es\/produto\/tableta-de-chocolate-feliz-cumpleanos\/","name":"Tableta de Chocolate Feliz Cumplea\u00f1os | S\u00ed Chocolate","isPartOf":{"@id":"https:\/\/simchocolate.com\/es\/#website"},"primaryImageOfPage":{"@id":"https:\/\/simchocolate.com\/es\/produto\/tableta-de-chocolate-feliz-cumpleanos\/#primaryimage"},"image":{"@id":"https:\/\/simchocolate.com\/es\/produto\/tableta-de-chocolate-feliz-cumpleanos\/#primaryimage"},"thumbnailUrl":"https:\/\/simchocolate.com\/wp-content\/uploads\/2023\/10\/birthday-scaled.jpg","datePublished":"2023-10-20T18:08:27+00:00","description":"Sorprende con la Tableta de Chocolate Cumplea\u00f1os Feliz, un regalo delicioso y festivo, perfecto para celebrar los cumplea\u00f1os con estilo y un sabor \u00fanico.","breadcrumb":{"@id":"https:\/\/simchocolate.com\/es\/produto\/tableta-de-chocolate-feliz-cumpleanos\/#breadcrumb"},"inLanguage":"es","potentialAction":[{"@type":"ReadAction","target":["https:\/\/simchocolate.com\/es\/produto\/tableta-de-chocolate-feliz-cumpleanos\/"]}]},{"@type":"ImageObject","inLanguage":"es","@id":"https:\/\/simchocolate.com\/es\/produto\/tableta-de-chocolate-feliz-cumpleanos\/#primaryimage","url":"https:\/\/simchocolate.com\/wp-content\/uploads\/2023\/10\/birthday-scaled.jpg","contentUrl":"https:\/\/simchocolate.com\/wp-content\/uploads\/2023\/10\/birthday-scaled.jpg","width":2560,"height":2560,"caption":"tablete de chocolate happy birthday"},{"@type":"BreadcrumbList","@id":"https:\/\/simchocolate.com\/es\/produto\/tableta-de-chocolate-feliz-cumpleanos\/#breadcrumb","itemListElement":[{"@type":"ListItem","position":1,"name":"In\u00edcio","item":"https:\/\/simchocolate.com\/es\/"},{"@type":"ListItem","position":2,"name":"Productos","item":"https:\/\/simchocolate.com\/es\/shop\/"},{"@type":"ListItem","position":3,"name":"Tableta de Chocolate Feliz Cumplea\u00f1os"}]},{"@type":"WebSite","@id":"https:\/\/simchocolate.com\/es\/#website","url":"https:\/\/simchocolate.com\/es\/","name":"SIM Chocolate","description":"Do amor incondicional entre uma m\u00e3e e sua filha, nasce a marca SIM Bombons no Natal de 2014","potentialAction":[{"@type":"SearchAction","target":{"@type":"EntryPoint","urlTemplate":"https:\/\/simchocolate.com\/es\/?s={search_term_string}"},"query-input":{"@type":"PropertyValueSpecification","valueRequired":true,"valueName":"search_term_string"}}],"inLanguage":"es"}]}},"_links":{"self":[{"href":"https:\/\/simchocolate.com\/es\/wp-json\/wp\/v2\/product\/10079","targetHints":{"allow":["GET"]}}],"collection":[{"href":"https:\/\/simchocolate.com\/es\/wp-json\/wp\/v2\/product"}],"about":[{"href":"https:\/\/simchocolate.com\/es\/wp-json\/wp\/v2\/types\/product"}],"replies":[{"embeddable":true,"href":"https:\/\/simchocolate.com\/es\/wp-json\/wp\/v2\/comments?post=10079"}],"wp:featuredmedia":[{"embeddable":true,"href":"https:\/\/simchocolate.com\/es\/wp-json\/wp\/v2\/media\/10083"}],"wp:attachment":[{"href":"https:\/\/simchocolate.com\/es\/wp-json\/wp\/v2\/media?parent=10079"}],"wp:term":[{"taxonomy":"product_brand","embeddable":true,"href":"https:\/\/simchocolate.com\/es\/wp-json\/wp\/v2\/product_brand?post=10079"},{"taxonomy":"product_cat","embeddable":true,"href":"https:\/\/simchocolate.com\/es\/wp-json\/wp\/v2\/product_cat?post=10079"},{"taxonomy":"product_tag","embeddable":true,"href":"https:\/\/simchocolate.com\/es\/wp-json\/wp\/v2\/product_tag?post=10079"}],"curies":[{"name":"wp","href":"https:\/\/api.w.org\/{rel}","templated":true}]}}