{"id":10080,"date":"2024-02-05T18:44:19","date_gmt":"2024-02-05T18:44:19","guid":{"rendered":"https:\/\/simchocolate.com\/produto\/higos-de-chocolate\/"},"modified":"2024-02-05T18:44:19","modified_gmt":"2024-02-05T18:44:19","slug":"higos-de-chocolate","status":"publish","type":"product","link":"https:\/\/simchocolate.com\/es\/produto\/higos-de-chocolate\/","title":{"rendered":"Higos de chocolate"},"content":{"rendered":"<div class=\"flex flex-grow flex-col max-w-full\">\n<div class=\"min-h-[20px] text-message flex flex-col items-start whitespace-pre-wrap break-words [.text-message+&amp;]:mt-5 juice:w-full juice:items-end overflow-x-auto gap-2\" dir=\"auto\" data-message-author-role=\"assistant\" data-message-id=\"dae268e8-26a8-4b23-a0b7-d5f18cbb380b\">\n<div class=\"flex w-full flex-col gap-1 juice:empty:hidden juice:first:pt-[3px]\">\n<div class=\"markdown prose w-full break-words dark:prose-invert dark\">\n<h5 style=\"text-align: left;\"><strong>Una armon\u00eda de sabores<\/strong><\/h5>\n<p style=\"text-align: left;\">Experimenta la <strong>fusi\u00f3n perfecta entre el sabor dulce y natural de los higos y la riqueza del chocolate de la m\u00e1s alta calidad<\/strong> con nuestra caja Higos con Chocolate. Este manjar gourmet est\u00e1 cuidadosamente elaborado para proporcionar una experiencia sensorial \u00fanica. <\/p>\n<p style=\"text-align: left;\">Los higos se seleccionan a mano, elegidos por su suave textura y dulce sabor. Cada higo se recubre meticulosamente con una generosa capa de fino chocolate, creando un armonioso contraste entre la dulzura de la fruta y la intensidad del chocolate. El resultado es una combinaci\u00f3n \u00fanica que se deshace en la boca, proporcionando un placer \u00fanico.  <\/p>\n<p style=\"text-align: left;\">Esta caja es perfecta para cualquier ocasi\u00f3n especial. Ya sea para un regalo sofisticado, una celebraci\u00f3n o simplemente para disfrutar de un momento de puro placer, <strong>esta caja es una elecci\u00f3n que destila elegancia y buen gusto.<\/strong> <\/p>\n<\/div>\n<\/div>\n<\/div>\n<\/div>\n","protected":false},"excerpt":{"rendered":"<p>Descubre la sublime combinaci\u00f3n de higos pingo de mel ba\u00f1ados en chocolate de primera calidad.<strong> Esta caja gourmet ofrece una experiencia \u00fanica de sabores<\/strong>, ideal para momentos especiales y regalos memorables.<\/p>\n<p>&nbsp;<\/p>\n<p>&nbsp;<\/p>\n<p>&nbsp;<\/p>\n","protected":false},"featured_media":10086,"comment_status":"open","ping_status":"closed","template":"","meta":[],"product_brand":[],"product_cat":[190],"product_tag":[257],"class_list":{"0":"post-10080","1":"product","2":"type-product","3":"status-publish","4":"has-post-thumbnail","6":"product_cat-todo-el-chocolate","7":"product_tag-higos","8":"edicoes-chocolate-con-fruta","10":"first","11":"instock","12":"shipping-taxable","13":"purchasable","14":"product-type-simple"},"yoast_head":"<!-- This site is optimized with the Yoast SEO plugin v27.2 - https:\/\/yoast.com\/product\/yoast-seo-wordpress\/ -->\n<title>Higos con Chocolate | S\u00ed Chocolate<\/title>\n<meta name=\"description\" content=\"Descubre la sublime combinaci\u00f3n de higos pingo de mel ba\u00f1ados en chocolate de primera calidad. Esta caja gourmet te ofrece una experiencia \u00fanica de sabores.\" \/>\n<meta name=\"robots\" content=\"index, follow, max-snippet:-1, max-image-preview:large, max-video-preview:-1\" \/>\n<link rel=\"canonical\" href=\"https:\/\/simchocolate.com\/es\/produto\/higos-de-chocolate\/\" \/>\n<meta property=\"og:locale\" content=\"es_ES\" \/>\n<meta property=\"og:type\" content=\"article\" \/>\n<meta property=\"og:title\" content=\"Higos con Chocolate | S\u00ed Chocolate\" \/>\n<meta property=\"og:description\" content=\"Descubre la sublime combinaci\u00f3n de higos pingo de mel ba\u00f1ados en chocolate de primera calidad. Esta caja gourmet te ofrece una experiencia \u00fanica de sabores.\" \/>\n<meta property=\"og:url\" content=\"https:\/\/simchocolate.com\/es\/produto\/higos-de-chocolate\/\" \/>\n<meta property=\"og:site_name\" content=\"SIM Chocolate\" \/>\n<meta property=\"article:publisher\" content=\"https:\/\/www.facebook.com\/SimBombons\" \/>\n<meta property=\"og:image\" content=\"https:\/\/simchocolate.com\/wp-content\/uploads\/2024\/02\/IMG_9725-scaled.jpg\" \/>\n\t<meta property=\"og:image:width\" content=\"2560\" \/>\n\t<meta property=\"og:image:height\" content=\"2560\" \/>\n\t<meta property=\"og:image:type\" content=\"image\/jpeg\" \/>\n<meta name=\"twitter:card\" content=\"summary_large_image\" \/>\n<meta name=\"twitter:label1\" content=\"Tiempo de lectura\" \/>\n\t<meta name=\"twitter:data1\" content=\"1 minuto\" \/>\n<script type=\"application\/ld+json\" class=\"yoast-schema-graph\">{\"@context\":\"https:\/\/schema.org\",\"@graph\":[{\"@type\":\"WebPage\",\"@id\":\"https:\/\/simchocolate.com\/es\/produto\/higos-de-chocolate\/\",\"url\":\"https:\/\/simchocolate.com\/es\/produto\/higos-de-chocolate\/\",\"name\":\"Higos con Chocolate | S\u00ed Chocolate\",\"isPartOf\":{\"@id\":\"https:\/\/simchocolate.com\/es\/#website\"},\"primaryImageOfPage\":{\"@id\":\"https:\/\/simchocolate.com\/es\/produto\/higos-de-chocolate\/#primaryimage\"},\"image\":{\"@id\":\"https:\/\/simchocolate.com\/es\/produto\/higos-de-chocolate\/#primaryimage\"},\"thumbnailUrl\":\"https:\/\/simchocolate.com\/wp-content\/uploads\/2024\/02\/IMG_9725-scaled.jpg\",\"datePublished\":\"2024-02-05T18:44:19+00:00\",\"description\":\"Descubre la sublime combinaci\u00f3n de higos pingo de mel ba\u00f1ados en chocolate de primera calidad. Esta caja gourmet te ofrece una experiencia \u00fanica de sabores.\",\"breadcrumb\":{\"@id\":\"https:\/\/simchocolate.com\/es\/produto\/higos-de-chocolate\/#breadcrumb\"},\"inLanguage\":\"es\",\"potentialAction\":[{\"@type\":\"ReadAction\",\"target\":[\"https:\/\/simchocolate.com\/es\/produto\/higos-de-chocolate\/\"]}]},{\"@type\":\"ImageObject\",\"inLanguage\":\"es\",\"@id\":\"https:\/\/simchocolate.com\/es\/produto\/higos-de-chocolate\/#primaryimage\",\"url\":\"https:\/\/simchocolate.com\/wp-content\/uploads\/2024\/02\/IMG_9725-scaled.jpg\",\"contentUrl\":\"https:\/\/simchocolate.com\/wp-content\/uploads\/2024\/02\/IMG_9725-scaled.jpg\",\"width\":2560,\"height\":2560,\"caption\":\"figos com chocolate\"},{\"@type\":\"BreadcrumbList\",\"@id\":\"https:\/\/simchocolate.com\/es\/produto\/higos-de-chocolate\/#breadcrumb\",\"itemListElement\":[{\"@type\":\"ListItem\",\"position\":1,\"name\":\"In\u00edcio\",\"item\":\"https:\/\/simchocolate.com\/es\/\"},{\"@type\":\"ListItem\",\"position\":2,\"name\":\"Productos\",\"item\":\"https:\/\/simchocolate.com\/es\/shop\/\"},{\"@type\":\"ListItem\",\"position\":3,\"name\":\"Higos de chocolate\"}]},{\"@type\":\"WebSite\",\"@id\":\"https:\/\/simchocolate.com\/es\/#website\",\"url\":\"https:\/\/simchocolate.com\/es\/\",\"name\":\"SIM Chocolate\",\"description\":\"Do amor incondicional entre uma m\u00e3e e sua filha, nasce a marca SIM Bombons no Natal de 2014\",\"potentialAction\":[{\"@type\":\"SearchAction\",\"target\":{\"@type\":\"EntryPoint\",\"urlTemplate\":\"https:\/\/simchocolate.com\/es\/?s={search_term_string}\"},\"query-input\":{\"@type\":\"PropertyValueSpecification\",\"valueRequired\":true,\"valueName\":\"search_term_string\"}}],\"inLanguage\":\"es\"}]}<\/script>\n<!-- \/ Yoast SEO plugin. -->","yoast_head_json":{"title":"Higos con Chocolate | S\u00ed Chocolate","description":"Descubre la sublime combinaci\u00f3n de higos pingo de mel ba\u00f1ados en chocolate de primera calidad. Esta caja gourmet te ofrece una experiencia \u00fanica de sabores.","robots":{"index":"index","follow":"follow","max-snippet":"max-snippet:-1","max-image-preview":"max-image-preview:large","max-video-preview":"max-video-preview:-1"},"canonical":"https:\/\/simchocolate.com\/es\/produto\/higos-de-chocolate\/","og_locale":"es_ES","og_type":"article","og_title":"Higos con Chocolate | S\u00ed Chocolate","og_description":"Descubre la sublime combinaci\u00f3n de higos pingo de mel ba\u00f1ados en chocolate de primera calidad. Esta caja gourmet te ofrece una experiencia \u00fanica de sabores.","og_url":"https:\/\/simchocolate.com\/es\/produto\/higos-de-chocolate\/","og_site_name":"SIM Chocolate","article_publisher":"https:\/\/www.facebook.com\/SimBombons","og_image":[{"width":2560,"height":2560,"url":"https:\/\/simchocolate.com\/wp-content\/uploads\/2024\/02\/IMG_9725-scaled.jpg","type":"image\/jpeg"}],"twitter_card":"summary_large_image","twitter_misc":{"Tiempo de lectura":"1 minuto"},"schema":{"@context":"https:\/\/schema.org","@graph":[{"@type":"WebPage","@id":"https:\/\/simchocolate.com\/es\/produto\/higos-de-chocolate\/","url":"https:\/\/simchocolate.com\/es\/produto\/higos-de-chocolate\/","name":"Higos con Chocolate | S\u00ed Chocolate","isPartOf":{"@id":"https:\/\/simchocolate.com\/es\/#website"},"primaryImageOfPage":{"@id":"https:\/\/simchocolate.com\/es\/produto\/higos-de-chocolate\/#primaryimage"},"image":{"@id":"https:\/\/simchocolate.com\/es\/produto\/higos-de-chocolate\/#primaryimage"},"thumbnailUrl":"https:\/\/simchocolate.com\/wp-content\/uploads\/2024\/02\/IMG_9725-scaled.jpg","datePublished":"2024-02-05T18:44:19+00:00","description":"Descubre la sublime combinaci\u00f3n de higos pingo de mel ba\u00f1ados en chocolate de primera calidad. Esta caja gourmet te ofrece una experiencia \u00fanica de sabores.","breadcrumb":{"@id":"https:\/\/simchocolate.com\/es\/produto\/higos-de-chocolate\/#breadcrumb"},"inLanguage":"es","potentialAction":[{"@type":"ReadAction","target":["https:\/\/simchocolate.com\/es\/produto\/higos-de-chocolate\/"]}]},{"@type":"ImageObject","inLanguage":"es","@id":"https:\/\/simchocolate.com\/es\/produto\/higos-de-chocolate\/#primaryimage","url":"https:\/\/simchocolate.com\/wp-content\/uploads\/2024\/02\/IMG_9725-scaled.jpg","contentUrl":"https:\/\/simchocolate.com\/wp-content\/uploads\/2024\/02\/IMG_9725-scaled.jpg","width":2560,"height":2560,"caption":"figos com chocolate"},{"@type":"BreadcrumbList","@id":"https:\/\/simchocolate.com\/es\/produto\/higos-de-chocolate\/#breadcrumb","itemListElement":[{"@type":"ListItem","position":1,"name":"In\u00edcio","item":"https:\/\/simchocolate.com\/es\/"},{"@type":"ListItem","position":2,"name":"Productos","item":"https:\/\/simchocolate.com\/es\/shop\/"},{"@type":"ListItem","position":3,"name":"Higos de chocolate"}]},{"@type":"WebSite","@id":"https:\/\/simchocolate.com\/es\/#website","url":"https:\/\/simchocolate.com\/es\/","name":"SIM Chocolate","description":"Do amor incondicional entre uma m\u00e3e e sua filha, nasce a marca SIM Bombons no Natal de 2014","potentialAction":[{"@type":"SearchAction","target":{"@type":"EntryPoint","urlTemplate":"https:\/\/simchocolate.com\/es\/?s={search_term_string}"},"query-input":{"@type":"PropertyValueSpecification","valueRequired":true,"valueName":"search_term_string"}}],"inLanguage":"es"}]}},"_links":{"self":[{"href":"https:\/\/simchocolate.com\/es\/wp-json\/wp\/v2\/product\/10080","targetHints":{"allow":["GET"]}}],"collection":[{"href":"https:\/\/simchocolate.com\/es\/wp-json\/wp\/v2\/product"}],"about":[{"href":"https:\/\/simchocolate.com\/es\/wp-json\/wp\/v2\/types\/product"}],"replies":[{"embeddable":true,"href":"https:\/\/simchocolate.com\/es\/wp-json\/wp\/v2\/comments?post=10080"}],"wp:featuredmedia":[{"embeddable":true,"href":"https:\/\/simchocolate.com\/es\/wp-json\/wp\/v2\/media\/10086"}],"wp:attachment":[{"href":"https:\/\/simchocolate.com\/es\/wp-json\/wp\/v2\/media?parent=10080"}],"wp:term":[{"taxonomy":"product_brand","embeddable":true,"href":"https:\/\/simchocolate.com\/es\/wp-json\/wp\/v2\/product_brand?post=10080"},{"taxonomy":"product_cat","embeddable":true,"href":"https:\/\/simchocolate.com\/es\/wp-json\/wp\/v2\/product_cat?post=10080"},{"taxonomy":"product_tag","embeddable":true,"href":"https:\/\/simchocolate.com\/es\/wp-json\/wp\/v2\/product_tag?post=10080"}],"curies":[{"name":"wp","href":"https:\/\/api.w.org\/{rel}","templated":true}]}}