{"id":10088,"date":"2024-02-26T17:54:08","date_gmt":"2024-02-26T17:54:08","guid":{"rendered":"https:\/\/simchocolate.com\/produto\/caja-de-2-bombones-for-my-king\/"},"modified":"2024-02-26T17:54:08","modified_gmt":"2024-02-26T17:54:08","slug":"caja-de-2-bombones-for-my-king","status":"publish","type":"product","link":"https:\/\/simchocolate.com\/es\/produto\/caja-de-2-bombones-for-my-king\/","title":{"rendered":"Caja de 2 bombones For my King"},"content":{"rendered":"<div class=\"flex-1 overflow-hidden\">\n<div class=\"h-full\">\n<div class=\"react-scroll-to-bottom--css-hdwfe-79elbk h-full\">\n<div class=\"react-scroll-to-bottom--css-hdwfe-1n7m0yu\">\n<div class=\"flex flex-col text-sm\">\n<div class=\"w-full text-token-text-primary\" dir=\"auto\" data-testid=\"conversation-turn-33\" data-scroll-anchor=\"true\">\n<div class=\"py-2 juice:py-[18px] px-3 text-base md:px-4 m-auto md:px-5 lg:px-1 xl:px-5\">\n<div class=\"mx-auto flex flex-1 gap-3 text-base juice:gap-4 juice:md:gap-5 juice:lg:gap-6 md:max-w-3xl lg:max-w-[40rem] xl:max-w-[48rem]\">\n<div class=\"group\/conversation-turn relative flex w-full min-w-0 flex-col agent-turn\">\n<div class=\"flex-col gap-1 md:gap-3\">\n<div class=\"flex flex-grow flex-col max-w-full\">\n<div class=\"min-h-[20px] text-message flex flex-col items-start whitespace-pre-wrap break-words [.text-message+&amp;]:mt-5 juice:w-full juice:items-end overflow-x-auto gap-2\" dir=\"auto\" data-message-author-role=\"assistant\" data-message-id=\"0b0022d2-0d9d-4858-93cb-056274185077\">\n<div class=\"flex w-full flex-col gap-1 juice:empty:hidden juice:first:pt-[3px]\">\n<div class=\"flex flex-grow flex-col max-w-full\">\n<div class=\"min-h-[20px] text-message flex w-full flex-col items-end gap-2 whitespace-pre-wrap break-words [.text-message+&amp;]:mt-5 overflow-x-auto\" dir=\"auto\" data-message-author-role=\"assistant\" data-message-id=\"6a15c867-88b5-42ca-9e5a-bac57caeb130\">\n<div class=\"flex w-full flex-col gap-1 empty:hidden first:pt-[3px]\">\n<div class=\"markdown prose w-full break-words dark:prose-invert dark\">\n<h5 style=\"text-align: left;\">Un tributo de sabor y sofisticaci\u00f3n<\/h5>\n<p style=\"text-align: left;\">Demuestra tu aprecio y afecto con nuestra exclusiva Caja de 2 Bombones \u00abPara mi Rey\u00bb. <strong>Esta elegante selecci\u00f3n es un homenaje al hombre m\u00e1s importante de tu vida<\/strong>, con dos maravillas de chocolate que combinan la artesan\u00eda tradicional y los ingredientes de la m\u00e1s alta calidad para crear una experiencia de sabor realmente extraordinaria.<\/p>\n<p style=\"text-align: left;\">Cada bomb\u00f3n de esta caja est\u00e1 meticulosamente preparado por maestros chocolateros, utilizando chocolate de primera calidad y t\u00e9cnicas artesanales que garantizan la perfecci\u00f3n en cada detalle. Estos bombones no son s\u00f3lo un dulce, sino una experiencia sensorial que envuelve el paladar en capas de ricos sabores y seductoras texturas. <\/p>\n<p style=\"text-align: left;\">Celebra a tus seres queridos con la Caja de 2 Bombones \u00abPara mi Rey\u00bb. <strong>Deja que estos chocolates excepcionales transmitan tu mensaje de afecto y aprecio<\/strong>, proporcionando una experiencia de sabor que ser\u00e1 recordada y apreciada.<\/p>\n<\/div>\n<\/div>\n<\/div>\n<\/div>\n<\/div>\n<\/div>\n<\/div>\n<\/div>\n<\/div>\n<\/div>\n<\/div>\n<\/div>\n<\/div>\n<\/div>\n<\/div>\n<\/div>\n<\/div>\n","protected":false},"excerpt":{"rendered":"<p>Celebra a tu ser querido con la elegancia suprema de nuestra caja para mi rey, repleta de una exclusiva selecci\u00f3n de bombones surtidos. Un regalo digno de un verdadero rey. <\/p>\n<p><strong>Esta caja contiene 2 bombones surtidos<\/strong>, hechos a mano con ingredientes de alta calidad y un toque \u00fanico.<\/p>\n","protected":false},"featured_media":10095,"comment_status":"closed","ping_status":"closed","template":"","meta":[],"product_brand":[],"product_cat":[190],"product_tag":[258],"class_list":{"0":"post-10088","1":"product","2":"type-product","3":"status-publish","4":"has-post-thumbnail","6":"product_cat-todo-el-chocolate","7":"product_tag-mi-rey","9":"first","10":"outofstock","11":"shipping-taxable","12":"purchasable","13":"product-type-simple"},"yoast_head":"<!-- This site is optimized with the Yoast SEO plugin v27.5 - https:\/\/yoast.com\/product\/yoast-seo-wordpress\/ -->\n<title>Bombones para mi Rey | S\u00ed Chocolate<\/title>\n<meta name=\"description\" content=\"Celebra a tus seres queridos con la elegancia suprema de nuestra caja de 2 bombones para mi rey, repleta de una exclusiva selecci\u00f3n de bombones surtidos.\" \/>\n<meta name=\"robots\" content=\"index, follow, max-snippet:-1, max-image-preview:large, max-video-preview:-1\" \/>\n<link rel=\"canonical\" href=\"https:\/\/simchocolate.com\/es\/produto\/caja-de-2-bombones-for-my-king\/\" \/>\n<meta property=\"og:locale\" content=\"es_ES\" \/>\n<meta property=\"og:type\" content=\"article\" \/>\n<meta property=\"og:title\" content=\"Bombones para mi Rey | S\u00ed Chocolate\" \/>\n<meta property=\"og:description\" content=\"Celebra a tus seres queridos con la elegancia suprema de nuestra caja de 2 bombones para mi rey, repleta de una exclusiva selecci\u00f3n de bombones surtidos.\" \/>\n<meta property=\"og:url\" content=\"https:\/\/simchocolate.com\/es\/produto\/caja-de-2-bombones-for-my-king\/\" \/>\n<meta property=\"og:site_name\" content=\"SIM Chocolate\" \/>\n<meta property=\"article:publisher\" content=\"https:\/\/www.facebook.com\/SimBombons\" \/>\n<meta property=\"og:image\" content=\"https:\/\/simchocolate.com\/wp-content\/uploads\/2024\/02\/BX0044.jpg\" \/>\n\t<meta property=\"og:image:width\" content=\"1150\" \/>\n\t<meta property=\"og:image:height\" content=\"1149\" \/>\n\t<meta property=\"og:image:type\" content=\"image\/jpeg\" \/>\n<meta name=\"twitter:card\" content=\"summary_large_image\" \/>\n<meta name=\"twitter:label1\" content=\"Tiempo de lectura\" \/>\n\t<meta name=\"twitter:data1\" content=\"1 minuto\" \/>\n<script type=\"application\/ld+json\" class=\"yoast-schema-graph\">{\"@context\":\"https:\\\/\\\/schema.org\",\"@graph\":[{\"@type\":\"WebPage\",\"@id\":\"https:\\\/\\\/simchocolate.com\\\/es\\\/produto\\\/caja-de-2-bombones-for-my-king\\\/\",\"url\":\"https:\\\/\\\/simchocolate.com\\\/es\\\/produto\\\/caja-de-2-bombones-for-my-king\\\/\",\"name\":\"Bombones para mi Rey | S\u00ed Chocolate\",\"isPartOf\":{\"@id\":\"https:\\\/\\\/simchocolate.com\\\/es\\\/#website\"},\"primaryImageOfPage\":{\"@id\":\"https:\\\/\\\/simchocolate.com\\\/es\\\/produto\\\/caja-de-2-bombones-for-my-king\\\/#primaryimage\"},\"image\":{\"@id\":\"https:\\\/\\\/simchocolate.com\\\/es\\\/produto\\\/caja-de-2-bombones-for-my-king\\\/#primaryimage\"},\"thumbnailUrl\":\"https:\\\/\\\/simchocolate.com\\\/wp-content\\\/uploads\\\/2024\\\/02\\\/BX0044.jpg\",\"datePublished\":\"2024-02-26T17:54:08+00:00\",\"description\":\"Celebra a tus seres queridos con la elegancia suprema de nuestra caja de 2 bombones para mi rey, repleta de una exclusiva selecci\u00f3n de bombones surtidos.\",\"breadcrumb\":{\"@id\":\"https:\\\/\\\/simchocolate.com\\\/es\\\/produto\\\/caja-de-2-bombones-for-my-king\\\/#breadcrumb\"},\"inLanguage\":\"es\",\"potentialAction\":[{\"@type\":\"ReadAction\",\"target\":[\"https:\\\/\\\/simchocolate.com\\\/es\\\/produto\\\/caja-de-2-bombones-for-my-king\\\/\"]}]},{\"@type\":\"ImageObject\",\"inLanguage\":\"es\",\"@id\":\"https:\\\/\\\/simchocolate.com\\\/es\\\/produto\\\/caja-de-2-bombones-for-my-king\\\/#primaryimage\",\"url\":\"https:\\\/\\\/simchocolate.com\\\/wp-content\\\/uploads\\\/2024\\\/02\\\/BX0044.jpg\",\"contentUrl\":\"https:\\\/\\\/simchocolate.com\\\/wp-content\\\/uploads\\\/2024\\\/02\\\/BX0044.jpg\",\"width\":1150,\"height\":1149,\"caption\":\"caixa de 2 bombons for my king\"},{\"@type\":\"BreadcrumbList\",\"@id\":\"https:\\\/\\\/simchocolate.com\\\/es\\\/produto\\\/caja-de-2-bombones-for-my-king\\\/#breadcrumb\",\"itemListElement\":[{\"@type\":\"ListItem\",\"position\":1,\"name\":\"In\u00edcio\",\"item\":\"https:\\\/\\\/simchocolate.com\\\/es\\\/\"},{\"@type\":\"ListItem\",\"position\":2,\"name\":\"Productos\",\"item\":\"https:\\\/\\\/simchocolate.com\\\/es\\\/shop\\\/\"},{\"@type\":\"ListItem\",\"position\":3,\"name\":\"Caja de 2 bombones For my King\"}]},{\"@type\":\"WebSite\",\"@id\":\"https:\\\/\\\/simchocolate.com\\\/es\\\/#website\",\"url\":\"https:\\\/\\\/simchocolate.com\\\/es\\\/\",\"name\":\"SIM Chocolate\",\"description\":\"Do amor incondicional entre uma m\u00e3e e sua filha, nasce a marca SIM Bombons no Natal de 2014\",\"potentialAction\":[{\"@type\":\"SearchAction\",\"target\":{\"@type\":\"EntryPoint\",\"urlTemplate\":\"https:\\\/\\\/simchocolate.com\\\/es\\\/?s={search_term_string}\"},\"query-input\":{\"@type\":\"PropertyValueSpecification\",\"valueRequired\":true,\"valueName\":\"search_term_string\"}}],\"inLanguage\":\"es\"}]}<\/script>\n<!-- \/ Yoast SEO plugin. -->","yoast_head_json":{"title":"Bombones para mi Rey | S\u00ed Chocolate","description":"Celebra a tus seres queridos con la elegancia suprema de nuestra caja de 2 bombones para mi rey, repleta de una exclusiva selecci\u00f3n de bombones surtidos.","robots":{"index":"index","follow":"follow","max-snippet":"max-snippet:-1","max-image-preview":"max-image-preview:large","max-video-preview":"max-video-preview:-1"},"canonical":"https:\/\/simchocolate.com\/es\/produto\/caja-de-2-bombones-for-my-king\/","og_locale":"es_ES","og_type":"article","og_title":"Bombones para mi Rey | S\u00ed Chocolate","og_description":"Celebra a tus seres queridos con la elegancia suprema de nuestra caja de 2 bombones para mi rey, repleta de una exclusiva selecci\u00f3n de bombones surtidos.","og_url":"https:\/\/simchocolate.com\/es\/produto\/caja-de-2-bombones-for-my-king\/","og_site_name":"SIM Chocolate","article_publisher":"https:\/\/www.facebook.com\/SimBombons","og_image":[{"width":1150,"height":1149,"url":"https:\/\/simchocolate.com\/wp-content\/uploads\/2024\/02\/BX0044.jpg","type":"image\/jpeg"}],"twitter_card":"summary_large_image","twitter_misc":{"Tiempo de lectura":"1 minuto"},"schema":{"@context":"https:\/\/schema.org","@graph":[{"@type":"WebPage","@id":"https:\/\/simchocolate.com\/es\/produto\/caja-de-2-bombones-for-my-king\/","url":"https:\/\/simchocolate.com\/es\/produto\/caja-de-2-bombones-for-my-king\/","name":"Bombones para mi Rey | S\u00ed Chocolate","isPartOf":{"@id":"https:\/\/simchocolate.com\/es\/#website"},"primaryImageOfPage":{"@id":"https:\/\/simchocolate.com\/es\/produto\/caja-de-2-bombones-for-my-king\/#primaryimage"},"image":{"@id":"https:\/\/simchocolate.com\/es\/produto\/caja-de-2-bombones-for-my-king\/#primaryimage"},"thumbnailUrl":"https:\/\/simchocolate.com\/wp-content\/uploads\/2024\/02\/BX0044.jpg","datePublished":"2024-02-26T17:54:08+00:00","description":"Celebra a tus seres queridos con la elegancia suprema de nuestra caja de 2 bombones para mi rey, repleta de una exclusiva selecci\u00f3n de bombones surtidos.","breadcrumb":{"@id":"https:\/\/simchocolate.com\/es\/produto\/caja-de-2-bombones-for-my-king\/#breadcrumb"},"inLanguage":"es","potentialAction":[{"@type":"ReadAction","target":["https:\/\/simchocolate.com\/es\/produto\/caja-de-2-bombones-for-my-king\/"]}]},{"@type":"ImageObject","inLanguage":"es","@id":"https:\/\/simchocolate.com\/es\/produto\/caja-de-2-bombones-for-my-king\/#primaryimage","url":"https:\/\/simchocolate.com\/wp-content\/uploads\/2024\/02\/BX0044.jpg","contentUrl":"https:\/\/simchocolate.com\/wp-content\/uploads\/2024\/02\/BX0044.jpg","width":1150,"height":1149,"caption":"caixa de 2 bombons for my king"},{"@type":"BreadcrumbList","@id":"https:\/\/simchocolate.com\/es\/produto\/caja-de-2-bombones-for-my-king\/#breadcrumb","itemListElement":[{"@type":"ListItem","position":1,"name":"In\u00edcio","item":"https:\/\/simchocolate.com\/es\/"},{"@type":"ListItem","position":2,"name":"Productos","item":"https:\/\/simchocolate.com\/es\/shop\/"},{"@type":"ListItem","position":3,"name":"Caja de 2 bombones For my King"}]},{"@type":"WebSite","@id":"https:\/\/simchocolate.com\/es\/#website","url":"https:\/\/simchocolate.com\/es\/","name":"SIM Chocolate","description":"Do amor incondicional entre uma m\u00e3e e sua filha, nasce a marca SIM Bombons no Natal de 2014","potentialAction":[{"@type":"SearchAction","target":{"@type":"EntryPoint","urlTemplate":"https:\/\/simchocolate.com\/es\/?s={search_term_string}"},"query-input":{"@type":"PropertyValueSpecification","valueRequired":true,"valueName":"search_term_string"}}],"inLanguage":"es"}]}},"_links":{"self":[{"href":"https:\/\/simchocolate.com\/es\/wp-json\/wp\/v2\/product\/10088","targetHints":{"allow":["GET"]}}],"collection":[{"href":"https:\/\/simchocolate.com\/es\/wp-json\/wp\/v2\/product"}],"about":[{"href":"https:\/\/simchocolate.com\/es\/wp-json\/wp\/v2\/types\/product"}],"replies":[{"embeddable":true,"href":"https:\/\/simchocolate.com\/es\/wp-json\/wp\/v2\/comments?post=10088"}],"wp:featuredmedia":[{"embeddable":true,"href":"https:\/\/simchocolate.com\/es\/wp-json\/wp\/v2\/media\/10095"}],"wp:attachment":[{"href":"https:\/\/simchocolate.com\/es\/wp-json\/wp\/v2\/media?parent=10088"}],"wp:term":[{"taxonomy":"product_brand","embeddable":true,"href":"https:\/\/simchocolate.com\/es\/wp-json\/wp\/v2\/product_brand?post=10088"},{"taxonomy":"product_cat","embeddable":true,"href":"https:\/\/simchocolate.com\/es\/wp-json\/wp\/v2\/product_cat?post=10088"},{"taxonomy":"product_tag","embeddable":true,"href":"https:\/\/simchocolate.com\/es\/wp-json\/wp\/v2\/product_tag?post=10088"}],"curies":[{"name":"wp","href":"https:\/\/api.w.org\/{rel}","templated":true}]}}