{"id":10096,"date":"2023-12-19T15:14:43","date_gmt":"2023-12-19T15:14:43","guid":{"rendered":"https:\/\/simchocolate.com\/produto\/caja-de-16-bombones-surtidos\/"},"modified":"2023-12-19T15:14:43","modified_gmt":"2023-12-19T15:14:43","slug":"caja-de-16-bombones-surtidos","status":"publish","type":"product","link":"https:\/\/simchocolate.com\/es\/produto\/caja-de-16-bombones-surtidos\/","title":{"rendered":"Caja de 16 bombones surtidos"},"content":{"rendered":"<h5 style=\"text-align: left;\"><strong>Caja de bombones de chocolate surtidos<\/strong><\/h5>\n<p style=\"text-align: left;\">Disfruta de la experiencia \u00fanica que ofrece nuestra caja de 16 bombones<strong> de chocolate<\/strong> surtidos, cuidadosamente elaborados para satisfacer todos los paladares. Esta selecci\u00f3n premium incluye una variedad de sabores irresistibles, desde los cl\u00e1sicos a los m\u00e1s innovadores, <strong>cada uno creado para proporcionar una explosi\u00f3n de sabores.<\/strong> <\/p>\n<p style=\"text-align: left;\">Preparamos cada bomb\u00f3n con sumo cuidado para garantizar la mejor calidad y una experiencia sensorial inigualable. La combinaci\u00f3n de ingredientes de alta calidad y t\u00e9cnicas artesanales da como resultado unos bombones tan atractivos visualmente como deliciosos. La textura de cada bomb\u00f3n est\u00e1 dise\u00f1ada para ofrecer una experiencia perfecta, desde el crujido inicial hasta el suave deshielo en la boca.  <\/p>\n<div class=\"flex flex-grow flex-col max-w-full\">\n<div class=\"min-h-[20px] text-message flex flex-col items-start whitespace-pre-wrap break-words [.text-message+&amp;]:mt-5 juice:w-full juice:items-end overflow-x-auto gap-2\" dir=\"auto\" data-message-author-role=\"assistant\" data-message-id=\"e3aea68c-cd00-4916-a316-6c9c81423c43\">\n<div class=\"flex w-full flex-col gap-1 juice:empty:hidden juice:first:pt-[3px]\">\n<div class=\"markdown prose w-full break-words dark:prose-invert dark\">\n<p style=\"text-align: left;\">Nuestra caja de 16 bombones surtidos es la <strong>elecci\u00f3n perfecta para regalar o saborear en ocasiones especiales<\/strong>. Tanto si celebras una ocasi\u00f3n especial, como un cumplea\u00f1os o fin de a\u00f1o, como si simplemente los disfrutas a diario, nuestros bombones surtidos prometen complacer incluso a los paladares m\u00e1s exigentes. <\/p>\n<\/div>\n<\/div>\n<\/div>\n<\/div>\n","protected":false},"excerpt":{"rendered":"<p>Descubre la experiencia \u00fanica de nuestros bombones premium, creados meticulosamente para los verdaderos amantes del chocolate.<\/p>\n<p><strong>Esta caja de bombones surtidos contiene una exclusiva selecci\u00f3n de 16 bombones<\/strong>, hechos a mano con ingredientes de alta calidad y un toque \u00fanico.<\/p>\n","protected":false},"featured_media":10103,"comment_status":"open","ping_status":"closed","template":"","meta":[],"product_brand":[],"product_cat":[189],"product_tag":[],"class_list":{"0":"post-10096","1":"product","2":"type-product","3":"status-publish","4":"has-post-thumbnail","6":"product_cat-caja-de-bombones","7":"edicoes-especial-si","9":"first","10":"instock","11":"shipping-taxable","12":"purchasable","13":"product-type-simple"},"yoast_head":"<!-- This site is optimized with the Yoast SEO plugin v27.2 - https:\/\/yoast.com\/product\/yoast-seo-wordpress\/ -->\n<title>Caja de 16 bombones surtidos | SIM Chocolate<\/title>\n<meta name=\"description\" content=\"Descubre la experiencia \u00fanica de nuestra Caja de 16 Chocolates Surtidos, meticulosamente creada para los verdaderos amantes del chocolate.\" \/>\n<meta name=\"robots\" content=\"index, follow, max-snippet:-1, max-image-preview:large, max-video-preview:-1\" \/>\n<link rel=\"canonical\" href=\"https:\/\/simchocolate.com\/es\/produto\/caja-de-16-bombones-surtidos\/\" \/>\n<meta property=\"og:locale\" content=\"es_ES\" \/>\n<meta property=\"og:type\" content=\"article\" \/>\n<meta property=\"og:title\" content=\"Caja de 16 bombones surtidos | SIM Chocolate\" \/>\n<meta property=\"og:description\" content=\"Descubre la experiencia \u00fanica de nuestra Caja de 16 Chocolates Surtidos, meticulosamente creada para los verdaderos amantes del chocolate.\" \/>\n<meta property=\"og:url\" content=\"https:\/\/simchocolate.com\/es\/produto\/caja-de-16-bombones-surtidos\/\" \/>\n<meta property=\"og:site_name\" content=\"SIM Chocolate\" \/>\n<meta property=\"article:publisher\" content=\"https:\/\/www.facebook.com\/SimBombons\" \/>\n<meta property=\"og:image\" content=\"https:\/\/simchocolate.com\/wp-content\/uploads\/2023\/12\/IMG_9638-scaled.jpg\" \/>\n\t<meta property=\"og:image:width\" content=\"2560\" \/>\n\t<meta property=\"og:image:height\" content=\"2560\" \/>\n\t<meta property=\"og:image:type\" content=\"image\/jpeg\" \/>\n<meta name=\"twitter:card\" content=\"summary_large_image\" \/>\n<meta name=\"twitter:label1\" content=\"Tiempo de lectura\" \/>\n\t<meta name=\"twitter:data1\" content=\"1 minuto\" \/>\n<script type=\"application\/ld+json\" class=\"yoast-schema-graph\">{\"@context\":\"https:\/\/schema.org\",\"@graph\":[{\"@type\":\"WebPage\",\"@id\":\"https:\/\/simchocolate.com\/es\/produto\/caja-de-16-bombones-surtidos\/\",\"url\":\"https:\/\/simchocolate.com\/es\/produto\/caja-de-16-bombones-surtidos\/\",\"name\":\"Caja de 16 bombones surtidos | SIM Chocolate\",\"isPartOf\":{\"@id\":\"https:\/\/simchocolate.com\/es\/#website\"},\"primaryImageOfPage\":{\"@id\":\"https:\/\/simchocolate.com\/es\/produto\/caja-de-16-bombones-surtidos\/#primaryimage\"},\"image\":{\"@id\":\"https:\/\/simchocolate.com\/es\/produto\/caja-de-16-bombones-surtidos\/#primaryimage\"},\"thumbnailUrl\":\"https:\/\/simchocolate.com\/wp-content\/uploads\/2023\/12\/IMG_9638-scaled.jpg\",\"datePublished\":\"2023-12-19T15:14:43+00:00\",\"description\":\"Descubre la experiencia \u00fanica de nuestra Caja de 16 Chocolates Surtidos, meticulosamente creada para los verdaderos amantes del chocolate.\",\"breadcrumb\":{\"@id\":\"https:\/\/simchocolate.com\/es\/produto\/caja-de-16-bombones-surtidos\/#breadcrumb\"},\"inLanguage\":\"es\",\"potentialAction\":[{\"@type\":\"ReadAction\",\"target\":[\"https:\/\/simchocolate.com\/es\/produto\/caja-de-16-bombones-surtidos\/\"]}]},{\"@type\":\"ImageObject\",\"inLanguage\":\"es\",\"@id\":\"https:\/\/simchocolate.com\/es\/produto\/caja-de-16-bombones-surtidos\/#primaryimage\",\"url\":\"https:\/\/simchocolate.com\/wp-content\/uploads\/2023\/12\/IMG_9638-scaled.jpg\",\"contentUrl\":\"https:\/\/simchocolate.com\/wp-content\/uploads\/2023\/12\/IMG_9638-scaled.jpg\",\"width\":2560,\"height\":2560,\"caption\":\"caixa de 16 bombons sortidos\"},{\"@type\":\"BreadcrumbList\",\"@id\":\"https:\/\/simchocolate.com\/es\/produto\/caja-de-16-bombones-surtidos\/#breadcrumb\",\"itemListElement\":[{\"@type\":\"ListItem\",\"position\":1,\"name\":\"In\u00edcio\",\"item\":\"https:\/\/simchocolate.com\/es\/\"},{\"@type\":\"ListItem\",\"position\":2,\"name\":\"Productos\",\"item\":\"https:\/\/simchocolate.com\/es\/shop\/\"},{\"@type\":\"ListItem\",\"position\":3,\"name\":\"Caja de 16 bombones surtidos\"}]},{\"@type\":\"WebSite\",\"@id\":\"https:\/\/simchocolate.com\/es\/#website\",\"url\":\"https:\/\/simchocolate.com\/es\/\",\"name\":\"SIM Chocolate\",\"description\":\"Do amor incondicional entre uma m\u00e3e e sua filha, nasce a marca SIM Bombons no Natal de 2014\",\"potentialAction\":[{\"@type\":\"SearchAction\",\"target\":{\"@type\":\"EntryPoint\",\"urlTemplate\":\"https:\/\/simchocolate.com\/es\/?s={search_term_string}\"},\"query-input\":{\"@type\":\"PropertyValueSpecification\",\"valueRequired\":true,\"valueName\":\"search_term_string\"}}],\"inLanguage\":\"es\"}]}<\/script>\n<!-- \/ Yoast SEO plugin. -->","yoast_head_json":{"title":"Caja de 16 bombones surtidos | SIM Chocolate","description":"Descubre la experiencia \u00fanica de nuestra Caja de 16 Chocolates Surtidos, meticulosamente creada para los verdaderos amantes del chocolate.","robots":{"index":"index","follow":"follow","max-snippet":"max-snippet:-1","max-image-preview":"max-image-preview:large","max-video-preview":"max-video-preview:-1"},"canonical":"https:\/\/simchocolate.com\/es\/produto\/caja-de-16-bombones-surtidos\/","og_locale":"es_ES","og_type":"article","og_title":"Caja de 16 bombones surtidos | SIM Chocolate","og_description":"Descubre la experiencia \u00fanica de nuestra Caja de 16 Chocolates Surtidos, meticulosamente creada para los verdaderos amantes del chocolate.","og_url":"https:\/\/simchocolate.com\/es\/produto\/caja-de-16-bombones-surtidos\/","og_site_name":"SIM Chocolate","article_publisher":"https:\/\/www.facebook.com\/SimBombons","og_image":[{"width":2560,"height":2560,"url":"https:\/\/simchocolate.com\/wp-content\/uploads\/2023\/12\/IMG_9638-scaled.jpg","type":"image\/jpeg"}],"twitter_card":"summary_large_image","twitter_misc":{"Tiempo de lectura":"1 minuto"},"schema":{"@context":"https:\/\/schema.org","@graph":[{"@type":"WebPage","@id":"https:\/\/simchocolate.com\/es\/produto\/caja-de-16-bombones-surtidos\/","url":"https:\/\/simchocolate.com\/es\/produto\/caja-de-16-bombones-surtidos\/","name":"Caja de 16 bombones surtidos | SIM Chocolate","isPartOf":{"@id":"https:\/\/simchocolate.com\/es\/#website"},"primaryImageOfPage":{"@id":"https:\/\/simchocolate.com\/es\/produto\/caja-de-16-bombones-surtidos\/#primaryimage"},"image":{"@id":"https:\/\/simchocolate.com\/es\/produto\/caja-de-16-bombones-surtidos\/#primaryimage"},"thumbnailUrl":"https:\/\/simchocolate.com\/wp-content\/uploads\/2023\/12\/IMG_9638-scaled.jpg","datePublished":"2023-12-19T15:14:43+00:00","description":"Descubre la experiencia \u00fanica de nuestra Caja de 16 Chocolates Surtidos, meticulosamente creada para los verdaderos amantes del chocolate.","breadcrumb":{"@id":"https:\/\/simchocolate.com\/es\/produto\/caja-de-16-bombones-surtidos\/#breadcrumb"},"inLanguage":"es","potentialAction":[{"@type":"ReadAction","target":["https:\/\/simchocolate.com\/es\/produto\/caja-de-16-bombones-surtidos\/"]}]},{"@type":"ImageObject","inLanguage":"es","@id":"https:\/\/simchocolate.com\/es\/produto\/caja-de-16-bombones-surtidos\/#primaryimage","url":"https:\/\/simchocolate.com\/wp-content\/uploads\/2023\/12\/IMG_9638-scaled.jpg","contentUrl":"https:\/\/simchocolate.com\/wp-content\/uploads\/2023\/12\/IMG_9638-scaled.jpg","width":2560,"height":2560,"caption":"caixa de 16 bombons sortidos"},{"@type":"BreadcrumbList","@id":"https:\/\/simchocolate.com\/es\/produto\/caja-de-16-bombones-surtidos\/#breadcrumb","itemListElement":[{"@type":"ListItem","position":1,"name":"In\u00edcio","item":"https:\/\/simchocolate.com\/es\/"},{"@type":"ListItem","position":2,"name":"Productos","item":"https:\/\/simchocolate.com\/es\/shop\/"},{"@type":"ListItem","position":3,"name":"Caja de 16 bombones surtidos"}]},{"@type":"WebSite","@id":"https:\/\/simchocolate.com\/es\/#website","url":"https:\/\/simchocolate.com\/es\/","name":"SIM Chocolate","description":"Do amor incondicional entre uma m\u00e3e e sua filha, nasce a marca SIM Bombons no Natal de 2014","potentialAction":[{"@type":"SearchAction","target":{"@type":"EntryPoint","urlTemplate":"https:\/\/simchocolate.com\/es\/?s={search_term_string}"},"query-input":{"@type":"PropertyValueSpecification","valueRequired":true,"valueName":"search_term_string"}}],"inLanguage":"es"}]}},"_links":{"self":[{"href":"https:\/\/simchocolate.com\/es\/wp-json\/wp\/v2\/product\/10096","targetHints":{"allow":["GET"]}}],"collection":[{"href":"https:\/\/simchocolate.com\/es\/wp-json\/wp\/v2\/product"}],"about":[{"href":"https:\/\/simchocolate.com\/es\/wp-json\/wp\/v2\/types\/product"}],"replies":[{"embeddable":true,"href":"https:\/\/simchocolate.com\/es\/wp-json\/wp\/v2\/comments?post=10096"}],"wp:featuredmedia":[{"embeddable":true,"href":"https:\/\/simchocolate.com\/es\/wp-json\/wp\/v2\/media\/10103"}],"wp:attachment":[{"href":"https:\/\/simchocolate.com\/es\/wp-json\/wp\/v2\/media?parent=10096"}],"wp:term":[{"taxonomy":"product_brand","embeddable":true,"href":"https:\/\/simchocolate.com\/es\/wp-json\/wp\/v2\/product_brand?post=10096"},{"taxonomy":"product_cat","embeddable":true,"href":"https:\/\/simchocolate.com\/es\/wp-json\/wp\/v2\/product_cat?post=10096"},{"taxonomy":"product_tag","embeddable":true,"href":"https:\/\/simchocolate.com\/es\/wp-json\/wp\/v2\/product_tag?post=10096"}],"curies":[{"name":"wp","href":"https:\/\/api.w.org\/{rel}","templated":true}]}}