{"id":10097,"date":"2024-03-21T10:41:39","date_gmt":"2024-03-21T10:41:39","guid":{"rendered":"https:\/\/simchocolate.com\/produto\/huevo-de-pascua-de-chocolate-blanco\/"},"modified":"2024-03-21T10:41:39","modified_gmt":"2024-03-21T10:41:39","slug":"huevo-de-pascua-de-chocolate-blanco","status":"publish","type":"product","link":"https:\/\/simchocolate.com\/es\/produto\/huevo-de-pascua-de-chocolate-blanco\/","title":{"rendered":"Huevo de Pascua de chocolate blanco"},"content":{"rendered":"<h5 style=\"text-align: left\">Dulzura y Elegancia para una Pascua Especial<\/h5>\n<p style=\"text-align: left\">Nuestro <strong data-start=\"515\" data-end=\"552\">Huevo de Pascua de Chocolate Blanco<\/strong> es una aut\u00e9ntica celebraci\u00f3n de la suavidad y el sabor delicado. <strong>Elaborado con chocolate blanco de alta calidad y un toque de yogur,<\/strong> destaca por su tacto suave y su perfecto equilibrio entre dulzor y cremosidad. Con cada mordisco, este chocolate se deshace en la boca, proporcionando una experiencia irresistible. Tanto si se lo regalas a alguien especial como si te lo consientes a ti mismo estas fiestas, este huevo representa el refinamiento y la dulzura de la Pascua. Elegantemente empaquetado, es la elecci\u00f3n perfecta para quienes aprecian los chocolates finos y sofisticados.   <\/p>\n<div class=\"qodef-content-grid qodef-description--in-grid\">\n<div class=\"woocommerce-tabs wc-tabs-wrapper\">\n<div id=\"tab-description\" class=\"woocommerce-Tabs-panel woocommerce-Tabs-panel--description panel entry-content wc-tab\" role=\"tabpanel\" aria-labelledby=\"tab-title-description\">\n<p style=\"text-align: left\"><strong>*Mantener a una temperatura entre 16\u00ba &#8211; 20\u00ba grados<\/strong><\/p>\n<p><strong>ATENCI\u00d3N:<\/strong> Al tratarse de un producto muy fr\u00e1gil, te recomendamos que lo recojas en nuestra tienda f\u00edsica, ya que <strong>no nos hacemos responsables en caso de rotura.<\/strong><\/p>\n<\/div>\n<\/div>\n<\/div>\n<div class=\"qodef-content-grid\"><\/div>\n","protected":false},"excerpt":{"rendered":"<p>Saborea la suavidad del Huevo de Pascua de Chocolate Blanco. Un chocolate cremoso y envolvente que hace que la celebraci\u00f3n sea a\u00fan m\u00e1s especial. <\/p>\n","protected":false},"featured_media":10104,"comment_status":"closed","ping_status":"closed","template":"","meta":[],"product_brand":[],"product_cat":[190],"product_tag":[],"class_list":{"0":"post-10097","1":"product","2":"type-product","3":"status-publish","4":"has-post-thumbnail","6":"product_cat-todo-el-chocolate","7":"edicoes-pascua","9":"first","10":"outofstock","11":"shipping-taxable","12":"purchasable","13":"product-type-simple"},"yoast_head":"<!-- This site is optimized with the Yoast SEO plugin v27.5 - https:\/\/yoast.com\/product\/yoast-seo-wordpress\/ -->\n<title>Huevo de Pascua de chocolate blanco | SIM Chocolate<\/title>\n<meta name=\"description\" content=\"\u00a1Un dulce irresistible para Pascua! Nuestro Huevo de Pascua de Chocolate Blanco es cremoso, delicado y perfecto para los amantes del chocolate suave.\" \/>\n<meta name=\"robots\" content=\"index, follow, max-snippet:-1, max-image-preview:large, max-video-preview:-1\" \/>\n<link rel=\"canonical\" href=\"https:\/\/simchocolate.com\/es\/produto\/huevo-de-pascua-de-chocolate-blanco\/\" \/>\n<meta property=\"og:locale\" content=\"es_ES\" \/>\n<meta property=\"og:type\" content=\"article\" \/>\n<meta property=\"og:title\" content=\"Huevo de Pascua de chocolate blanco | SIM Chocolate\" \/>\n<meta property=\"og:description\" content=\"\u00a1Un dulce irresistible para Pascua! Nuestro Huevo de Pascua de Chocolate Blanco es cremoso, delicado y perfecto para los amantes del chocolate suave.\" \/>\n<meta property=\"og:url\" content=\"https:\/\/simchocolate.com\/es\/produto\/huevo-de-pascua-de-chocolate-blanco\/\" \/>\n<meta property=\"og:site_name\" content=\"SIM Chocolate\" \/>\n<meta property=\"article:publisher\" content=\"https:\/\/www.facebook.com\/SimBombons\" \/>\n<meta property=\"og:image\" content=\"https:\/\/simchocolate.com\/wp-content\/uploads\/2024\/03\/ovo1.jpg\" \/>\n\t<meta property=\"og:image:width\" content=\"926\" \/>\n\t<meta property=\"og:image:height\" content=\"958\" \/>\n\t<meta property=\"og:image:type\" content=\"image\/jpeg\" \/>\n<meta name=\"twitter:card\" content=\"summary_large_image\" \/>\n<meta name=\"twitter:label1\" content=\"Tiempo de lectura\" \/>\n\t<meta name=\"twitter:data1\" content=\"1 minuto\" \/>\n<script type=\"application\/ld+json\" class=\"yoast-schema-graph\">{\"@context\":\"https:\\\/\\\/schema.org\",\"@graph\":[{\"@type\":\"WebPage\",\"@id\":\"https:\\\/\\\/simchocolate.com\\\/es\\\/produto\\\/huevo-de-pascua-de-chocolate-blanco\\\/\",\"url\":\"https:\\\/\\\/simchocolate.com\\\/es\\\/produto\\\/huevo-de-pascua-de-chocolate-blanco\\\/\",\"name\":\"Huevo de Pascua de chocolate blanco | SIM Chocolate\",\"isPartOf\":{\"@id\":\"https:\\\/\\\/simchocolate.com\\\/es\\\/#website\"},\"primaryImageOfPage\":{\"@id\":\"https:\\\/\\\/simchocolate.com\\\/es\\\/produto\\\/huevo-de-pascua-de-chocolate-blanco\\\/#primaryimage\"},\"image\":{\"@id\":\"https:\\\/\\\/simchocolate.com\\\/es\\\/produto\\\/huevo-de-pascua-de-chocolate-blanco\\\/#primaryimage\"},\"thumbnailUrl\":\"https:\\\/\\\/simchocolate.com\\\/wp-content\\\/uploads\\\/2024\\\/03\\\/ovo1.jpg\",\"datePublished\":\"2024-03-21T10:41:39+00:00\",\"description\":\"\u00a1Un dulce irresistible para Pascua! Nuestro Huevo de Pascua de Chocolate Blanco es cremoso, delicado y perfecto para los amantes del chocolate suave.\",\"breadcrumb\":{\"@id\":\"https:\\\/\\\/simchocolate.com\\\/es\\\/produto\\\/huevo-de-pascua-de-chocolate-blanco\\\/#breadcrumb\"},\"inLanguage\":\"es\",\"potentialAction\":[{\"@type\":\"ReadAction\",\"target\":[\"https:\\\/\\\/simchocolate.com\\\/es\\\/produto\\\/huevo-de-pascua-de-chocolate-blanco\\\/\"]}]},{\"@type\":\"ImageObject\",\"inLanguage\":\"es\",\"@id\":\"https:\\\/\\\/simchocolate.com\\\/es\\\/produto\\\/huevo-de-pascua-de-chocolate-blanco\\\/#primaryimage\",\"url\":\"https:\\\/\\\/simchocolate.com\\\/wp-content\\\/uploads\\\/2024\\\/03\\\/ovo1.jpg\",\"contentUrl\":\"https:\\\/\\\/simchocolate.com\\\/wp-content\\\/uploads\\\/2024\\\/03\\\/ovo1.jpg\",\"width\":926,\"height\":958,\"caption\":\"Ovo da P\u00e1scoa Chocolate Branco\"},{\"@type\":\"BreadcrumbList\",\"@id\":\"https:\\\/\\\/simchocolate.com\\\/es\\\/produto\\\/huevo-de-pascua-de-chocolate-blanco\\\/#breadcrumb\",\"itemListElement\":[{\"@type\":\"ListItem\",\"position\":1,\"name\":\"In\u00edcio\",\"item\":\"https:\\\/\\\/simchocolate.com\\\/es\\\/\"},{\"@type\":\"ListItem\",\"position\":2,\"name\":\"Productos\",\"item\":\"https:\\\/\\\/simchocolate.com\\\/es\\\/shop\\\/\"},{\"@type\":\"ListItem\",\"position\":3,\"name\":\"Huevo de Pascua de chocolate blanco\"}]},{\"@type\":\"WebSite\",\"@id\":\"https:\\\/\\\/simchocolate.com\\\/es\\\/#website\",\"url\":\"https:\\\/\\\/simchocolate.com\\\/es\\\/\",\"name\":\"SIM Chocolate\",\"description\":\"Do amor incondicional entre uma m\u00e3e e sua filha, nasce a marca SIM Bombons no Natal de 2014\",\"potentialAction\":[{\"@type\":\"SearchAction\",\"target\":{\"@type\":\"EntryPoint\",\"urlTemplate\":\"https:\\\/\\\/simchocolate.com\\\/es\\\/?s={search_term_string}\"},\"query-input\":{\"@type\":\"PropertyValueSpecification\",\"valueRequired\":true,\"valueName\":\"search_term_string\"}}],\"inLanguage\":\"es\"}]}<\/script>\n<!-- \/ Yoast SEO plugin. -->","yoast_head_json":{"title":"Huevo de Pascua de chocolate blanco | SIM Chocolate","description":"\u00a1Un dulce irresistible para Pascua! Nuestro Huevo de Pascua de Chocolate Blanco es cremoso, delicado y perfecto para los amantes del chocolate suave.","robots":{"index":"index","follow":"follow","max-snippet":"max-snippet:-1","max-image-preview":"max-image-preview:large","max-video-preview":"max-video-preview:-1"},"canonical":"https:\/\/simchocolate.com\/es\/produto\/huevo-de-pascua-de-chocolate-blanco\/","og_locale":"es_ES","og_type":"article","og_title":"Huevo de Pascua de chocolate blanco | SIM Chocolate","og_description":"\u00a1Un dulce irresistible para Pascua! Nuestro Huevo de Pascua de Chocolate Blanco es cremoso, delicado y perfecto para los amantes del chocolate suave.","og_url":"https:\/\/simchocolate.com\/es\/produto\/huevo-de-pascua-de-chocolate-blanco\/","og_site_name":"SIM Chocolate","article_publisher":"https:\/\/www.facebook.com\/SimBombons","og_image":[{"width":926,"height":958,"url":"https:\/\/simchocolate.com\/wp-content\/uploads\/2024\/03\/ovo1.jpg","type":"image\/jpeg"}],"twitter_card":"summary_large_image","twitter_misc":{"Tiempo de lectura":"1 minuto"},"schema":{"@context":"https:\/\/schema.org","@graph":[{"@type":"WebPage","@id":"https:\/\/simchocolate.com\/es\/produto\/huevo-de-pascua-de-chocolate-blanco\/","url":"https:\/\/simchocolate.com\/es\/produto\/huevo-de-pascua-de-chocolate-blanco\/","name":"Huevo de Pascua de chocolate blanco | SIM Chocolate","isPartOf":{"@id":"https:\/\/simchocolate.com\/es\/#website"},"primaryImageOfPage":{"@id":"https:\/\/simchocolate.com\/es\/produto\/huevo-de-pascua-de-chocolate-blanco\/#primaryimage"},"image":{"@id":"https:\/\/simchocolate.com\/es\/produto\/huevo-de-pascua-de-chocolate-blanco\/#primaryimage"},"thumbnailUrl":"https:\/\/simchocolate.com\/wp-content\/uploads\/2024\/03\/ovo1.jpg","datePublished":"2024-03-21T10:41:39+00:00","description":"\u00a1Un dulce irresistible para Pascua! Nuestro Huevo de Pascua de Chocolate Blanco es cremoso, delicado y perfecto para los amantes del chocolate suave.","breadcrumb":{"@id":"https:\/\/simchocolate.com\/es\/produto\/huevo-de-pascua-de-chocolate-blanco\/#breadcrumb"},"inLanguage":"es","potentialAction":[{"@type":"ReadAction","target":["https:\/\/simchocolate.com\/es\/produto\/huevo-de-pascua-de-chocolate-blanco\/"]}]},{"@type":"ImageObject","inLanguage":"es","@id":"https:\/\/simchocolate.com\/es\/produto\/huevo-de-pascua-de-chocolate-blanco\/#primaryimage","url":"https:\/\/simchocolate.com\/wp-content\/uploads\/2024\/03\/ovo1.jpg","contentUrl":"https:\/\/simchocolate.com\/wp-content\/uploads\/2024\/03\/ovo1.jpg","width":926,"height":958,"caption":"Ovo da P\u00e1scoa Chocolate Branco"},{"@type":"BreadcrumbList","@id":"https:\/\/simchocolate.com\/es\/produto\/huevo-de-pascua-de-chocolate-blanco\/#breadcrumb","itemListElement":[{"@type":"ListItem","position":1,"name":"In\u00edcio","item":"https:\/\/simchocolate.com\/es\/"},{"@type":"ListItem","position":2,"name":"Productos","item":"https:\/\/simchocolate.com\/es\/shop\/"},{"@type":"ListItem","position":3,"name":"Huevo de Pascua de chocolate blanco"}]},{"@type":"WebSite","@id":"https:\/\/simchocolate.com\/es\/#website","url":"https:\/\/simchocolate.com\/es\/","name":"SIM Chocolate","description":"Do amor incondicional entre uma m\u00e3e e sua filha, nasce a marca SIM Bombons no Natal de 2014","potentialAction":[{"@type":"SearchAction","target":{"@type":"EntryPoint","urlTemplate":"https:\/\/simchocolate.com\/es\/?s={search_term_string}"},"query-input":{"@type":"PropertyValueSpecification","valueRequired":true,"valueName":"search_term_string"}}],"inLanguage":"es"}]}},"_links":{"self":[{"href":"https:\/\/simchocolate.com\/es\/wp-json\/wp\/v2\/product\/10097","targetHints":{"allow":["GET"]}}],"collection":[{"href":"https:\/\/simchocolate.com\/es\/wp-json\/wp\/v2\/product"}],"about":[{"href":"https:\/\/simchocolate.com\/es\/wp-json\/wp\/v2\/types\/product"}],"replies":[{"embeddable":true,"href":"https:\/\/simchocolate.com\/es\/wp-json\/wp\/v2\/comments?post=10097"}],"wp:featuredmedia":[{"embeddable":true,"href":"https:\/\/simchocolate.com\/es\/wp-json\/wp\/v2\/media\/10104"}],"wp:attachment":[{"href":"https:\/\/simchocolate.com\/es\/wp-json\/wp\/v2\/media?parent=10097"}],"wp:term":[{"taxonomy":"product_brand","embeddable":true,"href":"https:\/\/simchocolate.com\/es\/wp-json\/wp\/v2\/product_brand?post=10097"},{"taxonomy":"product_cat","embeddable":true,"href":"https:\/\/simchocolate.com\/es\/wp-json\/wp\/v2\/product_cat?post=10097"},{"taxonomy":"product_tag","embeddable":true,"href":"https:\/\/simchocolate.com\/es\/wp-json\/wp\/v2\/product_tag?post=10097"}],"curies":[{"name":"wp","href":"https:\/\/api.w.org\/{rel}","templated":true}]}}