{"id":10114,"date":"2024-03-21T12:23:22","date_gmt":"2024-03-21T12:23:22","guid":{"rendered":"https:\/\/simchocolate.com\/produto\/caja-de-16-bombones-felices-pascuas\/"},"modified":"2024-03-21T12:23:22","modified_gmt":"2024-03-21T12:23:22","slug":"caja-de-16-bombones-felices-pascuas","status":"publish","type":"product","link":"https:\/\/simchocolate.com\/es\/produto\/caja-de-16-bombones-felices-pascuas\/","title":{"rendered":"Caja de 16 bombones Felices Pascuas"},"content":{"rendered":"<h5 style=\"text-align: left\" data-start=\"728\" data-end=\"779\">Una edici\u00f3n especial para una Pascua m\u00e1s dulce<\/h5>\n<p style=\"text-align: left\">Descubre la Caja de 16 Bombones Felices Pascuas, una selecci\u00f3n de bombones surtidos <strong>pensada para quienes aprecian el chocolate de alta calidad<\/strong>. Con un equilibrio perfecto de sabores suaves e intensos y texturas variadas, esta caja es ideal para sorprender a amigos y familiares o para hacer que tu Pascua sea a\u00fan m\u00e1s especial. Cada bomb\u00f3n se elabora con ingredientes de primera calidad y t\u00e9cnicas artesanales, garantizando una experiencia \u00fanica y memorable. \u00a1Disfruta de esta edici\u00f3n especial y celebra la Pascua con mucho sabor y sofisticaci\u00f3n!   <\/p>\n<p style=\"text-align: left\"><strong>*Mantener a una temperatura entre 16\u00ba &#8211; 20\u00ba grados<\/strong><\/p>\n<h3 data-start=\"781\" data-end=\"807\"><\/h3>\n<p>&nbsp;<\/p>\n","protected":false},"excerpt":{"rendered":"<p>La Caja de 16 Bombones Felices Pascuas aporta una combinaci\u00f3n de sabores sofisticados y texturas irresistibles, perfecta para compartir y hacer que la Pascua sea a\u00fan m\u00e1s dulce.<\/p>\n","protected":false},"featured_media":10903,"comment_status":"open","ping_status":"closed","template":"","meta":[],"product_brand":[],"product_cat":[190],"product_tag":[],"class_list":{"0":"post-10114","1":"product","2":"type-product","3":"status-publish","4":"has-post-thumbnail","6":"product_cat-todo-el-chocolate","7":"edicoes-pascua","9":"first","10":"instock","11":"shipping-taxable","12":"purchasable","13":"product-type-simple"},"yoast_head":"<!-- This site is optimized with the Yoast SEO plugin v27.5 - https:\/\/yoast.com\/product\/yoast-seo-wordpress\/ -->\n<title>Caja de 16 bombones Felices Pascuas | SIM Chocolate<\/title>\n<meta name=\"description\" content=\"Sorprende esta Pascua con la Caja de 16 Bombones Pascua Feliz. Una irresistible selecci\u00f3n de bombones surtidos, perfecta para celebrar momentos especiales.\" \/>\n<meta name=\"robots\" content=\"index, follow, max-snippet:-1, max-image-preview:large, max-video-preview:-1\" \/>\n<link rel=\"canonical\" href=\"https:\/\/simchocolate.com\/es\/produto\/caja-de-16-bombones-felices-pascuas\/\" \/>\n<meta property=\"og:locale\" content=\"es_ES\" \/>\n<meta property=\"og:type\" content=\"article\" \/>\n<meta property=\"og:title\" content=\"Caja de 16 bombones Felices Pascuas | SIM Chocolate\" \/>\n<meta property=\"og:description\" content=\"Sorprende esta Pascua con la Caja de 16 Bombones Pascua Feliz. Una irresistible selecci\u00f3n de bombones surtidos, perfecta para celebrar momentos especiales.\" \/>\n<meta property=\"og:url\" content=\"https:\/\/simchocolate.com\/es\/produto\/caja-de-16-bombones-felices-pascuas\/\" \/>\n<meta property=\"og:site_name\" content=\"SIM Chocolate\" \/>\n<meta property=\"article:publisher\" content=\"https:\/\/www.facebook.com\/SimBombons\" \/>\n<meta property=\"og:image\" content=\"https:\/\/simchocolate.com\/wp-content\/uploads\/2024\/03\/15.jpg\" \/>\n\t<meta property=\"og:image:width\" content=\"1000\" \/>\n\t<meta property=\"og:image:height\" content=\"1000\" \/>\n\t<meta property=\"og:image:type\" content=\"image\/jpeg\" \/>\n<meta name=\"twitter:card\" content=\"summary_large_image\" \/>\n<meta name=\"twitter:label1\" content=\"Tiempo de lectura\" \/>\n\t<meta name=\"twitter:data1\" content=\"1 minuto\" \/>\n<script type=\"application\/ld+json\" class=\"yoast-schema-graph\">{\"@context\":\"https:\\\/\\\/schema.org\",\"@graph\":[{\"@type\":\"WebPage\",\"@id\":\"https:\\\/\\\/simchocolate.com\\\/es\\\/produto\\\/caja-de-16-bombones-felices-pascuas\\\/\",\"url\":\"https:\\\/\\\/simchocolate.com\\\/es\\\/produto\\\/caja-de-16-bombones-felices-pascuas\\\/\",\"name\":\"Caja de 16 bombones Felices Pascuas | SIM Chocolate\",\"isPartOf\":{\"@id\":\"https:\\\/\\\/simchocolate.com\\\/es\\\/#website\"},\"primaryImageOfPage\":{\"@id\":\"https:\\\/\\\/simchocolate.com\\\/es\\\/produto\\\/caja-de-16-bombones-felices-pascuas\\\/#primaryimage\"},\"image\":{\"@id\":\"https:\\\/\\\/simchocolate.com\\\/es\\\/produto\\\/caja-de-16-bombones-felices-pascuas\\\/#primaryimage\"},\"thumbnailUrl\":\"https:\\\/\\\/simchocolate.com\\\/wp-content\\\/uploads\\\/2024\\\/03\\\/15.jpg\",\"datePublished\":\"2024-03-21T12:23:22+00:00\",\"description\":\"Sorprende esta Pascua con la Caja de 16 Bombones Pascua Feliz. Una irresistible selecci\u00f3n de bombones surtidos, perfecta para celebrar momentos especiales.\",\"breadcrumb\":{\"@id\":\"https:\\\/\\\/simchocolate.com\\\/es\\\/produto\\\/caja-de-16-bombones-felices-pascuas\\\/#breadcrumb\"},\"inLanguage\":\"es\",\"potentialAction\":[{\"@type\":\"ReadAction\",\"target\":[\"https:\\\/\\\/simchocolate.com\\\/es\\\/produto\\\/caja-de-16-bombones-felices-pascuas\\\/\"]}]},{\"@type\":\"ImageObject\",\"inLanguage\":\"es\",\"@id\":\"https:\\\/\\\/simchocolate.com\\\/es\\\/produto\\\/caja-de-16-bombones-felices-pascuas\\\/#primaryimage\",\"url\":\"https:\\\/\\\/simchocolate.com\\\/wp-content\\\/uploads\\\/2024\\\/03\\\/15.jpg\",\"contentUrl\":\"https:\\\/\\\/simchocolate.com\\\/wp-content\\\/uploads\\\/2024\\\/03\\\/15.jpg\",\"width\":1000,\"height\":1000,\"caption\":\"Caixa Feliz P\u00e1scoa 16 Bombons\"},{\"@type\":\"BreadcrumbList\",\"@id\":\"https:\\\/\\\/simchocolate.com\\\/es\\\/produto\\\/caja-de-16-bombones-felices-pascuas\\\/#breadcrumb\",\"itemListElement\":[{\"@type\":\"ListItem\",\"position\":1,\"name\":\"In\u00edcio\",\"item\":\"https:\\\/\\\/simchocolate.com\\\/es\\\/\"},{\"@type\":\"ListItem\",\"position\":2,\"name\":\"Productos\",\"item\":\"https:\\\/\\\/simchocolate.com\\\/es\\\/shop\\\/\"},{\"@type\":\"ListItem\",\"position\":3,\"name\":\"Caja de 16 bombones Felices Pascuas\"}]},{\"@type\":\"WebSite\",\"@id\":\"https:\\\/\\\/simchocolate.com\\\/es\\\/#website\",\"url\":\"https:\\\/\\\/simchocolate.com\\\/es\\\/\",\"name\":\"SIM Chocolate\",\"description\":\"Do amor incondicional entre uma m\u00e3e e sua filha, nasce a marca SIM Bombons no Natal de 2014\",\"potentialAction\":[{\"@type\":\"SearchAction\",\"target\":{\"@type\":\"EntryPoint\",\"urlTemplate\":\"https:\\\/\\\/simchocolate.com\\\/es\\\/?s={search_term_string}\"},\"query-input\":{\"@type\":\"PropertyValueSpecification\",\"valueRequired\":true,\"valueName\":\"search_term_string\"}}],\"inLanguage\":\"es\"}]}<\/script>\n<!-- \/ Yoast SEO plugin. -->","yoast_head_json":{"title":"Caja de 16 bombones Felices Pascuas | SIM Chocolate","description":"Sorprende esta Pascua con la Caja de 16 Bombones Pascua Feliz. Una irresistible selecci\u00f3n de bombones surtidos, perfecta para celebrar momentos especiales.","robots":{"index":"index","follow":"follow","max-snippet":"max-snippet:-1","max-image-preview":"max-image-preview:large","max-video-preview":"max-video-preview:-1"},"canonical":"https:\/\/simchocolate.com\/es\/produto\/caja-de-16-bombones-felices-pascuas\/","og_locale":"es_ES","og_type":"article","og_title":"Caja de 16 bombones Felices Pascuas | SIM Chocolate","og_description":"Sorprende esta Pascua con la Caja de 16 Bombones Pascua Feliz. Una irresistible selecci\u00f3n de bombones surtidos, perfecta para celebrar momentos especiales.","og_url":"https:\/\/simchocolate.com\/es\/produto\/caja-de-16-bombones-felices-pascuas\/","og_site_name":"SIM Chocolate","article_publisher":"https:\/\/www.facebook.com\/SimBombons","og_image":[{"width":1000,"height":1000,"url":"https:\/\/simchocolate.com\/wp-content\/uploads\/2024\/03\/15.jpg","type":"image\/jpeg"}],"twitter_card":"summary_large_image","twitter_misc":{"Tiempo de lectura":"1 minuto"},"schema":{"@context":"https:\/\/schema.org","@graph":[{"@type":"WebPage","@id":"https:\/\/simchocolate.com\/es\/produto\/caja-de-16-bombones-felices-pascuas\/","url":"https:\/\/simchocolate.com\/es\/produto\/caja-de-16-bombones-felices-pascuas\/","name":"Caja de 16 bombones Felices Pascuas | SIM Chocolate","isPartOf":{"@id":"https:\/\/simchocolate.com\/es\/#website"},"primaryImageOfPage":{"@id":"https:\/\/simchocolate.com\/es\/produto\/caja-de-16-bombones-felices-pascuas\/#primaryimage"},"image":{"@id":"https:\/\/simchocolate.com\/es\/produto\/caja-de-16-bombones-felices-pascuas\/#primaryimage"},"thumbnailUrl":"https:\/\/simchocolate.com\/wp-content\/uploads\/2024\/03\/15.jpg","datePublished":"2024-03-21T12:23:22+00:00","description":"Sorprende esta Pascua con la Caja de 16 Bombones Pascua Feliz. Una irresistible selecci\u00f3n de bombones surtidos, perfecta para celebrar momentos especiales.","breadcrumb":{"@id":"https:\/\/simchocolate.com\/es\/produto\/caja-de-16-bombones-felices-pascuas\/#breadcrumb"},"inLanguage":"es","potentialAction":[{"@type":"ReadAction","target":["https:\/\/simchocolate.com\/es\/produto\/caja-de-16-bombones-felices-pascuas\/"]}]},{"@type":"ImageObject","inLanguage":"es","@id":"https:\/\/simchocolate.com\/es\/produto\/caja-de-16-bombones-felices-pascuas\/#primaryimage","url":"https:\/\/simchocolate.com\/wp-content\/uploads\/2024\/03\/15.jpg","contentUrl":"https:\/\/simchocolate.com\/wp-content\/uploads\/2024\/03\/15.jpg","width":1000,"height":1000,"caption":"Caixa Feliz P\u00e1scoa 16 Bombons"},{"@type":"BreadcrumbList","@id":"https:\/\/simchocolate.com\/es\/produto\/caja-de-16-bombones-felices-pascuas\/#breadcrumb","itemListElement":[{"@type":"ListItem","position":1,"name":"In\u00edcio","item":"https:\/\/simchocolate.com\/es\/"},{"@type":"ListItem","position":2,"name":"Productos","item":"https:\/\/simchocolate.com\/es\/shop\/"},{"@type":"ListItem","position":3,"name":"Caja de 16 bombones Felices Pascuas"}]},{"@type":"WebSite","@id":"https:\/\/simchocolate.com\/es\/#website","url":"https:\/\/simchocolate.com\/es\/","name":"SIM Chocolate","description":"Do amor incondicional entre uma m\u00e3e e sua filha, nasce a marca SIM Bombons no Natal de 2014","potentialAction":[{"@type":"SearchAction","target":{"@type":"EntryPoint","urlTemplate":"https:\/\/simchocolate.com\/es\/?s={search_term_string}"},"query-input":{"@type":"PropertyValueSpecification","valueRequired":true,"valueName":"search_term_string"}}],"inLanguage":"es"}]}},"_links":{"self":[{"href":"https:\/\/simchocolate.com\/es\/wp-json\/wp\/v2\/product\/10114","targetHints":{"allow":["GET"]}}],"collection":[{"href":"https:\/\/simchocolate.com\/es\/wp-json\/wp\/v2\/product"}],"about":[{"href":"https:\/\/simchocolate.com\/es\/wp-json\/wp\/v2\/types\/product"}],"replies":[{"embeddable":true,"href":"https:\/\/simchocolate.com\/es\/wp-json\/wp\/v2\/comments?post=10114"}],"wp:featuredmedia":[{"embeddable":true,"href":"https:\/\/simchocolate.com\/es\/wp-json\/wp\/v2\/media\/10903"}],"wp:attachment":[{"href":"https:\/\/simchocolate.com\/es\/wp-json\/wp\/v2\/media?parent=10114"}],"wp:term":[{"taxonomy":"product_brand","embeddable":true,"href":"https:\/\/simchocolate.com\/es\/wp-json\/wp\/v2\/product_brand?post=10114"},{"taxonomy":"product_cat","embeddable":true,"href":"https:\/\/simchocolate.com\/es\/wp-json\/wp\/v2\/product_cat?post=10114"},{"taxonomy":"product_tag","embeddable":true,"href":"https:\/\/simchocolate.com\/es\/wp-json\/wp\/v2\/product_tag?post=10114"}],"curies":[{"name":"wp","href":"https:\/\/api.w.org\/{rel}","templated":true}]}}