{"id":10118,"date":"2024-04-19T14:13:25","date_gmt":"2024-04-19T14:13:25","guid":{"rendered":"https:\/\/simchocolate.com\/produto\/caja-de-4-bombones-my-queen\/"},"modified":"2024-04-19T14:13:25","modified_gmt":"2024-04-19T14:13:25","slug":"caja-de-4-bombones-my-queen","status":"publish","type":"product","link":"https:\/\/simchocolate.com\/es\/produto\/caja-de-4-bombones-my-queen\/","title":{"rendered":"Caja de 4 bombones My Queen"},"content":{"rendered":"<h5 style=\"text-align: left\" data-start=\"723\" data-end=\"780\">Un delicioso homenaje a la reina de tu vida<\/h5>\n<p class=\"\" style=\"text-align: left\" data-start=\"782\" data-end=\"1076\">Celebra la figura de la madre con nuestra <strong data-start=\"819\" data-end=\"850\">Caja de 4 Bombones Mi Reina<\/strong>, una edici\u00f3n limitada dise\u00f1ada especialmente para <strong data-start=\"903\" data-end=\"917\">el D\u00eda de la Madre<\/strong>, o para cualquier ocasi\u00f3n en la que quieras homenajear a una mujer \u00fanica. Esta caja combina belleza, simbolismo y sabor en una presentaci\u00f3n delicada y femenina. <\/p>\n<p class=\"\" style=\"text-align: left\" data-start=\"1078\" data-end=\"1238\">Los bombones, con una elegante <strong data-start=\"1102\" data-end=\"1121\">forma de flor<\/strong>, representan el amor y la gratitud, y los sabores se han elegido cuidadosamente para reflejar sofisticaci\u00f3n y audacia:<\/p>\n<ul style=\"text-align: left\" data-start=\"1239\" data-end=\"1561\">\n<li class=\"\" data-start=\"1239\" data-end=\"1404\">\n<p class=\"\" data-start=\"1241\" data-end=\"1404\"><strong data-start=\"1241\" data-end=\"1284\">2 Bombones de frambuesa con masa Kadaif<\/strong> de nuestra gama Frambuesa de Dubai ofrecen una explosi\u00f3n de frescor afrutado y una textura crujiente que sorprende al paladar;<\/p>\n<\/li>\n<li class=\"\" data-start=\"1405\" data-end=\"1561\">\n<p class=\"\" data-start=\"1407\" data-end=\"1561\"><strong data-start=\"1407\" data-end=\"1457\">2 Bombones de Caramelo Salado con masa Kadaif<\/strong>, de la colecci\u00f3n Dubai Caramel, equilibran dulzor y salado, creando un sabor envolvente e inolvidable.<\/p>\n<\/li>\n<\/ul>\n<p class=\"\" style=\"text-align: left\" data-start=\"1563\" data-end=\"1841\">Cada bomb\u00f3n es una obra de arte, tanto visual como gustativa, que transforma cualquier momento en un memorable gesto de afecto. La combinaci\u00f3n de chocolate de primera calidad con ingredientes ex\u00f3ticos como la pasta kadaif aporta una rara experiencia gourmet, con sabores intensos y texturas complementarias. <\/p>\n<p class=\"\" style=\"text-align: left\" data-start=\"1843\" data-end=\"2065\">Ideal como regalo de afecto, gesto de reconocimiento o capricho especial, la Caja de 4 Bombones Mi Reina transmite emoci\u00f3n y refinamiento a partes iguales. Perfecta para sorprender con algo realmente exclusivo y cuidadosamente pensado. <\/p>\n<h5 style=\"text-align: left\" data-start=\"2067\" data-end=\"2180\">M\u00e9todo de conservaci\u00f3n:<\/h5>\n<p style=\"text-align: left\" data-start=\"2067\" data-end=\"2180\">Para garantizar la frescura y calidad de los bombones, gu\u00e1rdalos entre <strong data-start=\"2160\" data-end=\"2179\">16\u00ba y 20\u00ba Celsius<\/strong>.<\/p>\n","protected":false},"excerpt":{"rendered":"<p class=\"\" data-start=\"475\" data-end=\"674\">Un delicado y exquisito homenaje a quien m\u00e1s quieres. Con bombones en forma de flor, esta edici\u00f3n especial incluye sabores \u00fanicos. <\/p>\n<p class=\"\"><strong>Esta caja contiene  <\/strong><\/p>\n<ul>\n<li data-start=\"475\" data-end=\"674\">2 Bombones Kadaif de Frambuesa y Pasta<\/li>\n<li data-start=\"475\" data-end=\"674\">2 Bombones de Caramelo Salado y Pasta Kadaif<\/li>\n<\/ul>\n","protected":false},"featured_media":11212,"comment_status":"open","ping_status":"closed","template":"","meta":[],"product_brand":[],"product_cat":[],"product_tag":[],"class_list":{"0":"post-10118","1":"product","2":"type-product","3":"status-publish","4":"has-post-thumbnail","6":"edicoes-especial-si","8":"first","9":"instock","10":"shipping-taxable","11":"purchasable","12":"product-type-simple"},"yoast_head":"<!-- This site is optimized with the Yoast SEO plugin v27.5 - https:\/\/yoast.com\/product\/yoast-seo-wordpress\/ -->\n<title>Caja de 4 bombones My Queen | SIM Chocolate<\/title>\n<meta name=\"description\" content=\"Celebra el D\u00eda de la Madre con la elegante Caja de 4 Bombones Mi Reina, con exclusivos sabores a frambuesa y caramelo salado. Un homenaje dulce y sofisticado.\" \/>\n<meta name=\"robots\" content=\"index, follow, max-snippet:-1, max-image-preview:large, max-video-preview:-1\" \/>\n<link rel=\"canonical\" href=\"https:\/\/simchocolate.com\/es\/produto\/caja-de-4-bombones-my-queen\/\" \/>\n<meta property=\"og:locale\" content=\"es_ES\" \/>\n<meta property=\"og:type\" content=\"article\" \/>\n<meta property=\"og:title\" content=\"Caja de 4 bombones My Queen | SIM Chocolate\" \/>\n<meta property=\"og:description\" content=\"Celebra el D\u00eda de la Madre con la elegante Caja de 4 Bombones Mi Reina, con exclusivos sabores a frambuesa y caramelo salado. Un homenaje dulce y sofisticado.\" \/>\n<meta property=\"og:url\" content=\"https:\/\/simchocolate.com\/es\/produto\/caja-de-4-bombones-my-queen\/\" \/>\n<meta property=\"og:site_name\" content=\"SIM Chocolate\" \/>\n<meta property=\"article:publisher\" content=\"https:\/\/www.facebook.com\/SimBombons\" \/>\n<meta property=\"og:image\" content=\"https:\/\/simchocolate.com\/wp-content\/uploads\/2024\/04\/4.jpg\" \/>\n\t<meta property=\"og:image:width\" content=\"1000\" \/>\n\t<meta property=\"og:image:height\" content=\"1000\" \/>\n\t<meta property=\"og:image:type\" content=\"image\/jpeg\" \/>\n<meta name=\"twitter:card\" content=\"summary_large_image\" \/>\n<meta name=\"twitter:label1\" content=\"Tiempo de lectura\" \/>\n\t<meta name=\"twitter:data1\" content=\"1 minuto\" \/>\n<script type=\"application\/ld+json\" class=\"yoast-schema-graph\">{\"@context\":\"https:\\\/\\\/schema.org\",\"@graph\":[{\"@type\":\"WebPage\",\"@id\":\"https:\\\/\\\/simchocolate.com\\\/es\\\/produto\\\/caja-de-4-bombones-my-queen\\\/\",\"url\":\"https:\\\/\\\/simchocolate.com\\\/es\\\/produto\\\/caja-de-4-bombones-my-queen\\\/\",\"name\":\"Caja de 4 bombones My Queen | SIM Chocolate\",\"isPartOf\":{\"@id\":\"https:\\\/\\\/simchocolate.com\\\/es\\\/#website\"},\"primaryImageOfPage\":{\"@id\":\"https:\\\/\\\/simchocolate.com\\\/es\\\/produto\\\/caja-de-4-bombones-my-queen\\\/#primaryimage\"},\"image\":{\"@id\":\"https:\\\/\\\/simchocolate.com\\\/es\\\/produto\\\/caja-de-4-bombones-my-queen\\\/#primaryimage\"},\"thumbnailUrl\":\"https:\\\/\\\/simchocolate.com\\\/wp-content\\\/uploads\\\/2024\\\/04\\\/4.jpg\",\"datePublished\":\"2024-04-19T14:13:25+00:00\",\"description\":\"Celebra el D\u00eda de la Madre con la elegante Caja de 4 Bombones Mi Reina, con exclusivos sabores a frambuesa y caramelo salado. Un homenaje dulce y sofisticado.\",\"breadcrumb\":{\"@id\":\"https:\\\/\\\/simchocolate.com\\\/es\\\/produto\\\/caja-de-4-bombones-my-queen\\\/#breadcrumb\"},\"inLanguage\":\"es\",\"potentialAction\":[{\"@type\":\"ReadAction\",\"target\":[\"https:\\\/\\\/simchocolate.com\\\/es\\\/produto\\\/caja-de-4-bombones-my-queen\\\/\"]}]},{\"@type\":\"ImageObject\",\"inLanguage\":\"es\",\"@id\":\"https:\\\/\\\/simchocolate.com\\\/es\\\/produto\\\/caja-de-4-bombones-my-queen\\\/#primaryimage\",\"url\":\"https:\\\/\\\/simchocolate.com\\\/wp-content\\\/uploads\\\/2024\\\/04\\\/4.jpg\",\"contentUrl\":\"https:\\\/\\\/simchocolate.com\\\/wp-content\\\/uploads\\\/2024\\\/04\\\/4.jpg\",\"width\":1000,\"height\":1000,\"caption\":\"Caixa For My Queen 4 Bombons\"},{\"@type\":\"BreadcrumbList\",\"@id\":\"https:\\\/\\\/simchocolate.com\\\/es\\\/produto\\\/caja-de-4-bombones-my-queen\\\/#breadcrumb\",\"itemListElement\":[{\"@type\":\"ListItem\",\"position\":1,\"name\":\"In\u00edcio\",\"item\":\"https:\\\/\\\/simchocolate.com\\\/es\\\/\"},{\"@type\":\"ListItem\",\"position\":2,\"name\":\"Productos\",\"item\":\"https:\\\/\\\/simchocolate.com\\\/es\\\/shop\\\/\"},{\"@type\":\"ListItem\",\"position\":3,\"name\":\"Caja de 4 bombones My Queen\"}]},{\"@type\":\"WebSite\",\"@id\":\"https:\\\/\\\/simchocolate.com\\\/es\\\/#website\",\"url\":\"https:\\\/\\\/simchocolate.com\\\/es\\\/\",\"name\":\"SIM Chocolate\",\"description\":\"Do amor incondicional entre uma m\u00e3e e sua filha, nasce a marca SIM Bombons no Natal de 2014\",\"potentialAction\":[{\"@type\":\"SearchAction\",\"target\":{\"@type\":\"EntryPoint\",\"urlTemplate\":\"https:\\\/\\\/simchocolate.com\\\/es\\\/?s={search_term_string}\"},\"query-input\":{\"@type\":\"PropertyValueSpecification\",\"valueRequired\":true,\"valueName\":\"search_term_string\"}}],\"inLanguage\":\"es\"}]}<\/script>\n<!-- \/ Yoast SEO plugin. -->","yoast_head_json":{"title":"Caja de 4 bombones My Queen | SIM Chocolate","description":"Celebra el D\u00eda de la Madre con la elegante Caja de 4 Bombones Mi Reina, con exclusivos sabores a frambuesa y caramelo salado. Un homenaje dulce y sofisticado.","robots":{"index":"index","follow":"follow","max-snippet":"max-snippet:-1","max-image-preview":"max-image-preview:large","max-video-preview":"max-video-preview:-1"},"canonical":"https:\/\/simchocolate.com\/es\/produto\/caja-de-4-bombones-my-queen\/","og_locale":"es_ES","og_type":"article","og_title":"Caja de 4 bombones My Queen | SIM Chocolate","og_description":"Celebra el D\u00eda de la Madre con la elegante Caja de 4 Bombones Mi Reina, con exclusivos sabores a frambuesa y caramelo salado. Un homenaje dulce y sofisticado.","og_url":"https:\/\/simchocolate.com\/es\/produto\/caja-de-4-bombones-my-queen\/","og_site_name":"SIM Chocolate","article_publisher":"https:\/\/www.facebook.com\/SimBombons","og_image":[{"width":1000,"height":1000,"url":"https:\/\/simchocolate.com\/wp-content\/uploads\/2024\/04\/4.jpg","type":"image\/jpeg"}],"twitter_card":"summary_large_image","twitter_misc":{"Tiempo de lectura":"1 minuto"},"schema":{"@context":"https:\/\/schema.org","@graph":[{"@type":"WebPage","@id":"https:\/\/simchocolate.com\/es\/produto\/caja-de-4-bombones-my-queen\/","url":"https:\/\/simchocolate.com\/es\/produto\/caja-de-4-bombones-my-queen\/","name":"Caja de 4 bombones My Queen | SIM Chocolate","isPartOf":{"@id":"https:\/\/simchocolate.com\/es\/#website"},"primaryImageOfPage":{"@id":"https:\/\/simchocolate.com\/es\/produto\/caja-de-4-bombones-my-queen\/#primaryimage"},"image":{"@id":"https:\/\/simchocolate.com\/es\/produto\/caja-de-4-bombones-my-queen\/#primaryimage"},"thumbnailUrl":"https:\/\/simchocolate.com\/wp-content\/uploads\/2024\/04\/4.jpg","datePublished":"2024-04-19T14:13:25+00:00","description":"Celebra el D\u00eda de la Madre con la elegante Caja de 4 Bombones Mi Reina, con exclusivos sabores a frambuesa y caramelo salado. Un homenaje dulce y sofisticado.","breadcrumb":{"@id":"https:\/\/simchocolate.com\/es\/produto\/caja-de-4-bombones-my-queen\/#breadcrumb"},"inLanguage":"es","potentialAction":[{"@type":"ReadAction","target":["https:\/\/simchocolate.com\/es\/produto\/caja-de-4-bombones-my-queen\/"]}]},{"@type":"ImageObject","inLanguage":"es","@id":"https:\/\/simchocolate.com\/es\/produto\/caja-de-4-bombones-my-queen\/#primaryimage","url":"https:\/\/simchocolate.com\/wp-content\/uploads\/2024\/04\/4.jpg","contentUrl":"https:\/\/simchocolate.com\/wp-content\/uploads\/2024\/04\/4.jpg","width":1000,"height":1000,"caption":"Caixa For My Queen 4 Bombons"},{"@type":"BreadcrumbList","@id":"https:\/\/simchocolate.com\/es\/produto\/caja-de-4-bombones-my-queen\/#breadcrumb","itemListElement":[{"@type":"ListItem","position":1,"name":"In\u00edcio","item":"https:\/\/simchocolate.com\/es\/"},{"@type":"ListItem","position":2,"name":"Productos","item":"https:\/\/simchocolate.com\/es\/shop\/"},{"@type":"ListItem","position":3,"name":"Caja de 4 bombones My Queen"}]},{"@type":"WebSite","@id":"https:\/\/simchocolate.com\/es\/#website","url":"https:\/\/simchocolate.com\/es\/","name":"SIM Chocolate","description":"Do amor incondicional entre uma m\u00e3e e sua filha, nasce a marca SIM Bombons no Natal de 2014","potentialAction":[{"@type":"SearchAction","target":{"@type":"EntryPoint","urlTemplate":"https:\/\/simchocolate.com\/es\/?s={search_term_string}"},"query-input":{"@type":"PropertyValueSpecification","valueRequired":true,"valueName":"search_term_string"}}],"inLanguage":"es"}]}},"_links":{"self":[{"href":"https:\/\/simchocolate.com\/es\/wp-json\/wp\/v2\/product\/10118","targetHints":{"allow":["GET"]}}],"collection":[{"href":"https:\/\/simchocolate.com\/es\/wp-json\/wp\/v2\/product"}],"about":[{"href":"https:\/\/simchocolate.com\/es\/wp-json\/wp\/v2\/types\/product"}],"replies":[{"embeddable":true,"href":"https:\/\/simchocolate.com\/es\/wp-json\/wp\/v2\/comments?post=10118"}],"wp:featuredmedia":[{"embeddable":true,"href":"https:\/\/simchocolate.com\/es\/wp-json\/wp\/v2\/media\/11212"}],"wp:attachment":[{"href":"https:\/\/simchocolate.com\/es\/wp-json\/wp\/v2\/media?parent=10118"}],"wp:term":[{"taxonomy":"product_brand","embeddable":true,"href":"https:\/\/simchocolate.com\/es\/wp-json\/wp\/v2\/product_brand?post=10118"},{"taxonomy":"product_cat","embeddable":true,"href":"https:\/\/simchocolate.com\/es\/wp-json\/wp\/v2\/product_cat?post=10118"},{"taxonomy":"product_tag","embeddable":true,"href":"https:\/\/simchocolate.com\/es\/wp-json\/wp\/v2\/product_tag?post=10118"}],"curies":[{"name":"wp","href":"https:\/\/api.w.org\/{rel}","templated":true}]}}