{"id":10126,"date":"2024-03-21T11:23:31","date_gmt":"2024-03-21T11:23:31","guid":{"rendered":"https:\/\/simchocolate.com\/produto\/almendras-con-chocolate-3-sabores\/"},"modified":"2024-03-21T11:23:31","modified_gmt":"2024-03-21T11:23:31","slug":"almendras-con-chocolate-3-sabores","status":"publish","type":"product","link":"https:\/\/simchocolate.com\/es\/produto\/almendras-con-chocolate-3-sabores\/","title":{"rendered":"Almendras con chocolate 3 sabores"},"content":{"rendered":"<h5 style=\"text-align: left\">Tres sabores, una experiencia \u00fanica de chocolate y crujiente<\/h5>\n<p style=\"text-align: left\">Las Almendras de Chocolate 3 Sabores son una aut\u00e9ntica tentaci\u00f3n para los amantes del chocolate. Cada crujiente almendra est\u00e1 cuidadosamente envuelta en una generosa capa de chocolate, que ofrece tres irresistibles variaciones: la suavidad del chocolate con leche, la sofisticada intensidad del chocolate negro y la delicada cremosidad del chocolate blanco. Esta combinaci\u00f3n perfecta proporciona una experiencia \u00fanica en cada bocado, equilibrando armoniosamente texturas y sabores. Perfectas para regalar o compartir en ocasiones especiales, estas almendras son la fusi\u00f3n ideal de tradici\u00f3n y refinamiento.   <\/p>\n<div class=\"qodef-content-grid qodef-description--in-grid\" style=\"text-align: left\">\n<div class=\"woocommerce-tabs wc-tabs-wrapper\">\n<div id=\"tab-description\" class=\"woocommerce-Tabs-panel woocommerce-Tabs-panel--description panel entry-content wc-tab\" role=\"tabpanel\" aria-labelledby=\"tab-title-description\">\n<p><strong>*Mantener a una temperatura entre 16\u00ba &#8211; 20\u00ba grados<\/strong><\/p>\n<\/div>\n<\/div>\n<\/div>\n<div class=\"qodef-content-grid\" style=\"text-align: left\"><\/div>\n","protected":false},"excerpt":{"rendered":"<p>Disfruta de las Almendras de Chocolate 3 Sabores, donde el crujido de la almendra se funde con el chocolate con leche, negro y blanco.<\/p>\n","protected":false},"featured_media":10128,"comment_status":"open","ping_status":"closed","template":"","meta":[],"product_brand":[],"product_cat":[190],"product_tag":[],"class_list":{"0":"post-10126","1":"product","2":"type-product","3":"status-publish","4":"has-post-thumbnail","6":"product_cat-todo-el-chocolate","7":"edicoes-pascua","9":"first","10":"outofstock","11":"shipping-taxable","12":"purchasable","13":"product-type-simple"},"yoast_head":"<!-- This site is optimized with the Yoast SEO plugin v27.5 - https:\/\/yoast.com\/product\/yoast-seo-wordpress\/ -->\n<title>Almendras con chocolate 3 sabores | SIM Chocolate<\/title>\n<meta name=\"description\" content=\"\u00a1Una selecci\u00f3n irresistible! Nuestras Almendras de Chocolate de 3 Sabores combinan chocolate con leche, negro y blanco para una experiencia \u00fanica y deliciosa.\" \/>\n<meta name=\"robots\" content=\"index, follow, max-snippet:-1, max-image-preview:large, max-video-preview:-1\" \/>\n<link rel=\"canonical\" href=\"https:\/\/simchocolate.com\/es\/produto\/almendras-con-chocolate-3-sabores\/\" \/>\n<meta property=\"og:locale\" content=\"es_ES\" \/>\n<meta property=\"og:type\" content=\"article\" \/>\n<meta property=\"og:title\" content=\"Almendras con chocolate 3 sabores | SIM Chocolate\" \/>\n<meta property=\"og:description\" content=\"\u00a1Una selecci\u00f3n irresistible! Nuestras Almendras de Chocolate de 3 Sabores combinan chocolate con leche, negro y blanco para una experiencia \u00fanica y deliciosa.\" \/>\n<meta property=\"og:url\" content=\"https:\/\/simchocolate.com\/es\/produto\/almendras-con-chocolate-3-sabores\/\" \/>\n<meta property=\"og:site_name\" content=\"SIM Chocolate\" \/>\n<meta property=\"article:publisher\" content=\"https:\/\/www.facebook.com\/SimBombons\" \/>\n<meta property=\"og:image\" content=\"https:\/\/simchocolate.com\/wp-content\/uploads\/2024\/03\/WhatsApp-Image-2025-03-20-at-14.53-Photoroom-4.jpg\" \/>\n\t<meta property=\"og:image:width\" content=\"1280\" \/>\n\t<meta property=\"og:image:height\" content=\"853\" \/>\n\t<meta property=\"og:image:type\" content=\"image\/jpeg\" \/>\n<meta name=\"twitter:card\" content=\"summary_large_image\" \/>\n<meta name=\"twitter:label1\" content=\"Tiempo de lectura\" \/>\n\t<meta name=\"twitter:data1\" content=\"1 minuto\" \/>\n<script type=\"application\/ld+json\" class=\"yoast-schema-graph\">{\"@context\":\"https:\\\/\\\/schema.org\",\"@graph\":[{\"@type\":\"WebPage\",\"@id\":\"https:\\\/\\\/simchocolate.com\\\/es\\\/produto\\\/almendras-con-chocolate-3-sabores\\\/\",\"url\":\"https:\\\/\\\/simchocolate.com\\\/es\\\/produto\\\/almendras-con-chocolate-3-sabores\\\/\",\"name\":\"Almendras con chocolate 3 sabores | SIM Chocolate\",\"isPartOf\":{\"@id\":\"https:\\\/\\\/simchocolate.com\\\/es\\\/#website\"},\"primaryImageOfPage\":{\"@id\":\"https:\\\/\\\/simchocolate.com\\\/es\\\/produto\\\/almendras-con-chocolate-3-sabores\\\/#primaryimage\"},\"image\":{\"@id\":\"https:\\\/\\\/simchocolate.com\\\/es\\\/produto\\\/almendras-con-chocolate-3-sabores\\\/#primaryimage\"},\"thumbnailUrl\":\"https:\\\/\\\/simchocolate.com\\\/wp-content\\\/uploads\\\/2024\\\/03\\\/WhatsApp-Image-2025-03-20-at-14.53-Photoroom-4.jpg\",\"datePublished\":\"2024-03-21T11:23:31+00:00\",\"description\":\"\u00a1Una selecci\u00f3n irresistible! Nuestras Almendras de Chocolate de 3 Sabores combinan chocolate con leche, negro y blanco para una experiencia \u00fanica y deliciosa.\",\"breadcrumb\":{\"@id\":\"https:\\\/\\\/simchocolate.com\\\/es\\\/produto\\\/almendras-con-chocolate-3-sabores\\\/#breadcrumb\"},\"inLanguage\":\"es\",\"potentialAction\":[{\"@type\":\"ReadAction\",\"target\":[\"https:\\\/\\\/simchocolate.com\\\/es\\\/produto\\\/almendras-con-chocolate-3-sabores\\\/\"]}]},{\"@type\":\"ImageObject\",\"inLanguage\":\"es\",\"@id\":\"https:\\\/\\\/simchocolate.com\\\/es\\\/produto\\\/almendras-con-chocolate-3-sabores\\\/#primaryimage\",\"url\":\"https:\\\/\\\/simchocolate.com\\\/wp-content\\\/uploads\\\/2024\\\/03\\\/WhatsApp-Image-2025-03-20-at-14.53-Photoroom-4.jpg\",\"contentUrl\":\"https:\\\/\\\/simchocolate.com\\\/wp-content\\\/uploads\\\/2024\\\/03\\\/WhatsApp-Image-2025-03-20-at-14.53-Photoroom-4.jpg\",\"width\":1280,\"height\":853,\"caption\":\"Am\u00eandoas de Chocolate 3 Sabores\"},{\"@type\":\"BreadcrumbList\",\"@id\":\"https:\\\/\\\/simchocolate.com\\\/es\\\/produto\\\/almendras-con-chocolate-3-sabores\\\/#breadcrumb\",\"itemListElement\":[{\"@type\":\"ListItem\",\"position\":1,\"name\":\"In\u00edcio\",\"item\":\"https:\\\/\\\/simchocolate.com\\\/es\\\/\"},{\"@type\":\"ListItem\",\"position\":2,\"name\":\"Productos\",\"item\":\"https:\\\/\\\/simchocolate.com\\\/es\\\/shop\\\/\"},{\"@type\":\"ListItem\",\"position\":3,\"name\":\"Almendras con chocolate 3 sabores\"}]},{\"@type\":\"WebSite\",\"@id\":\"https:\\\/\\\/simchocolate.com\\\/es\\\/#website\",\"url\":\"https:\\\/\\\/simchocolate.com\\\/es\\\/\",\"name\":\"SIM Chocolate\",\"description\":\"Do amor incondicional entre uma m\u00e3e e sua filha, nasce a marca SIM Bombons no Natal de 2014\",\"potentialAction\":[{\"@type\":\"SearchAction\",\"target\":{\"@type\":\"EntryPoint\",\"urlTemplate\":\"https:\\\/\\\/simchocolate.com\\\/es\\\/?s={search_term_string}\"},\"query-input\":{\"@type\":\"PropertyValueSpecification\",\"valueRequired\":true,\"valueName\":\"search_term_string\"}}],\"inLanguage\":\"es\"}]}<\/script>\n<!-- \/ Yoast SEO plugin. -->","yoast_head_json":{"title":"Almendras con chocolate 3 sabores | SIM Chocolate","description":"\u00a1Una selecci\u00f3n irresistible! Nuestras Almendras de Chocolate de 3 Sabores combinan chocolate con leche, negro y blanco para una experiencia \u00fanica y deliciosa.","robots":{"index":"index","follow":"follow","max-snippet":"max-snippet:-1","max-image-preview":"max-image-preview:large","max-video-preview":"max-video-preview:-1"},"canonical":"https:\/\/simchocolate.com\/es\/produto\/almendras-con-chocolate-3-sabores\/","og_locale":"es_ES","og_type":"article","og_title":"Almendras con chocolate 3 sabores | SIM Chocolate","og_description":"\u00a1Una selecci\u00f3n irresistible! Nuestras Almendras de Chocolate de 3 Sabores combinan chocolate con leche, negro y blanco para una experiencia \u00fanica y deliciosa.","og_url":"https:\/\/simchocolate.com\/es\/produto\/almendras-con-chocolate-3-sabores\/","og_site_name":"SIM Chocolate","article_publisher":"https:\/\/www.facebook.com\/SimBombons","og_image":[{"width":1280,"height":853,"url":"https:\/\/simchocolate.com\/wp-content\/uploads\/2024\/03\/WhatsApp-Image-2025-03-20-at-14.53-Photoroom-4.jpg","type":"image\/jpeg"}],"twitter_card":"summary_large_image","twitter_misc":{"Tiempo de lectura":"1 minuto"},"schema":{"@context":"https:\/\/schema.org","@graph":[{"@type":"WebPage","@id":"https:\/\/simchocolate.com\/es\/produto\/almendras-con-chocolate-3-sabores\/","url":"https:\/\/simchocolate.com\/es\/produto\/almendras-con-chocolate-3-sabores\/","name":"Almendras con chocolate 3 sabores | SIM Chocolate","isPartOf":{"@id":"https:\/\/simchocolate.com\/es\/#website"},"primaryImageOfPage":{"@id":"https:\/\/simchocolate.com\/es\/produto\/almendras-con-chocolate-3-sabores\/#primaryimage"},"image":{"@id":"https:\/\/simchocolate.com\/es\/produto\/almendras-con-chocolate-3-sabores\/#primaryimage"},"thumbnailUrl":"https:\/\/simchocolate.com\/wp-content\/uploads\/2024\/03\/WhatsApp-Image-2025-03-20-at-14.53-Photoroom-4.jpg","datePublished":"2024-03-21T11:23:31+00:00","description":"\u00a1Una selecci\u00f3n irresistible! Nuestras Almendras de Chocolate de 3 Sabores combinan chocolate con leche, negro y blanco para una experiencia \u00fanica y deliciosa.","breadcrumb":{"@id":"https:\/\/simchocolate.com\/es\/produto\/almendras-con-chocolate-3-sabores\/#breadcrumb"},"inLanguage":"es","potentialAction":[{"@type":"ReadAction","target":["https:\/\/simchocolate.com\/es\/produto\/almendras-con-chocolate-3-sabores\/"]}]},{"@type":"ImageObject","inLanguage":"es","@id":"https:\/\/simchocolate.com\/es\/produto\/almendras-con-chocolate-3-sabores\/#primaryimage","url":"https:\/\/simchocolate.com\/wp-content\/uploads\/2024\/03\/WhatsApp-Image-2025-03-20-at-14.53-Photoroom-4.jpg","contentUrl":"https:\/\/simchocolate.com\/wp-content\/uploads\/2024\/03\/WhatsApp-Image-2025-03-20-at-14.53-Photoroom-4.jpg","width":1280,"height":853,"caption":"Am\u00eandoas de Chocolate 3 Sabores"},{"@type":"BreadcrumbList","@id":"https:\/\/simchocolate.com\/es\/produto\/almendras-con-chocolate-3-sabores\/#breadcrumb","itemListElement":[{"@type":"ListItem","position":1,"name":"In\u00edcio","item":"https:\/\/simchocolate.com\/es\/"},{"@type":"ListItem","position":2,"name":"Productos","item":"https:\/\/simchocolate.com\/es\/shop\/"},{"@type":"ListItem","position":3,"name":"Almendras con chocolate 3 sabores"}]},{"@type":"WebSite","@id":"https:\/\/simchocolate.com\/es\/#website","url":"https:\/\/simchocolate.com\/es\/","name":"SIM Chocolate","description":"Do amor incondicional entre uma m\u00e3e e sua filha, nasce a marca SIM Bombons no Natal de 2014","potentialAction":[{"@type":"SearchAction","target":{"@type":"EntryPoint","urlTemplate":"https:\/\/simchocolate.com\/es\/?s={search_term_string}"},"query-input":{"@type":"PropertyValueSpecification","valueRequired":true,"valueName":"search_term_string"}}],"inLanguage":"es"}]}},"_links":{"self":[{"href":"https:\/\/simchocolate.com\/es\/wp-json\/wp\/v2\/product\/10126","targetHints":{"allow":["GET"]}}],"collection":[{"href":"https:\/\/simchocolate.com\/es\/wp-json\/wp\/v2\/product"}],"about":[{"href":"https:\/\/simchocolate.com\/es\/wp-json\/wp\/v2\/types\/product"}],"replies":[{"embeddable":true,"href":"https:\/\/simchocolate.com\/es\/wp-json\/wp\/v2\/comments?post=10126"}],"wp:featuredmedia":[{"embeddable":true,"href":"https:\/\/simchocolate.com\/es\/wp-json\/wp\/v2\/media\/10128"}],"wp:attachment":[{"href":"https:\/\/simchocolate.com\/es\/wp-json\/wp\/v2\/media?parent=10126"}],"wp:term":[{"taxonomy":"product_brand","embeddable":true,"href":"https:\/\/simchocolate.com\/es\/wp-json\/wp\/v2\/product_brand?post=10126"},{"taxonomy":"product_cat","embeddable":true,"href":"https:\/\/simchocolate.com\/es\/wp-json\/wp\/v2\/product_cat?post=10126"},{"taxonomy":"product_tag","embeddable":true,"href":"https:\/\/simchocolate.com\/es\/wp-json\/wp\/v2\/product_tag?post=10126"}],"curies":[{"name":"wp","href":"https:\/\/api.w.org\/{rel}","templated":true}]}}