{"id":10142,"date":"2024-11-25T16:34:08","date_gmt":"2024-11-25T16:34:08","guid":{"rendered":"https:\/\/simchocolate.com\/produto\/paquete-de-bombones-de-edicion-limitada\/"},"modified":"2024-11-25T16:34:08","modified_gmt":"2024-11-25T16:34:08","slug":"paquete-de-bombones-de-edicion-limitada","status":"publish","type":"product","link":"https:\/\/simchocolate.com\/es\/produto\/paquete-de-bombones-de-edicion-limitada\/","title":{"rendered":"Paquete de bombones de edici\u00f3n limitada"},"content":{"rendered":"<p style=\"text-align: left\">El <strong>Pack de Bombones con 3 Cajas: Citrus, Tropical y Wine &amp; Spirits<\/strong> es un viaje gourmet a trav\u00e9s de sabores sorprendentes y sofisticados. La caja Citrus encanta con notas c\u00edtricas y frescas; Tropical aporta la esencia de las frutas tropicales combinada con chocolate artesano; y Wine &amp; Spirits combina el refinamiento de los vinos y licores con rellenos ricos e intensos. Perfecto para regalos o momentos especiales, este pack es una invitaci\u00f3n a descubrir y saborear chocolates de primera calidad.  <\/p>\n","protected":false},"excerpt":{"rendered":"<p>Pack de bombones con 3 cajas: Citrus, Tropical y Wine &amp; Spirits. Tres colecciones gourmet, perfectas para los amantes del chocolate y las experiencias \u00fanicas. <\/p>\n","protected":false},"featured_media":10144,"comment_status":"open","ping_status":"closed","template":"","meta":[],"product_brand":[],"product_cat":[205],"product_tag":[],"class_list":{"0":"post-10142","1":"product","2":"type-product","3":"status-publish","4":"has-post-thumbnail","6":"product_cat-viernes-negro","8":"first","9":"outofstock","10":"sale","11":"shipping-taxable","12":"purchasable","13":"product-type-simple"},"yoast_head":"<!-- This site is optimized with the Yoast SEO plugin v27.5 - https:\/\/yoast.com\/product\/yoast-seo-wordpress\/ -->\n<title>Paquete de bombones de edici\u00f3n limitada - Viernes Negro - SIM Chocolate<\/title>\n<meta name=\"description\" content=\"Descubre el Pack de Bombones con 3 Cajas: C\u00edtricos, Tropical y Vino y Licores. Una selecci\u00f3n de sabores \u00fanicos y sofisticados, ideales para regalar.\" \/>\n<meta name=\"robots\" content=\"index, follow, max-snippet:-1, max-image-preview:large, max-video-preview:-1\" \/>\n<link rel=\"canonical\" href=\"https:\/\/simchocolate.com\/es\/produto\/paquete-de-bombones-de-edicion-limitada\/\" \/>\n<meta property=\"og:locale\" content=\"es_ES\" \/>\n<meta property=\"og:type\" content=\"article\" \/>\n<meta property=\"og:title\" content=\"Paquete de bombones de edici\u00f3n limitada - Viernes Negro - SIM Chocolate\" \/>\n<meta property=\"og:description\" content=\"Descubre el Pack de Bombones con 3 Cajas: C\u00edtricos, Tropical y Vino y Licores. Una selecci\u00f3n de sabores \u00fanicos y sofisticados, ideales para regalar.\" \/>\n<meta property=\"og:url\" content=\"https:\/\/simchocolate.com\/es\/produto\/paquete-de-bombones-de-edicion-limitada\/\" \/>\n<meta property=\"og:site_name\" content=\"SIM Chocolate\" \/>\n<meta property=\"article:publisher\" content=\"https:\/\/www.facebook.com\/SimBombons\" \/>\n<meta property=\"og:image\" content=\"https:\/\/simchocolate.com\/wp-content\/uploads\/2024\/11\/IMG_8266-Photoroom-1.jpg\" \/>\n\t<meta property=\"og:image:width\" content=\"1280\" \/>\n\t<meta property=\"og:image:height\" content=\"1280\" \/>\n\t<meta property=\"og:image:type\" content=\"image\/jpeg\" \/>\n<meta name=\"twitter:card\" content=\"summary_large_image\" \/>\n<script type=\"application\/ld+json\" class=\"yoast-schema-graph\">{\"@context\":\"https:\\\/\\\/schema.org\",\"@graph\":[{\"@type\":\"WebPage\",\"@id\":\"https:\\\/\\\/simchocolate.com\\\/es\\\/produto\\\/paquete-de-bombones-de-edicion-limitada\\\/\",\"url\":\"https:\\\/\\\/simchocolate.com\\\/es\\\/produto\\\/paquete-de-bombones-de-edicion-limitada\\\/\",\"name\":\"Paquete de bombones de edici\u00f3n limitada - Viernes Negro - SIM Chocolate\",\"isPartOf\":{\"@id\":\"https:\\\/\\\/simchocolate.com\\\/es\\\/#website\"},\"primaryImageOfPage\":{\"@id\":\"https:\\\/\\\/simchocolate.com\\\/es\\\/produto\\\/paquete-de-bombones-de-edicion-limitada\\\/#primaryimage\"},\"image\":{\"@id\":\"https:\\\/\\\/simchocolate.com\\\/es\\\/produto\\\/paquete-de-bombones-de-edicion-limitada\\\/#primaryimage\"},\"thumbnailUrl\":\"https:\\\/\\\/simchocolate.com\\\/wp-content\\\/uploads\\\/2024\\\/11\\\/IMG_8266-Photoroom-1.jpg\",\"datePublished\":\"2024-11-25T16:34:08+00:00\",\"description\":\"Descubre el Pack de Bombones con 3 Cajas: C\u00edtricos, Tropical y Vino y Licores. Una selecci\u00f3n de sabores \u00fanicos y sofisticados, ideales para regalar.\",\"breadcrumb\":{\"@id\":\"https:\\\/\\\/simchocolate.com\\\/es\\\/produto\\\/paquete-de-bombones-de-edicion-limitada\\\/#breadcrumb\"},\"inLanguage\":\"es\",\"potentialAction\":[{\"@type\":\"ReadAction\",\"target\":[\"https:\\\/\\\/simchocolate.com\\\/es\\\/produto\\\/paquete-de-bombones-de-edicion-limitada\\\/\"]}]},{\"@type\":\"ImageObject\",\"inLanguage\":\"es\",\"@id\":\"https:\\\/\\\/simchocolate.com\\\/es\\\/produto\\\/paquete-de-bombones-de-edicion-limitada\\\/#primaryimage\",\"url\":\"https:\\\/\\\/simchocolate.com\\\/wp-content\\\/uploads\\\/2024\\\/11\\\/IMG_8266-Photoroom-1.jpg\",\"contentUrl\":\"https:\\\/\\\/simchocolate.com\\\/wp-content\\\/uploads\\\/2024\\\/11\\\/IMG_8266-Photoroom-1.jpg\",\"width\":1280,\"height\":1280,\"caption\":\"Pack de Bombons Edi\u00e7\u00e3o limitada\"},{\"@type\":\"BreadcrumbList\",\"@id\":\"https:\\\/\\\/simchocolate.com\\\/es\\\/produto\\\/paquete-de-bombones-de-edicion-limitada\\\/#breadcrumb\",\"itemListElement\":[{\"@type\":\"ListItem\",\"position\":1,\"name\":\"In\u00edcio\",\"item\":\"https:\\\/\\\/simchocolate.com\\\/es\\\/\"},{\"@type\":\"ListItem\",\"position\":2,\"name\":\"Productos\",\"item\":\"https:\\\/\\\/simchocolate.com\\\/es\\\/shop\\\/\"},{\"@type\":\"ListItem\",\"position\":3,\"name\":\"Paquete de bombones de edici\u00f3n limitada\"}]},{\"@type\":\"WebSite\",\"@id\":\"https:\\\/\\\/simchocolate.com\\\/es\\\/#website\",\"url\":\"https:\\\/\\\/simchocolate.com\\\/es\\\/\",\"name\":\"SIM Chocolate\",\"description\":\"Do amor incondicional entre uma m\u00e3e e sua filha, nasce a marca SIM Bombons no Natal de 2014\",\"potentialAction\":[{\"@type\":\"SearchAction\",\"target\":{\"@type\":\"EntryPoint\",\"urlTemplate\":\"https:\\\/\\\/simchocolate.com\\\/es\\\/?s={search_term_string}\"},\"query-input\":{\"@type\":\"PropertyValueSpecification\",\"valueRequired\":true,\"valueName\":\"search_term_string\"}}],\"inLanguage\":\"es\"}]}<\/script>\n<!-- \/ Yoast SEO plugin. -->","yoast_head_json":{"title":"Paquete de bombones de edici\u00f3n limitada - Viernes Negro - SIM Chocolate","description":"Descubre el Pack de Bombones con 3 Cajas: C\u00edtricos, Tropical y Vino y Licores. Una selecci\u00f3n de sabores \u00fanicos y sofisticados, ideales para regalar.","robots":{"index":"index","follow":"follow","max-snippet":"max-snippet:-1","max-image-preview":"max-image-preview:large","max-video-preview":"max-video-preview:-1"},"canonical":"https:\/\/simchocolate.com\/es\/produto\/paquete-de-bombones-de-edicion-limitada\/","og_locale":"es_ES","og_type":"article","og_title":"Paquete de bombones de edici\u00f3n limitada - Viernes Negro - SIM Chocolate","og_description":"Descubre el Pack de Bombones con 3 Cajas: C\u00edtricos, Tropical y Vino y Licores. Una selecci\u00f3n de sabores \u00fanicos y sofisticados, ideales para regalar.","og_url":"https:\/\/simchocolate.com\/es\/produto\/paquete-de-bombones-de-edicion-limitada\/","og_site_name":"SIM Chocolate","article_publisher":"https:\/\/www.facebook.com\/SimBombons","og_image":[{"width":1280,"height":1280,"url":"https:\/\/simchocolate.com\/wp-content\/uploads\/2024\/11\/IMG_8266-Photoroom-1.jpg","type":"image\/jpeg"}],"twitter_card":"summary_large_image","schema":{"@context":"https:\/\/schema.org","@graph":[{"@type":"WebPage","@id":"https:\/\/simchocolate.com\/es\/produto\/paquete-de-bombones-de-edicion-limitada\/","url":"https:\/\/simchocolate.com\/es\/produto\/paquete-de-bombones-de-edicion-limitada\/","name":"Paquete de bombones de edici\u00f3n limitada - Viernes Negro - SIM Chocolate","isPartOf":{"@id":"https:\/\/simchocolate.com\/es\/#website"},"primaryImageOfPage":{"@id":"https:\/\/simchocolate.com\/es\/produto\/paquete-de-bombones-de-edicion-limitada\/#primaryimage"},"image":{"@id":"https:\/\/simchocolate.com\/es\/produto\/paquete-de-bombones-de-edicion-limitada\/#primaryimage"},"thumbnailUrl":"https:\/\/simchocolate.com\/wp-content\/uploads\/2024\/11\/IMG_8266-Photoroom-1.jpg","datePublished":"2024-11-25T16:34:08+00:00","description":"Descubre el Pack de Bombones con 3 Cajas: C\u00edtricos, Tropical y Vino y Licores. Una selecci\u00f3n de sabores \u00fanicos y sofisticados, ideales para regalar.","breadcrumb":{"@id":"https:\/\/simchocolate.com\/es\/produto\/paquete-de-bombones-de-edicion-limitada\/#breadcrumb"},"inLanguage":"es","potentialAction":[{"@type":"ReadAction","target":["https:\/\/simchocolate.com\/es\/produto\/paquete-de-bombones-de-edicion-limitada\/"]}]},{"@type":"ImageObject","inLanguage":"es","@id":"https:\/\/simchocolate.com\/es\/produto\/paquete-de-bombones-de-edicion-limitada\/#primaryimage","url":"https:\/\/simchocolate.com\/wp-content\/uploads\/2024\/11\/IMG_8266-Photoroom-1.jpg","contentUrl":"https:\/\/simchocolate.com\/wp-content\/uploads\/2024\/11\/IMG_8266-Photoroom-1.jpg","width":1280,"height":1280,"caption":"Pack de Bombons Edi\u00e7\u00e3o limitada"},{"@type":"BreadcrumbList","@id":"https:\/\/simchocolate.com\/es\/produto\/paquete-de-bombones-de-edicion-limitada\/#breadcrumb","itemListElement":[{"@type":"ListItem","position":1,"name":"In\u00edcio","item":"https:\/\/simchocolate.com\/es\/"},{"@type":"ListItem","position":2,"name":"Productos","item":"https:\/\/simchocolate.com\/es\/shop\/"},{"@type":"ListItem","position":3,"name":"Paquete de bombones de edici\u00f3n limitada"}]},{"@type":"WebSite","@id":"https:\/\/simchocolate.com\/es\/#website","url":"https:\/\/simchocolate.com\/es\/","name":"SIM Chocolate","description":"Do amor incondicional entre uma m\u00e3e e sua filha, nasce a marca SIM Bombons no Natal de 2014","potentialAction":[{"@type":"SearchAction","target":{"@type":"EntryPoint","urlTemplate":"https:\/\/simchocolate.com\/es\/?s={search_term_string}"},"query-input":{"@type":"PropertyValueSpecification","valueRequired":true,"valueName":"search_term_string"}}],"inLanguage":"es"}]}},"_links":{"self":[{"href":"https:\/\/simchocolate.com\/es\/wp-json\/wp\/v2\/product\/10142","targetHints":{"allow":["GET"]}}],"collection":[{"href":"https:\/\/simchocolate.com\/es\/wp-json\/wp\/v2\/product"}],"about":[{"href":"https:\/\/simchocolate.com\/es\/wp-json\/wp\/v2\/types\/product"}],"replies":[{"embeddable":true,"href":"https:\/\/simchocolate.com\/es\/wp-json\/wp\/v2\/comments?post=10142"}],"wp:featuredmedia":[{"embeddable":true,"href":"https:\/\/simchocolate.com\/es\/wp-json\/wp\/v2\/media\/10144"}],"wp:attachment":[{"href":"https:\/\/simchocolate.com\/es\/wp-json\/wp\/v2\/media?parent=10142"}],"wp:term":[{"taxonomy":"product_brand","embeddable":true,"href":"https:\/\/simchocolate.com\/es\/wp-json\/wp\/v2\/product_brand?post=10142"},{"taxonomy":"product_cat","embeddable":true,"href":"https:\/\/simchocolate.com\/es\/wp-json\/wp\/v2\/product_cat?post=10142"},{"taxonomy":"product_tag","embeddable":true,"href":"https:\/\/simchocolate.com\/es\/wp-json\/wp\/v2\/product_tag?post=10142"}],"curies":[{"name":"wp","href":"https:\/\/api.w.org\/{rel}","templated":true}]}}