{"id":10147,"date":"2024-11-25T12:55:27","date_gmt":"2024-11-25T12:55:27","guid":{"rendered":"https:\/\/simchocolate.com\/produto\/caja-de-16-bombones-sorpresa\/"},"modified":"2024-11-25T12:55:27","modified_gmt":"2024-11-25T12:55:27","slug":"caja-de-16-bombones-sorpresa","status":"publish","type":"product","link":"https:\/\/simchocolate.com\/es\/produto\/caja-de-16-bombones-sorpresa\/","title":{"rendered":"Caja de 16 Bombones Sorpresa"},"content":{"rendered":"<p style=\"text-align: left\">La <strong>Caja de 16 Bombones Sorpresa<\/strong> ofrece una experiencia \u00fanica y sofisticada para los amantes del chocolate. Elaborada con bombones artesanales y rellenos variados, esta selecci\u00f3n especial no tiene identificadores de sabor, por lo que cada elecci\u00f3n es una deliciosa sorpresa. Perfecta para regalar en ocasiones especiales o para momentos de puro deleite, esta caja es una invitaci\u00f3n a descubrir y experimentar nuevos sabores. La combinaci\u00f3n de calidad superior y creatividad hace que sea un regalo inolvidable para cualquier amante del chocolate.   <\/p>\n","protected":false},"excerpt":{"rendered":"<p>Caja de 16 bombones sorpresa, llena de sabores artesanos cuidadosamente elaborados.<\/p>\n<p><strong>ATENCI\u00d3N* Los bombones de esta caja est\u00e1n surtidos y no contienen identificador de sabor, por lo que es una experiencia emocionante y totalmente a ciegas.<\/strong><\/p>\n","protected":false},"featured_media":10151,"comment_status":"open","ping_status":"closed","template":"","meta":[],"product_brand":[],"product_cat":[205],"product_tag":[],"class_list":{"0":"post-10147","1":"product","2":"type-product","3":"status-publish","4":"has-post-thumbnail","6":"product_cat-viernes-negro","8":"first","9":"outofstock","10":"sale","11":"shipping-taxable","12":"purchasable","13":"product-type-simple"},"yoast_head":"<!-- This site is optimized with the Yoast SEO plugin v27.5 - https:\/\/yoast.com\/product\/yoast-seo-wordpress\/ -->\n<title>Caja de 16 Bombones Sorpresa | SIM Chocolate<\/title>\n<meta name=\"description\" content=\"Descubre nuestra Caja de 16 Bombones Sorpresa, una selecci\u00f3n artesanal llena de sabores inesperados. \u00a1Sorpr\u00e9ndete con cada bocado!\" \/>\n<meta name=\"robots\" content=\"index, follow, max-snippet:-1, max-image-preview:large, max-video-preview:-1\" \/>\n<link rel=\"canonical\" href=\"https:\/\/simchocolate.com\/es\/produto\/caja-de-16-bombones-sorpresa\/\" \/>\n<meta property=\"og:locale\" content=\"es_ES\" \/>\n<meta property=\"og:type\" content=\"article\" \/>\n<meta property=\"og:title\" content=\"Caja de 16 Bombones Sorpresa | SIM Chocolate\" \/>\n<meta property=\"og:description\" content=\"Descubre nuestra Caja de 16 Bombones Sorpresa, una selecci\u00f3n artesanal llena de sabores inesperados. \u00a1Sorpr\u00e9ndete con cada bocado!\" \/>\n<meta property=\"og:url\" content=\"https:\/\/simchocolate.com\/es\/produto\/caja-de-16-bombones-sorpresa\/\" \/>\n<meta property=\"og:site_name\" content=\"SIM Chocolate\" \/>\n<meta property=\"article:publisher\" content=\"https:\/\/www.facebook.com\/SimBombons\" \/>\n<meta property=\"og:image\" content=\"https:\/\/simchocolate.com\/wp-content\/uploads\/2024\/11\/IMG_8252-Photoroom-2.jpg\" \/>\n\t<meta property=\"og:image:width\" content=\"1280\" \/>\n\t<meta property=\"og:image:height\" content=\"1280\" \/>\n\t<meta property=\"og:image:type\" content=\"image\/jpeg\" \/>\n<meta name=\"twitter:card\" content=\"summary_large_image\" \/>\n<script type=\"application\/ld+json\" class=\"yoast-schema-graph\">{\"@context\":\"https:\\\/\\\/schema.org\",\"@graph\":[{\"@type\":\"WebPage\",\"@id\":\"https:\\\/\\\/simchocolate.com\\\/es\\\/produto\\\/caja-de-16-bombones-sorpresa\\\/\",\"url\":\"https:\\\/\\\/simchocolate.com\\\/es\\\/produto\\\/caja-de-16-bombones-sorpresa\\\/\",\"name\":\"Caja de 16 Bombones Sorpresa | SIM Chocolate\",\"isPartOf\":{\"@id\":\"https:\\\/\\\/simchocolate.com\\\/es\\\/#website\"},\"primaryImageOfPage\":{\"@id\":\"https:\\\/\\\/simchocolate.com\\\/es\\\/produto\\\/caja-de-16-bombones-sorpresa\\\/#primaryimage\"},\"image\":{\"@id\":\"https:\\\/\\\/simchocolate.com\\\/es\\\/produto\\\/caja-de-16-bombones-sorpresa\\\/#primaryimage\"},\"thumbnailUrl\":\"https:\\\/\\\/simchocolate.com\\\/wp-content\\\/uploads\\\/2024\\\/11\\\/IMG_8252-Photoroom-2.jpg\",\"datePublished\":\"2024-11-25T12:55:27+00:00\",\"description\":\"Descubre nuestra Caja de 16 Bombones Sorpresa, una selecci\u00f3n artesanal llena de sabores inesperados. \u00a1Sorpr\u00e9ndete con cada bocado!\",\"breadcrumb\":{\"@id\":\"https:\\\/\\\/simchocolate.com\\\/es\\\/produto\\\/caja-de-16-bombones-sorpresa\\\/#breadcrumb\"},\"inLanguage\":\"es\",\"potentialAction\":[{\"@type\":\"ReadAction\",\"target\":[\"https:\\\/\\\/simchocolate.com\\\/es\\\/produto\\\/caja-de-16-bombones-sorpresa\\\/\"]}]},{\"@type\":\"ImageObject\",\"inLanguage\":\"es\",\"@id\":\"https:\\\/\\\/simchocolate.com\\\/es\\\/produto\\\/caja-de-16-bombones-sorpresa\\\/#primaryimage\",\"url\":\"https:\\\/\\\/simchocolate.com\\\/wp-content\\\/uploads\\\/2024\\\/11\\\/IMG_8252-Photoroom-2.jpg\",\"contentUrl\":\"https:\\\/\\\/simchocolate.com\\\/wp-content\\\/uploads\\\/2024\\\/11\\\/IMG_8252-Photoroom-2.jpg\",\"width\":1280,\"height\":1280,\"caption\":\"caixa de 16 bombons surpresa\"},{\"@type\":\"BreadcrumbList\",\"@id\":\"https:\\\/\\\/simchocolate.com\\\/es\\\/produto\\\/caja-de-16-bombones-sorpresa\\\/#breadcrumb\",\"itemListElement\":[{\"@type\":\"ListItem\",\"position\":1,\"name\":\"In\u00edcio\",\"item\":\"https:\\\/\\\/simchocolate.com\\\/es\\\/\"},{\"@type\":\"ListItem\",\"position\":2,\"name\":\"Productos\",\"item\":\"https:\\\/\\\/simchocolate.com\\\/es\\\/shop\\\/\"},{\"@type\":\"ListItem\",\"position\":3,\"name\":\"Caja de 16 Bombones Sorpresa\"}]},{\"@type\":\"WebSite\",\"@id\":\"https:\\\/\\\/simchocolate.com\\\/es\\\/#website\",\"url\":\"https:\\\/\\\/simchocolate.com\\\/es\\\/\",\"name\":\"SIM Chocolate\",\"description\":\"Do amor incondicional entre uma m\u00e3e e sua filha, nasce a marca SIM Bombons no Natal de 2014\",\"potentialAction\":[{\"@type\":\"SearchAction\",\"target\":{\"@type\":\"EntryPoint\",\"urlTemplate\":\"https:\\\/\\\/simchocolate.com\\\/es\\\/?s={search_term_string}\"},\"query-input\":{\"@type\":\"PropertyValueSpecification\",\"valueRequired\":true,\"valueName\":\"search_term_string\"}}],\"inLanguage\":\"es\"}]}<\/script>\n<!-- \/ Yoast SEO plugin. -->","yoast_head_json":{"title":"Caja de 16 Bombones Sorpresa | SIM Chocolate","description":"Descubre nuestra Caja de 16 Bombones Sorpresa, una selecci\u00f3n artesanal llena de sabores inesperados. \u00a1Sorpr\u00e9ndete con cada bocado!","robots":{"index":"index","follow":"follow","max-snippet":"max-snippet:-1","max-image-preview":"max-image-preview:large","max-video-preview":"max-video-preview:-1"},"canonical":"https:\/\/simchocolate.com\/es\/produto\/caja-de-16-bombones-sorpresa\/","og_locale":"es_ES","og_type":"article","og_title":"Caja de 16 Bombones Sorpresa | SIM Chocolate","og_description":"Descubre nuestra Caja de 16 Bombones Sorpresa, una selecci\u00f3n artesanal llena de sabores inesperados. \u00a1Sorpr\u00e9ndete con cada bocado!","og_url":"https:\/\/simchocolate.com\/es\/produto\/caja-de-16-bombones-sorpresa\/","og_site_name":"SIM Chocolate","article_publisher":"https:\/\/www.facebook.com\/SimBombons","og_image":[{"width":1280,"height":1280,"url":"https:\/\/simchocolate.com\/wp-content\/uploads\/2024\/11\/IMG_8252-Photoroom-2.jpg","type":"image\/jpeg"}],"twitter_card":"summary_large_image","schema":{"@context":"https:\/\/schema.org","@graph":[{"@type":"WebPage","@id":"https:\/\/simchocolate.com\/es\/produto\/caja-de-16-bombones-sorpresa\/","url":"https:\/\/simchocolate.com\/es\/produto\/caja-de-16-bombones-sorpresa\/","name":"Caja de 16 Bombones Sorpresa | SIM Chocolate","isPartOf":{"@id":"https:\/\/simchocolate.com\/es\/#website"},"primaryImageOfPage":{"@id":"https:\/\/simchocolate.com\/es\/produto\/caja-de-16-bombones-sorpresa\/#primaryimage"},"image":{"@id":"https:\/\/simchocolate.com\/es\/produto\/caja-de-16-bombones-sorpresa\/#primaryimage"},"thumbnailUrl":"https:\/\/simchocolate.com\/wp-content\/uploads\/2024\/11\/IMG_8252-Photoroom-2.jpg","datePublished":"2024-11-25T12:55:27+00:00","description":"Descubre nuestra Caja de 16 Bombones Sorpresa, una selecci\u00f3n artesanal llena de sabores inesperados. \u00a1Sorpr\u00e9ndete con cada bocado!","breadcrumb":{"@id":"https:\/\/simchocolate.com\/es\/produto\/caja-de-16-bombones-sorpresa\/#breadcrumb"},"inLanguage":"es","potentialAction":[{"@type":"ReadAction","target":["https:\/\/simchocolate.com\/es\/produto\/caja-de-16-bombones-sorpresa\/"]}]},{"@type":"ImageObject","inLanguage":"es","@id":"https:\/\/simchocolate.com\/es\/produto\/caja-de-16-bombones-sorpresa\/#primaryimage","url":"https:\/\/simchocolate.com\/wp-content\/uploads\/2024\/11\/IMG_8252-Photoroom-2.jpg","contentUrl":"https:\/\/simchocolate.com\/wp-content\/uploads\/2024\/11\/IMG_8252-Photoroom-2.jpg","width":1280,"height":1280,"caption":"caixa de 16 bombons surpresa"},{"@type":"BreadcrumbList","@id":"https:\/\/simchocolate.com\/es\/produto\/caja-de-16-bombones-sorpresa\/#breadcrumb","itemListElement":[{"@type":"ListItem","position":1,"name":"In\u00edcio","item":"https:\/\/simchocolate.com\/es\/"},{"@type":"ListItem","position":2,"name":"Productos","item":"https:\/\/simchocolate.com\/es\/shop\/"},{"@type":"ListItem","position":3,"name":"Caja de 16 Bombones Sorpresa"}]},{"@type":"WebSite","@id":"https:\/\/simchocolate.com\/es\/#website","url":"https:\/\/simchocolate.com\/es\/","name":"SIM Chocolate","description":"Do amor incondicional entre uma m\u00e3e e sua filha, nasce a marca SIM Bombons no Natal de 2014","potentialAction":[{"@type":"SearchAction","target":{"@type":"EntryPoint","urlTemplate":"https:\/\/simchocolate.com\/es\/?s={search_term_string}"},"query-input":{"@type":"PropertyValueSpecification","valueRequired":true,"valueName":"search_term_string"}}],"inLanguage":"es"}]}},"_links":{"self":[{"href":"https:\/\/simchocolate.com\/es\/wp-json\/wp\/v2\/product\/10147","targetHints":{"allow":["GET"]}}],"collection":[{"href":"https:\/\/simchocolate.com\/es\/wp-json\/wp\/v2\/product"}],"about":[{"href":"https:\/\/simchocolate.com\/es\/wp-json\/wp\/v2\/types\/product"}],"replies":[{"embeddable":true,"href":"https:\/\/simchocolate.com\/es\/wp-json\/wp\/v2\/comments?post=10147"}],"wp:featuredmedia":[{"embeddable":true,"href":"https:\/\/simchocolate.com\/es\/wp-json\/wp\/v2\/media\/10151"}],"wp:attachment":[{"href":"https:\/\/simchocolate.com\/es\/wp-json\/wp\/v2\/media?parent=10147"}],"wp:term":[{"taxonomy":"product_brand","embeddable":true,"href":"https:\/\/simchocolate.com\/es\/wp-json\/wp\/v2\/product_brand?post=10147"},{"taxonomy":"product_cat","embeddable":true,"href":"https:\/\/simchocolate.com\/es\/wp-json\/wp\/v2\/product_cat?post=10147"},{"taxonomy":"product_tag","embeddable":true,"href":"https:\/\/simchocolate.com\/es\/wp-json\/wp\/v2\/product_tag?post=10147"}],"curies":[{"name":"wp","href":"https:\/\/api.w.org\/{rel}","templated":true}]}}