{"id":10152,"date":"2025-01-17T08:42:25","date_gmt":"2025-01-17T08:42:25","guid":{"rendered":"https:\/\/simchocolate.com\/produto\/para-enamorados-napolitana-de-chocolate-negro\/"},"modified":"2025-01-17T08:42:25","modified_gmt":"2025-01-17T08:42:25","slug":"para-enamorados-napolitana-de-chocolate-negro","status":"publish","type":"product","link":"https:\/\/simchocolate.com\/es\/produto\/para-enamorados-napolitana-de-chocolate-negro\/","title":{"rendered":"Para Enamorados Napolitana de Chocolate Negro"},"content":{"rendered":"<p style=\"text-align: left\">La napolitana de chocolate For Lovers es la elecci\u00f3n perfecta para celebrar el amor con un toque dulce y sofisticado. Elaborada con chocolate artesano de primera calidad, esta napolitana ofrece una textura suave y un sabor irresistible, ideal para momentos rom\u00e1nticos. <\/p>\n<p style=\"text-align: left\">Perfecto para San Valent\u00edn o para complementar una celebraci\u00f3n especial, este bomboncito combina sencillez y refinamiento.<\/p>\n<p style=\"text-align: left\"><strong>Demuestra tu afecto con este capricho \u00fanico y haz que cualquier ocasi\u00f3n sea m\u00e1s dulce y memorable.<\/strong><\/p>\n","protected":false},"excerpt":{"rendered":"<p>La Napolitana de Chocolate Negro 52% Para Enamorados combina sabor y elegancia, un regalo encantador para San Valent\u00edn.<\/p>\n","protected":false},"featured_media":10598,"comment_status":"open","ping_status":"closed","template":"","meta":[],"product_brand":[],"product_cat":[186],"product_tag":[],"class_list":{"0":"post-10152","1":"product","2":"type-product","3":"status-publish","4":"has-post-thumbnail","6":"product_cat-napolitanas-de-chocolate","7":"edicoes-para-enamorados","9":"first","10":"instock","11":"shipping-taxable","12":"purchasable","13":"product-type-simple"},"yoast_head":"<!-- This site is optimized with the Yoast SEO plugin v27.2 - https:\/\/yoast.com\/product\/yoast-seo-wordpress\/ -->\n<title>Para Enamorados Napolitana de Chocolate Negro | Napolitanas de chocolate%<\/title>\n<meta name=\"description\" content=\"Prueba la napolitana de chocolate For Lovers, un toque de dulzura artesanal perfecto para San Valent\u00edn. Ideal para momentos rom\u00e1nticos.\" \/>\n<meta name=\"robots\" content=\"index, follow, max-snippet:-1, max-image-preview:large, max-video-preview:-1\" \/>\n<link rel=\"canonical\" href=\"https:\/\/simchocolate.com\/es\/produto\/para-enamorados-napolitana-de-chocolate-negro\/\" \/>\n<meta property=\"og:locale\" content=\"es_ES\" \/>\n<meta property=\"og:type\" content=\"article\" \/>\n<meta property=\"og:title\" content=\"Para Enamorados Napolitana de Chocolate Negro | Napolitanas de chocolate%\" \/>\n<meta property=\"og:description\" content=\"Prueba la napolitana de chocolate For Lovers, un toque de dulzura artesanal perfecto para San Valent\u00edn. Ideal para momentos rom\u00e1nticos.\" \/>\n<meta property=\"og:url\" content=\"https:\/\/simchocolate.com\/es\/produto\/para-enamorados-napolitana-de-chocolate-negro\/\" \/>\n<meta property=\"og:site_name\" content=\"SIM Chocolate\" \/>\n<meta property=\"article:publisher\" content=\"https:\/\/www.facebook.com\/SimBombons\" \/>\n<meta property=\"og:image\" content=\"https:\/\/simchocolate.com\/wp-content\/uploads\/2025\/01\/WhatsApp-Image-2025-01-15-at-15.44-Photoroom-1.jpg\" \/>\n\t<meta property=\"og:image:width\" content=\"1200\" \/>\n\t<meta property=\"og:image:height\" content=\"1200\" \/>\n\t<meta property=\"og:image:type\" content=\"image\/jpeg\" \/>\n<meta name=\"twitter:card\" content=\"summary_large_image\" \/>\n<script type=\"application\/ld+json\" class=\"yoast-schema-graph\">{\"@context\":\"https:\/\/schema.org\",\"@graph\":[{\"@type\":\"WebPage\",\"@id\":\"https:\/\/simchocolate.com\/es\/produto\/para-enamorados-napolitana-de-chocolate-negro\/\",\"url\":\"https:\/\/simchocolate.com\/es\/produto\/para-enamorados-napolitana-de-chocolate-negro\/\",\"name\":\"Para Enamorados Napolitana de Chocolate Negro | Napolitanas de chocolate%\",\"isPartOf\":{\"@id\":\"https:\/\/simchocolate.com\/es\/#website\"},\"primaryImageOfPage\":{\"@id\":\"https:\/\/simchocolate.com\/es\/produto\/para-enamorados-napolitana-de-chocolate-negro\/#primaryimage\"},\"image\":{\"@id\":\"https:\/\/simchocolate.com\/es\/produto\/para-enamorados-napolitana-de-chocolate-negro\/#primaryimage\"},\"thumbnailUrl\":\"https:\/\/simchocolate.com\/wp-content\/uploads\/2025\/01\/IMG_8295.jpg\",\"datePublished\":\"2025-01-17T08:42:25+00:00\",\"description\":\"Prueba la napolitana de chocolate For Lovers, un toque de dulzura artesanal perfecto para San Valent\u00edn. Ideal para momentos rom\u00e1nticos.\",\"breadcrumb\":{\"@id\":\"https:\/\/simchocolate.com\/es\/produto\/para-enamorados-napolitana-de-chocolate-negro\/#breadcrumb\"},\"inLanguage\":\"es\",\"potentialAction\":[{\"@type\":\"ReadAction\",\"target\":[\"https:\/\/simchocolate.com\/es\/produto\/para-enamorados-napolitana-de-chocolate-negro\/\"]}]},{\"@type\":\"ImageObject\",\"inLanguage\":\"es\",\"@id\":\"https:\/\/simchocolate.com\/es\/produto\/para-enamorados-napolitana-de-chocolate-negro\/#primaryimage\",\"url\":\"https:\/\/simchocolate.com\/wp-content\/uploads\/2025\/01\/IMG_8295.jpg\",\"contentUrl\":\"https:\/\/simchocolate.com\/wp-content\/uploads\/2025\/01\/IMG_8295.jpg\",\"width\":1000,\"height\":1000,\"caption\":\"Napolitana de Chocolate Negro For Lovers\"},{\"@type\":\"BreadcrumbList\",\"@id\":\"https:\/\/simchocolate.com\/es\/produto\/para-enamorados-napolitana-de-chocolate-negro\/#breadcrumb\",\"itemListElement\":[{\"@type\":\"ListItem\",\"position\":1,\"name\":\"In\u00edcio\",\"item\":\"https:\/\/simchocolate.com\/es\/\"},{\"@type\":\"ListItem\",\"position\":2,\"name\":\"Productos\",\"item\":\"https:\/\/simchocolate.com\/es\/shop\/\"},{\"@type\":\"ListItem\",\"position\":3,\"name\":\"Para Enamorados Napolitana de Chocolate Negro\"}]},{\"@type\":\"WebSite\",\"@id\":\"https:\/\/simchocolate.com\/es\/#website\",\"url\":\"https:\/\/simchocolate.com\/es\/\",\"name\":\"SIM Chocolate\",\"description\":\"Do amor incondicional entre uma m\u00e3e e sua filha, nasce a marca SIM Bombons no Natal de 2014\",\"potentialAction\":[{\"@type\":\"SearchAction\",\"target\":{\"@type\":\"EntryPoint\",\"urlTemplate\":\"https:\/\/simchocolate.com\/es\/?s={search_term_string}\"},\"query-input\":{\"@type\":\"PropertyValueSpecification\",\"valueRequired\":true,\"valueName\":\"search_term_string\"}}],\"inLanguage\":\"es\"}]}<\/script>\n<!-- \/ Yoast SEO plugin. -->","yoast_head_json":{"title":"Para Enamorados Napolitana de Chocolate Negro | Napolitanas de chocolate%","description":"Prueba la napolitana de chocolate For Lovers, un toque de dulzura artesanal perfecto para San Valent\u00edn. Ideal para momentos rom\u00e1nticos.","robots":{"index":"index","follow":"follow","max-snippet":"max-snippet:-1","max-image-preview":"max-image-preview:large","max-video-preview":"max-video-preview:-1"},"canonical":"https:\/\/simchocolate.com\/es\/produto\/para-enamorados-napolitana-de-chocolate-negro\/","og_locale":"es_ES","og_type":"article","og_title":"Para Enamorados Napolitana de Chocolate Negro | Napolitanas de chocolate%","og_description":"Prueba la napolitana de chocolate For Lovers, un toque de dulzura artesanal perfecto para San Valent\u00edn. Ideal para momentos rom\u00e1nticos.","og_url":"https:\/\/simchocolate.com\/es\/produto\/para-enamorados-napolitana-de-chocolate-negro\/","og_site_name":"SIM Chocolate","article_publisher":"https:\/\/www.facebook.com\/SimBombons","og_image":[{"width":1200,"height":1200,"url":"https:\/\/simchocolate.com\/wp-content\/uploads\/2025\/01\/WhatsApp-Image-2025-01-15-at-15.44-Photoroom-1.jpg","type":"image\/jpeg"}],"twitter_card":"summary_large_image","schema":{"@context":"https:\/\/schema.org","@graph":[{"@type":"WebPage","@id":"https:\/\/simchocolate.com\/es\/produto\/para-enamorados-napolitana-de-chocolate-negro\/","url":"https:\/\/simchocolate.com\/es\/produto\/para-enamorados-napolitana-de-chocolate-negro\/","name":"Para Enamorados Napolitana de Chocolate Negro | Napolitanas de chocolate%","isPartOf":{"@id":"https:\/\/simchocolate.com\/es\/#website"},"primaryImageOfPage":{"@id":"https:\/\/simchocolate.com\/es\/produto\/para-enamorados-napolitana-de-chocolate-negro\/#primaryimage"},"image":{"@id":"https:\/\/simchocolate.com\/es\/produto\/para-enamorados-napolitana-de-chocolate-negro\/#primaryimage"},"thumbnailUrl":"https:\/\/simchocolate.com\/wp-content\/uploads\/2025\/01\/IMG_8295.jpg","datePublished":"2025-01-17T08:42:25+00:00","description":"Prueba la napolitana de chocolate For Lovers, un toque de dulzura artesanal perfecto para San Valent\u00edn. Ideal para momentos rom\u00e1nticos.","breadcrumb":{"@id":"https:\/\/simchocolate.com\/es\/produto\/para-enamorados-napolitana-de-chocolate-negro\/#breadcrumb"},"inLanguage":"es","potentialAction":[{"@type":"ReadAction","target":["https:\/\/simchocolate.com\/es\/produto\/para-enamorados-napolitana-de-chocolate-negro\/"]}]},{"@type":"ImageObject","inLanguage":"es","@id":"https:\/\/simchocolate.com\/es\/produto\/para-enamorados-napolitana-de-chocolate-negro\/#primaryimage","url":"https:\/\/simchocolate.com\/wp-content\/uploads\/2025\/01\/IMG_8295.jpg","contentUrl":"https:\/\/simchocolate.com\/wp-content\/uploads\/2025\/01\/IMG_8295.jpg","width":1000,"height":1000,"caption":"Napolitana de Chocolate Negro For Lovers"},{"@type":"BreadcrumbList","@id":"https:\/\/simchocolate.com\/es\/produto\/para-enamorados-napolitana-de-chocolate-negro\/#breadcrumb","itemListElement":[{"@type":"ListItem","position":1,"name":"In\u00edcio","item":"https:\/\/simchocolate.com\/es\/"},{"@type":"ListItem","position":2,"name":"Productos","item":"https:\/\/simchocolate.com\/es\/shop\/"},{"@type":"ListItem","position":3,"name":"Para Enamorados Napolitana de Chocolate Negro"}]},{"@type":"WebSite","@id":"https:\/\/simchocolate.com\/es\/#website","url":"https:\/\/simchocolate.com\/es\/","name":"SIM Chocolate","description":"Do amor incondicional entre uma m\u00e3e e sua filha, nasce a marca SIM Bombons no Natal de 2014","potentialAction":[{"@type":"SearchAction","target":{"@type":"EntryPoint","urlTemplate":"https:\/\/simchocolate.com\/es\/?s={search_term_string}"},"query-input":{"@type":"PropertyValueSpecification","valueRequired":true,"valueName":"search_term_string"}}],"inLanguage":"es"}]}},"_links":{"self":[{"href":"https:\/\/simchocolate.com\/es\/wp-json\/wp\/v2\/product\/10152","targetHints":{"allow":["GET"]}}],"collection":[{"href":"https:\/\/simchocolate.com\/es\/wp-json\/wp\/v2\/product"}],"about":[{"href":"https:\/\/simchocolate.com\/es\/wp-json\/wp\/v2\/types\/product"}],"replies":[{"embeddable":true,"href":"https:\/\/simchocolate.com\/es\/wp-json\/wp\/v2\/comments?post=10152"}],"wp:featuredmedia":[{"embeddable":true,"href":"https:\/\/simchocolate.com\/es\/wp-json\/wp\/v2\/media\/10598"}],"wp:attachment":[{"href":"https:\/\/simchocolate.com\/es\/wp-json\/wp\/v2\/media?parent=10152"}],"wp:term":[{"taxonomy":"product_brand","embeddable":true,"href":"https:\/\/simchocolate.com\/es\/wp-json\/wp\/v2\/product_brand?post=10152"},{"taxonomy":"product_cat","embeddable":true,"href":"https:\/\/simchocolate.com\/es\/wp-json\/wp\/v2\/product_cat?post=10152"},{"taxonomy":"product_tag","embeddable":true,"href":"https:\/\/simchocolate.com\/es\/wp-json\/wp\/v2\/product_tag?post=10152"}],"curies":[{"name":"wp","href":"https:\/\/api.w.org\/{rel}","templated":true}]}}