{"id":10158,"date":"2025-01-17T08:52:26","date_gmt":"2025-01-17T08:52:26","guid":{"rendered":"https:\/\/simchocolate.com\/produto\/caja-de-2-corazones-para-enamorados\/"},"modified":"2026-01-19T11:45:39","modified_gmt":"2026-01-19T11:45:39","slug":"caja-de-2-corazones-para-enamorados","status":"publish","type":"product","link":"https:\/\/simchocolate.com\/es\/produto\/caja-de-2-corazones-para-enamorados\/","title":{"rendered":"Caja de 2 Corazones Para Enamorados"},"content":{"rendered":"<p style=\"text-align: left;\">La caja 2 Corazones Para Enamorados es un gesto sencillo y lleno de significado, dise\u00f1ado para expresar afecto de una forma dulce y sofisticada. Cada coraz\u00f3n est\u00e1 hecho con chocolate de primera calidad y relleno de una cremosa crema de avellana blanca y una intensa crema de avellana oscura, creando un equilibrio perfecto entre suavidad y profundidad de sabor. <\/p>\n<p style=\"text-align: left;\">La textura aterciopelada del chocolate envuelve delicadamente los rellenos, que se deshacen en la boca y convierten cada bocado en una experiencia envolvente. Ideal para una ocasi\u00f3n especial o como sorpresa, esta caja celebra el placer de compartir y los peque\u00f1os gestos que dicen mucho. <\/p>\n<p style=\"text-align: left;\">Un regalo delicado y elegante dise\u00f1ado para llegar al coraz\u00f3n.<\/p>\n<p style=\"text-align: left;\"><strong>*Mantener a una temperatura entre 16\u00ba &#8211; 20\u00ba grados<\/strong><\/p>\n","protected":false},"excerpt":{"rendered":"<p>Caja de 2 Corazones de Chocolate For Lovers, la mezcla perfecta de pasi\u00f3n y dulzura.<\/p>\n<p><strong>Esta caja contiene<\/strong><\/p>\n<ul>\n<li data-olk-copy-source=\"MessageBody\">1 Coraz\u00f3n relleno de crema de avellanas blancas<\/li>\n<li>1 Coraz\u00f3n relleno de crema de avellanas negras<\/li>\n<\/ul>\n<p>&nbsp;<\/p>\n","protected":false},"featured_media":10545,"comment_status":"open","ping_status":"closed","template":"","meta":[],"product_brand":[],"product_cat":[190],"product_tag":[],"class_list":{"0":"post-10158","1":"product","2":"type-product","3":"status-publish","4":"has-post-thumbnail","6":"product_cat-todo-el-chocolate","7":"edicoes-para-enamorados","9":"first","10":"instock","11":"sale","12":"shipping-taxable","13":"purchasable","14":"product-type-simple"},"yoast_head":"<!-- This site is optimized with the Yoast SEO plugin v27.2 - https:\/\/yoast.com\/product\/yoast-seo-wordpress\/ -->\n<title>Caja de 2 Corazones Para Enamorados | S\u00cd Chocolate<\/title>\n<meta name=\"description\" content=\"Del\u00e9itate con la Caja de 2 Corazones de Chocolate Para Enamorados: caramelo blanco y especias. Un regalo rom\u00e1ntico y delicioso para San Valent\u00edn.\" \/>\n<meta name=\"robots\" content=\"index, follow, max-snippet:-1, max-image-preview:large, max-video-preview:-1\" \/>\n<link rel=\"canonical\" href=\"https:\/\/simchocolate.com\/es\/produto\/caja-de-2-corazones-para-enamorados\/\" \/>\n<meta property=\"og:locale\" content=\"es_ES\" \/>\n<meta property=\"og:type\" content=\"article\" \/>\n<meta property=\"og:title\" content=\"Caja de 2 Corazones Para Enamorados | S\u00cd Chocolate\" \/>\n<meta property=\"og:description\" content=\"Del\u00e9itate con la Caja de 2 Corazones de Chocolate Para Enamorados: caramelo blanco y especias. Un regalo rom\u00e1ntico y delicioso para San Valent\u00edn.\" \/>\n<meta property=\"og:url\" content=\"https:\/\/simchocolate.com\/es\/produto\/caja-de-2-corazones-para-enamorados\/\" \/>\n<meta property=\"og:site_name\" content=\"SIM Chocolate\" \/>\n<meta property=\"article:publisher\" content=\"https:\/\/www.facebook.com\/SimBombons\" \/>\n<meta property=\"article:modified_time\" content=\"2026-01-19T11:45:39+00:00\" \/>\n<meta property=\"og:image\" content=\"https:\/\/simchocolate.com\/wp-content\/uploads\/2025\/01\/IMG_8279-2.webp\" \/>\n\t<meta property=\"og:image:width\" content=\"1000\" \/>\n\t<meta property=\"og:image:height\" content=\"1000\" \/>\n\t<meta property=\"og:image:type\" content=\"image\/webp\" \/>\n<meta name=\"twitter:card\" content=\"summary_large_image\" \/>\n<meta name=\"twitter:label1\" content=\"Tiempo de lectura\" \/>\n\t<meta name=\"twitter:data1\" content=\"1 minuto\" \/>\n<script type=\"application\/ld+json\" class=\"yoast-schema-graph\">{\"@context\":\"https:\/\/schema.org\",\"@graph\":[{\"@type\":\"WebPage\",\"@id\":\"https:\/\/simchocolate.com\/es\/produto\/caja-de-2-corazones-para-enamorados\/\",\"url\":\"https:\/\/simchocolate.com\/es\/produto\/caja-de-2-corazones-para-enamorados\/\",\"name\":\"Caja de 2 Corazones Para Enamorados | S\u00cd Chocolate\",\"isPartOf\":{\"@id\":\"https:\/\/simchocolate.com\/es\/#website\"},\"primaryImageOfPage\":{\"@id\":\"https:\/\/simchocolate.com\/es\/produto\/caja-de-2-corazones-para-enamorados\/#primaryimage\"},\"image\":{\"@id\":\"https:\/\/simchocolate.com\/es\/produto\/caja-de-2-corazones-para-enamorados\/#primaryimage\"},\"thumbnailUrl\":\"https:\/\/simchocolate.com\/wp-content\/uploads\/2025\/01\/IMG_8279-2.webp\",\"datePublished\":\"2025-01-17T08:52:26+00:00\",\"dateModified\":\"2026-01-19T11:45:39+00:00\",\"description\":\"Del\u00e9itate con la Caja de 2 Corazones de Chocolate Para Enamorados: caramelo blanco y especias. Un regalo rom\u00e1ntico y delicioso para San Valent\u00edn.\",\"breadcrumb\":{\"@id\":\"https:\/\/simchocolate.com\/es\/produto\/caja-de-2-corazones-para-enamorados\/#breadcrumb\"},\"inLanguage\":\"es\",\"potentialAction\":[{\"@type\":\"ReadAction\",\"target\":[\"https:\/\/simchocolate.com\/es\/produto\/caja-de-2-corazones-para-enamorados\/\"]}]},{\"@type\":\"ImageObject\",\"inLanguage\":\"es\",\"@id\":\"https:\/\/simchocolate.com\/es\/produto\/caja-de-2-corazones-para-enamorados\/#primaryimage\",\"url\":\"https:\/\/simchocolate.com\/wp-content\/uploads\/2025\/01\/IMG_8279-2.webp\",\"contentUrl\":\"https:\/\/simchocolate.com\/wp-content\/uploads\/2025\/01\/IMG_8279-2.webp\",\"width\":1000,\"height\":1000,\"caption\":\"Caja de 2 Corazones Para Enamorados\"},{\"@type\":\"BreadcrumbList\",\"@id\":\"https:\/\/simchocolate.com\/es\/produto\/caja-de-2-corazones-para-enamorados\/#breadcrumb\",\"itemListElement\":[{\"@type\":\"ListItem\",\"position\":1,\"name\":\"In\u00edcio\",\"item\":\"https:\/\/simchocolate.com\/es\/\"},{\"@type\":\"ListItem\",\"position\":2,\"name\":\"Productos\",\"item\":\"https:\/\/simchocolate.com\/es\/shop\/\"},{\"@type\":\"ListItem\",\"position\":3,\"name\":\"Caja de 2 Corazones Para Enamorados\"}]},{\"@type\":\"WebSite\",\"@id\":\"https:\/\/simchocolate.com\/es\/#website\",\"url\":\"https:\/\/simchocolate.com\/es\/\",\"name\":\"SIM Chocolate\",\"description\":\"Do amor incondicional entre uma m\u00e3e e sua filha, nasce a marca SIM Bombons no Natal de 2014\",\"potentialAction\":[{\"@type\":\"SearchAction\",\"target\":{\"@type\":\"EntryPoint\",\"urlTemplate\":\"https:\/\/simchocolate.com\/es\/?s={search_term_string}\"},\"query-input\":{\"@type\":\"PropertyValueSpecification\",\"valueRequired\":true,\"valueName\":\"search_term_string\"}}],\"inLanguage\":\"es\"}]}<\/script>\n<!-- \/ Yoast SEO plugin. -->","yoast_head_json":{"title":"Caja de 2 Corazones Para Enamorados | S\u00cd Chocolate","description":"Del\u00e9itate con la Caja de 2 Corazones de Chocolate Para Enamorados: caramelo blanco y especias. Un regalo rom\u00e1ntico y delicioso para San Valent\u00edn.","robots":{"index":"index","follow":"follow","max-snippet":"max-snippet:-1","max-image-preview":"max-image-preview:large","max-video-preview":"max-video-preview:-1"},"canonical":"https:\/\/simchocolate.com\/es\/produto\/caja-de-2-corazones-para-enamorados\/","og_locale":"es_ES","og_type":"article","og_title":"Caja de 2 Corazones Para Enamorados | S\u00cd Chocolate","og_description":"Del\u00e9itate con la Caja de 2 Corazones de Chocolate Para Enamorados: caramelo blanco y especias. Un regalo rom\u00e1ntico y delicioso para San Valent\u00edn.","og_url":"https:\/\/simchocolate.com\/es\/produto\/caja-de-2-corazones-para-enamorados\/","og_site_name":"SIM Chocolate","article_publisher":"https:\/\/www.facebook.com\/SimBombons","article_modified_time":"2026-01-19T11:45:39+00:00","og_image":[{"width":1000,"height":1000,"url":"https:\/\/simchocolate.com\/wp-content\/uploads\/2025\/01\/IMG_8279-2.webp","type":"image\/webp"}],"twitter_card":"summary_large_image","twitter_misc":{"Tiempo de lectura":"1 minuto"},"schema":{"@context":"https:\/\/schema.org","@graph":[{"@type":"WebPage","@id":"https:\/\/simchocolate.com\/es\/produto\/caja-de-2-corazones-para-enamorados\/","url":"https:\/\/simchocolate.com\/es\/produto\/caja-de-2-corazones-para-enamorados\/","name":"Caja de 2 Corazones Para Enamorados | S\u00cd Chocolate","isPartOf":{"@id":"https:\/\/simchocolate.com\/es\/#website"},"primaryImageOfPage":{"@id":"https:\/\/simchocolate.com\/es\/produto\/caja-de-2-corazones-para-enamorados\/#primaryimage"},"image":{"@id":"https:\/\/simchocolate.com\/es\/produto\/caja-de-2-corazones-para-enamorados\/#primaryimage"},"thumbnailUrl":"https:\/\/simchocolate.com\/wp-content\/uploads\/2025\/01\/IMG_8279-2.webp","datePublished":"2025-01-17T08:52:26+00:00","dateModified":"2026-01-19T11:45:39+00:00","description":"Del\u00e9itate con la Caja de 2 Corazones de Chocolate Para Enamorados: caramelo blanco y especias. Un regalo rom\u00e1ntico y delicioso para San Valent\u00edn.","breadcrumb":{"@id":"https:\/\/simchocolate.com\/es\/produto\/caja-de-2-corazones-para-enamorados\/#breadcrumb"},"inLanguage":"es","potentialAction":[{"@type":"ReadAction","target":["https:\/\/simchocolate.com\/es\/produto\/caja-de-2-corazones-para-enamorados\/"]}]},{"@type":"ImageObject","inLanguage":"es","@id":"https:\/\/simchocolate.com\/es\/produto\/caja-de-2-corazones-para-enamorados\/#primaryimage","url":"https:\/\/simchocolate.com\/wp-content\/uploads\/2025\/01\/IMG_8279-2.webp","contentUrl":"https:\/\/simchocolate.com\/wp-content\/uploads\/2025\/01\/IMG_8279-2.webp","width":1000,"height":1000,"caption":"Caja de 2 Corazones Para Enamorados"},{"@type":"BreadcrumbList","@id":"https:\/\/simchocolate.com\/es\/produto\/caja-de-2-corazones-para-enamorados\/#breadcrumb","itemListElement":[{"@type":"ListItem","position":1,"name":"In\u00edcio","item":"https:\/\/simchocolate.com\/es\/"},{"@type":"ListItem","position":2,"name":"Productos","item":"https:\/\/simchocolate.com\/es\/shop\/"},{"@type":"ListItem","position":3,"name":"Caja de 2 Corazones Para Enamorados"}]},{"@type":"WebSite","@id":"https:\/\/simchocolate.com\/es\/#website","url":"https:\/\/simchocolate.com\/es\/","name":"SIM Chocolate","description":"Do amor incondicional entre uma m\u00e3e e sua filha, nasce a marca SIM Bombons no Natal de 2014","potentialAction":[{"@type":"SearchAction","target":{"@type":"EntryPoint","urlTemplate":"https:\/\/simchocolate.com\/es\/?s={search_term_string}"},"query-input":{"@type":"PropertyValueSpecification","valueRequired":true,"valueName":"search_term_string"}}],"inLanguage":"es"}]}},"_links":{"self":[{"href":"https:\/\/simchocolate.com\/es\/wp-json\/wp\/v2\/product\/10158","targetHints":{"allow":["GET"]}}],"collection":[{"href":"https:\/\/simchocolate.com\/es\/wp-json\/wp\/v2\/product"}],"about":[{"href":"https:\/\/simchocolate.com\/es\/wp-json\/wp\/v2\/types\/product"}],"replies":[{"embeddable":true,"href":"https:\/\/simchocolate.com\/es\/wp-json\/wp\/v2\/comments?post=10158"}],"wp:featuredmedia":[{"embeddable":true,"href":"https:\/\/simchocolate.com\/es\/wp-json\/wp\/v2\/media\/10545"}],"wp:attachment":[{"href":"https:\/\/simchocolate.com\/es\/wp-json\/wp\/v2\/media?parent=10158"}],"wp:term":[{"taxonomy":"product_brand","embeddable":true,"href":"https:\/\/simchocolate.com\/es\/wp-json\/wp\/v2\/product_brand?post=10158"},{"taxonomy":"product_cat","embeddable":true,"href":"https:\/\/simchocolate.com\/es\/wp-json\/wp\/v2\/product_cat?post=10158"},{"taxonomy":"product_tag","embeddable":true,"href":"https:\/\/simchocolate.com\/es\/wp-json\/wp\/v2\/product_tag?post=10158"}],"curies":[{"name":"wp","href":"https:\/\/api.w.org\/{rel}","templated":true}]}}