{"id":10166,"date":"2025-01-17T09:13:50","date_gmt":"2025-01-17T09:13:50","guid":{"rendered":"https:\/\/simchocolate.com\/produto\/mochila-para-enamorados\/"},"modified":"2025-01-17T09:13:50","modified_gmt":"2025-01-17T09:13:50","slug":"mochila-para-enamorados","status":"publish","type":"product","link":"https:\/\/simchocolate.com\/es\/produto\/mochila-para-enamorados\/","title":{"rendered":"Mochila para enamorados"},"content":{"rendered":"<p style=\"text-align: left\">Pack For Lovers es la expresi\u00f3n perfecta del amor en forma de chocolate. Esta selecci\u00f3n incluye una caja de 9 <strong>bombones <\/strong> gourmet: <strong>sabores ex\u00f3ticos como fruta de la pasi\u00f3n con especias, guindilla con chocolate blanco y frutos rojos. <\/strong>  <\/p>\n<p style=\"text-align: left\">Para rematar, una tableta de chocolate blanco con frambuesas, que combina suavidad y frescura. Este pack est\u00e1 pensado para deleitar y sorprender, ideal para regalar a tu media naranja en ocasiones especiales como San Valent\u00edn. <\/p>\n<p style=\"text-align: left\"><strong>Reg\u00e1late esta experiencia \u00fanica y haz que sea un momento inolvidable.<\/strong><\/p>\n","protected":false},"excerpt":{"rendered":"<p>El Pack Para Enamorados perfecto para momentos rom\u00e1nticos.<\/p>\n<p><strong>Cada envase contiene:<\/strong><\/p>\n<ul>\n<li>1 Caja de 9 bombones For Lovers<\/li>\n<li>1 tableta de chocolate con leche<\/li>\n<li>1 postal<\/li>\n<li>1 bol\u00edgrafo<\/li>\n<\/ul>\n","protected":false},"featured_media":10572,"comment_status":"open","ping_status":"closed","template":"","meta":[],"product_brand":[],"product_cat":[190],"product_tag":[],"class_list":{"0":"post-10166","1":"product","2":"type-product","3":"status-publish","4":"has-post-thumbnail","6":"product_cat-todo-el-chocolate","7":"edicoes-para-enamorados","9":"first","10":"instock","11":"sale","12":"shipping-taxable","13":"purchasable","14":"product-type-simple"},"yoast_head":"<!-- This site is optimized with the Yoast SEO plugin v27.2 - https:\/\/yoast.com\/product\/yoast-seo-wordpress\/ -->\n<title>Pack Para Enamorados | San Valent\u00edn<\/title>\n<meta name=\"description\" content=\"Descubre el Pack Para Enamorados: 9 bombones ex\u00f3ticos y una tableta de chocolate blanco con frambuesas. El regalo rom\u00e1ntico perfecto para celebrar el amor.\" \/>\n<meta name=\"robots\" content=\"index, follow, max-snippet:-1, max-image-preview:large, max-video-preview:-1\" \/>\n<link rel=\"canonical\" href=\"https:\/\/simchocolate.com\/es\/produto\/mochila-para-enamorados\/\" \/>\n<meta property=\"og:locale\" content=\"es_ES\" \/>\n<meta property=\"og:type\" content=\"article\" \/>\n<meta property=\"og:title\" content=\"Pack Para Enamorados | San Valent\u00edn\" \/>\n<meta property=\"og:description\" content=\"Descubre el Pack Para Enamorados: 9 bombones ex\u00f3ticos y una tableta de chocolate blanco con frambuesas. El regalo rom\u00e1ntico perfecto para celebrar el amor.\" \/>\n<meta property=\"og:url\" content=\"https:\/\/simchocolate.com\/es\/produto\/mochila-para-enamorados\/\" \/>\n<meta property=\"og:site_name\" content=\"SIM Chocolate\" \/>\n<meta property=\"article:publisher\" content=\"https:\/\/www.facebook.com\/SimBombons\" \/>\n<meta property=\"og:image\" content=\"https:\/\/simchocolate.com\/wp-content\/uploads\/2025\/01\/Pack1-Photoroom.jpg\" \/>\n\t<meta property=\"og:image:width\" content=\"1000\" \/>\n\t<meta property=\"og:image:height\" content=\"1000\" \/>\n\t<meta property=\"og:image:type\" content=\"image\/jpeg\" \/>\n<meta name=\"twitter:card\" content=\"summary_large_image\" \/>\n<script type=\"application\/ld+json\" class=\"yoast-schema-graph\">{\"@context\":\"https:\/\/schema.org\",\"@graph\":[{\"@type\":\"WebPage\",\"@id\":\"https:\/\/simchocolate.com\/es\/produto\/mochila-para-enamorados\/\",\"url\":\"https:\/\/simchocolate.com\/es\/produto\/mochila-para-enamorados\/\",\"name\":\"Pack Para Enamorados | San Valent\u00edn\",\"isPartOf\":{\"@id\":\"https:\/\/simchocolate.com\/es\/#website\"},\"primaryImageOfPage\":{\"@id\":\"https:\/\/simchocolate.com\/es\/produto\/mochila-para-enamorados\/#primaryimage\"},\"image\":{\"@id\":\"https:\/\/simchocolate.com\/es\/produto\/mochila-para-enamorados\/#primaryimage\"},\"thumbnailUrl\":\"https:\/\/simchocolate.com\/wp-content\/uploads\/2025\/01\/IMG_8333.jpg\",\"datePublished\":\"2025-01-17T09:13:50+00:00\",\"description\":\"Descubre el Pack Para Enamorados: 9 bombones ex\u00f3ticos y una tableta de chocolate blanco con frambuesas. El regalo rom\u00e1ntico perfecto para celebrar el amor.\",\"breadcrumb\":{\"@id\":\"https:\/\/simchocolate.com\/es\/produto\/mochila-para-enamorados\/#breadcrumb\"},\"inLanguage\":\"es\",\"potentialAction\":[{\"@type\":\"ReadAction\",\"target\":[\"https:\/\/simchocolate.com\/es\/produto\/mochila-para-enamorados\/\"]}]},{\"@type\":\"ImageObject\",\"inLanguage\":\"es\",\"@id\":\"https:\/\/simchocolate.com\/es\/produto\/mochila-para-enamorados\/#primaryimage\",\"url\":\"https:\/\/simchocolate.com\/wp-content\/uploads\/2025\/01\/IMG_8333.jpg\",\"contentUrl\":\"https:\/\/simchocolate.com\/wp-content\/uploads\/2025\/01\/IMG_8333.jpg\",\"width\":1000,\"height\":1000,\"caption\":\"pack for lovers\"},{\"@type\":\"BreadcrumbList\",\"@id\":\"https:\/\/simchocolate.com\/es\/produto\/mochila-para-enamorados\/#breadcrumb\",\"itemListElement\":[{\"@type\":\"ListItem\",\"position\":1,\"name\":\"In\u00edcio\",\"item\":\"https:\/\/simchocolate.com\/es\/\"},{\"@type\":\"ListItem\",\"position\":2,\"name\":\"Productos\",\"item\":\"https:\/\/simchocolate.com\/es\/shop\/\"},{\"@type\":\"ListItem\",\"position\":3,\"name\":\"Mochila para enamorados\"}]},{\"@type\":\"WebSite\",\"@id\":\"https:\/\/simchocolate.com\/es\/#website\",\"url\":\"https:\/\/simchocolate.com\/es\/\",\"name\":\"SIM Chocolate\",\"description\":\"Do amor incondicional entre uma m\u00e3e e sua filha, nasce a marca SIM Bombons no Natal de 2014\",\"potentialAction\":[{\"@type\":\"SearchAction\",\"target\":{\"@type\":\"EntryPoint\",\"urlTemplate\":\"https:\/\/simchocolate.com\/es\/?s={search_term_string}\"},\"query-input\":{\"@type\":\"PropertyValueSpecification\",\"valueRequired\":true,\"valueName\":\"search_term_string\"}}],\"inLanguage\":\"es\"}]}<\/script>\n<!-- \/ Yoast SEO plugin. -->","yoast_head_json":{"title":"Pack Para Enamorados | San Valent\u00edn","description":"Descubre el Pack Para Enamorados: 9 bombones ex\u00f3ticos y una tableta de chocolate blanco con frambuesas. El regalo rom\u00e1ntico perfecto para celebrar el amor.","robots":{"index":"index","follow":"follow","max-snippet":"max-snippet:-1","max-image-preview":"max-image-preview:large","max-video-preview":"max-video-preview:-1"},"canonical":"https:\/\/simchocolate.com\/es\/produto\/mochila-para-enamorados\/","og_locale":"es_ES","og_type":"article","og_title":"Pack Para Enamorados | San Valent\u00edn","og_description":"Descubre el Pack Para Enamorados: 9 bombones ex\u00f3ticos y una tableta de chocolate blanco con frambuesas. El regalo rom\u00e1ntico perfecto para celebrar el amor.","og_url":"https:\/\/simchocolate.com\/es\/produto\/mochila-para-enamorados\/","og_site_name":"SIM Chocolate","article_publisher":"https:\/\/www.facebook.com\/SimBombons","og_image":[{"width":1000,"height":1000,"url":"https:\/\/simchocolate.com\/wp-content\/uploads\/2025\/01\/Pack1-Photoroom.jpg","type":"image\/jpeg"}],"twitter_card":"summary_large_image","schema":{"@context":"https:\/\/schema.org","@graph":[{"@type":"WebPage","@id":"https:\/\/simchocolate.com\/es\/produto\/mochila-para-enamorados\/","url":"https:\/\/simchocolate.com\/es\/produto\/mochila-para-enamorados\/","name":"Pack Para Enamorados | San Valent\u00edn","isPartOf":{"@id":"https:\/\/simchocolate.com\/es\/#website"},"primaryImageOfPage":{"@id":"https:\/\/simchocolate.com\/es\/produto\/mochila-para-enamorados\/#primaryimage"},"image":{"@id":"https:\/\/simchocolate.com\/es\/produto\/mochila-para-enamorados\/#primaryimage"},"thumbnailUrl":"https:\/\/simchocolate.com\/wp-content\/uploads\/2025\/01\/IMG_8333.jpg","datePublished":"2025-01-17T09:13:50+00:00","description":"Descubre el Pack Para Enamorados: 9 bombones ex\u00f3ticos y una tableta de chocolate blanco con frambuesas. El regalo rom\u00e1ntico perfecto para celebrar el amor.","breadcrumb":{"@id":"https:\/\/simchocolate.com\/es\/produto\/mochila-para-enamorados\/#breadcrumb"},"inLanguage":"es","potentialAction":[{"@type":"ReadAction","target":["https:\/\/simchocolate.com\/es\/produto\/mochila-para-enamorados\/"]}]},{"@type":"ImageObject","inLanguage":"es","@id":"https:\/\/simchocolate.com\/es\/produto\/mochila-para-enamorados\/#primaryimage","url":"https:\/\/simchocolate.com\/wp-content\/uploads\/2025\/01\/IMG_8333.jpg","contentUrl":"https:\/\/simchocolate.com\/wp-content\/uploads\/2025\/01\/IMG_8333.jpg","width":1000,"height":1000,"caption":"pack for lovers"},{"@type":"BreadcrumbList","@id":"https:\/\/simchocolate.com\/es\/produto\/mochila-para-enamorados\/#breadcrumb","itemListElement":[{"@type":"ListItem","position":1,"name":"In\u00edcio","item":"https:\/\/simchocolate.com\/es\/"},{"@type":"ListItem","position":2,"name":"Productos","item":"https:\/\/simchocolate.com\/es\/shop\/"},{"@type":"ListItem","position":3,"name":"Mochila para enamorados"}]},{"@type":"WebSite","@id":"https:\/\/simchocolate.com\/es\/#website","url":"https:\/\/simchocolate.com\/es\/","name":"SIM Chocolate","description":"Do amor incondicional entre uma m\u00e3e e sua filha, nasce a marca SIM Bombons no Natal de 2014","potentialAction":[{"@type":"SearchAction","target":{"@type":"EntryPoint","urlTemplate":"https:\/\/simchocolate.com\/es\/?s={search_term_string}"},"query-input":{"@type":"PropertyValueSpecification","valueRequired":true,"valueName":"search_term_string"}}],"inLanguage":"es"}]}},"_links":{"self":[{"href":"https:\/\/simchocolate.com\/es\/wp-json\/wp\/v2\/product\/10166","targetHints":{"allow":["GET"]}}],"collection":[{"href":"https:\/\/simchocolate.com\/es\/wp-json\/wp\/v2\/product"}],"about":[{"href":"https:\/\/simchocolate.com\/es\/wp-json\/wp\/v2\/types\/product"}],"replies":[{"embeddable":true,"href":"https:\/\/simchocolate.com\/es\/wp-json\/wp\/v2\/comments?post=10166"}],"wp:featuredmedia":[{"embeddable":true,"href":"https:\/\/simchocolate.com\/es\/wp-json\/wp\/v2\/media\/10572"}],"wp:attachment":[{"href":"https:\/\/simchocolate.com\/es\/wp-json\/wp\/v2\/media?parent=10166"}],"wp:term":[{"taxonomy":"product_brand","embeddable":true,"href":"https:\/\/simchocolate.com\/es\/wp-json\/wp\/v2\/product_brand?post=10166"},{"taxonomy":"product_cat","embeddable":true,"href":"https:\/\/simchocolate.com\/es\/wp-json\/wp\/v2\/product_cat?post=10166"},{"taxonomy":"product_tag","embeddable":true,"href":"https:\/\/simchocolate.com\/es\/wp-json\/wp\/v2\/product_tag?post=10166"}],"curies":[{"name":"wp","href":"https:\/\/api.w.org\/{rel}","templated":true}]}}