{"id":10173,"date":"2025-01-17T09:28:11","date_gmt":"2025-01-17T09:28:11","guid":{"rendered":"https:\/\/simchocolate.com\/produto\/pack-corazones-para-enamorados\/"},"modified":"2025-01-17T09:28:11","modified_gmt":"2025-01-17T09:28:11","slug":"pack-corazones-para-enamorados","status":"publish","type":"product","link":"https:\/\/simchocolate.com\/es\/produto\/pack-corazones-para-enamorados\/","title":{"rendered":"Pack Corazones Para Enamorados"},"content":{"rendered":"<p>Sorprende con el Pack Para Enamorados, <strong>una celebraci\u00f3n dulce y rom\u00e1ntica para momentos especiales.<\/strong> Este pack incluye una caja con 7 corazones de chocolate de distintos sabores, como negro con especias, leche con caramelo y blanco con caramelo, que ofrecen una experiencia de degustaci\u00f3n \u00fanica.<\/p>\n<p>Adem\u00e1s, incluye una caja con un gran coraz\u00f3n relleno de una deliciosa mezcla de frutos secos, que combina sabor y textura de forma sofisticada.<\/p>\n<p>Ideal para San Valent\u00edn o para sorprender a tu pareja, este pack es la uni\u00f3n perfecta de sabor y romanticismo.<\/p>\n<p> *Conservar a<strong> una temperatura entre 16\u00ba &#8211; 20\u00ba grados<\/strong><\/p>\n","protected":false},"excerpt":{"rendered":"<p>El Pack Para Enamorados incluye una irresistible selecci\u00f3n de chocolate. El regalo perfecto para endulzarte el d\u00eda. <\/p>\n<p><strong>Este paquete contiene<\/strong><\/p>\n<ul>\n<li>Caja de 7 corazones<\/li>\n<li>Corazones crujientes<\/li>\n<li>1 bol\u00edgrafo<\/li>\n<li>1 Postal para enamorados<\/li>\n<\/ul>\n","protected":false},"featured_media":10595,"comment_status":"open","ping_status":"closed","template":"","meta":[],"product_brand":[],"product_cat":[190],"product_tag":[],"class_list":{"0":"post-10173","1":"product","2":"type-product","3":"status-publish","4":"has-post-thumbnail","6":"product_cat-todo-el-chocolate","7":"edicoes-para-enamorados","9":"first","10":"instock","11":"sale","12":"shipping-taxable","13":"purchasable","14":"product-type-simple"},"yoast_head":"<!-- This site is optimized with the Yoast SEO plugin v27.2 - https:\/\/yoast.com\/product\/yoast-seo-wordpress\/ -->\n<title>Pack Corazones Para Enamorados | D\u00eda de San Valent\u00edn<\/title>\n<meta name=\"description\" content=\"Descubre el Pack Para Enamorados: una caja con 7 corazones de chocolate surtidos y otra con un coraz\u00f3n de mezcla de frutos secos.\" \/>\n<meta name=\"robots\" content=\"index, follow, max-snippet:-1, max-image-preview:large, max-video-preview:-1\" \/>\n<link rel=\"canonical\" href=\"https:\/\/simchocolate.com\/es\/produto\/pack-corazones-para-enamorados\/\" \/>\n<meta property=\"og:locale\" content=\"es_ES\" \/>\n<meta property=\"og:type\" content=\"article\" \/>\n<meta property=\"og:title\" content=\"Pack Corazones Para Enamorados | D\u00eda de San Valent\u00edn\" \/>\n<meta property=\"og:description\" content=\"Descubre el Pack Para Enamorados: una caja con 7 corazones de chocolate surtidos y otra con un coraz\u00f3n de mezcla de frutos secos.\" \/>\n<meta property=\"og:url\" content=\"https:\/\/simchocolate.com\/es\/produto\/pack-corazones-para-enamorados\/\" \/>\n<meta property=\"og:site_name\" content=\"SIM Chocolate\" \/>\n<meta property=\"article:publisher\" content=\"https:\/\/www.facebook.com\/SimBombons\" \/>\n<meta property=\"og:image\" content=\"https:\/\/simchocolate.com\/wp-content\/uploads\/2025\/01\/Pack-2-Photoroom-1.jpg\" \/>\n\t<meta property=\"og:image:width\" content=\"1000\" \/>\n\t<meta property=\"og:image:height\" content=\"1000\" \/>\n\t<meta property=\"og:image:type\" content=\"image\/jpeg\" \/>\n<meta name=\"twitter:card\" content=\"summary_large_image\" \/>\n<meta name=\"twitter:label1\" content=\"Tiempo de lectura\" \/>\n\t<meta name=\"twitter:data1\" content=\"1 minuto\" \/>\n<script type=\"application\/ld+json\" class=\"yoast-schema-graph\">{\"@context\":\"https:\/\/schema.org\",\"@graph\":[{\"@type\":\"WebPage\",\"@id\":\"https:\/\/simchocolate.com\/es\/produto\/pack-corazones-para-enamorados\/\",\"url\":\"https:\/\/simchocolate.com\/es\/produto\/pack-corazones-para-enamorados\/\",\"name\":\"Pack Corazones Para Enamorados | D\u00eda de San Valent\u00edn\",\"isPartOf\":{\"@id\":\"https:\/\/simchocolate.com\/es\/#website\"},\"primaryImageOfPage\":{\"@id\":\"https:\/\/simchocolate.com\/es\/produto\/pack-corazones-para-enamorados\/#primaryimage\"},\"image\":{\"@id\":\"https:\/\/simchocolate.com\/es\/produto\/pack-corazones-para-enamorados\/#primaryimage\"},\"thumbnailUrl\":\"https:\/\/simchocolate.com\/wp-content\/uploads\/2025\/01\/IMG_8338-1.jpg\",\"datePublished\":\"2025-01-17T09:28:11+00:00\",\"description\":\"Descubre el Pack Para Enamorados: una caja con 7 corazones de chocolate surtidos y otra con un coraz\u00f3n de mezcla de frutos secos.\",\"breadcrumb\":{\"@id\":\"https:\/\/simchocolate.com\/es\/produto\/pack-corazones-para-enamorados\/#breadcrumb\"},\"inLanguage\":\"es\",\"potentialAction\":[{\"@type\":\"ReadAction\",\"target\":[\"https:\/\/simchocolate.com\/es\/produto\/pack-corazones-para-enamorados\/\"]}]},{\"@type\":\"ImageObject\",\"inLanguage\":\"es\",\"@id\":\"https:\/\/simchocolate.com\/es\/produto\/pack-corazones-para-enamorados\/#primaryimage\",\"url\":\"https:\/\/simchocolate.com\/wp-content\/uploads\/2025\/01\/IMG_8338-1.jpg\",\"contentUrl\":\"https:\/\/simchocolate.com\/wp-content\/uploads\/2025\/01\/IMG_8338-1.jpg\",\"width\":1000,\"height\":1000,\"caption\":\"Pack de chocolates para o Dia dos Namorados\"},{\"@type\":\"BreadcrumbList\",\"@id\":\"https:\/\/simchocolate.com\/es\/produto\/pack-corazones-para-enamorados\/#breadcrumb\",\"itemListElement\":[{\"@type\":\"ListItem\",\"position\":1,\"name\":\"In\u00edcio\",\"item\":\"https:\/\/simchocolate.com\/es\/\"},{\"@type\":\"ListItem\",\"position\":2,\"name\":\"Productos\",\"item\":\"https:\/\/simchocolate.com\/es\/shop\/\"},{\"@type\":\"ListItem\",\"position\":3,\"name\":\"Pack Corazones Para Enamorados\"}]},{\"@type\":\"WebSite\",\"@id\":\"https:\/\/simchocolate.com\/es\/#website\",\"url\":\"https:\/\/simchocolate.com\/es\/\",\"name\":\"SIM Chocolate\",\"description\":\"Do amor incondicional entre uma m\u00e3e e sua filha, nasce a marca SIM Bombons no Natal de 2014\",\"potentialAction\":[{\"@type\":\"SearchAction\",\"target\":{\"@type\":\"EntryPoint\",\"urlTemplate\":\"https:\/\/simchocolate.com\/es\/?s={search_term_string}\"},\"query-input\":{\"@type\":\"PropertyValueSpecification\",\"valueRequired\":true,\"valueName\":\"search_term_string\"}}],\"inLanguage\":\"es\"}]}<\/script>\n<!-- \/ Yoast SEO plugin. -->","yoast_head_json":{"title":"Pack Corazones Para Enamorados | D\u00eda de San Valent\u00edn","description":"Descubre el Pack Para Enamorados: una caja con 7 corazones de chocolate surtidos y otra con un coraz\u00f3n de mezcla de frutos secos.","robots":{"index":"index","follow":"follow","max-snippet":"max-snippet:-1","max-image-preview":"max-image-preview:large","max-video-preview":"max-video-preview:-1"},"canonical":"https:\/\/simchocolate.com\/es\/produto\/pack-corazones-para-enamorados\/","og_locale":"es_ES","og_type":"article","og_title":"Pack Corazones Para Enamorados | D\u00eda de San Valent\u00edn","og_description":"Descubre el Pack Para Enamorados: una caja con 7 corazones de chocolate surtidos y otra con un coraz\u00f3n de mezcla de frutos secos.","og_url":"https:\/\/simchocolate.com\/es\/produto\/pack-corazones-para-enamorados\/","og_site_name":"SIM Chocolate","article_publisher":"https:\/\/www.facebook.com\/SimBombons","og_image":[{"width":1000,"height":1000,"url":"https:\/\/simchocolate.com\/wp-content\/uploads\/2025\/01\/Pack-2-Photoroom-1.jpg","type":"image\/jpeg"}],"twitter_card":"summary_large_image","twitter_misc":{"Tiempo de lectura":"1 minuto"},"schema":{"@context":"https:\/\/schema.org","@graph":[{"@type":"WebPage","@id":"https:\/\/simchocolate.com\/es\/produto\/pack-corazones-para-enamorados\/","url":"https:\/\/simchocolate.com\/es\/produto\/pack-corazones-para-enamorados\/","name":"Pack Corazones Para Enamorados | D\u00eda de San Valent\u00edn","isPartOf":{"@id":"https:\/\/simchocolate.com\/es\/#website"},"primaryImageOfPage":{"@id":"https:\/\/simchocolate.com\/es\/produto\/pack-corazones-para-enamorados\/#primaryimage"},"image":{"@id":"https:\/\/simchocolate.com\/es\/produto\/pack-corazones-para-enamorados\/#primaryimage"},"thumbnailUrl":"https:\/\/simchocolate.com\/wp-content\/uploads\/2025\/01\/IMG_8338-1.jpg","datePublished":"2025-01-17T09:28:11+00:00","description":"Descubre el Pack Para Enamorados: una caja con 7 corazones de chocolate surtidos y otra con un coraz\u00f3n de mezcla de frutos secos.","breadcrumb":{"@id":"https:\/\/simchocolate.com\/es\/produto\/pack-corazones-para-enamorados\/#breadcrumb"},"inLanguage":"es","potentialAction":[{"@type":"ReadAction","target":["https:\/\/simchocolate.com\/es\/produto\/pack-corazones-para-enamorados\/"]}]},{"@type":"ImageObject","inLanguage":"es","@id":"https:\/\/simchocolate.com\/es\/produto\/pack-corazones-para-enamorados\/#primaryimage","url":"https:\/\/simchocolate.com\/wp-content\/uploads\/2025\/01\/IMG_8338-1.jpg","contentUrl":"https:\/\/simchocolate.com\/wp-content\/uploads\/2025\/01\/IMG_8338-1.jpg","width":1000,"height":1000,"caption":"Pack de chocolates para o Dia dos Namorados"},{"@type":"BreadcrumbList","@id":"https:\/\/simchocolate.com\/es\/produto\/pack-corazones-para-enamorados\/#breadcrumb","itemListElement":[{"@type":"ListItem","position":1,"name":"In\u00edcio","item":"https:\/\/simchocolate.com\/es\/"},{"@type":"ListItem","position":2,"name":"Productos","item":"https:\/\/simchocolate.com\/es\/shop\/"},{"@type":"ListItem","position":3,"name":"Pack Corazones Para Enamorados"}]},{"@type":"WebSite","@id":"https:\/\/simchocolate.com\/es\/#website","url":"https:\/\/simchocolate.com\/es\/","name":"SIM Chocolate","description":"Do amor incondicional entre uma m\u00e3e e sua filha, nasce a marca SIM Bombons no Natal de 2014","potentialAction":[{"@type":"SearchAction","target":{"@type":"EntryPoint","urlTemplate":"https:\/\/simchocolate.com\/es\/?s={search_term_string}"},"query-input":{"@type":"PropertyValueSpecification","valueRequired":true,"valueName":"search_term_string"}}],"inLanguage":"es"}]}},"_links":{"self":[{"href":"https:\/\/simchocolate.com\/es\/wp-json\/wp\/v2\/product\/10173","targetHints":{"allow":["GET"]}}],"collection":[{"href":"https:\/\/simchocolate.com\/es\/wp-json\/wp\/v2\/product"}],"about":[{"href":"https:\/\/simchocolate.com\/es\/wp-json\/wp\/v2\/types\/product"}],"replies":[{"embeddable":true,"href":"https:\/\/simchocolate.com\/es\/wp-json\/wp\/v2\/comments?post=10173"}],"wp:featuredmedia":[{"embeddable":true,"href":"https:\/\/simchocolate.com\/es\/wp-json\/wp\/v2\/media\/10595"}],"wp:attachment":[{"href":"https:\/\/simchocolate.com\/es\/wp-json\/wp\/v2\/media?parent=10173"}],"wp:term":[{"taxonomy":"product_brand","embeddable":true,"href":"https:\/\/simchocolate.com\/es\/wp-json\/wp\/v2\/product_brand?post=10173"},{"taxonomy":"product_cat","embeddable":true,"href":"https:\/\/simchocolate.com\/es\/wp-json\/wp\/v2\/product_cat?post=10173"},{"taxonomy":"product_tag","embeddable":true,"href":"https:\/\/simchocolate.com\/es\/wp-json\/wp\/v2\/product_tag?post=10173"}],"curies":[{"name":"wp","href":"https:\/\/api.w.org\/{rel}","templated":true}]}}