{"id":10185,"date":"2025-02-25T10:59:14","date_gmt":"2025-02-25T10:59:14","guid":{"rendered":"https:\/\/simchocolate.com\/produto\/caja-de-2-napolitanas-de-chocolate-dia-de-la-mujer\/"},"modified":"2025-02-25T10:59:14","modified_gmt":"2025-02-25T10:59:14","slug":"caja-de-2-napolitanas-de-chocolate-dia-de-la-mujer","status":"publish","type":"product","link":"https:\/\/simchocolate.com\/es\/produto\/caja-de-2-napolitanas-de-chocolate-dia-de-la-mujer\/","title":{"rendered":"Caja de 2 napolitanas de chocolate D\u00eda de la Mujer"},"content":{"rendered":"<h3 style=\"text-align: left\" data-start=\"779\" data-end=\"829\">Un peque\u00f1o recuerdo con un gran significado<\/h3>\n<p style=\"text-align: left\">La Caja de 2 napolitanas de chocolate negro para el D\u00eda de la Mujer es la elecci\u00f3n ideal para un regalo delicado pero lleno de significado. Elaboradas con <strong data-start=\"1003\" data-end=\"1040\">chocolate negro de alta calidad<\/strong>, estas napolitanas proporcionan un sabor intenso y refinado, perfecto para un momento de placer especial. El dise\u00f1o elegante y minimalista de la caja hace que este recuerdo sea a\u00fan m\u00e1s especial, transmitiendo afecto y aprecio al destinatario. \u00a1Celebra el D\u00eda de la Mujer con un gesto dulce y sofisticado!   <\/p>\n<p style=\"text-align: left\"><strong>** Para pedidos de m\u00e1s de 50 unidades, env\u00eda un correo electr\u00f3nico solicitando un presupuesto.<\/strong><\/p>\n<p>&nbsp;<\/p>\n","protected":false},"excerpt":{"rendered":"<p>Una delicada caja de 2 napolitanas de chocolate negro, ideal para homenajear a mujeres especiales con un regalo simb\u00f3lico, elegante y sabroso.<\/p>\n","protected":false},"featured_media":10714,"comment_status":"open","ping_status":"closed","template":"","meta":[],"product_brand":[],"product_cat":[186],"product_tag":[],"class_list":{"0":"post-10185","1":"product","2":"type-product","3":"status-publish","4":"has-post-thumbnail","6":"product_cat-napolitanas-de-chocolate","8":"first","9":"outofstock","10":"shipping-taxable","11":"purchasable","12":"product-type-simple"},"yoast_head":"<!-- This site is optimized with the Yoast SEO plugin v27.5 - https:\/\/yoast.com\/product\/yoast-seo-wordpress\/ -->\n<title>Caja de 2 napolitanas de chocolate D\u00eda de la Mujer | SIM Chocolate<\/title>\n<meta name=\"description\" content=\"\u00a1Regala una caja de 2 napolitanas de chocolate negro como obsequio sofisticado y delicioso para celebrar el D\u00eda de la Mujer con cari\u00f1o y refinamiento!\" \/>\n<meta name=\"robots\" content=\"index, follow, max-snippet:-1, max-image-preview:large, max-video-preview:-1\" \/>\n<link rel=\"canonical\" href=\"https:\/\/simchocolate.com\/es\/produto\/caja-de-2-napolitanas-de-chocolate-dia-de-la-mujer\/\" \/>\n<meta property=\"og:locale\" content=\"es_ES\" \/>\n<meta property=\"og:type\" content=\"article\" \/>\n<meta property=\"og:title\" content=\"Caja de 2 napolitanas de chocolate D\u00eda de la Mujer | SIM Chocolate\" \/>\n<meta property=\"og:description\" content=\"\u00a1Regala una caja de 2 napolitanas de chocolate negro como obsequio sofisticado y delicioso para celebrar el D\u00eda de la Mujer con cari\u00f1o y refinamiento!\" \/>\n<meta property=\"og:url\" content=\"https:\/\/simchocolate.com\/es\/produto\/caja-de-2-napolitanas-de-chocolate-dia-de-la-mujer\/\" \/>\n<meta property=\"og:site_name\" content=\"SIM Chocolate\" \/>\n<meta property=\"article:publisher\" content=\"https:\/\/www.facebook.com\/SimBombons\" \/>\n<meta property=\"og:image\" content=\"https:\/\/simchocolate.com\/wp-content\/uploads\/2025\/02\/caixa-2-napolitanas.jpg\" \/>\n\t<meta property=\"og:image:width\" content=\"1000\" \/>\n\t<meta property=\"og:image:height\" content=\"1000\" \/>\n\t<meta property=\"og:image:type\" content=\"image\/jpeg\" \/>\n<meta name=\"twitter:card\" content=\"summary_large_image\" \/>\n<meta name=\"twitter:label1\" content=\"Tiempo de lectura\" \/>\n\t<meta name=\"twitter:data1\" content=\"1 minuto\" \/>\n<script type=\"application\/ld+json\" class=\"yoast-schema-graph\">{\"@context\":\"https:\\\/\\\/schema.org\",\"@graph\":[{\"@type\":\"WebPage\",\"@id\":\"https:\\\/\\\/simchocolate.com\\\/es\\\/produto\\\/caja-de-2-napolitanas-de-chocolate-dia-de-la-mujer\\\/\",\"url\":\"https:\\\/\\\/simchocolate.com\\\/es\\\/produto\\\/caja-de-2-napolitanas-de-chocolate-dia-de-la-mujer\\\/\",\"name\":\"Caja de 2 napolitanas de chocolate D\u00eda de la Mujer | SIM Chocolate\",\"isPartOf\":{\"@id\":\"https:\\\/\\\/simchocolate.com\\\/es\\\/#website\"},\"primaryImageOfPage\":{\"@id\":\"https:\\\/\\\/simchocolate.com\\\/es\\\/produto\\\/caja-de-2-napolitanas-de-chocolate-dia-de-la-mujer\\\/#primaryimage\"},\"image\":{\"@id\":\"https:\\\/\\\/simchocolate.com\\\/es\\\/produto\\\/caja-de-2-napolitanas-de-chocolate-dia-de-la-mujer\\\/#primaryimage\"},\"thumbnailUrl\":\"https:\\\/\\\/simchocolate.com\\\/wp-content\\\/uploads\\\/2025\\\/02\\\/caixa-2-napolitanas.jpg\",\"datePublished\":\"2025-02-25T10:59:14+00:00\",\"description\":\"\u00a1Regala una caja de 2 napolitanas de chocolate negro como obsequio sofisticado y delicioso para celebrar el D\u00eda de la Mujer con cari\u00f1o y refinamiento!\",\"breadcrumb\":{\"@id\":\"https:\\\/\\\/simchocolate.com\\\/es\\\/produto\\\/caja-de-2-napolitanas-de-chocolate-dia-de-la-mujer\\\/#breadcrumb\"},\"inLanguage\":\"es\",\"potentialAction\":[{\"@type\":\"ReadAction\",\"target\":[\"https:\\\/\\\/simchocolate.com\\\/es\\\/produto\\\/caja-de-2-napolitanas-de-chocolate-dia-de-la-mujer\\\/\"]}]},{\"@type\":\"ImageObject\",\"inLanguage\":\"es\",\"@id\":\"https:\\\/\\\/simchocolate.com\\\/es\\\/produto\\\/caja-de-2-napolitanas-de-chocolate-dia-de-la-mujer\\\/#primaryimage\",\"url\":\"https:\\\/\\\/simchocolate.com\\\/wp-content\\\/uploads\\\/2025\\\/02\\\/caixa-2-napolitanas.jpg\",\"contentUrl\":\"https:\\\/\\\/simchocolate.com\\\/wp-content\\\/uploads\\\/2025\\\/02\\\/caixa-2-napolitanas.jpg\",\"width\":1000,\"height\":1000,\"caption\":\"Caixa de 2 Napolitanas Dia da Mulher de Chocolate Negro\"},{\"@type\":\"BreadcrumbList\",\"@id\":\"https:\\\/\\\/simchocolate.com\\\/es\\\/produto\\\/caja-de-2-napolitanas-de-chocolate-dia-de-la-mujer\\\/#breadcrumb\",\"itemListElement\":[{\"@type\":\"ListItem\",\"position\":1,\"name\":\"In\u00edcio\",\"item\":\"https:\\\/\\\/simchocolate.com\\\/es\\\/\"},{\"@type\":\"ListItem\",\"position\":2,\"name\":\"Productos\",\"item\":\"https:\\\/\\\/simchocolate.com\\\/es\\\/shop\\\/\"},{\"@type\":\"ListItem\",\"position\":3,\"name\":\"Caja de 2 napolitanas de chocolate D\u00eda de la Mujer\"}]},{\"@type\":\"WebSite\",\"@id\":\"https:\\\/\\\/simchocolate.com\\\/es\\\/#website\",\"url\":\"https:\\\/\\\/simchocolate.com\\\/es\\\/\",\"name\":\"SIM Chocolate\",\"description\":\"Do amor incondicional entre uma m\u00e3e e sua filha, nasce a marca SIM Bombons no Natal de 2014\",\"potentialAction\":[{\"@type\":\"SearchAction\",\"target\":{\"@type\":\"EntryPoint\",\"urlTemplate\":\"https:\\\/\\\/simchocolate.com\\\/es\\\/?s={search_term_string}\"},\"query-input\":{\"@type\":\"PropertyValueSpecification\",\"valueRequired\":true,\"valueName\":\"search_term_string\"}}],\"inLanguage\":\"es\"}]}<\/script>\n<!-- \/ Yoast SEO plugin. -->","yoast_head_json":{"title":"Caja de 2 napolitanas de chocolate D\u00eda de la Mujer | SIM Chocolate","description":"\u00a1Regala una caja de 2 napolitanas de chocolate negro como obsequio sofisticado y delicioso para celebrar el D\u00eda de la Mujer con cari\u00f1o y refinamiento!","robots":{"index":"index","follow":"follow","max-snippet":"max-snippet:-1","max-image-preview":"max-image-preview:large","max-video-preview":"max-video-preview:-1"},"canonical":"https:\/\/simchocolate.com\/es\/produto\/caja-de-2-napolitanas-de-chocolate-dia-de-la-mujer\/","og_locale":"es_ES","og_type":"article","og_title":"Caja de 2 napolitanas de chocolate D\u00eda de la Mujer | SIM Chocolate","og_description":"\u00a1Regala una caja de 2 napolitanas de chocolate negro como obsequio sofisticado y delicioso para celebrar el D\u00eda de la Mujer con cari\u00f1o y refinamiento!","og_url":"https:\/\/simchocolate.com\/es\/produto\/caja-de-2-napolitanas-de-chocolate-dia-de-la-mujer\/","og_site_name":"SIM Chocolate","article_publisher":"https:\/\/www.facebook.com\/SimBombons","og_image":[{"width":1000,"height":1000,"url":"https:\/\/simchocolate.com\/wp-content\/uploads\/2025\/02\/caixa-2-napolitanas.jpg","type":"image\/jpeg"}],"twitter_card":"summary_large_image","twitter_misc":{"Tiempo de lectura":"1 minuto"},"schema":{"@context":"https:\/\/schema.org","@graph":[{"@type":"WebPage","@id":"https:\/\/simchocolate.com\/es\/produto\/caja-de-2-napolitanas-de-chocolate-dia-de-la-mujer\/","url":"https:\/\/simchocolate.com\/es\/produto\/caja-de-2-napolitanas-de-chocolate-dia-de-la-mujer\/","name":"Caja de 2 napolitanas de chocolate D\u00eda de la Mujer | SIM Chocolate","isPartOf":{"@id":"https:\/\/simchocolate.com\/es\/#website"},"primaryImageOfPage":{"@id":"https:\/\/simchocolate.com\/es\/produto\/caja-de-2-napolitanas-de-chocolate-dia-de-la-mujer\/#primaryimage"},"image":{"@id":"https:\/\/simchocolate.com\/es\/produto\/caja-de-2-napolitanas-de-chocolate-dia-de-la-mujer\/#primaryimage"},"thumbnailUrl":"https:\/\/simchocolate.com\/wp-content\/uploads\/2025\/02\/caixa-2-napolitanas.jpg","datePublished":"2025-02-25T10:59:14+00:00","description":"\u00a1Regala una caja de 2 napolitanas de chocolate negro como obsequio sofisticado y delicioso para celebrar el D\u00eda de la Mujer con cari\u00f1o y refinamiento!","breadcrumb":{"@id":"https:\/\/simchocolate.com\/es\/produto\/caja-de-2-napolitanas-de-chocolate-dia-de-la-mujer\/#breadcrumb"},"inLanguage":"es","potentialAction":[{"@type":"ReadAction","target":["https:\/\/simchocolate.com\/es\/produto\/caja-de-2-napolitanas-de-chocolate-dia-de-la-mujer\/"]}]},{"@type":"ImageObject","inLanguage":"es","@id":"https:\/\/simchocolate.com\/es\/produto\/caja-de-2-napolitanas-de-chocolate-dia-de-la-mujer\/#primaryimage","url":"https:\/\/simchocolate.com\/wp-content\/uploads\/2025\/02\/caixa-2-napolitanas.jpg","contentUrl":"https:\/\/simchocolate.com\/wp-content\/uploads\/2025\/02\/caixa-2-napolitanas.jpg","width":1000,"height":1000,"caption":"Caixa de 2 Napolitanas Dia da Mulher de Chocolate Negro"},{"@type":"BreadcrumbList","@id":"https:\/\/simchocolate.com\/es\/produto\/caja-de-2-napolitanas-de-chocolate-dia-de-la-mujer\/#breadcrumb","itemListElement":[{"@type":"ListItem","position":1,"name":"In\u00edcio","item":"https:\/\/simchocolate.com\/es\/"},{"@type":"ListItem","position":2,"name":"Productos","item":"https:\/\/simchocolate.com\/es\/shop\/"},{"@type":"ListItem","position":3,"name":"Caja de 2 napolitanas de chocolate D\u00eda de la Mujer"}]},{"@type":"WebSite","@id":"https:\/\/simchocolate.com\/es\/#website","url":"https:\/\/simchocolate.com\/es\/","name":"SIM Chocolate","description":"Do amor incondicional entre uma m\u00e3e e sua filha, nasce a marca SIM Bombons no Natal de 2014","potentialAction":[{"@type":"SearchAction","target":{"@type":"EntryPoint","urlTemplate":"https:\/\/simchocolate.com\/es\/?s={search_term_string}"},"query-input":{"@type":"PropertyValueSpecification","valueRequired":true,"valueName":"search_term_string"}}],"inLanguage":"es"}]}},"_links":{"self":[{"href":"https:\/\/simchocolate.com\/es\/wp-json\/wp\/v2\/product\/10185","targetHints":{"allow":["GET"]}}],"collection":[{"href":"https:\/\/simchocolate.com\/es\/wp-json\/wp\/v2\/product"}],"about":[{"href":"https:\/\/simchocolate.com\/es\/wp-json\/wp\/v2\/types\/product"}],"replies":[{"embeddable":true,"href":"https:\/\/simchocolate.com\/es\/wp-json\/wp\/v2\/comments?post=10185"}],"wp:featuredmedia":[{"embeddable":true,"href":"https:\/\/simchocolate.com\/es\/wp-json\/wp\/v2\/media\/10714"}],"wp:attachment":[{"href":"https:\/\/simchocolate.com\/es\/wp-json\/wp\/v2\/media?parent=10185"}],"wp:term":[{"taxonomy":"product_brand","embeddable":true,"href":"https:\/\/simchocolate.com\/es\/wp-json\/wp\/v2\/product_brand?post=10185"},{"taxonomy":"product_cat","embeddable":true,"href":"https:\/\/simchocolate.com\/es\/wp-json\/wp\/v2\/product_cat?post=10185"},{"taxonomy":"product_tag","embeddable":true,"href":"https:\/\/simchocolate.com\/es\/wp-json\/wp\/v2\/product_tag?post=10185"}],"curies":[{"name":"wp","href":"https:\/\/api.w.org\/{rel}","templated":true}]}}