{"id":10197,"date":"2025-03-07T11:11:28","date_gmt":"2025-03-07T11:11:28","guid":{"rendered":"https:\/\/simchocolate.com\/produto\/caja-de-4-bombones-my-king\/"},"modified":"2025-03-07T11:11:28","modified_gmt":"2025-03-07T11:11:28","slug":"caja-de-4-bombones-my-king","status":"publish","type":"product","link":"https:\/\/simchocolate.com\/es\/produto\/caja-de-4-bombones-my-king\/","title":{"rendered":"Caja de 4 bombones My King"},"content":{"rendered":"<h5 style=\"text-align: left;\" data-start=\"732\" data-end=\"773\">Un regalo sofisticado para un rey<\/h5>\n<p style=\"text-align: left;\">La <strong data-start=\"805\" data-end=\"844\">Caja de 4<\/strong> Bombones <strong data-start=\"805\" data-end=\"844\">Surtidos Mi Rey<\/strong> es la elecci\u00f3n ideal para quienes aprecian los chocolates exquisitos y los momentos especiales. Cada bomb\u00f3n est\u00e1 cuidadosamente elaborado con <strong data-start=\"969\" data-end=\"990\">chocolate de primera calidad<\/strong> y rellenos irresistibles, proporcionando una experiencia \u00fanica con cada bocado. Esta caja dise\u00f1ada especialmente para el D\u00eda del Padre es perfecta para regalar al hombre m\u00e1s importante de tu vida. Con un dise\u00f1o elegante y sabores sofisticados, esta colecci\u00f3n convierte cualquier ocasi\u00f3n en un verdadero gesto de amor y agradecimiento.   <\/p>\n<p style=\"text-align: left;\"><strong>*Mantener a una temperatura entre 16\u00ba &#8211; 20\u00ba grados<\/strong><\/p>\n","protected":false},"excerpt":{"rendered":"<p data-start=\"552\" data-end=\"693\">Una exclusiva selecci\u00f3n de 4 bombones surtidos, creados con chocolate de primera calidad, ideales para celebrar momentos especiales con elegancia y sabor.<\/p>\n<h3 data-start=\"695\" data-end=\"731\"><\/h3>\n","protected":false},"featured_media":10809,"comment_status":"open","ping_status":"closed","template":"","meta":[],"product_brand":[],"product_cat":[190],"product_tag":[],"class_list":{"0":"post-10197","1":"product","2":"type-product","3":"status-publish","4":"has-post-thumbnail","6":"product_cat-todo-el-chocolate","7":"edicoes-especial-si","9":"first","10":"instock","11":"shipping-taxable","12":"purchasable","13":"product-type-simple"},"yoast_head":"<!-- This site is optimized with the Yoast SEO plugin v27.2 - https:\/\/yoast.com\/product\/yoast-seo-wordpress\/ -->\n<title>Caja de 4 bombones My King | SIM Chocolate<\/title>\n<meta name=\"description\" content=\"\u00a1Regala con refinamiento! La Caja de 4 Chocolates Surtidos Mi Rey se presenta en sabores sofisticados e irresistibles, perfectos para sorprender al hombre m\u00e1s importante.\" \/>\n<meta name=\"robots\" content=\"index, follow, max-snippet:-1, max-image-preview:large, max-video-preview:-1\" \/>\n<link rel=\"canonical\" href=\"https:\/\/simchocolate.com\/es\/produto\/caja-de-4-bombones-my-king\/\" \/>\n<meta property=\"og:locale\" content=\"es_ES\" \/>\n<meta property=\"og:type\" content=\"article\" \/>\n<meta property=\"og:title\" content=\"Caja de 4 bombones My King | SIM Chocolate\" \/>\n<meta property=\"og:description\" content=\"\u00a1Regala con refinamiento! La Caja de 4 Chocolates Surtidos Mi Rey se presenta en sabores sofisticados e irresistibles, perfectos para sorprender al hombre m\u00e1s importante.\" \/>\n<meta property=\"og:url\" content=\"https:\/\/simchocolate.com\/es\/produto\/caja-de-4-bombones-my-king\/\" \/>\n<meta property=\"og:site_name\" content=\"SIM Chocolate\" \/>\n<meta property=\"article:publisher\" content=\"https:\/\/www.facebook.com\/SimBombons\" \/>\n<meta property=\"og:image\" content=\"https:\/\/simchocolate.com\/wp-content\/uploads\/2025\/03\/Caixa-de-4-1-scaled.jpg\" \/>\n\t<meta property=\"og:image:width\" content=\"2560\" \/>\n\t<meta property=\"og:image:height\" content=\"2560\" \/>\n\t<meta property=\"og:image:type\" content=\"image\/jpeg\" \/>\n<meta name=\"twitter:card\" content=\"summary_large_image\" \/>\n<meta name=\"twitter:label1\" content=\"Tiempo de lectura\" \/>\n\t<meta name=\"twitter:data1\" content=\"1 minuto\" \/>\n<script type=\"application\/ld+json\" class=\"yoast-schema-graph\">{\"@context\":\"https:\/\/schema.org\",\"@graph\":[{\"@type\":\"WebPage\",\"@id\":\"https:\/\/simchocolate.com\/es\/produto\/caja-de-4-bombones-my-king\/\",\"url\":\"https:\/\/simchocolate.com\/es\/produto\/caja-de-4-bombones-my-king\/\",\"name\":\"Caja de 4 bombones My King | SIM Chocolate\",\"isPartOf\":{\"@id\":\"https:\/\/simchocolate.com\/es\/#website\"},\"primaryImageOfPage\":{\"@id\":\"https:\/\/simchocolate.com\/es\/produto\/caja-de-4-bombones-my-king\/#primaryimage\"},\"image\":{\"@id\":\"https:\/\/simchocolate.com\/es\/produto\/caja-de-4-bombones-my-king\/#primaryimage\"},\"thumbnailUrl\":\"https:\/\/simchocolate.com\/wp-content\/uploads\/2025\/03\/final1-3.jpg\",\"datePublished\":\"2025-03-07T11:11:28+00:00\",\"description\":\"\u00a1Regala con refinamiento! La Caja de 4 Chocolates Surtidos Mi Rey se presenta en sabores sofisticados e irresistibles, perfectos para sorprender al hombre m\u00e1s importante.\",\"breadcrumb\":{\"@id\":\"https:\/\/simchocolate.com\/es\/produto\/caja-de-4-bombones-my-king\/#breadcrumb\"},\"inLanguage\":\"es\",\"potentialAction\":[{\"@type\":\"ReadAction\",\"target\":[\"https:\/\/simchocolate.com\/es\/produto\/caja-de-4-bombones-my-king\/\"]}]},{\"@type\":\"ImageObject\",\"inLanguage\":\"es\",\"@id\":\"https:\/\/simchocolate.com\/es\/produto\/caja-de-4-bombones-my-king\/#primaryimage\",\"url\":\"https:\/\/simchocolate.com\/wp-content\/uploads\/2025\/03\/final1-3.jpg\",\"contentUrl\":\"https:\/\/simchocolate.com\/wp-content\/uploads\/2025\/03\/final1-3.jpg\",\"width\":1000,\"height\":1000,\"caption\":\"Caixa 4 Bombons My King\"},{\"@type\":\"BreadcrumbList\",\"@id\":\"https:\/\/simchocolate.com\/es\/produto\/caja-de-4-bombones-my-king\/#breadcrumb\",\"itemListElement\":[{\"@type\":\"ListItem\",\"position\":1,\"name\":\"In\u00edcio\",\"item\":\"https:\/\/simchocolate.com\/es\/\"},{\"@type\":\"ListItem\",\"position\":2,\"name\":\"Productos\",\"item\":\"https:\/\/simchocolate.com\/es\/shop\/\"},{\"@type\":\"ListItem\",\"position\":3,\"name\":\"Caja de 4 bombones My King\"}]},{\"@type\":\"WebSite\",\"@id\":\"https:\/\/simchocolate.com\/es\/#website\",\"url\":\"https:\/\/simchocolate.com\/es\/\",\"name\":\"SIM Chocolate\",\"description\":\"Do amor incondicional entre uma m\u00e3e e sua filha, nasce a marca SIM Bombons no Natal de 2014\",\"potentialAction\":[{\"@type\":\"SearchAction\",\"target\":{\"@type\":\"EntryPoint\",\"urlTemplate\":\"https:\/\/simchocolate.com\/es\/?s={search_term_string}\"},\"query-input\":{\"@type\":\"PropertyValueSpecification\",\"valueRequired\":true,\"valueName\":\"search_term_string\"}}],\"inLanguage\":\"es\"}]}<\/script>\n<!-- \/ Yoast SEO plugin. -->","yoast_head_json":{"title":"Caja de 4 bombones My King | SIM Chocolate","description":"\u00a1Regala con refinamiento! La Caja de 4 Chocolates Surtidos Mi Rey se presenta en sabores sofisticados e irresistibles, perfectos para sorprender al hombre m\u00e1s importante.","robots":{"index":"index","follow":"follow","max-snippet":"max-snippet:-1","max-image-preview":"max-image-preview:large","max-video-preview":"max-video-preview:-1"},"canonical":"https:\/\/simchocolate.com\/es\/produto\/caja-de-4-bombones-my-king\/","og_locale":"es_ES","og_type":"article","og_title":"Caja de 4 bombones My King | SIM Chocolate","og_description":"\u00a1Regala con refinamiento! La Caja de 4 Chocolates Surtidos Mi Rey se presenta en sabores sofisticados e irresistibles, perfectos para sorprender al hombre m\u00e1s importante.","og_url":"https:\/\/simchocolate.com\/es\/produto\/caja-de-4-bombones-my-king\/","og_site_name":"SIM Chocolate","article_publisher":"https:\/\/www.facebook.com\/SimBombons","og_image":[{"width":2560,"height":2560,"url":"https:\/\/simchocolate.com\/wp-content\/uploads\/2025\/03\/Caixa-de-4-1-scaled.jpg","type":"image\/jpeg"}],"twitter_card":"summary_large_image","twitter_misc":{"Tiempo de lectura":"1 minuto"},"schema":{"@context":"https:\/\/schema.org","@graph":[{"@type":"WebPage","@id":"https:\/\/simchocolate.com\/es\/produto\/caja-de-4-bombones-my-king\/","url":"https:\/\/simchocolate.com\/es\/produto\/caja-de-4-bombones-my-king\/","name":"Caja de 4 bombones My King | SIM Chocolate","isPartOf":{"@id":"https:\/\/simchocolate.com\/es\/#website"},"primaryImageOfPage":{"@id":"https:\/\/simchocolate.com\/es\/produto\/caja-de-4-bombones-my-king\/#primaryimage"},"image":{"@id":"https:\/\/simchocolate.com\/es\/produto\/caja-de-4-bombones-my-king\/#primaryimage"},"thumbnailUrl":"https:\/\/simchocolate.com\/wp-content\/uploads\/2025\/03\/final1-3.jpg","datePublished":"2025-03-07T11:11:28+00:00","description":"\u00a1Regala con refinamiento! La Caja de 4 Chocolates Surtidos Mi Rey se presenta en sabores sofisticados e irresistibles, perfectos para sorprender al hombre m\u00e1s importante.","breadcrumb":{"@id":"https:\/\/simchocolate.com\/es\/produto\/caja-de-4-bombones-my-king\/#breadcrumb"},"inLanguage":"es","potentialAction":[{"@type":"ReadAction","target":["https:\/\/simchocolate.com\/es\/produto\/caja-de-4-bombones-my-king\/"]}]},{"@type":"ImageObject","inLanguage":"es","@id":"https:\/\/simchocolate.com\/es\/produto\/caja-de-4-bombones-my-king\/#primaryimage","url":"https:\/\/simchocolate.com\/wp-content\/uploads\/2025\/03\/final1-3.jpg","contentUrl":"https:\/\/simchocolate.com\/wp-content\/uploads\/2025\/03\/final1-3.jpg","width":1000,"height":1000,"caption":"Caixa 4 Bombons My King"},{"@type":"BreadcrumbList","@id":"https:\/\/simchocolate.com\/es\/produto\/caja-de-4-bombones-my-king\/#breadcrumb","itemListElement":[{"@type":"ListItem","position":1,"name":"In\u00edcio","item":"https:\/\/simchocolate.com\/es\/"},{"@type":"ListItem","position":2,"name":"Productos","item":"https:\/\/simchocolate.com\/es\/shop\/"},{"@type":"ListItem","position":3,"name":"Caja de 4 bombones My King"}]},{"@type":"WebSite","@id":"https:\/\/simchocolate.com\/es\/#website","url":"https:\/\/simchocolate.com\/es\/","name":"SIM Chocolate","description":"Do amor incondicional entre uma m\u00e3e e sua filha, nasce a marca SIM Bombons no Natal de 2014","potentialAction":[{"@type":"SearchAction","target":{"@type":"EntryPoint","urlTemplate":"https:\/\/simchocolate.com\/es\/?s={search_term_string}"},"query-input":{"@type":"PropertyValueSpecification","valueRequired":true,"valueName":"search_term_string"}}],"inLanguage":"es"}]}},"_links":{"self":[{"href":"https:\/\/simchocolate.com\/es\/wp-json\/wp\/v2\/product\/10197","targetHints":{"allow":["GET"]}}],"collection":[{"href":"https:\/\/simchocolate.com\/es\/wp-json\/wp\/v2\/product"}],"about":[{"href":"https:\/\/simchocolate.com\/es\/wp-json\/wp\/v2\/types\/product"}],"replies":[{"embeddable":true,"href":"https:\/\/simchocolate.com\/es\/wp-json\/wp\/v2\/comments?post=10197"}],"wp:featuredmedia":[{"embeddable":true,"href":"https:\/\/simchocolate.com\/es\/wp-json\/wp\/v2\/media\/10809"}],"wp:attachment":[{"href":"https:\/\/simchocolate.com\/es\/wp-json\/wp\/v2\/media?parent=10197"}],"wp:term":[{"taxonomy":"product_brand","embeddable":true,"href":"https:\/\/simchocolate.com\/es\/wp-json\/wp\/v2\/product_brand?post=10197"},{"taxonomy":"product_cat","embeddable":true,"href":"https:\/\/simchocolate.com\/es\/wp-json\/wp\/v2\/product_cat?post=10197"},{"taxonomy":"product_tag","embeddable":true,"href":"https:\/\/simchocolate.com\/es\/wp-json\/wp\/v2\/product_tag?post=10197"}],"curies":[{"name":"wp","href":"https:\/\/api.w.org\/{rel}","templated":true}]}}