{"id":10198,"date":"2025-02-17T15:05:16","date_gmt":"2025-02-17T15:05:16","guid":{"rendered":"https:\/\/simchocolate.com\/produto\/caja-de-4-bombones-dia-de-la-mujer\/"},"modified":"2025-02-17T15:05:16","modified_gmt":"2025-02-17T15:05:16","slug":"caja-de-4-bombones-dia-de-la-mujer","status":"publish","type":"product","link":"https:\/\/simchocolate.com\/es\/produto\/caja-de-4-bombones-dia-de-la-mujer\/","title":{"rendered":"Caja de 4 bombones D\u00eda de la Mujer"},"content":{"rendered":"<div class=\"flex max-w-full flex-col flex-grow\">\n<div class=\"min-h-8 text-message flex w-full flex-col items-end gap-2 whitespace-normal break-words text-start [.text-message+&amp;]:mt-5\" dir=\"auto\" data-message-author-role=\"assistant\" data-message-id=\"cd010c8a-e857-48b9-ba7c-7059ed48ab13\" data-message-model-slug=\"gpt-4o\">\n<div class=\"flex w-full flex-col gap-1 empty:hidden first:pt-[3px]\">\n<div class=\"markdown prose w-full break-words dark:prose-invert dark\">\n<h3 style=\"text-align: left\" data-start=\"0\" data-end=\"58\">Un regalo irresistible para celebrar el D\u00eda de la Mujer<\/h3>\n<\/div>\n<\/div>\n<\/div>\n<\/div>\n<div class=\"mb-2 flex gap-3 empty:hidden -ml-2\">\n<div class=\"items-center justify-start rounded-xl p-1 z-10 -mt-1 bg-token-main-surface-primary screen-arch:mt-1 md:absolute flex\">\n<div class=\"flex items-center\" style=\"text-align: left\">Caja <span style=\"letter-spacing: 0.01em\">de <\/span>4 bombones surtidos para el D\u00eda de la Mujer<span style=\"letter-spacing: 0.01em\">  es un homenaje a la elegancia y la delicadeza. Con un dise\u00f1o exclusivo e \u00edntimo, <strong>esta selecci\u00f3n de bombones artesanales combina sabores refinados y texturas irresistibles, creando una experiencia de degustaci\u00f3n \u00fanica.<\/strong> Cada bomb\u00f3n est\u00e1 meticulosamente elaborado con chocolate de primera calidad y sofisticados rellenos, lo que convierte a esta caja en el regalo ideal para celebrar esta fecha tan especial. Ya sea para regalar a alguien especial o para mimarte a ti misma, esta caja es una dulce expresi\u00f3n de afecto y aprecio.  <\/span><\/div>\n<\/div>\n<\/div>\n","protected":false},"excerpt":{"rendered":"<p>Celebra el D\u00eda de la Mujer con una caja de bombones<strong>surtidos<\/strong>, pensada para quienes aprecian el chocolate de calidad, la sofisticaci\u00f3n y el sabor.<\/p>\n<p><strong>Esta caja de bombones surtidos contiene una exclusiva selecci\u00f3n de 4 bombones<\/strong>, elaborados artesanalmente con ingredientes de alta calidad y un toque \u00fanico.<\/p>\n","protected":false},"featured_media":10708,"comment_status":"open","ping_status":"closed","template":"","meta":[],"product_brand":[],"product_cat":[189,190],"product_tag":[],"class_list":{"0":"post-10198","1":"product","2":"type-product","3":"status-publish","4":"has-post-thumbnail","6":"product_cat-caja-de-bombones","7":"product_cat-todo-el-chocolate","8":"edicoes-especial-si","10":"first","11":"instock","12":"shipping-taxable","13":"purchasable","14":"product-type-simple"},"yoast_head":"<!-- This site is optimized with the Yoast SEO plugin v27.2 - https:\/\/yoast.com\/product\/yoast-seo-wordpress\/ -->\n<title>Caja de 4 bombones D\u00eda de la Mujer | SIM Chocolate<\/title>\n<meta name=\"description\" content=\"Sorprende en el D\u00eda de la Mujer con una caja de 4 bombones surtidos con un dise\u00f1o \u00fanico e \u00edntimo. Una experiencia de chocolate exquisita y memorable.\" \/>\n<meta name=\"robots\" content=\"index, follow, max-snippet:-1, max-image-preview:large, max-video-preview:-1\" \/>\n<link rel=\"canonical\" href=\"https:\/\/simchocolate.com\/es\/produto\/caja-de-4-bombones-dia-de-la-mujer\/\" \/>\n<meta property=\"og:locale\" content=\"es_ES\" \/>\n<meta property=\"og:type\" content=\"article\" \/>\n<meta property=\"og:title\" content=\"Caja de 4 bombones D\u00eda de la Mujer | SIM Chocolate\" \/>\n<meta property=\"og:description\" content=\"Sorprende en el D\u00eda de la Mujer con una caja de 4 bombones surtidos con un dise\u00f1o \u00fanico e \u00edntimo. Una experiencia de chocolate exquisita y memorable.\" \/>\n<meta property=\"og:url\" content=\"https:\/\/simchocolate.com\/es\/produto\/caja-de-4-bombones-dia-de-la-mujer\/\" \/>\n<meta property=\"og:site_name\" content=\"SIM Chocolate\" \/>\n<meta property=\"article:publisher\" content=\"https:\/\/www.facebook.com\/SimBombons\" \/>\n<meta property=\"og:image\" content=\"https:\/\/simchocolate.com\/wp-content\/uploads\/2025\/02\/envlope-verso-bombons4-scaled.jpg\" \/>\n\t<meta property=\"og:image:width\" content=\"2560\" \/>\n\t<meta property=\"og:image:height\" content=\"2560\" \/>\n\t<meta property=\"og:image:type\" content=\"image\/jpeg\" \/>\n<meta name=\"twitter:card\" content=\"summary_large_image\" \/>\n<meta name=\"twitter:label1\" content=\"Tiempo de lectura\" \/>\n\t<meta name=\"twitter:data1\" content=\"1 minuto\" \/>\n<script type=\"application\/ld+json\" class=\"yoast-schema-graph\">{\"@context\":\"https:\/\/schema.org\",\"@graph\":[{\"@type\":\"WebPage\",\"@id\":\"https:\/\/simchocolate.com\/es\/produto\/caja-de-4-bombones-dia-de-la-mujer\/\",\"url\":\"https:\/\/simchocolate.com\/es\/produto\/caja-de-4-bombones-dia-de-la-mujer\/\",\"name\":\"Caja de 4 bombones D\u00eda de la Mujer | SIM Chocolate\",\"isPartOf\":{\"@id\":\"https:\/\/simchocolate.com\/es\/#website\"},\"primaryImageOfPage\":{\"@id\":\"https:\/\/simchocolate.com\/es\/produto\/caja-de-4-bombones-dia-de-la-mujer\/#primaryimage\"},\"image\":{\"@id\":\"https:\/\/simchocolate.com\/es\/produto\/caja-de-4-bombones-dia-de-la-mujer\/#primaryimage\"},\"thumbnailUrl\":\"https:\/\/simchocolate.com\/wp-content\/uploads\/2025\/02\/caixa-de-4.jpg\",\"datePublished\":\"2025-02-17T15:05:16+00:00\",\"description\":\"Sorprende en el D\u00eda de la Mujer con una caja de 4 bombones surtidos con un dise\u00f1o \u00fanico e \u00edntimo. Una experiencia de chocolate exquisita y memorable.\",\"breadcrumb\":{\"@id\":\"https:\/\/simchocolate.com\/es\/produto\/caja-de-4-bombones-dia-de-la-mujer\/#breadcrumb\"},\"inLanguage\":\"es\",\"potentialAction\":[{\"@type\":\"ReadAction\",\"target\":[\"https:\/\/simchocolate.com\/es\/produto\/caja-de-4-bombones-dia-de-la-mujer\/\"]}]},{\"@type\":\"ImageObject\",\"inLanguage\":\"es\",\"@id\":\"https:\/\/simchocolate.com\/es\/produto\/caja-de-4-bombones-dia-de-la-mujer\/#primaryimage\",\"url\":\"https:\/\/simchocolate.com\/wp-content\/uploads\/2025\/02\/caixa-de-4.jpg\",\"contentUrl\":\"https:\/\/simchocolate.com\/wp-content\/uploads\/2025\/02\/caixa-de-4.jpg\",\"width\":1000,\"height\":1000,\"caption\":\"caixa 4 bombons dia da mulher\"},{\"@type\":\"BreadcrumbList\",\"@id\":\"https:\/\/simchocolate.com\/es\/produto\/caja-de-4-bombones-dia-de-la-mujer\/#breadcrumb\",\"itemListElement\":[{\"@type\":\"ListItem\",\"position\":1,\"name\":\"In\u00edcio\",\"item\":\"https:\/\/simchocolate.com\/es\/\"},{\"@type\":\"ListItem\",\"position\":2,\"name\":\"Productos\",\"item\":\"https:\/\/simchocolate.com\/es\/shop\/\"},{\"@type\":\"ListItem\",\"position\":3,\"name\":\"Caja de 4 bombones D\u00eda de la Mujer\"}]},{\"@type\":\"WebSite\",\"@id\":\"https:\/\/simchocolate.com\/es\/#website\",\"url\":\"https:\/\/simchocolate.com\/es\/\",\"name\":\"SIM Chocolate\",\"description\":\"Do amor incondicional entre uma m\u00e3e e sua filha, nasce a marca SIM Bombons no Natal de 2014\",\"potentialAction\":[{\"@type\":\"SearchAction\",\"target\":{\"@type\":\"EntryPoint\",\"urlTemplate\":\"https:\/\/simchocolate.com\/es\/?s={search_term_string}\"},\"query-input\":{\"@type\":\"PropertyValueSpecification\",\"valueRequired\":true,\"valueName\":\"search_term_string\"}}],\"inLanguage\":\"es\"}]}<\/script>\n<!-- \/ Yoast SEO plugin. -->","yoast_head_json":{"title":"Caja de 4 bombones D\u00eda de la Mujer | SIM Chocolate","description":"Sorprende en el D\u00eda de la Mujer con una caja de 4 bombones surtidos con un dise\u00f1o \u00fanico e \u00edntimo. Una experiencia de chocolate exquisita y memorable.","robots":{"index":"index","follow":"follow","max-snippet":"max-snippet:-1","max-image-preview":"max-image-preview:large","max-video-preview":"max-video-preview:-1"},"canonical":"https:\/\/simchocolate.com\/es\/produto\/caja-de-4-bombones-dia-de-la-mujer\/","og_locale":"es_ES","og_type":"article","og_title":"Caja de 4 bombones D\u00eda de la Mujer | SIM Chocolate","og_description":"Sorprende en el D\u00eda de la Mujer con una caja de 4 bombones surtidos con un dise\u00f1o \u00fanico e \u00edntimo. Una experiencia de chocolate exquisita y memorable.","og_url":"https:\/\/simchocolate.com\/es\/produto\/caja-de-4-bombones-dia-de-la-mujer\/","og_site_name":"SIM Chocolate","article_publisher":"https:\/\/www.facebook.com\/SimBombons","og_image":[{"width":2560,"height":2560,"url":"https:\/\/simchocolate.com\/wp-content\/uploads\/2025\/02\/envlope-verso-bombons4-scaled.jpg","type":"image\/jpeg"}],"twitter_card":"summary_large_image","twitter_misc":{"Tiempo de lectura":"1 minuto"},"schema":{"@context":"https:\/\/schema.org","@graph":[{"@type":"WebPage","@id":"https:\/\/simchocolate.com\/es\/produto\/caja-de-4-bombones-dia-de-la-mujer\/","url":"https:\/\/simchocolate.com\/es\/produto\/caja-de-4-bombones-dia-de-la-mujer\/","name":"Caja de 4 bombones D\u00eda de la Mujer | SIM Chocolate","isPartOf":{"@id":"https:\/\/simchocolate.com\/es\/#website"},"primaryImageOfPage":{"@id":"https:\/\/simchocolate.com\/es\/produto\/caja-de-4-bombones-dia-de-la-mujer\/#primaryimage"},"image":{"@id":"https:\/\/simchocolate.com\/es\/produto\/caja-de-4-bombones-dia-de-la-mujer\/#primaryimage"},"thumbnailUrl":"https:\/\/simchocolate.com\/wp-content\/uploads\/2025\/02\/caixa-de-4.jpg","datePublished":"2025-02-17T15:05:16+00:00","description":"Sorprende en el D\u00eda de la Mujer con una caja de 4 bombones surtidos con un dise\u00f1o \u00fanico e \u00edntimo. Una experiencia de chocolate exquisita y memorable.","breadcrumb":{"@id":"https:\/\/simchocolate.com\/es\/produto\/caja-de-4-bombones-dia-de-la-mujer\/#breadcrumb"},"inLanguage":"es","potentialAction":[{"@type":"ReadAction","target":["https:\/\/simchocolate.com\/es\/produto\/caja-de-4-bombones-dia-de-la-mujer\/"]}]},{"@type":"ImageObject","inLanguage":"es","@id":"https:\/\/simchocolate.com\/es\/produto\/caja-de-4-bombones-dia-de-la-mujer\/#primaryimage","url":"https:\/\/simchocolate.com\/wp-content\/uploads\/2025\/02\/caixa-de-4.jpg","contentUrl":"https:\/\/simchocolate.com\/wp-content\/uploads\/2025\/02\/caixa-de-4.jpg","width":1000,"height":1000,"caption":"caixa 4 bombons dia da mulher"},{"@type":"BreadcrumbList","@id":"https:\/\/simchocolate.com\/es\/produto\/caja-de-4-bombones-dia-de-la-mujer\/#breadcrumb","itemListElement":[{"@type":"ListItem","position":1,"name":"In\u00edcio","item":"https:\/\/simchocolate.com\/es\/"},{"@type":"ListItem","position":2,"name":"Productos","item":"https:\/\/simchocolate.com\/es\/shop\/"},{"@type":"ListItem","position":3,"name":"Caja de 4 bombones D\u00eda de la Mujer"}]},{"@type":"WebSite","@id":"https:\/\/simchocolate.com\/es\/#website","url":"https:\/\/simchocolate.com\/es\/","name":"SIM Chocolate","description":"Do amor incondicional entre uma m\u00e3e e sua filha, nasce a marca SIM Bombons no Natal de 2014","potentialAction":[{"@type":"SearchAction","target":{"@type":"EntryPoint","urlTemplate":"https:\/\/simchocolate.com\/es\/?s={search_term_string}"},"query-input":{"@type":"PropertyValueSpecification","valueRequired":true,"valueName":"search_term_string"}}],"inLanguage":"es"}]}},"_links":{"self":[{"href":"https:\/\/simchocolate.com\/es\/wp-json\/wp\/v2\/product\/10198","targetHints":{"allow":["GET"]}}],"collection":[{"href":"https:\/\/simchocolate.com\/es\/wp-json\/wp\/v2\/product"}],"about":[{"href":"https:\/\/simchocolate.com\/es\/wp-json\/wp\/v2\/types\/product"}],"replies":[{"embeddable":true,"href":"https:\/\/simchocolate.com\/es\/wp-json\/wp\/v2\/comments?post=10198"}],"wp:featuredmedia":[{"embeddable":true,"href":"https:\/\/simchocolate.com\/es\/wp-json\/wp\/v2\/media\/10708"}],"wp:attachment":[{"href":"https:\/\/simchocolate.com\/es\/wp-json\/wp\/v2\/media?parent=10198"}],"wp:term":[{"taxonomy":"product_brand","embeddable":true,"href":"https:\/\/simchocolate.com\/es\/wp-json\/wp\/v2\/product_brand?post=10198"},{"taxonomy":"product_cat","embeddable":true,"href":"https:\/\/simchocolate.com\/es\/wp-json\/wp\/v2\/product_cat?post=10198"},{"taxonomy":"product_tag","embeddable":true,"href":"https:\/\/simchocolate.com\/es\/wp-json\/wp\/v2\/product_tag?post=10198"}],"curies":[{"name":"wp","href":"https:\/\/api.w.org\/{rel}","templated":true}]}}