{"id":10218,"date":"2025-03-07T11:22:56","date_gmt":"2025-03-07T11:22:56","guid":{"rendered":"https:\/\/simchocolate.com\/produto\/caja-de-7-corazones-mi-rey\/"},"modified":"2025-03-07T11:22:56","modified_gmt":"2025-03-07T11:22:56","slug":"caja-de-7-corazones-mi-rey","status":"publish","type":"product","link":"https:\/\/simchocolate.com\/es\/produto\/caja-de-7-corazones-mi-rey\/","title":{"rendered":"Caja de 7 Corazones Mi Rey"},"content":{"rendered":"<h5 style=\"text-align: left\" data-start=\"734\" data-end=\"777\">Un dulce regalo para celebrar a tu Rey<\/h5>\n<div class=\"flex-1 grow overflow-hidden @container\/thread\" style=\"text-align: left\">\n<div class=\"relative h-full\">\n<div class=\"flex h-full flex-col overflow-y-auto [scrollbar-gutter:stable]\">\n<div class=\"flex flex-col text-sm md:pb-9\">\n<article class=\"w-full text-token-text-primary focus-visible:outline-2 focus-visible:outline-offset-[-4px]\" dir=\"auto\" data-testid=\"conversation-turn-145\" data-scroll-anchor=\"true\">\n<div class=\"m-auto text-base py-[18px] px-6\">\n<div class=\"mx-auto flex flex-1 text-base gap-4 md:gap-5 lg:gap-6 md:max-w-3xl lg:max-w-[40rem] xl:max-w-[48rem]\">\n<div class=\"group\/conversation-turn relative flex w-full min-w-0 flex-col agent-turn @xs\/thread:px-0 @sm\/thread:px-1.5 @md\/thread:px-4\">\n<div class=\"flex-col gap-1 md:gap-3\">\n<div class=\"flex max-w-full flex-col flex-grow\">\n<div class=\"min-h-8 text-message relative flex w-full flex-col items-end gap-2 whitespace-normal break-words text-start [.text-message+&amp;]:mt-5\" dir=\"auto\" data-message-author-role=\"assistant\" data-message-id=\"ee6678ca-6914-4f82-a101-8661db29dab4\" data-message-model-slug=\"gpt-4o\">\n<div class=\"flex w-full flex-col gap-1 empty:hidden first:pt-[3px]\">\n<div class=\"markdown prose w-full break-words dark:prose-invert dark\">\n<p data-start=\"806\" data-end=\"1372\" data-is-last-node=\"\" data-is-only-node=\"\">La <strong data-start=\"809\" data-end=\"840\">Caja Mi Rey 7 Corazones<\/strong> es una edici\u00f3n especial que combina <strong data-start=\"875\" data-end=\"931\">chocolate negro intenso y chocolate con leche cremoso<\/strong>, creando un equilibrio perfecto entre intensidad y suavidad. Esta caja dise\u00f1ada especialmente para el D\u00eda del Padre es perfecta para regalar al hombre m\u00e1s importante de tu vida. Con su sofisticado dise\u00f1o y su irresistible sabor, esta caja de bombones es la elecci\u00f3n perfecta para demostrar afecto y admiraci\u00f3n de una forma dulce y elegante.  <\/p>\n<\/div>\n<\/div>\n<\/div>\n<\/div>\n<\/div>\n<\/div>\n<\/div>\n<\/div>\n<\/article>\n<\/div>\n<\/div>\n<\/div>\n<\/div>\n<div class=\"isolate w-full has-[[data-has-thread-error]]:pt-2 has-[[data-has-thread-error]]:[box-shadow:var(--sharp-edge-bottom-shadow)] dark:border-white\/20 md:border-transparent md:pt-0 md:dark:border-transparent\" style=\"text-align: left\">\n<div>\n<div class=\"m-auto text-base px-3 md:px-4 w-full md:px-5 lg:px-4 xl:px-5\">\n<div class=\"mx-auto flex flex-1 text-base gap-4 md:gap-5 lg:gap-6 md:max-w-3xl lg:max-w-[40rem] xl:max-w-[48rem]\">\n<div class=\"relative z-[1] flex h-full max-w-full flex-1 flex-col\">\n<div class=\"group relative z-[1] flex w-full items-center\">\n<div class=\"w-full\">\n<div id=\"composer-background\" class=\"flex w-full cursor-text flex-col rounded-3xl border border-token-border-light px-3 py-1 duration-150 ease-in-out contain-inline-size motion-safe:transition-[color,background-color,border-color,text-decoration-color,fill,stroke,box-shadow] dark:border-none dark:shadow-none shadow-[0_9px_9px_0px_rgba(0,0,0,0.01),_0_2px_5px_0px_rgba(0,0,0,0.06)] has-[:focus]:shadow-[0_2px_12px_0px_rgba(0,0,0,0.04),_0_9px_9px_0px_rgba(0,0,0,0.01),_0_2px_5px_0px_rgba(0,0,0,0.06)] bg-token-main-surface-primary dark:bg-[#303030]\">\n<div class=\"mb-2 mt-1 flex items-center justify-between sm:mt-5\">\n<div class=\"flex gap-x-1.5 text-token-text-primary\">\n<div>\n<div>\n<div class=\"whitespace-nowrap pl-1 pr-1 [display:--force-hide-label]\"><\/div>\n<\/div>\n<\/div>\n<\/div>\n<\/div>\n<\/div>\n<\/div>\n<\/div>\n<\/div>\n<\/div>\n<\/div>\n<\/div>\n<\/div>\n<h3 style=\"text-align: left\" data-start=\"779\" data-end=\"805\"><\/h3>\n","protected":false},"excerpt":{"rendered":"<p data-start=\"531\" data-end=\"695\">Siete corazones de chocolate negro y con leche, creados con ingredientes de primera calidad, perfectos para regalar a alguien especial y hacer que cualquier ocasi\u00f3n sea inolvidable.<\/p>\n<h3 data-start=\"697\" data-end=\"733\"><\/h3>\n","protected":false},"featured_media":10842,"comment_status":"open","ping_status":"closed","template":"","meta":[],"product_brand":[],"product_cat":[190],"product_tag":[],"class_list":{"0":"post-10218","1":"product","2":"type-product","3":"status-publish","4":"has-post-thumbnail","6":"product_cat-todo-el-chocolate","7":"edicoes-especial-si","9":"first","10":"instock","11":"shipping-taxable","12":"purchasable","13":"product-type-simple"},"yoast_head":"<!-- This site is optimized with the Yoast SEO plugin v27.5 - https:\/\/yoast.com\/product\/yoast-seo-wordpress\/ -->\n<title>Caja de 7 Corazones Mi Rey | SIM Chocolate<\/title>\n<meta name=\"description\" content=\"\u00a1Sorprende con amor! La Caja Mi Rey 7 Corazones combina chocolate negro y con leche de primera calidad, creando una experiencia irresistible y sofisticada.\" \/>\n<meta name=\"robots\" content=\"index, follow, max-snippet:-1, max-image-preview:large, max-video-preview:-1\" \/>\n<link rel=\"canonical\" href=\"https:\/\/simchocolate.com\/es\/produto\/caja-de-7-corazones-mi-rey\/\" \/>\n<meta property=\"og:locale\" content=\"es_ES\" \/>\n<meta property=\"og:type\" content=\"article\" \/>\n<meta property=\"og:title\" content=\"Caja de 7 Corazones Mi Rey | SIM Chocolate\" \/>\n<meta property=\"og:description\" content=\"\u00a1Sorprende con amor! La Caja Mi Rey 7 Corazones combina chocolate negro y con leche de primera calidad, creando una experiencia irresistible y sofisticada.\" \/>\n<meta property=\"og:url\" content=\"https:\/\/simchocolate.com\/es\/produto\/caja-de-7-corazones-mi-rey\/\" \/>\n<meta property=\"og:site_name\" content=\"SIM Chocolate\" \/>\n<meta property=\"article:publisher\" content=\"https:\/\/www.facebook.com\/SimBombons\" \/>\n<meta property=\"og:image\" content=\"https:\/\/simchocolate.com\/wp-content\/uploads\/2025\/03\/IMG_8961-2-Photoroom.jpg\" \/>\n\t<meta property=\"og:image:width\" content=\"1280\" \/>\n\t<meta property=\"og:image:height\" content=\"853\" \/>\n\t<meta property=\"og:image:type\" content=\"image\/jpeg\" \/>\n<meta name=\"twitter:card\" content=\"summary_large_image\" \/>\n<script type=\"application\/ld+json\" class=\"yoast-schema-graph\">{\"@context\":\"https:\\\/\\\/schema.org\",\"@graph\":[{\"@type\":\"WebPage\",\"@id\":\"https:\\\/\\\/simchocolate.com\\\/es\\\/produto\\\/caja-de-7-corazones-mi-rey\\\/\",\"url\":\"https:\\\/\\\/simchocolate.com\\\/es\\\/produto\\\/caja-de-7-corazones-mi-rey\\\/\",\"name\":\"Caja de 7 Corazones Mi Rey | SIM Chocolate\",\"isPartOf\":{\"@id\":\"https:\\\/\\\/simchocolate.com\\\/es\\\/#website\"},\"primaryImageOfPage\":{\"@id\":\"https:\\\/\\\/simchocolate.com\\\/es\\\/produto\\\/caja-de-7-corazones-mi-rey\\\/#primaryimage\"},\"image\":{\"@id\":\"https:\\\/\\\/simchocolate.com\\\/es\\\/produto\\\/caja-de-7-corazones-mi-rey\\\/#primaryimage\"},\"thumbnailUrl\":\"https:\\\/\\\/simchocolate.com\\\/wp-content\\\/uploads\\\/2025\\\/03\\\/final2-1.jpg\",\"datePublished\":\"2025-03-07T11:22:56+00:00\",\"description\":\"\u00a1Sorprende con amor! La Caja Mi Rey 7 Corazones combina chocolate negro y con leche de primera calidad, creando una experiencia irresistible y sofisticada.\",\"breadcrumb\":{\"@id\":\"https:\\\/\\\/simchocolate.com\\\/es\\\/produto\\\/caja-de-7-corazones-mi-rey\\\/#breadcrumb\"},\"inLanguage\":\"es\",\"potentialAction\":[{\"@type\":\"ReadAction\",\"target\":[\"https:\\\/\\\/simchocolate.com\\\/es\\\/produto\\\/caja-de-7-corazones-mi-rey\\\/\"]}]},{\"@type\":\"ImageObject\",\"inLanguage\":\"es\",\"@id\":\"https:\\\/\\\/simchocolate.com\\\/es\\\/produto\\\/caja-de-7-corazones-mi-rey\\\/#primaryimage\",\"url\":\"https:\\\/\\\/simchocolate.com\\\/wp-content\\\/uploads\\\/2025\\\/03\\\/final2-1.jpg\",\"contentUrl\":\"https:\\\/\\\/simchocolate.com\\\/wp-content\\\/uploads\\\/2025\\\/03\\\/final2-1.jpg\",\"width\":1000,\"height\":1000,\"caption\":\"Caixa de 7 Cora\u00e7\u00f5es My King\"},{\"@type\":\"BreadcrumbList\",\"@id\":\"https:\\\/\\\/simchocolate.com\\\/es\\\/produto\\\/caja-de-7-corazones-mi-rey\\\/#breadcrumb\",\"itemListElement\":[{\"@type\":\"ListItem\",\"position\":1,\"name\":\"In\u00edcio\",\"item\":\"https:\\\/\\\/simchocolate.com\\\/es\\\/\"},{\"@type\":\"ListItem\",\"position\":2,\"name\":\"Productos\",\"item\":\"https:\\\/\\\/simchocolate.com\\\/es\\\/shop\\\/\"},{\"@type\":\"ListItem\",\"position\":3,\"name\":\"Caja de 7 Corazones Mi Rey\"}]},{\"@type\":\"WebSite\",\"@id\":\"https:\\\/\\\/simchocolate.com\\\/es\\\/#website\",\"url\":\"https:\\\/\\\/simchocolate.com\\\/es\\\/\",\"name\":\"SIM Chocolate\",\"description\":\"Do amor incondicional entre uma m\u00e3e e sua filha, nasce a marca SIM Bombons no Natal de 2014\",\"potentialAction\":[{\"@type\":\"SearchAction\",\"target\":{\"@type\":\"EntryPoint\",\"urlTemplate\":\"https:\\\/\\\/simchocolate.com\\\/es\\\/?s={search_term_string}\"},\"query-input\":{\"@type\":\"PropertyValueSpecification\",\"valueRequired\":true,\"valueName\":\"search_term_string\"}}],\"inLanguage\":\"es\"}]}<\/script>\n<!-- \/ Yoast SEO plugin. -->","yoast_head_json":{"title":"Caja de 7 Corazones Mi Rey | SIM Chocolate","description":"\u00a1Sorprende con amor! La Caja Mi Rey 7 Corazones combina chocolate negro y con leche de primera calidad, creando una experiencia irresistible y sofisticada.","robots":{"index":"index","follow":"follow","max-snippet":"max-snippet:-1","max-image-preview":"max-image-preview:large","max-video-preview":"max-video-preview:-1"},"canonical":"https:\/\/simchocolate.com\/es\/produto\/caja-de-7-corazones-mi-rey\/","og_locale":"es_ES","og_type":"article","og_title":"Caja de 7 Corazones Mi Rey | SIM Chocolate","og_description":"\u00a1Sorprende con amor! La Caja Mi Rey 7 Corazones combina chocolate negro y con leche de primera calidad, creando una experiencia irresistible y sofisticada.","og_url":"https:\/\/simchocolate.com\/es\/produto\/caja-de-7-corazones-mi-rey\/","og_site_name":"SIM Chocolate","article_publisher":"https:\/\/www.facebook.com\/SimBombons","og_image":[{"width":1280,"height":853,"url":"https:\/\/simchocolate.com\/wp-content\/uploads\/2025\/03\/IMG_8961-2-Photoroom.jpg","type":"image\/jpeg"}],"twitter_card":"summary_large_image","schema":{"@context":"https:\/\/schema.org","@graph":[{"@type":"WebPage","@id":"https:\/\/simchocolate.com\/es\/produto\/caja-de-7-corazones-mi-rey\/","url":"https:\/\/simchocolate.com\/es\/produto\/caja-de-7-corazones-mi-rey\/","name":"Caja de 7 Corazones Mi Rey | SIM Chocolate","isPartOf":{"@id":"https:\/\/simchocolate.com\/es\/#website"},"primaryImageOfPage":{"@id":"https:\/\/simchocolate.com\/es\/produto\/caja-de-7-corazones-mi-rey\/#primaryimage"},"image":{"@id":"https:\/\/simchocolate.com\/es\/produto\/caja-de-7-corazones-mi-rey\/#primaryimage"},"thumbnailUrl":"https:\/\/simchocolate.com\/wp-content\/uploads\/2025\/03\/final2-1.jpg","datePublished":"2025-03-07T11:22:56+00:00","description":"\u00a1Sorprende con amor! La Caja Mi Rey 7 Corazones combina chocolate negro y con leche de primera calidad, creando una experiencia irresistible y sofisticada.","breadcrumb":{"@id":"https:\/\/simchocolate.com\/es\/produto\/caja-de-7-corazones-mi-rey\/#breadcrumb"},"inLanguage":"es","potentialAction":[{"@type":"ReadAction","target":["https:\/\/simchocolate.com\/es\/produto\/caja-de-7-corazones-mi-rey\/"]}]},{"@type":"ImageObject","inLanguage":"es","@id":"https:\/\/simchocolate.com\/es\/produto\/caja-de-7-corazones-mi-rey\/#primaryimage","url":"https:\/\/simchocolate.com\/wp-content\/uploads\/2025\/03\/final2-1.jpg","contentUrl":"https:\/\/simchocolate.com\/wp-content\/uploads\/2025\/03\/final2-1.jpg","width":1000,"height":1000,"caption":"Caixa de 7 Cora\u00e7\u00f5es My King"},{"@type":"BreadcrumbList","@id":"https:\/\/simchocolate.com\/es\/produto\/caja-de-7-corazones-mi-rey\/#breadcrumb","itemListElement":[{"@type":"ListItem","position":1,"name":"In\u00edcio","item":"https:\/\/simchocolate.com\/es\/"},{"@type":"ListItem","position":2,"name":"Productos","item":"https:\/\/simchocolate.com\/es\/shop\/"},{"@type":"ListItem","position":3,"name":"Caja de 7 Corazones Mi Rey"}]},{"@type":"WebSite","@id":"https:\/\/simchocolate.com\/es\/#website","url":"https:\/\/simchocolate.com\/es\/","name":"SIM Chocolate","description":"Do amor incondicional entre uma m\u00e3e e sua filha, nasce a marca SIM Bombons no Natal de 2014","potentialAction":[{"@type":"SearchAction","target":{"@type":"EntryPoint","urlTemplate":"https:\/\/simchocolate.com\/es\/?s={search_term_string}"},"query-input":{"@type":"PropertyValueSpecification","valueRequired":true,"valueName":"search_term_string"}}],"inLanguage":"es"}]}},"_links":{"self":[{"href":"https:\/\/simchocolate.com\/es\/wp-json\/wp\/v2\/product\/10218","targetHints":{"allow":["GET"]}}],"collection":[{"href":"https:\/\/simchocolate.com\/es\/wp-json\/wp\/v2\/product"}],"about":[{"href":"https:\/\/simchocolate.com\/es\/wp-json\/wp\/v2\/types\/product"}],"replies":[{"embeddable":true,"href":"https:\/\/simchocolate.com\/es\/wp-json\/wp\/v2\/comments?post=10218"}],"wp:featuredmedia":[{"embeddable":true,"href":"https:\/\/simchocolate.com\/es\/wp-json\/wp\/v2\/media\/10842"}],"wp:attachment":[{"href":"https:\/\/simchocolate.com\/es\/wp-json\/wp\/v2\/media?parent=10218"}],"wp:term":[{"taxonomy":"product_brand","embeddable":true,"href":"https:\/\/simchocolate.com\/es\/wp-json\/wp\/v2\/product_brand?post=10218"},{"taxonomy":"product_cat","embeddable":true,"href":"https:\/\/simchocolate.com\/es\/wp-json\/wp\/v2\/product_cat?post=10218"},{"taxonomy":"product_tag","embeddable":true,"href":"https:\/\/simchocolate.com\/es\/wp-json\/wp\/v2\/product_tag?post=10218"}],"curies":[{"name":"wp","href":"https:\/\/api.w.org\/{rel}","templated":true}]}}