{"id":10227,"date":"2025-03-07T11:31:17","date_gmt":"2025-03-07T11:31:17","guid":{"rendered":"https:\/\/simchocolate.com\/produto\/caja-de-9-bombones-my-king\/"},"modified":"2025-03-07T11:31:17","modified_gmt":"2025-03-07T11:31:17","slug":"caja-de-9-bombones-my-king","status":"publish","type":"product","link":"https:\/\/simchocolate.com\/es\/produto\/caja-de-9-bombones-my-king\/","title":{"rendered":"Caja de 9 bombones My King"},"content":{"rendered":"<h5 style=\"text-align: left\" data-start=\"747\" data-end=\"792\">Un regalo memorable para el D\u00eda del Padre<\/h5>\n<div class=\"flex max-w-full flex-col flex-grow\" style=\"text-align: left\">\n<div class=\"min-h-8 text-message relative flex w-full flex-col items-end gap-2 whitespace-normal break-words text-start [.text-message+&amp;]:mt-5\" dir=\"auto\" data-message-author-role=\"assistant\" data-message-id=\"0b20d170-c0fd-4b5e-9259-7c3b1cdf81c8\" data-message-model-slug=\"gpt-4o\">\n<div class=\"flex w-full flex-col gap-1 empty:hidden first:pt-[3px]\">\n<div class=\"markdown prose w-full break-words dark:prose-invert dark\">\n<p data-start=\"821\" data-end=\"1282\" data-is-last-node=\"\" data-is-only-node=\"\">Sorprende <strong data-start=\"836\" data-end=\"850\">el D\u00eda del Padre<\/strong> con la <strong data-start=\"857\" data-end=\"896\">Caja de 9<\/strong> Bombones <strong data-start=\"857\" data-end=\"896\">Surtidos Mi Rey<\/strong>, una exclusiva colecci\u00f3n de bombones artesanales cuidadosamente seleccionados para proporcionar momentos de puro placer. Cada bomb\u00f3n combina <g id=\"gid_2\">ingredientes de primera calidad<\/g> y un toque sofisticado, creando una experiencia \u00fanica con cada bocado. Ideal para padres que aprecian <strong data-start=\"1163\" data-end=\"1198\">el chocolate de primera calidad<\/strong>, esta elegante caja es una forma dulce y sofisticada de demostrar amor y gratitud.  <\/p>\n<p data-start=\"821\" data-end=\"1282\" data-is-last-node=\"\" data-is-only-node=\"\"><strong>*Mantener a una temperatura entre 16\u00ba &#8211; 20\u00ba grados<\/strong><\/p>\n<\/div>\n<\/div>\n<\/div>\n<\/div>\n<div class=\"mb-2 flex gap-3 -ml-2\">\n<div class=\"items-center justify-start rounded-xl p-1 flex\">\n<div class=\"flex items-center\" style=\"text-align: left\">\n<div class=\"flex items-center pb-0\" style=\"text-align: left\"><\/div>\n<\/div>\n<\/div>\n<\/div>\n","protected":false},"excerpt":{"rendered":"<p data-start=\"542\" data-end=\"708\">Reg\u00e1late la Caja de 9 Chocolates Surtidos Mi Rey, creada especialmente para el D\u00eda del Padre.<\/p>\n","protected":false},"featured_media":10833,"comment_status":"open","ping_status":"closed","template":"","meta":[],"product_brand":[],"product_cat":[190],"product_tag":[],"class_list":{"0":"post-10227","1":"product","2":"type-product","3":"status-publish","4":"has-post-thumbnail","6":"product_cat-todo-el-chocolate","7":"edicoes-especial-si","9":"first","10":"instock","11":"shipping-taxable","12":"purchasable","13":"product-type-simple"},"yoast_head":"<!-- This site is optimized with the Yoast SEO plugin v27.5 - https:\/\/yoast.com\/product\/yoast-seo-wordpress\/ -->\n<title>Caja de 9 bombones My King | SIM Chocolate<\/title>\n<meta name=\"description\" content=\"La Caja de 9 Bombones Surtidos Mi Rey es la elecci\u00f3n perfecta para el D\u00eda del Padre. Una selecci\u00f3n gourmet de bombones que transmite calidez y sofisticaci\u00f3n.\" \/>\n<meta name=\"robots\" content=\"index, follow, max-snippet:-1, max-image-preview:large, max-video-preview:-1\" \/>\n<link rel=\"canonical\" href=\"https:\/\/simchocolate.com\/es\/produto\/caja-de-9-bombones-my-king\/\" \/>\n<meta property=\"og:locale\" content=\"es_ES\" \/>\n<meta property=\"og:type\" content=\"article\" \/>\n<meta property=\"og:title\" content=\"Caja de 9 bombones My King | SIM Chocolate\" \/>\n<meta property=\"og:description\" content=\"La Caja de 9 Bombones Surtidos Mi Rey es la elecci\u00f3n perfecta para el D\u00eda del Padre. Una selecci\u00f3n gourmet de bombones que transmite calidez y sofisticaci\u00f3n.\" \/>\n<meta property=\"og:url\" content=\"https:\/\/simchocolate.com\/es\/produto\/caja-de-9-bombones-my-king\/\" \/>\n<meta property=\"og:site_name\" content=\"SIM Chocolate\" \/>\n<meta property=\"article:publisher\" content=\"https:\/\/www.facebook.com\/SimBombons\" \/>\n<meta property=\"og:image\" content=\"https:\/\/simchocolate.com\/wp-content\/uploads\/2025\/03\/caixa-de-9-scaled.jpg\" \/>\n\t<meta property=\"og:image:width\" content=\"2560\" \/>\n\t<meta property=\"og:image:height\" content=\"2560\" \/>\n\t<meta property=\"og:image:type\" content=\"image\/jpeg\" \/>\n<meta name=\"twitter:card\" content=\"summary_large_image\" \/>\n<script type=\"application\/ld+json\" class=\"yoast-schema-graph\">{\"@context\":\"https:\\\/\\\/schema.org\",\"@graph\":[{\"@type\":\"WebPage\",\"@id\":\"https:\\\/\\\/simchocolate.com\\\/es\\\/produto\\\/caja-de-9-bombones-my-king\\\/\",\"url\":\"https:\\\/\\\/simchocolate.com\\\/es\\\/produto\\\/caja-de-9-bombones-my-king\\\/\",\"name\":\"Caja de 9 bombones My King | SIM Chocolate\",\"isPartOf\":{\"@id\":\"https:\\\/\\\/simchocolate.com\\\/es\\\/#website\"},\"primaryImageOfPage\":{\"@id\":\"https:\\\/\\\/simchocolate.com\\\/es\\\/produto\\\/caja-de-9-bombones-my-king\\\/#primaryimage\"},\"image\":{\"@id\":\"https:\\\/\\\/simchocolate.com\\\/es\\\/produto\\\/caja-de-9-bombones-my-king\\\/#primaryimage\"},\"thumbnailUrl\":\"https:\\\/\\\/simchocolate.com\\\/wp-content\\\/uploads\\\/2025\\\/03\\\/final1-5.jpg\",\"datePublished\":\"2025-03-07T11:31:17+00:00\",\"description\":\"La Caja de 9 Bombones Surtidos Mi Rey es la elecci\u00f3n perfecta para el D\u00eda del Padre. Una selecci\u00f3n gourmet de bombones que transmite calidez y sofisticaci\u00f3n.\",\"breadcrumb\":{\"@id\":\"https:\\\/\\\/simchocolate.com\\\/es\\\/produto\\\/caja-de-9-bombones-my-king\\\/#breadcrumb\"},\"inLanguage\":\"es\",\"potentialAction\":[{\"@type\":\"ReadAction\",\"target\":[\"https:\\\/\\\/simchocolate.com\\\/es\\\/produto\\\/caja-de-9-bombones-my-king\\\/\"]}]},{\"@type\":\"ImageObject\",\"inLanguage\":\"es\",\"@id\":\"https:\\\/\\\/simchocolate.com\\\/es\\\/produto\\\/caja-de-9-bombones-my-king\\\/#primaryimage\",\"url\":\"https:\\\/\\\/simchocolate.com\\\/wp-content\\\/uploads\\\/2025\\\/03\\\/final1-5.jpg\",\"contentUrl\":\"https:\\\/\\\/simchocolate.com\\\/wp-content\\\/uploads\\\/2025\\\/03\\\/final1-5.jpg\",\"width\":1000,\"height\":1000,\"caption\":\"Caixa 4 Bombons My King\"},{\"@type\":\"BreadcrumbList\",\"@id\":\"https:\\\/\\\/simchocolate.com\\\/es\\\/produto\\\/caja-de-9-bombones-my-king\\\/#breadcrumb\",\"itemListElement\":[{\"@type\":\"ListItem\",\"position\":1,\"name\":\"In\u00edcio\",\"item\":\"https:\\\/\\\/simchocolate.com\\\/es\\\/\"},{\"@type\":\"ListItem\",\"position\":2,\"name\":\"Productos\",\"item\":\"https:\\\/\\\/simchocolate.com\\\/es\\\/shop\\\/\"},{\"@type\":\"ListItem\",\"position\":3,\"name\":\"Caja de 9 bombones My King\"}]},{\"@type\":\"WebSite\",\"@id\":\"https:\\\/\\\/simchocolate.com\\\/es\\\/#website\",\"url\":\"https:\\\/\\\/simchocolate.com\\\/es\\\/\",\"name\":\"SIM Chocolate\",\"description\":\"Do amor incondicional entre uma m\u00e3e e sua filha, nasce a marca SIM Bombons no Natal de 2014\",\"potentialAction\":[{\"@type\":\"SearchAction\",\"target\":{\"@type\":\"EntryPoint\",\"urlTemplate\":\"https:\\\/\\\/simchocolate.com\\\/es\\\/?s={search_term_string}\"},\"query-input\":{\"@type\":\"PropertyValueSpecification\",\"valueRequired\":true,\"valueName\":\"search_term_string\"}}],\"inLanguage\":\"es\"}]}<\/script>\n<!-- \/ Yoast SEO plugin. -->","yoast_head_json":{"title":"Caja de 9 bombones My King | SIM Chocolate","description":"La Caja de 9 Bombones Surtidos Mi Rey es la elecci\u00f3n perfecta para el D\u00eda del Padre. Una selecci\u00f3n gourmet de bombones que transmite calidez y sofisticaci\u00f3n.","robots":{"index":"index","follow":"follow","max-snippet":"max-snippet:-1","max-image-preview":"max-image-preview:large","max-video-preview":"max-video-preview:-1"},"canonical":"https:\/\/simchocolate.com\/es\/produto\/caja-de-9-bombones-my-king\/","og_locale":"es_ES","og_type":"article","og_title":"Caja de 9 bombones My King | SIM Chocolate","og_description":"La Caja de 9 Bombones Surtidos Mi Rey es la elecci\u00f3n perfecta para el D\u00eda del Padre. Una selecci\u00f3n gourmet de bombones que transmite calidez y sofisticaci\u00f3n.","og_url":"https:\/\/simchocolate.com\/es\/produto\/caja-de-9-bombones-my-king\/","og_site_name":"SIM Chocolate","article_publisher":"https:\/\/www.facebook.com\/SimBombons","og_image":[{"width":2560,"height":2560,"url":"https:\/\/simchocolate.com\/wp-content\/uploads\/2025\/03\/caixa-de-9-scaled.jpg","type":"image\/jpeg"}],"twitter_card":"summary_large_image","schema":{"@context":"https:\/\/schema.org","@graph":[{"@type":"WebPage","@id":"https:\/\/simchocolate.com\/es\/produto\/caja-de-9-bombones-my-king\/","url":"https:\/\/simchocolate.com\/es\/produto\/caja-de-9-bombones-my-king\/","name":"Caja de 9 bombones My King | SIM Chocolate","isPartOf":{"@id":"https:\/\/simchocolate.com\/es\/#website"},"primaryImageOfPage":{"@id":"https:\/\/simchocolate.com\/es\/produto\/caja-de-9-bombones-my-king\/#primaryimage"},"image":{"@id":"https:\/\/simchocolate.com\/es\/produto\/caja-de-9-bombones-my-king\/#primaryimage"},"thumbnailUrl":"https:\/\/simchocolate.com\/wp-content\/uploads\/2025\/03\/final1-5.jpg","datePublished":"2025-03-07T11:31:17+00:00","description":"La Caja de 9 Bombones Surtidos Mi Rey es la elecci\u00f3n perfecta para el D\u00eda del Padre. Una selecci\u00f3n gourmet de bombones que transmite calidez y sofisticaci\u00f3n.","breadcrumb":{"@id":"https:\/\/simchocolate.com\/es\/produto\/caja-de-9-bombones-my-king\/#breadcrumb"},"inLanguage":"es","potentialAction":[{"@type":"ReadAction","target":["https:\/\/simchocolate.com\/es\/produto\/caja-de-9-bombones-my-king\/"]}]},{"@type":"ImageObject","inLanguage":"es","@id":"https:\/\/simchocolate.com\/es\/produto\/caja-de-9-bombones-my-king\/#primaryimage","url":"https:\/\/simchocolate.com\/wp-content\/uploads\/2025\/03\/final1-5.jpg","contentUrl":"https:\/\/simchocolate.com\/wp-content\/uploads\/2025\/03\/final1-5.jpg","width":1000,"height":1000,"caption":"Caixa 4 Bombons My King"},{"@type":"BreadcrumbList","@id":"https:\/\/simchocolate.com\/es\/produto\/caja-de-9-bombones-my-king\/#breadcrumb","itemListElement":[{"@type":"ListItem","position":1,"name":"In\u00edcio","item":"https:\/\/simchocolate.com\/es\/"},{"@type":"ListItem","position":2,"name":"Productos","item":"https:\/\/simchocolate.com\/es\/shop\/"},{"@type":"ListItem","position":3,"name":"Caja de 9 bombones My King"}]},{"@type":"WebSite","@id":"https:\/\/simchocolate.com\/es\/#website","url":"https:\/\/simchocolate.com\/es\/","name":"SIM Chocolate","description":"Do amor incondicional entre uma m\u00e3e e sua filha, nasce a marca SIM Bombons no Natal de 2014","potentialAction":[{"@type":"SearchAction","target":{"@type":"EntryPoint","urlTemplate":"https:\/\/simchocolate.com\/es\/?s={search_term_string}"},"query-input":{"@type":"PropertyValueSpecification","valueRequired":true,"valueName":"search_term_string"}}],"inLanguage":"es"}]}},"_links":{"self":[{"href":"https:\/\/simchocolate.com\/es\/wp-json\/wp\/v2\/product\/10227","targetHints":{"allow":["GET"]}}],"collection":[{"href":"https:\/\/simchocolate.com\/es\/wp-json\/wp\/v2\/product"}],"about":[{"href":"https:\/\/simchocolate.com\/es\/wp-json\/wp\/v2\/types\/product"}],"replies":[{"embeddable":true,"href":"https:\/\/simchocolate.com\/es\/wp-json\/wp\/v2\/comments?post=10227"}],"wp:featuredmedia":[{"embeddable":true,"href":"https:\/\/simchocolate.com\/es\/wp-json\/wp\/v2\/media\/10833"}],"wp:attachment":[{"href":"https:\/\/simchocolate.com\/es\/wp-json\/wp\/v2\/media?parent=10227"}],"wp:term":[{"taxonomy":"product_brand","embeddable":true,"href":"https:\/\/simchocolate.com\/es\/wp-json\/wp\/v2\/product_brand?post=10227"},{"taxonomy":"product_cat","embeddable":true,"href":"https:\/\/simchocolate.com\/es\/wp-json\/wp\/v2\/product_cat?post=10227"},{"taxonomy":"product_tag","embeddable":true,"href":"https:\/\/simchocolate.com\/es\/wp-json\/wp\/v2\/product_tag?post=10227"}],"curies":[{"name":"wp","href":"https:\/\/api.w.org\/{rel}","templated":true}]}}