{"id":10237,"date":"2025-03-07T14:40:32","date_gmt":"2025-03-07T14:40:32","guid":{"rendered":"https:\/\/simchocolate.com\/produto\/caja-de-2-bigotes-my-king\/"},"modified":"2026-03-05T14:53:59","modified_gmt":"2026-03-05T14:53:59","slug":"caja-de-2-bigotes-my-king","status":"publish","type":"product","link":"https:\/\/simchocolate.com\/es\/produto\/caja-de-2-bigotes-my-king\/","title":{"rendered":"Caja de 2 bigotes My King"},"content":{"rendered":"<h5 data-start=\"683\" data-end=\"772\">Un regalo divertido y lleno de personalidad<\/h5>\n<p data-start=\"774\" data-end=\"1083\">La Caja de 2 bigotes Mi Rey se cre\u00f3 para celebrar el D\u00eda del Padre con humor, creatividad y mucho sabor. Inspirada en la cl\u00e1sica imagen del bigote asociada a la elegancia masculina, esta caja re\u00fane dos deliciosos bigotes de chocolate hechos a mano: uno de chocolate negro y otro de chocolate con leche. <\/p>\n<p data-start=\"1085\" data-end=\"1482\">Cada pieza se elabora cuidadosamente con chocolate de alta calidad, garantizando una textura suave, un brillo elegante y un sabor equilibrado que conquista tanto a los amantes del chocolate intenso como a los que prefieren notas m\u00e1s dulces. La combinaci\u00f3n de chocolate negro y chocolate con leche hace que la Caja de 2 Bigotes Mi Rey sea una opci\u00f3n vers\u00e1til, perfecta para diferentes gustos. <\/p>\n<p data-start=\"1484\" data-end=\"1797\">El dise\u00f1o en forma de bigote hace que este producto sea especialmente divertido y simb\u00f3lico, ideal para sorprender a padres, abuelos o figuras especiales en este d\u00eda tan se\u00f1alado. Tambi\u00e9n es una excelente opci\u00f3n para quienes buscan un regalo sencillo, original y lleno de car\u00e1cter. <\/p>\n<p data-start=\"1799\" data-end=\"2022\">Hechos a mano por Sim Chocolate, estos bombones reflejan el cuidado puesto en la selecci\u00f3n de los ingredientes y la pasi\u00f3n por el chocolate de calidad. Se ha pensado en cada detalle para crear una experiencia deliciosa y memorable. <\/p>\n<p data-start=\"2024\" data-end=\"2104\">Un regalo creativo, sabroso y perfecto para celebrar al verdadero rey del d\u00eda.<\/p>\n<p data-start=\"2106\" data-end=\"2180\"><em data-start=\"2106\" data-end=\"2128\">Instrucciones de conservaci\u00f3n:<\/em><br data-start=\"2128\" data-end=\"2131\"><strong><em data-start=\"2131\" data-end=\"2180\">Conservar a una temperatura entre 16\u00ba &#8211; 20\u00ba grados.<\/em><\/strong><\/p>\n","protected":false},"excerpt":{"rendered":"<p>Hechos con <strong data-start=\"618\" data-end=\"645\">chocolate negro y con leche<\/strong>, estos bigotes son un regalo elegante y creativo para honrar a tu rey.<\/p>\n","protected":false},"featured_media":10792,"comment_status":"open","ping_status":"closed","template":"","meta":[],"product_brand":[],"product_cat":[190],"product_tag":[],"class_list":{"0":"post-10237","1":"product","2":"type-product","3":"status-publish","4":"has-post-thumbnail","6":"product_cat-todo-el-chocolate","7":"edicoes-especial-si","9":"first","10":"instock","11":"shipping-taxable","12":"purchasable","13":"product-type-simple"},"yoast_head":"<!-- This site is optimized with the Yoast SEO plugin v27.2 - https:\/\/yoast.com\/product\/yoast-seo-wordpress\/ -->\n<title>Caja de 2 bigotes My King | SIM Chocolate<\/title>\n<meta name=\"description\" content=\"Sorprende el D\u00eda del Padre con una caja de 2 bigotes Mi Rey, hechos con delicioso chocolate negro. Un regalo original y sofisticado.\" \/>\n<meta name=\"robots\" content=\"index, follow, max-snippet:-1, max-image-preview:large, max-video-preview:-1\" \/>\n<link rel=\"canonical\" href=\"https:\/\/simchocolate.com\/es\/produto\/caja-de-2-bigotes-my-king\/\" \/>\n<meta property=\"og:locale\" content=\"es_ES\" \/>\n<meta property=\"og:type\" content=\"article\" \/>\n<meta property=\"og:title\" content=\"Caja de 2 bigotes My King | SIM Chocolate\" \/>\n<meta property=\"og:description\" content=\"Sorprende el D\u00eda del Padre con una caja de 2 bigotes Mi Rey, hechos con delicioso chocolate negro. Un regalo original y sofisticado.\" \/>\n<meta property=\"og:url\" content=\"https:\/\/simchocolate.com\/es\/produto\/caja-de-2-bigotes-my-king\/\" \/>\n<meta property=\"og:site_name\" content=\"SIM Chocolate\" \/>\n<meta property=\"article:publisher\" content=\"https:\/\/www.facebook.com\/SimBombons\" \/>\n<meta property=\"article:modified_time\" content=\"2026-03-05T14:53:59+00:00\" \/>\n<meta property=\"og:image\" content=\"https:\/\/simchocolate.com\/wp-content\/uploads\/2025\/03\/final1-1.jpg\" \/>\n\t<meta property=\"og:image:width\" content=\"1000\" \/>\n\t<meta property=\"og:image:height\" content=\"1000\" \/>\n\t<meta property=\"og:image:type\" content=\"image\/jpeg\" \/>\n<meta name=\"twitter:card\" content=\"summary_large_image\" \/>\n<meta name=\"twitter:label1\" content=\"Tiempo de lectura\" \/>\n\t<meta name=\"twitter:data1\" content=\"1 minuto\" \/>\n<script type=\"application\/ld+json\" class=\"yoast-schema-graph\">{\"@context\":\"https:\/\/schema.org\",\"@graph\":[{\"@type\":\"WebPage\",\"@id\":\"https:\/\/simchocolate.com\/es\/produto\/caja-de-2-bigotes-my-king\/\",\"url\":\"https:\/\/simchocolate.com\/es\/produto\/caja-de-2-bigotes-my-king\/\",\"name\":\"Caja de 2 bigotes My King | SIM Chocolate\",\"isPartOf\":{\"@id\":\"https:\/\/simchocolate.com\/es\/#website\"},\"primaryImageOfPage\":{\"@id\":\"https:\/\/simchocolate.com\/es\/produto\/caja-de-2-bigotes-my-king\/#primaryimage\"},\"image\":{\"@id\":\"https:\/\/simchocolate.com\/es\/produto\/caja-de-2-bigotes-my-king\/#primaryimage\"},\"thumbnailUrl\":\"https:\/\/simchocolate.com\/wp-content\/uploads\/2025\/03\/final1-1.jpg\",\"datePublished\":\"2025-03-07T14:40:32+00:00\",\"dateModified\":\"2026-03-05T14:53:59+00:00\",\"description\":\"Sorprende el D\u00eda del Padre con una caja de 2 bigotes Mi Rey, hechos con delicioso chocolate negro. Un regalo original y sofisticado.\",\"breadcrumb\":{\"@id\":\"https:\/\/simchocolate.com\/es\/produto\/caja-de-2-bigotes-my-king\/#breadcrumb\"},\"inLanguage\":\"es\",\"potentialAction\":[{\"@type\":\"ReadAction\",\"target\":[\"https:\/\/simchocolate.com\/es\/produto\/caja-de-2-bigotes-my-king\/\"]}]},{\"@type\":\"ImageObject\",\"inLanguage\":\"es\",\"@id\":\"https:\/\/simchocolate.com\/es\/produto\/caja-de-2-bigotes-my-king\/#primaryimage\",\"url\":\"https:\/\/simchocolate.com\/wp-content\/uploads\/2025\/03\/final1-1.jpg\",\"contentUrl\":\"https:\/\/simchocolate.com\/wp-content\/uploads\/2025\/03\/final1-1.jpg\",\"width\":1000,\"height\":1000,\"caption\":\"Caja de 2 bigotes My King\"},{\"@type\":\"BreadcrumbList\",\"@id\":\"https:\/\/simchocolate.com\/es\/produto\/caja-de-2-bigotes-my-king\/#breadcrumb\",\"itemListElement\":[{\"@type\":\"ListItem\",\"position\":1,\"name\":\"In\u00edcio\",\"item\":\"https:\/\/simchocolate.com\/es\/\"},{\"@type\":\"ListItem\",\"position\":2,\"name\":\"Productos\",\"item\":\"https:\/\/simchocolate.com\/es\/shop\/\"},{\"@type\":\"ListItem\",\"position\":3,\"name\":\"Caja de 2 bigotes My King\"}]},{\"@type\":\"WebSite\",\"@id\":\"https:\/\/simchocolate.com\/es\/#website\",\"url\":\"https:\/\/simchocolate.com\/es\/\",\"name\":\"SIM Chocolate\",\"description\":\"Do amor incondicional entre uma m\u00e3e e sua filha, nasce a marca SIM Bombons no Natal de 2014\",\"potentialAction\":[{\"@type\":\"SearchAction\",\"target\":{\"@type\":\"EntryPoint\",\"urlTemplate\":\"https:\/\/simchocolate.com\/es\/?s={search_term_string}\"},\"query-input\":{\"@type\":\"PropertyValueSpecification\",\"valueRequired\":true,\"valueName\":\"search_term_string\"}}],\"inLanguage\":\"es\"}]}<\/script>\n<!-- \/ Yoast SEO plugin. -->","yoast_head_json":{"title":"Caja de 2 bigotes My King | SIM Chocolate","description":"Sorprende el D\u00eda del Padre con una caja de 2 bigotes Mi Rey, hechos con delicioso chocolate negro. Un regalo original y sofisticado.","robots":{"index":"index","follow":"follow","max-snippet":"max-snippet:-1","max-image-preview":"max-image-preview:large","max-video-preview":"max-video-preview:-1"},"canonical":"https:\/\/simchocolate.com\/es\/produto\/caja-de-2-bigotes-my-king\/","og_locale":"es_ES","og_type":"article","og_title":"Caja de 2 bigotes My King | SIM Chocolate","og_description":"Sorprende el D\u00eda del Padre con una caja de 2 bigotes Mi Rey, hechos con delicioso chocolate negro. Un regalo original y sofisticado.","og_url":"https:\/\/simchocolate.com\/es\/produto\/caja-de-2-bigotes-my-king\/","og_site_name":"SIM Chocolate","article_publisher":"https:\/\/www.facebook.com\/SimBombons","article_modified_time":"2026-03-05T14:53:59+00:00","og_image":[{"width":1000,"height":1000,"url":"https:\/\/simchocolate.com\/wp-content\/uploads\/2025\/03\/final1-1.jpg","type":"image\/jpeg"}],"twitter_card":"summary_large_image","twitter_misc":{"Tiempo de lectura":"1 minuto"},"schema":{"@context":"https:\/\/schema.org","@graph":[{"@type":"WebPage","@id":"https:\/\/simchocolate.com\/es\/produto\/caja-de-2-bigotes-my-king\/","url":"https:\/\/simchocolate.com\/es\/produto\/caja-de-2-bigotes-my-king\/","name":"Caja de 2 bigotes My King | SIM Chocolate","isPartOf":{"@id":"https:\/\/simchocolate.com\/es\/#website"},"primaryImageOfPage":{"@id":"https:\/\/simchocolate.com\/es\/produto\/caja-de-2-bigotes-my-king\/#primaryimage"},"image":{"@id":"https:\/\/simchocolate.com\/es\/produto\/caja-de-2-bigotes-my-king\/#primaryimage"},"thumbnailUrl":"https:\/\/simchocolate.com\/wp-content\/uploads\/2025\/03\/final1-1.jpg","datePublished":"2025-03-07T14:40:32+00:00","dateModified":"2026-03-05T14:53:59+00:00","description":"Sorprende el D\u00eda del Padre con una caja de 2 bigotes Mi Rey, hechos con delicioso chocolate negro. Un regalo original y sofisticado.","breadcrumb":{"@id":"https:\/\/simchocolate.com\/es\/produto\/caja-de-2-bigotes-my-king\/#breadcrumb"},"inLanguage":"es","potentialAction":[{"@type":"ReadAction","target":["https:\/\/simchocolate.com\/es\/produto\/caja-de-2-bigotes-my-king\/"]}]},{"@type":"ImageObject","inLanguage":"es","@id":"https:\/\/simchocolate.com\/es\/produto\/caja-de-2-bigotes-my-king\/#primaryimage","url":"https:\/\/simchocolate.com\/wp-content\/uploads\/2025\/03\/final1-1.jpg","contentUrl":"https:\/\/simchocolate.com\/wp-content\/uploads\/2025\/03\/final1-1.jpg","width":1000,"height":1000,"caption":"Caja de 2 bigotes My King"},{"@type":"BreadcrumbList","@id":"https:\/\/simchocolate.com\/es\/produto\/caja-de-2-bigotes-my-king\/#breadcrumb","itemListElement":[{"@type":"ListItem","position":1,"name":"In\u00edcio","item":"https:\/\/simchocolate.com\/es\/"},{"@type":"ListItem","position":2,"name":"Productos","item":"https:\/\/simchocolate.com\/es\/shop\/"},{"@type":"ListItem","position":3,"name":"Caja de 2 bigotes My King"}]},{"@type":"WebSite","@id":"https:\/\/simchocolate.com\/es\/#website","url":"https:\/\/simchocolate.com\/es\/","name":"SIM Chocolate","description":"Do amor incondicional entre uma m\u00e3e e sua filha, nasce a marca SIM Bombons no Natal de 2014","potentialAction":[{"@type":"SearchAction","target":{"@type":"EntryPoint","urlTemplate":"https:\/\/simchocolate.com\/es\/?s={search_term_string}"},"query-input":{"@type":"PropertyValueSpecification","valueRequired":true,"valueName":"search_term_string"}}],"inLanguage":"es"}]}},"_links":{"self":[{"href":"https:\/\/simchocolate.com\/es\/wp-json\/wp\/v2\/product\/10237","targetHints":{"allow":["GET"]}}],"collection":[{"href":"https:\/\/simchocolate.com\/es\/wp-json\/wp\/v2\/product"}],"about":[{"href":"https:\/\/simchocolate.com\/es\/wp-json\/wp\/v2\/types\/product"}],"replies":[{"embeddable":true,"href":"https:\/\/simchocolate.com\/es\/wp-json\/wp\/v2\/comments?post=10237"}],"wp:featuredmedia":[{"embeddable":true,"href":"https:\/\/simchocolate.com\/es\/wp-json\/wp\/v2\/media\/10792"}],"wp:attachment":[{"href":"https:\/\/simchocolate.com\/es\/wp-json\/wp\/v2\/media?parent=10237"}],"wp:term":[{"taxonomy":"product_brand","embeddable":true,"href":"https:\/\/simchocolate.com\/es\/wp-json\/wp\/v2\/product_brand?post=10237"},{"taxonomy":"product_cat","embeddable":true,"href":"https:\/\/simchocolate.com\/es\/wp-json\/wp\/v2\/product_cat?post=10237"},{"taxonomy":"product_tag","embeddable":true,"href":"https:\/\/simchocolate.com\/es\/wp-json\/wp\/v2\/product_tag?post=10237"}],"curies":[{"name":"wp","href":"https:\/\/api.w.org\/{rel}","templated":true}]}}