{"id":10241,"date":"2025-03-07T16:07:53","date_gmt":"2025-03-07T16:07:53","guid":{"rendered":"https:\/\/simchocolate.com\/produto\/caja-de-2-corazones-mi-rey\/"},"modified":"2025-03-07T16:07:53","modified_gmt":"2025-03-07T16:07:53","slug":"caja-de-2-corazones-mi-rey","status":"publish","type":"product","link":"https:\/\/simchocolate.com\/es\/produto\/caja-de-2-corazones-mi-rey\/","title":{"rendered":"Caja de 2 Corazones Mi Rey"},"content":{"rendered":"<h5 style=\"text-align: left;\">Chocolate con amor y sofisticaci\u00f3n para el D\u00eda del Padre<\/h5>\n<p style=\"text-align: left;\">La Caja Coraz\u00f3n Mi Rey 2 simboliza el afecto y el aprecio en forma de chocolate. Con una textura suave y un sabor intenso, cada coraz\u00f3n est\u00e1 hecho con <strong data-start=\"995\" data-end=\"1026\">chocolate de alta calidad<\/strong>, proporcionando una experiencia verdaderamente indulgente. El elegante dise\u00f1o y la perfecta combinaci\u00f3n de dulzura y sofisticaci\u00f3n hacen de esta caja una opci\u00f3n irresistible para celebrar el D\u00eda del Padre o cualquier ocasi\u00f3n especial.  <\/p>\n<p style=\"text-align: left;\"><strong>*Mantener a una temperatura entre 16\u00ba &#8211; 20\u00ba grados<\/strong><\/p>\n","protected":false},"excerpt":{"rendered":"<p>Elaborados con chocolate de primera calidad, estos bombones combinan refinamiento y sabor para momentos inolvidables.<\/p>\n","protected":false},"featured_media":10786,"comment_status":"open","ping_status":"closed","template":"","meta":[],"product_brand":[],"product_cat":[190],"product_tag":[],"class_list":{"0":"post-10241","1":"product","2":"type-product","3":"status-publish","4":"has-post-thumbnail","6":"product_cat-todo-el-chocolate","7":"edicoes-especial-si","9":"first","10":"instock","11":"shipping-taxable","12":"purchasable","13":"product-type-simple"},"yoast_head":"<!-- This site is optimized with the Yoast SEO plugin v27.2 - https:\/\/yoast.com\/product\/yoast-seo-wordpress\/ -->\n<title>Caja de 2 Corazones Mi Rey | SIM Chocolate<\/title>\n<meta name=\"description\" content=\"Haz que el D\u00eda del Padre sea muy especial con la Caja Mi Rey 2 Corazones. Dos deliciosos bombones hechos a mano, perfectos para sorprender con elegancia y sabor.\" \/>\n<meta name=\"robots\" content=\"index, follow, max-snippet:-1, max-image-preview:large, max-video-preview:-1\" \/>\n<link rel=\"canonical\" href=\"https:\/\/simchocolate.com\/es\/produto\/caja-de-2-corazones-mi-rey\/\" \/>\n<meta property=\"og:locale\" content=\"es_ES\" \/>\n<meta property=\"og:type\" content=\"article\" \/>\n<meta property=\"og:title\" content=\"Caja de 2 Corazones Mi Rey | SIM Chocolate\" \/>\n<meta property=\"og:description\" content=\"Haz que el D\u00eda del Padre sea muy especial con la Caja Mi Rey 2 Corazones. Dos deliciosos bombones hechos a mano, perfectos para sorprender con elegancia y sabor.\" \/>\n<meta property=\"og:url\" content=\"https:\/\/simchocolate.com\/es\/produto\/caja-de-2-corazones-mi-rey\/\" \/>\n<meta property=\"og:site_name\" content=\"SIM Chocolate\" \/>\n<meta property=\"article:publisher\" content=\"https:\/\/www.facebook.com\/SimBombons\" \/>\n<meta property=\"og:image\" content=\"https:\/\/simchocolate.com\/wp-content\/uploads\/2025\/03\/IMG_8961-2-Photoroom-2-1.jpg\" \/>\n\t<meta property=\"og:image:width\" content=\"1280\" \/>\n\t<meta property=\"og:image:height\" content=\"853\" \/>\n\t<meta property=\"og:image:type\" content=\"image\/jpeg\" \/>\n<meta name=\"twitter:card\" content=\"summary_large_image\" \/>\n<script type=\"application\/ld+json\" class=\"yoast-schema-graph\">{\"@context\":\"https:\/\/schema.org\",\"@graph\":[{\"@type\":\"WebPage\",\"@id\":\"https:\/\/simchocolate.com\/es\/produto\/caja-de-2-corazones-mi-rey\/\",\"url\":\"https:\/\/simchocolate.com\/es\/produto\/caja-de-2-corazones-mi-rey\/\",\"name\":\"Caja de 2 Corazones Mi Rey | SIM Chocolate\",\"isPartOf\":{\"@id\":\"https:\/\/simchocolate.com\/es\/#website\"},\"primaryImageOfPage\":{\"@id\":\"https:\/\/simchocolate.com\/es\/produto\/caja-de-2-corazones-mi-rey\/#primaryimage\"},\"image\":{\"@id\":\"https:\/\/simchocolate.com\/es\/produto\/caja-de-2-corazones-mi-rey\/#primaryimage\"},\"thumbnailUrl\":\"https:\/\/simchocolate.com\/wp-content\/uploads\/2025\/03\/final1.jpg\",\"datePublished\":\"2025-03-07T16:07:53+00:00\",\"description\":\"Haz que el D\u00eda del Padre sea muy especial con la Caja Mi Rey 2 Corazones. Dos deliciosos bombones hechos a mano, perfectos para sorprender con elegancia y sabor.\",\"breadcrumb\":{\"@id\":\"https:\/\/simchocolate.com\/es\/produto\/caja-de-2-corazones-mi-rey\/#breadcrumb\"},\"inLanguage\":\"es\",\"potentialAction\":[{\"@type\":\"ReadAction\",\"target\":[\"https:\/\/simchocolate.com\/es\/produto\/caja-de-2-corazones-mi-rey\/\"]}]},{\"@type\":\"ImageObject\",\"inLanguage\":\"es\",\"@id\":\"https:\/\/simchocolate.com\/es\/produto\/caja-de-2-corazones-mi-rey\/#primaryimage\",\"url\":\"https:\/\/simchocolate.com\/wp-content\/uploads\/2025\/03\/final1.jpg\",\"contentUrl\":\"https:\/\/simchocolate.com\/wp-content\/uploads\/2025\/03\/final1.jpg\",\"width\":1000,\"height\":1000,\"caption\":\"caixa 2 cora\u00e7\u00f5es my king\"},{\"@type\":\"BreadcrumbList\",\"@id\":\"https:\/\/simchocolate.com\/es\/produto\/caja-de-2-corazones-mi-rey\/#breadcrumb\",\"itemListElement\":[{\"@type\":\"ListItem\",\"position\":1,\"name\":\"In\u00edcio\",\"item\":\"https:\/\/simchocolate.com\/es\/\"},{\"@type\":\"ListItem\",\"position\":2,\"name\":\"Productos\",\"item\":\"https:\/\/simchocolate.com\/es\/shop\/\"},{\"@type\":\"ListItem\",\"position\":3,\"name\":\"Caja de 2 Corazones Mi Rey\"}]},{\"@type\":\"WebSite\",\"@id\":\"https:\/\/simchocolate.com\/es\/#website\",\"url\":\"https:\/\/simchocolate.com\/es\/\",\"name\":\"SIM Chocolate\",\"description\":\"Do amor incondicional entre uma m\u00e3e e sua filha, nasce a marca SIM Bombons no Natal de 2014\",\"potentialAction\":[{\"@type\":\"SearchAction\",\"target\":{\"@type\":\"EntryPoint\",\"urlTemplate\":\"https:\/\/simchocolate.com\/es\/?s={search_term_string}\"},\"query-input\":{\"@type\":\"PropertyValueSpecification\",\"valueRequired\":true,\"valueName\":\"search_term_string\"}}],\"inLanguage\":\"es\"}]}<\/script>\n<!-- \/ Yoast SEO plugin. -->","yoast_head_json":{"title":"Caja de 2 Corazones Mi Rey | SIM Chocolate","description":"Haz que el D\u00eda del Padre sea muy especial con la Caja Mi Rey 2 Corazones. Dos deliciosos bombones hechos a mano, perfectos para sorprender con elegancia y sabor.","robots":{"index":"index","follow":"follow","max-snippet":"max-snippet:-1","max-image-preview":"max-image-preview:large","max-video-preview":"max-video-preview:-1"},"canonical":"https:\/\/simchocolate.com\/es\/produto\/caja-de-2-corazones-mi-rey\/","og_locale":"es_ES","og_type":"article","og_title":"Caja de 2 Corazones Mi Rey | SIM Chocolate","og_description":"Haz que el D\u00eda del Padre sea muy especial con la Caja Mi Rey 2 Corazones. Dos deliciosos bombones hechos a mano, perfectos para sorprender con elegancia y sabor.","og_url":"https:\/\/simchocolate.com\/es\/produto\/caja-de-2-corazones-mi-rey\/","og_site_name":"SIM Chocolate","article_publisher":"https:\/\/www.facebook.com\/SimBombons","og_image":[{"width":1280,"height":853,"url":"https:\/\/simchocolate.com\/wp-content\/uploads\/2025\/03\/IMG_8961-2-Photoroom-2-1.jpg","type":"image\/jpeg"}],"twitter_card":"summary_large_image","schema":{"@context":"https:\/\/schema.org","@graph":[{"@type":"WebPage","@id":"https:\/\/simchocolate.com\/es\/produto\/caja-de-2-corazones-mi-rey\/","url":"https:\/\/simchocolate.com\/es\/produto\/caja-de-2-corazones-mi-rey\/","name":"Caja de 2 Corazones Mi Rey | SIM Chocolate","isPartOf":{"@id":"https:\/\/simchocolate.com\/es\/#website"},"primaryImageOfPage":{"@id":"https:\/\/simchocolate.com\/es\/produto\/caja-de-2-corazones-mi-rey\/#primaryimage"},"image":{"@id":"https:\/\/simchocolate.com\/es\/produto\/caja-de-2-corazones-mi-rey\/#primaryimage"},"thumbnailUrl":"https:\/\/simchocolate.com\/wp-content\/uploads\/2025\/03\/final1.jpg","datePublished":"2025-03-07T16:07:53+00:00","description":"Haz que el D\u00eda del Padre sea muy especial con la Caja Mi Rey 2 Corazones. Dos deliciosos bombones hechos a mano, perfectos para sorprender con elegancia y sabor.","breadcrumb":{"@id":"https:\/\/simchocolate.com\/es\/produto\/caja-de-2-corazones-mi-rey\/#breadcrumb"},"inLanguage":"es","potentialAction":[{"@type":"ReadAction","target":["https:\/\/simchocolate.com\/es\/produto\/caja-de-2-corazones-mi-rey\/"]}]},{"@type":"ImageObject","inLanguage":"es","@id":"https:\/\/simchocolate.com\/es\/produto\/caja-de-2-corazones-mi-rey\/#primaryimage","url":"https:\/\/simchocolate.com\/wp-content\/uploads\/2025\/03\/final1.jpg","contentUrl":"https:\/\/simchocolate.com\/wp-content\/uploads\/2025\/03\/final1.jpg","width":1000,"height":1000,"caption":"caixa 2 cora\u00e7\u00f5es my king"},{"@type":"BreadcrumbList","@id":"https:\/\/simchocolate.com\/es\/produto\/caja-de-2-corazones-mi-rey\/#breadcrumb","itemListElement":[{"@type":"ListItem","position":1,"name":"In\u00edcio","item":"https:\/\/simchocolate.com\/es\/"},{"@type":"ListItem","position":2,"name":"Productos","item":"https:\/\/simchocolate.com\/es\/shop\/"},{"@type":"ListItem","position":3,"name":"Caja de 2 Corazones Mi Rey"}]},{"@type":"WebSite","@id":"https:\/\/simchocolate.com\/es\/#website","url":"https:\/\/simchocolate.com\/es\/","name":"SIM Chocolate","description":"Do amor incondicional entre uma m\u00e3e e sua filha, nasce a marca SIM Bombons no Natal de 2014","potentialAction":[{"@type":"SearchAction","target":{"@type":"EntryPoint","urlTemplate":"https:\/\/simchocolate.com\/es\/?s={search_term_string}"},"query-input":{"@type":"PropertyValueSpecification","valueRequired":true,"valueName":"search_term_string"}}],"inLanguage":"es"}]}},"_links":{"self":[{"href":"https:\/\/simchocolate.com\/es\/wp-json\/wp\/v2\/product\/10241","targetHints":{"allow":["GET"]}}],"collection":[{"href":"https:\/\/simchocolate.com\/es\/wp-json\/wp\/v2\/product"}],"about":[{"href":"https:\/\/simchocolate.com\/es\/wp-json\/wp\/v2\/types\/product"}],"replies":[{"embeddable":true,"href":"https:\/\/simchocolate.com\/es\/wp-json\/wp\/v2\/comments?post=10241"}],"wp:featuredmedia":[{"embeddable":true,"href":"https:\/\/simchocolate.com\/es\/wp-json\/wp\/v2\/media\/10786"}],"wp:attachment":[{"href":"https:\/\/simchocolate.com\/es\/wp-json\/wp\/v2\/media?parent=10241"}],"wp:term":[{"taxonomy":"product_brand","embeddable":true,"href":"https:\/\/simchocolate.com\/es\/wp-json\/wp\/v2\/product_brand?post=10241"},{"taxonomy":"product_cat","embeddable":true,"href":"https:\/\/simchocolate.com\/es\/wp-json\/wp\/v2\/product_cat?post=10241"},{"taxonomy":"product_tag","embeddable":true,"href":"https:\/\/simchocolate.com\/es\/wp-json\/wp\/v2\/product_tag?post=10241"}],"curies":[{"name":"wp","href":"https:\/\/api.w.org\/{rel}","templated":true}]}}