{"id":10564,"date":"2026-01-19T12:39:25","date_gmt":"2026-01-19T12:39:25","guid":{"rendered":"https:\/\/simchocolate.com\/produto\/caja-de-12-napolitanas-para-amantes-chocolate-negro-70\/"},"modified":"2026-01-19T12:39:25","modified_gmt":"2026-01-19T12:39:25","slug":"caja-de-12-napolitanas-para-amantes-chocolate-negro-70","status":"publish","type":"product","link":"https:\/\/simchocolate.com\/es\/produto\/caja-de-12-napolitanas-para-amantes-chocolate-negro-70\/","title":{"rendered":"Caja de 12 napolitanas Para Amantes Chocolate negro 70%"},"content":{"rendered":"<h5 style=\"text-align: left;\" data-start=\"829\" data-end=\"933\">Intensidad y sofisticaci\u00f3n para compartir<\/h5>\n<p style=\"text-align: left;\" data-start=\"935\" data-end=\"1277\">La caja de 12 napolitanas de chocolate negro 70% Para Enamorados se ha creado para los verdaderos amantes del chocolate negro y para quienes valoran los momentos significativos de compartir. Elaboradas con chocolate negro de primera calidad al 70% de cacao, estas napolitanas destacan por su sabor intenso, equilibrado y elegante. <\/p>\n<p style=\"text-align: left;\" data-start=\"1279\" data-end=\"1670\">Cada napolitana ofrece una rica experiencia sensorial, revelando profundas notas de cacao, ligeramente amargas y perfectamente armonizadas. Su textura firme, que se funde suavemente en la boca, transforma cada degustaci\u00f3n en un momento atractivo y sofisticado. Esta caja es ideal para quienes aprecian el chocolate con car\u00e1cter y personalidad.  <\/p>\n<p style=\"text-align: left;\" data-start=\"1672\" data-end=\"1984\">Pensada para ocasiones especiales como San Valent\u00edn, aniversarios o momentos en pareja, esta caja forma parte de la colecci\u00f3n <strong data-start=\"1792\" data-end=\"1806\">For Lovers<\/strong>, una gama dedicada al amor, a compartir y a celebrar los peque\u00f1os gestos. Las napolitanas envueltas individualmente garantizan frescura, practicidad y una presentaci\u00f3n elegante. <\/p>\n<p style=\"text-align: left;\" data-start=\"1986\" data-end=\"2287\">La Caja de 12 napolitanas para enamorados de chocolate negro tambi\u00e9n es una excelente opci\u00f3n de regalo, ya que combina un dise\u00f1o rom\u00e1ntico con chocolate artesano de alta calidad. Un regalo vers\u00e1til que se puede saborear lentamente, acompa\u00f1ado de caf\u00e9 o vino, creando momentos memorables. <\/p>\n<p style=\"text-align: left;\" data-start=\"2289\" data-end=\"2423\">Elaborada con rigor y pasi\u00f3n por el chocolate, esta caja refleja el compromiso de Sim Chocolate con la excelencia y el sabor aut\u00e9ntico.<\/p>\n<p style=\"text-align: left;\" data-start=\"2425\" data-end=\"2501\"><strong>Instrucciones de conservaci\u00f3n:<\/strong><br data-start=\"2447\" data-end=\"2450\"><strong><em data-start=\"2450\" data-end=\"2499\">Conservar a una temperatura entre 16\u00ba &#8211; 20\u00ba grados.<\/em><\/strong><\/p>\n","protected":false},"excerpt":{"rendered":"<p>La Caja de 12 Napolitanas Para Enamorados Chocolate Negro 70% re\u00fane napolitanas individuales de chocolate negro intenso, ideales para compartir momentos especiales.<\/p>\n","protected":false},"featured_media":10559,"comment_status":"open","ping_status":"closed","template":"","meta":[],"product_brand":[],"product_cat":[186],"product_tag":[],"class_list":{"0":"post-10564","1":"product","2":"type-product","3":"status-publish","4":"has-post-thumbnail","6":"product_cat-napolitanas-de-chocolate","7":"edicoes-especial-si","8":"edicoes-para-enamorados","10":"first","11":"instock","12":"shipping-taxable","13":"purchasable","14":"product-type-simple"},"yoast_head":"<!-- This site is optimized with the Yoast SEO plugin v27.2 - https:\/\/yoast.com\/product\/yoast-seo-wordpress\/ -->\n<title>SIM Chocolate<\/title>\n<meta name=\"description\" content=\"Caja de 12 napolitanas Para Enamorados Chocolate Negro 70%, intensidad, elegancia y el regalo perfecto para celebrar el amor.\" \/>\n<meta name=\"robots\" content=\"index, follow, max-snippet:-1, max-image-preview:large, max-video-preview:-1\" \/>\n<link rel=\"canonical\" href=\"https:\/\/simchocolate.com\/es\/produto\/caja-de-12-napolitanas-para-amantes-chocolate-negro-70\/\" \/>\n<meta property=\"og:locale\" content=\"es_ES\" \/>\n<meta property=\"og:type\" content=\"article\" \/>\n<meta property=\"og:description\" content=\"Caja de 12 napolitanas Para Enamorados Chocolate Negro 70%, intensidad, elegancia y el regalo perfecto para celebrar el amor.\" \/>\n<meta property=\"og:url\" content=\"https:\/\/simchocolate.com\/es\/produto\/caja-de-12-napolitanas-para-amantes-chocolate-negro-70\/\" \/>\n<meta property=\"og:site_name\" content=\"SIM Chocolate\" \/>\n<meta property=\"article:publisher\" content=\"https:\/\/www.facebook.com\/SimBombons\" \/>\n<meta property=\"og:image\" content=\"https:\/\/simchocolate.com\/wp-content\/uploads\/2026\/01\/tiago1.jpg\" \/>\n\t<meta property=\"og:image:width\" content=\"1000\" \/>\n\t<meta property=\"og:image:height\" content=\"1000\" \/>\n\t<meta property=\"og:image:type\" content=\"image\/jpeg\" \/>\n<meta name=\"twitter:card\" content=\"summary_large_image\" \/>\n<meta name=\"twitter:label1\" content=\"Tiempo de lectura\" \/>\n\t<meta name=\"twitter:data1\" content=\"1 minuto\" \/>\n<script type=\"application\/ld+json\" class=\"yoast-schema-graph\">{\"@context\":\"https:\/\/schema.org\",\"@graph\":[{\"@type\":\"WebPage\",\"@id\":\"https:\/\/simchocolate.com\/es\/produto\/caja-de-12-napolitanas-para-amantes-chocolate-negro-70\/\",\"url\":\"https:\/\/simchocolate.com\/es\/produto\/caja-de-12-napolitanas-para-amantes-chocolate-negro-70\/\",\"name\":\"\",\"isPartOf\":{\"@id\":\"https:\/\/simchocolate.com\/es\/#website\"},\"primaryImageOfPage\":{\"@id\":\"https:\/\/simchocolate.com\/es\/produto\/caja-de-12-napolitanas-para-amantes-chocolate-negro-70\/#primaryimage\"},\"image\":{\"@id\":\"https:\/\/simchocolate.com\/es\/produto\/caja-de-12-napolitanas-para-amantes-chocolate-negro-70\/#primaryimage\"},\"thumbnailUrl\":\"https:\/\/simchocolate.com\/wp-content\/uploads\/2026\/01\/tiago1.jpg\",\"datePublished\":\"2026-01-19T12:39:25+00:00\",\"description\":\"Caja de 12 napolitanas Para Enamorados Chocolate Negro 70%, intensidad, elegancia y el regalo perfecto para celebrar el amor.\",\"breadcrumb\":{\"@id\":\"https:\/\/simchocolate.com\/es\/produto\/caja-de-12-napolitanas-para-amantes-chocolate-negro-70\/#breadcrumb\"},\"inLanguage\":\"es\",\"potentialAction\":[{\"@type\":\"ReadAction\",\"target\":[\"https:\/\/simchocolate.com\/es\/produto\/caja-de-12-napolitanas-para-amantes-chocolate-negro-70\/\"]}]},{\"@type\":\"ImageObject\",\"inLanguage\":\"es\",\"@id\":\"https:\/\/simchocolate.com\/es\/produto\/caja-de-12-napolitanas-para-amantes-chocolate-negro-70\/#primaryimage\",\"url\":\"https:\/\/simchocolate.com\/wp-content\/uploads\/2026\/01\/tiago1.jpg\",\"contentUrl\":\"https:\/\/simchocolate.com\/wp-content\/uploads\/2026\/01\/tiago1.jpg\",\"width\":1000,\"height\":1000,\"caption\":\"Caja de 12 napolitanas Para Amantes Chocolate negro 70%\"},{\"@type\":\"BreadcrumbList\",\"@id\":\"https:\/\/simchocolate.com\/es\/produto\/caja-de-12-napolitanas-para-amantes-chocolate-negro-70\/#breadcrumb\",\"itemListElement\":[{\"@type\":\"ListItem\",\"position\":1,\"name\":\"In\u00edcio\",\"item\":\"https:\/\/simchocolate.com\/es\/\"},{\"@type\":\"ListItem\",\"position\":2,\"name\":\"Productos\",\"item\":\"https:\/\/simchocolate.com\/es\/shop\/\"},{\"@type\":\"ListItem\",\"position\":3,\"name\":\"Caja de 12 napolitanas Para Amantes Chocolate negro 70%\"}]},{\"@type\":\"WebSite\",\"@id\":\"https:\/\/simchocolate.com\/es\/#website\",\"url\":\"https:\/\/simchocolate.com\/es\/\",\"name\":\"SIM Chocolate\",\"description\":\"Do amor incondicional entre uma m\u00e3e e sua filha, nasce a marca SIM Bombons no Natal de 2014\",\"potentialAction\":[{\"@type\":\"SearchAction\",\"target\":{\"@type\":\"EntryPoint\",\"urlTemplate\":\"https:\/\/simchocolate.com\/es\/?s={search_term_string}\"},\"query-input\":{\"@type\":\"PropertyValueSpecification\",\"valueRequired\":true,\"valueName\":\"search_term_string\"}}],\"inLanguage\":\"es\"}]}<\/script>\n<!-- \/ Yoast SEO plugin. -->","yoast_head_json":{"title":"SIM Chocolate","description":"Caja de 12 napolitanas Para Enamorados Chocolate Negro 70%, intensidad, elegancia y el regalo perfecto para celebrar el amor.","robots":{"index":"index","follow":"follow","max-snippet":"max-snippet:-1","max-image-preview":"max-image-preview:large","max-video-preview":"max-video-preview:-1"},"canonical":"https:\/\/simchocolate.com\/es\/produto\/caja-de-12-napolitanas-para-amantes-chocolate-negro-70\/","og_locale":"es_ES","og_type":"article","og_description":"Caja de 12 napolitanas Para Enamorados Chocolate Negro 70%, intensidad, elegancia y el regalo perfecto para celebrar el amor.","og_url":"https:\/\/simchocolate.com\/es\/produto\/caja-de-12-napolitanas-para-amantes-chocolate-negro-70\/","og_site_name":"SIM Chocolate","article_publisher":"https:\/\/www.facebook.com\/SimBombons","og_image":[{"width":1000,"height":1000,"url":"https:\/\/simchocolate.com\/wp-content\/uploads\/2026\/01\/tiago1.jpg","type":"image\/jpeg"}],"twitter_card":"summary_large_image","twitter_misc":{"Tiempo de lectura":"1 minuto"},"schema":{"@context":"https:\/\/schema.org","@graph":[{"@type":"WebPage","@id":"https:\/\/simchocolate.com\/es\/produto\/caja-de-12-napolitanas-para-amantes-chocolate-negro-70\/","url":"https:\/\/simchocolate.com\/es\/produto\/caja-de-12-napolitanas-para-amantes-chocolate-negro-70\/","name":"","isPartOf":{"@id":"https:\/\/simchocolate.com\/es\/#website"},"primaryImageOfPage":{"@id":"https:\/\/simchocolate.com\/es\/produto\/caja-de-12-napolitanas-para-amantes-chocolate-negro-70\/#primaryimage"},"image":{"@id":"https:\/\/simchocolate.com\/es\/produto\/caja-de-12-napolitanas-para-amantes-chocolate-negro-70\/#primaryimage"},"thumbnailUrl":"https:\/\/simchocolate.com\/wp-content\/uploads\/2026\/01\/tiago1.jpg","datePublished":"2026-01-19T12:39:25+00:00","description":"Caja de 12 napolitanas Para Enamorados Chocolate Negro 70%, intensidad, elegancia y el regalo perfecto para celebrar el amor.","breadcrumb":{"@id":"https:\/\/simchocolate.com\/es\/produto\/caja-de-12-napolitanas-para-amantes-chocolate-negro-70\/#breadcrumb"},"inLanguage":"es","potentialAction":[{"@type":"ReadAction","target":["https:\/\/simchocolate.com\/es\/produto\/caja-de-12-napolitanas-para-amantes-chocolate-negro-70\/"]}]},{"@type":"ImageObject","inLanguage":"es","@id":"https:\/\/simchocolate.com\/es\/produto\/caja-de-12-napolitanas-para-amantes-chocolate-negro-70\/#primaryimage","url":"https:\/\/simchocolate.com\/wp-content\/uploads\/2026\/01\/tiago1.jpg","contentUrl":"https:\/\/simchocolate.com\/wp-content\/uploads\/2026\/01\/tiago1.jpg","width":1000,"height":1000,"caption":"Caja de 12 napolitanas Para Amantes Chocolate negro 70%"},{"@type":"BreadcrumbList","@id":"https:\/\/simchocolate.com\/es\/produto\/caja-de-12-napolitanas-para-amantes-chocolate-negro-70\/#breadcrumb","itemListElement":[{"@type":"ListItem","position":1,"name":"In\u00edcio","item":"https:\/\/simchocolate.com\/es\/"},{"@type":"ListItem","position":2,"name":"Productos","item":"https:\/\/simchocolate.com\/es\/shop\/"},{"@type":"ListItem","position":3,"name":"Caja de 12 napolitanas Para Amantes Chocolate negro 70%"}]},{"@type":"WebSite","@id":"https:\/\/simchocolate.com\/es\/#website","url":"https:\/\/simchocolate.com\/es\/","name":"SIM Chocolate","description":"Do amor incondicional entre uma m\u00e3e e sua filha, nasce a marca SIM Bombons no Natal de 2014","potentialAction":[{"@type":"SearchAction","target":{"@type":"EntryPoint","urlTemplate":"https:\/\/simchocolate.com\/es\/?s={search_term_string}"},"query-input":{"@type":"PropertyValueSpecification","valueRequired":true,"valueName":"search_term_string"}}],"inLanguage":"es"}]}},"_links":{"self":[{"href":"https:\/\/simchocolate.com\/es\/wp-json\/wp\/v2\/product\/10564","targetHints":{"allow":["GET"]}}],"collection":[{"href":"https:\/\/simchocolate.com\/es\/wp-json\/wp\/v2\/product"}],"about":[{"href":"https:\/\/simchocolate.com\/es\/wp-json\/wp\/v2\/types\/product"}],"replies":[{"embeddable":true,"href":"https:\/\/simchocolate.com\/es\/wp-json\/wp\/v2\/comments?post=10564"}],"wp:featuredmedia":[{"embeddable":true,"href":"https:\/\/simchocolate.com\/es\/wp-json\/wp\/v2\/media\/10559"}],"wp:attachment":[{"href":"https:\/\/simchocolate.com\/es\/wp-json\/wp\/v2\/media?parent=10564"}],"wp:term":[{"taxonomy":"product_brand","embeddable":true,"href":"https:\/\/simchocolate.com\/es\/wp-json\/wp\/v2\/product_brand?post=10564"},{"taxonomy":"product_cat","embeddable":true,"href":"https:\/\/simchocolate.com\/es\/wp-json\/wp\/v2\/product_cat?post=10564"},{"taxonomy":"product_tag","embeddable":true,"href":"https:\/\/simchocolate.com\/es\/wp-json\/wp\/v2\/product_tag?post=10564"}],"curies":[{"name":"wp","href":"https:\/\/api.w.org\/{rel}","templated":true}]}}