{"id":9223,"date":"2023-10-20T16:50:39","date_gmt":"2023-10-20T16:50:39","guid":{"rendered":"https:\/\/simchocolate.com\/produto\/bombones-de-cacahuete-salados\/"},"modified":"2025-12-02T16:59:05","modified_gmt":"2025-12-02T16:59:05","slug":"bombones-de-cacahuete-salados","status":"publish","type":"product","link":"https:\/\/simchocolate.com\/es\/produto\/bombones-de-cacahuete-salados\/","title":{"rendered":"Bombones de cacahuete salados"},"content":{"rendered":"<div class=\"flex flex-grow flex-col max-w-full\">\n<div class=\"min-h-[20px] text-message flex w-full flex-col items-end gap-2 whitespace-pre-wrap break-words [.text-message+&amp;]:mt-5 overflow-x-auto\" dir=\"auto\" data-message-author-role=\"assistant\" data-message-id=\"f7049e49-bcd5-44b6-a125-8c8eb34f9ab1\">\n<div class=\"flex w-full flex-col gap-1 empty:hidden first:pt-[3px]\">\n<div class=\"markdown prose w-full break-words dark:prose-invert dark\">\n<h5 style=\"text-align: left;\">La armon\u00eda de lo salado y lo dulce<\/h5>\n<p style=\"text-align: left;\">Experimenta la combinaci\u00f3n perfecta de sabor y textura con el Bomb\u00f3n de Cacahuete Salado, una creaci\u00f3n \u00fanica que celebra la uni\u00f3n del crujiente de los cacahuetes tostados con el sutil toque de sal, todo ello envuelto en el mejor chocolate de primera calidad. <strong>Este bomb\u00f3n es una sinfon\u00eda de sabores y texturas<\/strong>, que ofrece una experiencia de degustaci\u00f3n que agrada y sorprende.<\/p>\n<p style=\"text-align: left;\">El coraz\u00f3n de este bomb\u00f3n est\u00e1 hecho de cacahuetes cuidadosamente seleccionados y tostados a la perfecci\u00f3n, lo que le confiere un crujido irresistible y un sabor rico y mantecoso. La adici\u00f3n de sal realza el sabor natural de los cacahuetes, creando un equilibrio armonioso entre salado y dulce. Esta combinaci\u00f3n cl\u00e1sica se lleva a un nuevo nivel con la calidad de los ingredientes utilizados, creando as\u00ed el bomb\u00f3n de cacahuete salado.<\/p>\n<p style=\"text-align: left;\">El chocolate que rodea los cacahuetes salados se elige para complementar y acentuar los sabores internos. Su suave textura y profundo sabor proporcionan la base perfecta para los cacahuetes, dando como resultado un bocado a la vez indulgente y equilibrado. El chocolate se funde lentamente en la boca, liberando poco a poco los ricos y complejos sabores de los cacahuetes salados.<\/p>\n<p style=\"text-align: left;\"><strong data-start=\"1886\" data-end=\"1910\">M\u00e9todo de conservaci\u00f3n:<\/strong><br data-start=\"1910\" data-end=\"1913\"><em data-start=\"1913\" data-end=\"1962\">Conservar a una temperatura entre 16\u00ba &#8211; 20\u00ba grados.<\/em><\/p>\n<p style=\"text-align: left;\">\n<\/div>\n<\/div>\n<\/div>\n<\/div>\n","protected":false},"excerpt":{"rendered":"<p>Date un capricho con la Bomba de Cacahuete Salado, donde el crujido de los cacahuetes se une al toque salado perfecto.<\/p>\n","protected":false},"featured_media":9229,"comment_status":"closed","ping_status":"closed","template":"","meta":[],"product_brand":[],"product_cat":[187],"product_tag":[],"class_list":{"0":"post-9223","1":"product","2":"type-product","3":"status-publish","4":"has-post-thumbnail","6":"product_cat-bombones","8":"first","9":"instock","10":"shipping-taxable","11":"purchasable","12":"product-type-simple"},"yoast_head":"<!-- This site is optimized with the Yoast SEO plugin v27.2 - https:\/\/yoast.com\/product\/yoast-seo-wordpress\/ -->\n<title>Bombones de cacahuete salados | S\u00cd Chocolate<\/title>\n<meta name=\"description\" content=\"Date un capricho con la Bomba de Cacahuete Salado, donde el crujido del cacahuete se une al toque salado perfecto, envuelto en una capa de chocolate de primera calidad.\" \/>\n<meta name=\"robots\" content=\"index, follow, max-snippet:-1, max-image-preview:large, max-video-preview:-1\" \/>\n<link rel=\"canonical\" href=\"https:\/\/simchocolate.com\/es\/produto\/bombones-de-cacahuete-salados\/\" \/>\n<meta property=\"og:locale\" content=\"es_ES\" \/>\n<meta property=\"og:type\" content=\"article\" \/>\n<meta property=\"og:title\" content=\"Bombones de cacahuete salados | S\u00cd Chocolate\" \/>\n<meta property=\"og:description\" content=\"Date un capricho con la Bomba de Cacahuete Salado, donde el crujido del cacahuete se une al toque salado perfecto, envuelto en una capa de chocolate de primera calidad.\" \/>\n<meta property=\"og:url\" content=\"https:\/\/simchocolate.com\/es\/produto\/bombones-de-cacahuete-salados\/\" \/>\n<meta property=\"og:site_name\" content=\"SIM Chocolate\" \/>\n<meta property=\"article:publisher\" content=\"https:\/\/www.facebook.com\/SimBombons\" \/>\n<meta property=\"article:modified_time\" content=\"2025-12-02T16:59:05+00:00\" \/>\n<meta property=\"og:image\" content=\"https:\/\/simchocolate.com\/wp-content\/uploads\/2023\/10\/FINAL-INTEIRO.webp\" \/>\n\t<meta property=\"og:image:width\" content=\"1000\" \/>\n\t<meta property=\"og:image:height\" content=\"1000\" \/>\n\t<meta property=\"og:image:type\" content=\"image\/webp\" \/>\n<meta name=\"twitter:card\" content=\"summary_large_image\" \/>\n<meta name=\"twitter:label1\" content=\"Tiempo de lectura\" \/>\n\t<meta name=\"twitter:data1\" content=\"1 minuto\" \/>\n<script type=\"application\/ld+json\" class=\"yoast-schema-graph\">{\"@context\":\"https:\/\/schema.org\",\"@graph\":[{\"@type\":\"WebPage\",\"@id\":\"https:\/\/simchocolate.com\/es\/produto\/bombones-de-cacahuete-salados\/\",\"url\":\"https:\/\/simchocolate.com\/es\/produto\/bombones-de-cacahuete-salados\/\",\"name\":\"Bombones de cacahuete salados | S\u00cd Chocolate\",\"isPartOf\":{\"@id\":\"https:\/\/simchocolate.com\/es\/#website\"},\"primaryImageOfPage\":{\"@id\":\"https:\/\/simchocolate.com\/es\/produto\/bombones-de-cacahuete-salados\/#primaryimage\"},\"image\":{\"@id\":\"https:\/\/simchocolate.com\/es\/produto\/bombones-de-cacahuete-salados\/#primaryimage\"},\"thumbnailUrl\":\"https:\/\/simchocolate.com\/wp-content\/uploads\/2023\/10\/FINAL-INTEIRO.webp\",\"datePublished\":\"2023-10-20T16:50:39+00:00\",\"dateModified\":\"2025-12-02T16:59:05+00:00\",\"description\":\"Date un capricho con la Bomba de Cacahuete Salado, donde el crujido del cacahuete se une al toque salado perfecto, envuelto en una capa de chocolate de primera calidad.\",\"breadcrumb\":{\"@id\":\"https:\/\/simchocolate.com\/es\/produto\/bombones-de-cacahuete-salados\/#breadcrumb\"},\"inLanguage\":\"es\",\"potentialAction\":[{\"@type\":\"ReadAction\",\"target\":[\"https:\/\/simchocolate.com\/es\/produto\/bombones-de-cacahuete-salados\/\"]}]},{\"@type\":\"ImageObject\",\"inLanguage\":\"es\",\"@id\":\"https:\/\/simchocolate.com\/es\/produto\/bombones-de-cacahuete-salados\/#primaryimage\",\"url\":\"https:\/\/simchocolate.com\/wp-content\/uploads\/2023\/10\/FINAL-INTEIRO.webp\",\"contentUrl\":\"https:\/\/simchocolate.com\/wp-content\/uploads\/2023\/10\/FINAL-INTEIRO.webp\",\"width\":1000,\"height\":1000,\"caption\":\"caramelo de cacahuete salado\"},{\"@type\":\"BreadcrumbList\",\"@id\":\"https:\/\/simchocolate.com\/es\/produto\/bombones-de-cacahuete-salados\/#breadcrumb\",\"itemListElement\":[{\"@type\":\"ListItem\",\"position\":1,\"name\":\"In\u00edcio\",\"item\":\"https:\/\/simchocolate.com\/es\/\"},{\"@type\":\"ListItem\",\"position\":2,\"name\":\"Productos\",\"item\":\"https:\/\/simchocolate.com\/es\/shop\/\"},{\"@type\":\"ListItem\",\"position\":3,\"name\":\"Bombones de cacahuete salados\"}]},{\"@type\":\"WebSite\",\"@id\":\"https:\/\/simchocolate.com\/es\/#website\",\"url\":\"https:\/\/simchocolate.com\/es\/\",\"name\":\"SIM Chocolate\",\"description\":\"Do amor incondicional entre uma m\u00e3e e sua filha, nasce a marca SIM Bombons no Natal de 2014\",\"potentialAction\":[{\"@type\":\"SearchAction\",\"target\":{\"@type\":\"EntryPoint\",\"urlTemplate\":\"https:\/\/simchocolate.com\/es\/?s={search_term_string}\"},\"query-input\":{\"@type\":\"PropertyValueSpecification\",\"valueRequired\":true,\"valueName\":\"search_term_string\"}}],\"inLanguage\":\"es\"}]}<\/script>\n<!-- \/ Yoast SEO plugin. -->","yoast_head_json":{"title":"Bombones de cacahuete salados | S\u00cd Chocolate","description":"Date un capricho con la Bomba de Cacahuete Salado, donde el crujido del cacahuete se une al toque salado perfecto, envuelto en una capa de chocolate de primera calidad.","robots":{"index":"index","follow":"follow","max-snippet":"max-snippet:-1","max-image-preview":"max-image-preview:large","max-video-preview":"max-video-preview:-1"},"canonical":"https:\/\/simchocolate.com\/es\/produto\/bombones-de-cacahuete-salados\/","og_locale":"es_ES","og_type":"article","og_title":"Bombones de cacahuete salados | S\u00cd Chocolate","og_description":"Date un capricho con la Bomba de Cacahuete Salado, donde el crujido del cacahuete se une al toque salado perfecto, envuelto en una capa de chocolate de primera calidad.","og_url":"https:\/\/simchocolate.com\/es\/produto\/bombones-de-cacahuete-salados\/","og_site_name":"SIM Chocolate","article_publisher":"https:\/\/www.facebook.com\/SimBombons","article_modified_time":"2025-12-02T16:59:05+00:00","og_image":[{"width":1000,"height":1000,"url":"https:\/\/simchocolate.com\/wp-content\/uploads\/2023\/10\/FINAL-INTEIRO.webp","type":"image\/webp"}],"twitter_card":"summary_large_image","twitter_misc":{"Tiempo de lectura":"1 minuto"},"schema":{"@context":"https:\/\/schema.org","@graph":[{"@type":"WebPage","@id":"https:\/\/simchocolate.com\/es\/produto\/bombones-de-cacahuete-salados\/","url":"https:\/\/simchocolate.com\/es\/produto\/bombones-de-cacahuete-salados\/","name":"Bombones de cacahuete salados | S\u00cd Chocolate","isPartOf":{"@id":"https:\/\/simchocolate.com\/es\/#website"},"primaryImageOfPage":{"@id":"https:\/\/simchocolate.com\/es\/produto\/bombones-de-cacahuete-salados\/#primaryimage"},"image":{"@id":"https:\/\/simchocolate.com\/es\/produto\/bombones-de-cacahuete-salados\/#primaryimage"},"thumbnailUrl":"https:\/\/simchocolate.com\/wp-content\/uploads\/2023\/10\/FINAL-INTEIRO.webp","datePublished":"2023-10-20T16:50:39+00:00","dateModified":"2025-12-02T16:59:05+00:00","description":"Date un capricho con la Bomba de Cacahuete Salado, donde el crujido del cacahuete se une al toque salado perfecto, envuelto en una capa de chocolate de primera calidad.","breadcrumb":{"@id":"https:\/\/simchocolate.com\/es\/produto\/bombones-de-cacahuete-salados\/#breadcrumb"},"inLanguage":"es","potentialAction":[{"@type":"ReadAction","target":["https:\/\/simchocolate.com\/es\/produto\/bombones-de-cacahuete-salados\/"]}]},{"@type":"ImageObject","inLanguage":"es","@id":"https:\/\/simchocolate.com\/es\/produto\/bombones-de-cacahuete-salados\/#primaryimage","url":"https:\/\/simchocolate.com\/wp-content\/uploads\/2023\/10\/FINAL-INTEIRO.webp","contentUrl":"https:\/\/simchocolate.com\/wp-content\/uploads\/2023\/10\/FINAL-INTEIRO.webp","width":1000,"height":1000,"caption":"caramelo de cacahuete salado"},{"@type":"BreadcrumbList","@id":"https:\/\/simchocolate.com\/es\/produto\/bombones-de-cacahuete-salados\/#breadcrumb","itemListElement":[{"@type":"ListItem","position":1,"name":"In\u00edcio","item":"https:\/\/simchocolate.com\/es\/"},{"@type":"ListItem","position":2,"name":"Productos","item":"https:\/\/simchocolate.com\/es\/shop\/"},{"@type":"ListItem","position":3,"name":"Bombones de cacahuete salados"}]},{"@type":"WebSite","@id":"https:\/\/simchocolate.com\/es\/#website","url":"https:\/\/simchocolate.com\/es\/","name":"SIM Chocolate","description":"Do amor incondicional entre uma m\u00e3e e sua filha, nasce a marca SIM Bombons no Natal de 2014","potentialAction":[{"@type":"SearchAction","target":{"@type":"EntryPoint","urlTemplate":"https:\/\/simchocolate.com\/es\/?s={search_term_string}"},"query-input":{"@type":"PropertyValueSpecification","valueRequired":true,"valueName":"search_term_string"}}],"inLanguage":"es"}]}},"_links":{"self":[{"href":"https:\/\/simchocolate.com\/es\/wp-json\/wp\/v2\/product\/9223","targetHints":{"allow":["GET"]}}],"collection":[{"href":"https:\/\/simchocolate.com\/es\/wp-json\/wp\/v2\/product"}],"about":[{"href":"https:\/\/simchocolate.com\/es\/wp-json\/wp\/v2\/types\/product"}],"replies":[{"embeddable":true,"href":"https:\/\/simchocolate.com\/es\/wp-json\/wp\/v2\/comments?post=9223"}],"wp:featuredmedia":[{"embeddable":true,"href":"https:\/\/simchocolate.com\/es\/wp-json\/wp\/v2\/media\/9229"}],"wp:attachment":[{"href":"https:\/\/simchocolate.com\/es\/wp-json\/wp\/v2\/media?parent=9223"}],"wp:term":[{"taxonomy":"product_brand","embeddable":true,"href":"https:\/\/simchocolate.com\/es\/wp-json\/wp\/v2\/product_brand?post=9223"},{"taxonomy":"product_cat","embeddable":true,"href":"https:\/\/simchocolate.com\/es\/wp-json\/wp\/v2\/product_cat?post=9223"},{"taxonomy":"product_tag","embeddable":true,"href":"https:\/\/simchocolate.com\/es\/wp-json\/wp\/v2\/product_tag?post=9223"}],"curies":[{"name":"wp","href":"https:\/\/api.w.org\/{rel}","templated":true}]}}