{"id":9231,"date":"2025-10-24T15:30:50","date_gmt":"2025-10-24T15:30:50","guid":{"rendered":"https:\/\/simchocolate.com\/produto\/caja-navidena-de-12-napolitanas\/"},"modified":"2025-10-24T15:30:50","modified_gmt":"2025-10-24T15:30:50","slug":"caja-navidena-de-12-napolitanas","status":"publish","type":"product","link":"https:\/\/simchocolate.com\/es\/produto\/caja-navidena-de-12-napolitanas\/","title":{"rendered":"Caja navide\u00f1a de 12 napolitanas"},"content":{"rendered":"<h5 style=\"text-align: left;\" data-start=\"993\" data-end=\"1074\">El sabor artesano que aporta magia a la Navidad<\/h5>\n<p style=\"text-align: left;\" data-start=\"993\" data-end=\"1074\"><strong>NOTA:<\/strong> Este producto es un pedido anticipado. <strong>La fecha de env\u00edo prevista es el 10 de noviembre de 2025.<\/strong><\/p>\n<p style=\"text-align: left;\" data-start=\"1076\" data-end=\"1458\">La caja navide\u00f1a de 12 napolitanas de<strong data-start=\"1119\" data-end=\"1136\"> Sim Chocolate<\/strong> es una celebraci\u00f3n del sabor y la tradici\u00f3n. Cada napolitana se elabora cuidadosamente con chocolate de alta calidad, lo que da como resultado un equilibrio perfecto entre textura suave, aroma intenso y sabor aut\u00e9ntico. Esta exclusiva colecci\u00f3n est\u00e1 dise\u00f1ada para transformar cada momento de compartir en una aut\u00e9ntica experiencia gourmet.  <\/p>\n<p style=\"text-align: left;\" data-start=\"1460\" data-end=\"1786\">Con doce mini chocolatinas, esta caja es ideal para saborear con un caf\u00e9, regalar a amigos y familiares, o sorprender a clientes y empleados con un exquisito capricho navide\u00f1o. La variedad de chocolates incluye opciones de <strong data-start=\"1692\" data-end=\"1730\">chocolate negro y con leche<\/strong>, para una degustaci\u00f3n equilibrada y sofisticada. <\/p>\n<p style=\"text-align: left;\" data-start=\"1788\" data-end=\"2054\">El dise\u00f1o navide\u00f1o del envase refleja el esp\u00edritu festivo, haciendo de esta Caja de Navidad con 12 napolitanas un regalo irresistible. Es una elecci\u00f3n perfecta para quienes valoran la calidad, la autenticidad y el encanto de las cosas sencillas hechas con pasi\u00f3n artesanal. <\/p>\n<p style=\"text-align: left;\" data-start=\"2056\" data-end=\"2177\">D\u00e9jate envolver por la magia de la Navidad con Sim Chocolate, donde cada napolitana cuenta una historia de dedicaci\u00f3n y sabor.<\/p>\n<p style=\"text-align: left;\" data-start=\"2179\" data-end=\"2255\"><strong><em data-start=\"2179\" data-end=\"2201\">Instrucciones de conservaci\u00f3n:<\/em><\/strong><br data-start=\"2201\" data-end=\"2204\"><em data-start=\"2204\" data-end=\"2253\">Conservar a una temperatura entre 16\u00ba &#8211; 20\u00ba grados.<\/em><\/p>\n","protected":false},"excerpt":{"rendered":"<p>La Caja de Navidad con 12 napolitanas es el regalo ideal para los verdaderos amantes del chocolate. Un conjunto irresistible dise\u00f1ado para endulzar tu Navidad con elegancia y sabor. <\/p>\n","protected":false},"featured_media":9234,"comment_status":"open","ping_status":"closed","template":"","meta":[],"product_brand":[],"product_cat":[186],"product_tag":[],"class_list":{"0":"post-9231","1":"product","2":"type-product","3":"status-publish","4":"has-post-thumbnail","6":"product_cat-napolitanas-de-chocolate","7":"edicoes-navidad","9":"first","10":"instock","11":"shipping-taxable","12":"purchasable","13":"product-type-simple"},"yoast_head":"<!-- This site is optimized with the Yoast SEO plugin v27.2 - https:\/\/yoast.com\/product\/yoast-seo-wordpress\/ -->\n<title>Caja navide\u00f1a de 12 napolitanas | SIM Chocolate<\/title>\n<meta name=\"description\" content=\"Celebra la Navidad con la Caja Navide\u00f1a con 12 napolitanas de Sim Chocolate, una selecci\u00f3n hecha a mano, perfecta para regalar o compartir estas fiestas.\" \/>\n<meta name=\"robots\" content=\"index, follow, max-snippet:-1, max-image-preview:large, max-video-preview:-1\" \/>\n<link rel=\"canonical\" href=\"https:\/\/simchocolate.com\/es\/produto\/caja-navidena-de-12-napolitanas\/\" \/>\n<meta property=\"og:locale\" content=\"es_ES\" \/>\n<meta property=\"og:type\" content=\"article\" \/>\n<meta property=\"og:title\" content=\"Caja navide\u00f1a de 12 napolitanas | SIM Chocolate\" \/>\n<meta property=\"og:description\" content=\"Celebra la Navidad con la Caja Navide\u00f1a con 12 napolitanas de Sim Chocolate, una selecci\u00f3n hecha a mano, perfecta para regalar o compartir estas fiestas.\" \/>\n<meta property=\"og:url\" content=\"https:\/\/simchocolate.com\/es\/produto\/caja-navidena-de-12-napolitanas\/\" \/>\n<meta property=\"og:site_name\" content=\"SIM Chocolate\" \/>\n<meta property=\"article:publisher\" content=\"https:\/\/www.facebook.com\/SimBombons\" \/>\n<meta property=\"og:image\" content=\"https:\/\/simchocolate.com\/wp-content\/uploads\/2025\/10\/caixa-12napolitanas-natal25-scaled.jpg\" \/>\n\t<meta property=\"og:image:width\" content=\"2560\" \/>\n\t<meta property=\"og:image:height\" content=\"2560\" \/>\n\t<meta property=\"og:image:type\" content=\"image\/jpeg\" \/>\n<meta name=\"twitter:card\" content=\"summary_large_image\" \/>\n<meta name=\"twitter:label1\" content=\"Tiempo de lectura\" \/>\n\t<meta name=\"twitter:data1\" content=\"1 minuto\" \/>\n<script type=\"application\/ld+json\" class=\"yoast-schema-graph\">{\"@context\":\"https:\/\/schema.org\",\"@graph\":[{\"@type\":\"WebPage\",\"@id\":\"https:\/\/simchocolate.com\/es\/produto\/caja-navidena-de-12-napolitanas\/\",\"url\":\"https:\/\/simchocolate.com\/es\/produto\/caja-navidena-de-12-napolitanas\/\",\"name\":\"Caja navide\u00f1a de 12 napolitanas | SIM Chocolate\",\"isPartOf\":{\"@id\":\"https:\/\/simchocolate.com\/es\/#website\"},\"primaryImageOfPage\":{\"@id\":\"https:\/\/simchocolate.com\/es\/produto\/caja-navidena-de-12-napolitanas\/#primaryimage\"},\"image\":{\"@id\":\"https:\/\/simchocolate.com\/es\/produto\/caja-navidena-de-12-napolitanas\/#primaryimage\"},\"thumbnailUrl\":\"https:\/\/simchocolate.com\/wp-content\/uploads\/2025\/10\/caixa-12napolitanas-natal25-scaled.jpg\",\"datePublished\":\"2025-10-24T15:30:50+00:00\",\"description\":\"Celebra la Navidad con la Caja Navide\u00f1a con 12 napolitanas de Sim Chocolate, una selecci\u00f3n hecha a mano, perfecta para regalar o compartir estas fiestas.\",\"breadcrumb\":{\"@id\":\"https:\/\/simchocolate.com\/es\/produto\/caja-navidena-de-12-napolitanas\/#breadcrumb\"},\"inLanguage\":\"es\",\"potentialAction\":[{\"@type\":\"ReadAction\",\"target\":[\"https:\/\/simchocolate.com\/es\/produto\/caja-navidena-de-12-napolitanas\/\"]}]},{\"@type\":\"ImageObject\",\"inLanguage\":\"es\",\"@id\":\"https:\/\/simchocolate.com\/es\/produto\/caja-navidena-de-12-napolitanas\/#primaryimage\",\"url\":\"https:\/\/simchocolate.com\/wp-content\/uploads\/2025\/10\/caixa-12napolitanas-natal25-scaled.jpg\",\"contentUrl\":\"https:\/\/simchocolate.com\/wp-content\/uploads\/2025\/10\/caixa-12napolitanas-natal25-scaled.jpg\",\"width\":2560,\"height\":2560,\"caption\":\"Caixa de Natal com 12 Napolitanas\"},{\"@type\":\"BreadcrumbList\",\"@id\":\"https:\/\/simchocolate.com\/es\/produto\/caja-navidena-de-12-napolitanas\/#breadcrumb\",\"itemListElement\":[{\"@type\":\"ListItem\",\"position\":1,\"name\":\"In\u00edcio\",\"item\":\"https:\/\/simchocolate.com\/es\/\"},{\"@type\":\"ListItem\",\"position\":2,\"name\":\"Productos\",\"item\":\"https:\/\/simchocolate.com\/es\/shop\/\"},{\"@type\":\"ListItem\",\"position\":3,\"name\":\"Caja navide\u00f1a de 12 napolitanas\"}]},{\"@type\":\"WebSite\",\"@id\":\"https:\/\/simchocolate.com\/es\/#website\",\"url\":\"https:\/\/simchocolate.com\/es\/\",\"name\":\"SIM Chocolate\",\"description\":\"Do amor incondicional entre uma m\u00e3e e sua filha, nasce a marca SIM Bombons no Natal de 2014\",\"potentialAction\":[{\"@type\":\"SearchAction\",\"target\":{\"@type\":\"EntryPoint\",\"urlTemplate\":\"https:\/\/simchocolate.com\/es\/?s={search_term_string}\"},\"query-input\":{\"@type\":\"PropertyValueSpecification\",\"valueRequired\":true,\"valueName\":\"search_term_string\"}}],\"inLanguage\":\"es\"}]}<\/script>\n<!-- \/ Yoast SEO plugin. -->","yoast_head_json":{"title":"Caja navide\u00f1a de 12 napolitanas | SIM Chocolate","description":"Celebra la Navidad con la Caja Navide\u00f1a con 12 napolitanas de Sim Chocolate, una selecci\u00f3n hecha a mano, perfecta para regalar o compartir estas fiestas.","robots":{"index":"index","follow":"follow","max-snippet":"max-snippet:-1","max-image-preview":"max-image-preview:large","max-video-preview":"max-video-preview:-1"},"canonical":"https:\/\/simchocolate.com\/es\/produto\/caja-navidena-de-12-napolitanas\/","og_locale":"es_ES","og_type":"article","og_title":"Caja navide\u00f1a de 12 napolitanas | SIM Chocolate","og_description":"Celebra la Navidad con la Caja Navide\u00f1a con 12 napolitanas de Sim Chocolate, una selecci\u00f3n hecha a mano, perfecta para regalar o compartir estas fiestas.","og_url":"https:\/\/simchocolate.com\/es\/produto\/caja-navidena-de-12-napolitanas\/","og_site_name":"SIM Chocolate","article_publisher":"https:\/\/www.facebook.com\/SimBombons","og_image":[{"width":2560,"height":2560,"url":"https:\/\/simchocolate.com\/wp-content\/uploads\/2025\/10\/caixa-12napolitanas-natal25-scaled.jpg","type":"image\/jpeg"}],"twitter_card":"summary_large_image","twitter_misc":{"Tiempo de lectura":"1 minuto"},"schema":{"@context":"https:\/\/schema.org","@graph":[{"@type":"WebPage","@id":"https:\/\/simchocolate.com\/es\/produto\/caja-navidena-de-12-napolitanas\/","url":"https:\/\/simchocolate.com\/es\/produto\/caja-navidena-de-12-napolitanas\/","name":"Caja navide\u00f1a de 12 napolitanas | SIM Chocolate","isPartOf":{"@id":"https:\/\/simchocolate.com\/es\/#website"},"primaryImageOfPage":{"@id":"https:\/\/simchocolate.com\/es\/produto\/caja-navidena-de-12-napolitanas\/#primaryimage"},"image":{"@id":"https:\/\/simchocolate.com\/es\/produto\/caja-navidena-de-12-napolitanas\/#primaryimage"},"thumbnailUrl":"https:\/\/simchocolate.com\/wp-content\/uploads\/2025\/10\/caixa-12napolitanas-natal25-scaled.jpg","datePublished":"2025-10-24T15:30:50+00:00","description":"Celebra la Navidad con la Caja Navide\u00f1a con 12 napolitanas de Sim Chocolate, una selecci\u00f3n hecha a mano, perfecta para regalar o compartir estas fiestas.","breadcrumb":{"@id":"https:\/\/simchocolate.com\/es\/produto\/caja-navidena-de-12-napolitanas\/#breadcrumb"},"inLanguage":"es","potentialAction":[{"@type":"ReadAction","target":["https:\/\/simchocolate.com\/es\/produto\/caja-navidena-de-12-napolitanas\/"]}]},{"@type":"ImageObject","inLanguage":"es","@id":"https:\/\/simchocolate.com\/es\/produto\/caja-navidena-de-12-napolitanas\/#primaryimage","url":"https:\/\/simchocolate.com\/wp-content\/uploads\/2025\/10\/caixa-12napolitanas-natal25-scaled.jpg","contentUrl":"https:\/\/simchocolate.com\/wp-content\/uploads\/2025\/10\/caixa-12napolitanas-natal25-scaled.jpg","width":2560,"height":2560,"caption":"Caixa de Natal com 12 Napolitanas"},{"@type":"BreadcrumbList","@id":"https:\/\/simchocolate.com\/es\/produto\/caja-navidena-de-12-napolitanas\/#breadcrumb","itemListElement":[{"@type":"ListItem","position":1,"name":"In\u00edcio","item":"https:\/\/simchocolate.com\/es\/"},{"@type":"ListItem","position":2,"name":"Productos","item":"https:\/\/simchocolate.com\/es\/shop\/"},{"@type":"ListItem","position":3,"name":"Caja navide\u00f1a de 12 napolitanas"}]},{"@type":"WebSite","@id":"https:\/\/simchocolate.com\/es\/#website","url":"https:\/\/simchocolate.com\/es\/","name":"SIM Chocolate","description":"Do amor incondicional entre uma m\u00e3e e sua filha, nasce a marca SIM Bombons no Natal de 2014","potentialAction":[{"@type":"SearchAction","target":{"@type":"EntryPoint","urlTemplate":"https:\/\/simchocolate.com\/es\/?s={search_term_string}"},"query-input":{"@type":"PropertyValueSpecification","valueRequired":true,"valueName":"search_term_string"}}],"inLanguage":"es"}]}},"_links":{"self":[{"href":"https:\/\/simchocolate.com\/es\/wp-json\/wp\/v2\/product\/9231","targetHints":{"allow":["GET"]}}],"collection":[{"href":"https:\/\/simchocolate.com\/es\/wp-json\/wp\/v2\/product"}],"about":[{"href":"https:\/\/simchocolate.com\/es\/wp-json\/wp\/v2\/types\/product"}],"replies":[{"embeddable":true,"href":"https:\/\/simchocolate.com\/es\/wp-json\/wp\/v2\/comments?post=9231"}],"wp:featuredmedia":[{"embeddable":true,"href":"https:\/\/simchocolate.com\/es\/wp-json\/wp\/v2\/media\/9234"}],"wp:attachment":[{"href":"https:\/\/simchocolate.com\/es\/wp-json\/wp\/v2\/media?parent=9231"}],"wp:term":[{"taxonomy":"product_brand","embeddable":true,"href":"https:\/\/simchocolate.com\/es\/wp-json\/wp\/v2\/product_brand?post=9231"},{"taxonomy":"product_cat","embeddable":true,"href":"https:\/\/simchocolate.com\/es\/wp-json\/wp\/v2\/product_cat?post=9231"},{"taxonomy":"product_tag","embeddable":true,"href":"https:\/\/simchocolate.com\/es\/wp-json\/wp\/v2\/product_tag?post=9231"}],"curies":[{"name":"wp","href":"https:\/\/api.w.org\/{rel}","templated":true}]}}