{"id":9237,"date":"2025-10-24T14:02:34","date_gmt":"2025-10-24T14:02:34","guid":{"rendered":"https:\/\/simchocolate.com\/produto\/caja-sobre-feliz-navidad-4-bombones\/"},"modified":"2025-12-02T17:12:44","modified_gmt":"2025-12-02T17:12:44","slug":"caja-sobre-feliz-navidad-4-bombones","status":"publish","type":"product","link":"https:\/\/simchocolate.com\/es\/produto\/caja-sobre-feliz-navidad-4-bombones\/","title":{"rendered":"Caja Sobre Feliz Navidad 4 Bombones"},"content":{"rendered":"<h5 style=\"text-align: left;\" data-start=\"846\" data-end=\"924\">Un Regalo Gourmet Saborizado con la Magia de la Navidad<\/h5>\n<p style=\"text-align: left;\"><strong>NOTA:<\/strong> Este producto es un pedido anticipado. <strong>La fecha de env\u00edo prevista es el 10 de noviembre de 2025.<\/strong><\/p>\n<p style=\"text-align: left;\" data-start=\"926\" data-end=\"1208\">Celebra la Navidad con elegancia y dulzura con nuestra Caja Sobre Feliz Navidad, que contiene <strong data-start=\"1024\" data-end=\"1046\">4 bombones surtidos<\/strong> hechos a mano. Cada bomb\u00f3n es una peque\u00f1a obra maestra de chocolate de primera calidad, cuidadosamente elaborada para <strong>ofrecer una experiencia sensorial inolvidable.<\/strong> <\/p>\n<p style=\"text-align: left;\" data-start=\"1210\" data-end=\"1618\">El envoltorio en forma de sobre navide\u00f1o, decorado con un dise\u00f1o festivo y sofisticado, hace de esta caja un regalo ideal para compartir en familia, regalar a amigos o sorprender a clientes y empleados. Los bombones vienen en una variedad de sabores, desde el intenso chocolate negro a la cremosa leche, garantizando el equilibrio perfecto entre tradici\u00f3n y placer gourmet. <\/p>\n<p style=\"text-align: left;\" data-start=\"1620\" data-end=\"1841\">Esta Caja de Bombones de Navidad refleja la esencia de Sim Chocolate: <strong>calidad, arte y emoci\u00f3n en cada detalle.<\/strong> Elaborada con ingredientes excelentes, es una celebraci\u00f3n del sabor, de compartir y del esp\u00edritu navide\u00f1o.<\/p>\n<p style=\"text-align: left;\" data-start=\"1843\" data-end=\"2000\">Ya sea para regalar o para saborear, esta colecci\u00f3n promete hacer tu Navidad a\u00fan m\u00e1s especial, un regalo memorable que combina belleza, sabor y sentimiento.<\/p>\n<p style=\"text-align: left;\" data-start=\"2002\" data-end=\"2076\"><strong><em data-start=\"2002\" data-end=\"2024\">Instrucciones de conservaci\u00f3n:<\/em><\/strong><br data-start=\"2024\" data-end=\"2027\"><em data-start=\"2027\" data-end=\"2076\">Conservar a una temperatura entre 16\u00ba &#8211; 20\u00ba grados.<\/em><\/p>\n","protected":false},"excerpt":{"rendered":"<p>Descubre la Caja de Dulces Feliz Navidad. Un regalo elegante y artesanal para celebrar la Navidad con sabor y sofisticaci\u00f3n. <\/p>\n<p><strong>Esta caja contiene<\/strong><\/p>\n<ul>\n<li>4 chocolates surtidos.<\/li>\n<\/ul>\n","protected":false},"featured_media":9238,"comment_status":"open","ping_status":"closed","template":"","meta":[],"product_brand":[],"product_cat":[189,190],"product_tag":[],"class_list":{"0":"post-9237","1":"product","2":"type-product","3":"status-publish","4":"has-post-thumbnail","6":"product_cat-caja-de-bombones","7":"product_cat-todo-el-chocolate","8":"edicoes-navidad","10":"first","11":"instock","12":"shipping-taxable","13":"purchasable","14":"product-type-simple"},"yoast_head":"<!-- This site is optimized with the Yoast SEO plugin v27.2 - https:\/\/yoast.com\/product\/yoast-seo-wordpress\/ -->\n<title>Feliz Navidad Sobre Caja 4 Bombones | SIM Chocolate%<\/title>\n<meta name=\"description\" content=\"Descubre la Caja Feliz Navidad de 4 bombones surtidos. Un regalo elegante y artesanal para celebrar la Navidad con sabor y sofisticaci\u00f3n.\" \/>\n<meta name=\"robots\" content=\"index, follow, max-snippet:-1, max-image-preview:large, max-video-preview:-1\" \/>\n<link rel=\"canonical\" href=\"https:\/\/simchocolate.com\/es\/produto\/caja-sobre-feliz-navidad-4-bombones\/\" \/>\n<meta property=\"og:locale\" content=\"es_ES\" \/>\n<meta property=\"og:type\" content=\"article\" \/>\n<meta property=\"og:title\" content=\"Feliz Navidad Sobre Caja 4 Bombones | SIM Chocolate%\" \/>\n<meta property=\"og:description\" content=\"Descubre la Caja Feliz Navidad de 4 bombones surtidos. Un regalo elegante y artesanal para celebrar la Navidad con sabor y sofisticaci\u00f3n.\" \/>\n<meta property=\"og:url\" content=\"https:\/\/simchocolate.com\/es\/produto\/caja-sobre-feliz-navidad-4-bombones\/\" \/>\n<meta property=\"og:site_name\" content=\"SIM Chocolate\" \/>\n<meta property=\"article:publisher\" content=\"https:\/\/www.facebook.com\/SimBombons\" \/>\n<meta property=\"article:modified_time\" content=\"2025-12-02T17:12:44+00:00\" \/>\n<meta property=\"og:image\" content=\"https:\/\/simchocolate.com\/wp-content\/uploads\/2025\/10\/caixa-envelope-bombons-natal25-4bb-scaled.jpg\" \/>\n\t<meta property=\"og:image:width\" content=\"2560\" \/>\n\t<meta property=\"og:image:height\" content=\"2515\" \/>\n\t<meta property=\"og:image:type\" content=\"image\/jpeg\" \/>\n<meta name=\"twitter:card\" content=\"summary_large_image\" \/>\n<meta name=\"twitter:label1\" content=\"Tiempo de lectura\" \/>\n\t<meta name=\"twitter:data1\" content=\"1 minuto\" \/>\n<script type=\"application\/ld+json\" class=\"yoast-schema-graph\">{\"@context\":\"https:\/\/schema.org\",\"@graph\":[{\"@type\":\"WebPage\",\"@id\":\"https:\/\/simchocolate.com\/es\/produto\/caja-sobre-feliz-navidad-4-bombones\/\",\"url\":\"https:\/\/simchocolate.com\/es\/produto\/caja-sobre-feliz-navidad-4-bombones\/\",\"name\":\"Feliz Navidad Sobre Caja 4 Bombones | SIM Chocolate%\",\"isPartOf\":{\"@id\":\"https:\/\/simchocolate.com\/es\/#website\"},\"primaryImageOfPage\":{\"@id\":\"https:\/\/simchocolate.com\/es\/produto\/caja-sobre-feliz-navidad-4-bombones\/#primaryimage\"},\"image\":{\"@id\":\"https:\/\/simchocolate.com\/es\/produto\/caja-sobre-feliz-navidad-4-bombones\/#primaryimage\"},\"thumbnailUrl\":\"https:\/\/simchocolate.com\/wp-content\/uploads\/2025\/10\/caixa-envelope-bombons-natal25-4bb-scaled.jpg\",\"datePublished\":\"2025-10-24T14:02:34+00:00\",\"dateModified\":\"2025-12-02T17:12:44+00:00\",\"description\":\"Descubre la Caja Feliz Navidad de 4 bombones surtidos. Un regalo elegante y artesanal para celebrar la Navidad con sabor y sofisticaci\u00f3n.\",\"breadcrumb\":{\"@id\":\"https:\/\/simchocolate.com\/es\/produto\/caja-sobre-feliz-navidad-4-bombones\/#breadcrumb\"},\"inLanguage\":\"es\",\"potentialAction\":[{\"@type\":\"ReadAction\",\"target\":[\"https:\/\/simchocolate.com\/es\/produto\/caja-sobre-feliz-navidad-4-bombones\/\"]}]},{\"@type\":\"ImageObject\",\"inLanguage\":\"es\",\"@id\":\"https:\/\/simchocolate.com\/es\/produto\/caja-sobre-feliz-navidad-4-bombones\/#primaryimage\",\"url\":\"https:\/\/simchocolate.com\/wp-content\/uploads\/2025\/10\/caixa-envelope-bombons-natal25-4bb-scaled.jpg\",\"contentUrl\":\"https:\/\/simchocolate.com\/wp-content\/uploads\/2025\/10\/caixa-envelope-bombons-natal25-4bb-scaled.jpg\",\"width\":2560,\"height\":2515},{\"@type\":\"BreadcrumbList\",\"@id\":\"https:\/\/simchocolate.com\/es\/produto\/caja-sobre-feliz-navidad-4-bombones\/#breadcrumb\",\"itemListElement\":[{\"@type\":\"ListItem\",\"position\":1,\"name\":\"In\u00edcio\",\"item\":\"https:\/\/simchocolate.com\/es\/\"},{\"@type\":\"ListItem\",\"position\":2,\"name\":\"Productos\",\"item\":\"https:\/\/simchocolate.com\/es\/shop\/\"},{\"@type\":\"ListItem\",\"position\":3,\"name\":\"Caja Sobre Feliz Navidad 4 Bombones\"}]},{\"@type\":\"WebSite\",\"@id\":\"https:\/\/simchocolate.com\/es\/#website\",\"url\":\"https:\/\/simchocolate.com\/es\/\",\"name\":\"SIM Chocolate\",\"description\":\"Do amor incondicional entre uma m\u00e3e e sua filha, nasce a marca SIM Bombons no Natal de 2014\",\"potentialAction\":[{\"@type\":\"SearchAction\",\"target\":{\"@type\":\"EntryPoint\",\"urlTemplate\":\"https:\/\/simchocolate.com\/es\/?s={search_term_string}\"},\"query-input\":{\"@type\":\"PropertyValueSpecification\",\"valueRequired\":true,\"valueName\":\"search_term_string\"}}],\"inLanguage\":\"es\"}]}<\/script>\n<!-- \/ Yoast SEO plugin. -->","yoast_head_json":{"title":"Feliz Navidad Sobre Caja 4 Bombones | SIM Chocolate%","description":"Descubre la Caja Feliz Navidad de 4 bombones surtidos. Un regalo elegante y artesanal para celebrar la Navidad con sabor y sofisticaci\u00f3n.","robots":{"index":"index","follow":"follow","max-snippet":"max-snippet:-1","max-image-preview":"max-image-preview:large","max-video-preview":"max-video-preview:-1"},"canonical":"https:\/\/simchocolate.com\/es\/produto\/caja-sobre-feliz-navidad-4-bombones\/","og_locale":"es_ES","og_type":"article","og_title":"Feliz Navidad Sobre Caja 4 Bombones | SIM Chocolate%","og_description":"Descubre la Caja Feliz Navidad de 4 bombones surtidos. Un regalo elegante y artesanal para celebrar la Navidad con sabor y sofisticaci\u00f3n.","og_url":"https:\/\/simchocolate.com\/es\/produto\/caja-sobre-feliz-navidad-4-bombones\/","og_site_name":"SIM Chocolate","article_publisher":"https:\/\/www.facebook.com\/SimBombons","article_modified_time":"2025-12-02T17:12:44+00:00","og_image":[{"width":2560,"height":2515,"url":"https:\/\/simchocolate.com\/wp-content\/uploads\/2025\/10\/caixa-envelope-bombons-natal25-4bb-scaled.jpg","type":"image\/jpeg"}],"twitter_card":"summary_large_image","twitter_misc":{"Tiempo de lectura":"1 minuto"},"schema":{"@context":"https:\/\/schema.org","@graph":[{"@type":"WebPage","@id":"https:\/\/simchocolate.com\/es\/produto\/caja-sobre-feliz-navidad-4-bombones\/","url":"https:\/\/simchocolate.com\/es\/produto\/caja-sobre-feliz-navidad-4-bombones\/","name":"Feliz Navidad Sobre Caja 4 Bombones | SIM Chocolate%","isPartOf":{"@id":"https:\/\/simchocolate.com\/es\/#website"},"primaryImageOfPage":{"@id":"https:\/\/simchocolate.com\/es\/produto\/caja-sobre-feliz-navidad-4-bombones\/#primaryimage"},"image":{"@id":"https:\/\/simchocolate.com\/es\/produto\/caja-sobre-feliz-navidad-4-bombones\/#primaryimage"},"thumbnailUrl":"https:\/\/simchocolate.com\/wp-content\/uploads\/2025\/10\/caixa-envelope-bombons-natal25-4bb-scaled.jpg","datePublished":"2025-10-24T14:02:34+00:00","dateModified":"2025-12-02T17:12:44+00:00","description":"Descubre la Caja Feliz Navidad de 4 bombones surtidos. Un regalo elegante y artesanal para celebrar la Navidad con sabor y sofisticaci\u00f3n.","breadcrumb":{"@id":"https:\/\/simchocolate.com\/es\/produto\/caja-sobre-feliz-navidad-4-bombones\/#breadcrumb"},"inLanguage":"es","potentialAction":[{"@type":"ReadAction","target":["https:\/\/simchocolate.com\/es\/produto\/caja-sobre-feliz-navidad-4-bombones\/"]}]},{"@type":"ImageObject","inLanguage":"es","@id":"https:\/\/simchocolate.com\/es\/produto\/caja-sobre-feliz-navidad-4-bombones\/#primaryimage","url":"https:\/\/simchocolate.com\/wp-content\/uploads\/2025\/10\/caixa-envelope-bombons-natal25-4bb-scaled.jpg","contentUrl":"https:\/\/simchocolate.com\/wp-content\/uploads\/2025\/10\/caixa-envelope-bombons-natal25-4bb-scaled.jpg","width":2560,"height":2515},{"@type":"BreadcrumbList","@id":"https:\/\/simchocolate.com\/es\/produto\/caja-sobre-feliz-navidad-4-bombones\/#breadcrumb","itemListElement":[{"@type":"ListItem","position":1,"name":"In\u00edcio","item":"https:\/\/simchocolate.com\/es\/"},{"@type":"ListItem","position":2,"name":"Productos","item":"https:\/\/simchocolate.com\/es\/shop\/"},{"@type":"ListItem","position":3,"name":"Caja Sobre Feliz Navidad 4 Bombones"}]},{"@type":"WebSite","@id":"https:\/\/simchocolate.com\/es\/#website","url":"https:\/\/simchocolate.com\/es\/","name":"SIM Chocolate","description":"Do amor incondicional entre uma m\u00e3e e sua filha, nasce a marca SIM Bombons no Natal de 2014","potentialAction":[{"@type":"SearchAction","target":{"@type":"EntryPoint","urlTemplate":"https:\/\/simchocolate.com\/es\/?s={search_term_string}"},"query-input":{"@type":"PropertyValueSpecification","valueRequired":true,"valueName":"search_term_string"}}],"inLanguage":"es"}]}},"_links":{"self":[{"href":"https:\/\/simchocolate.com\/es\/wp-json\/wp\/v2\/product\/9237","targetHints":{"allow":["GET"]}}],"collection":[{"href":"https:\/\/simchocolate.com\/es\/wp-json\/wp\/v2\/product"}],"about":[{"href":"https:\/\/simchocolate.com\/es\/wp-json\/wp\/v2\/types\/product"}],"replies":[{"embeddable":true,"href":"https:\/\/simchocolate.com\/es\/wp-json\/wp\/v2\/comments?post=9237"}],"wp:featuredmedia":[{"embeddable":true,"href":"https:\/\/simchocolate.com\/es\/wp-json\/wp\/v2\/media\/9238"}],"wp:attachment":[{"href":"https:\/\/simchocolate.com\/es\/wp-json\/wp\/v2\/media?parent=9237"}],"wp:term":[{"taxonomy":"product_brand","embeddable":true,"href":"https:\/\/simchocolate.com\/es\/wp-json\/wp\/v2\/product_brand?post=9237"},{"taxonomy":"product_cat","embeddable":true,"href":"https:\/\/simchocolate.com\/es\/wp-json\/wp\/v2\/product_cat?post=9237"},{"taxonomy":"product_tag","embeddable":true,"href":"https:\/\/simchocolate.com\/es\/wp-json\/wp\/v2\/product_tag?post=9237"}],"curies":[{"name":"wp","href":"https:\/\/api.w.org\/{rel}","templated":true}]}}