{"id":9248,"date":"2025-10-20T11:08:54","date_gmt":"2025-10-20T11:08:54","guid":{"rendered":"https:\/\/simchocolate.com\/produto\/pack-inbictus\/"},"modified":"2025-10-20T11:08:54","modified_gmt":"2025-10-20T11:08:54","slug":"pack-inbictus","status":"publish","type":"product","link":"https:\/\/simchocolate.com\/es\/produto\/pack-inbictus\/","title":{"rendered":"Pack Inbictus"},"content":{"rendered":"<h5 data-start=\"1130\" data-end=\"1196\">Un homenaje a Oporto en forma de chocolate<\/h5>\n<p data-start=\"1198\" data-end=\"1536\">El Pack Inbictus de <strong data-start=\"1221\" data-end=\"1238\">Sim Chocolate<\/strong> es una aut\u00e9ntica celebraci\u00f3n de la herencia portuguesa y la elegancia de la ciudad de Oporto. Esta edici\u00f3n especial combina <strong data-start=\"1355\" data-end=\"1399\">una caja de 9 bombones de vino de Oporto<\/strong> con <strong data-start=\"1404\" data-end=\"1448\">una tableta de chocolate negro artesano<\/strong>, creando una experiencia gourmet que refleja el car\u00e1cter y el alma de esta emblem\u00e1tica ciudad. <\/p>\n<p data-start=\"1538\" data-end=\"1925\">Los bombones <strong data-start=\"1552\" data-end=\"1570\">de Vino de Oporto<\/strong> revelan una fusi\u00f3n perfecta entre el intenso sabor del cacao y las ricas y aterciopeladas notas del vino, ofreciendo una experiencia de degustaci\u00f3n \u00fanica y sofisticada. La <strong data-start=\"1733\" data-end=\"1753\">tableta Inbictus<\/strong>, elaborada con chocolate negro de alta calidad, complementa el conjunto con su textura cremosa y sabor profundo, representando la fuerza y el esp\u00edritu del norte de Portugal. <\/p>\n<p data-start=\"1927\" data-end=\"2158\">Cada detalle de este <strong data-start=\"1946\" data-end=\"1963\">Pack Inbictus<\/strong> ha sido dise\u00f1ado para transmitir refinamiento y autenticidad. Su elegante envase lo convierte en el regalo ideal para ocasiones especiales, simbolizando la uni\u00f3n perfecta entre tradici\u00f3n e innovaci\u00f3n portuguesa. <\/p>\n<p data-start=\"2160\" data-end=\"2270\">Es m\u00e1s que un conjunto de bombones,<strong> es un homenaje a la historia, el sabor y la identidad de Oporto.<\/strong><\/p>\n<p data-start=\"2272\" data-end=\"2348\"><strong><em data-start=\"2272\" data-end=\"2294\">Instrucciones de conservaci\u00f3n:<\/em><\/strong><br data-start=\"2294\" data-end=\"2297\"><em data-start=\"2297\" data-end=\"2346\">Conservar a una temperatura entre 16\u00ba &#8211; 20\u00ba grados.<\/em><\/p>\n","protected":false},"excerpt":{"rendered":"<p data-start=\"880\" data-end=\"1093\">El Pack Inbictus celebra lo mejor de la tradici\u00f3n portuguesa. Incluye una caja de 9 bombones de vino de Oporto y una tableta de chocolate negro artesanal: un homenaje a la ciudad de Oporto y a su inconfundible sabor. <\/p>\n","protected":false},"featured_media":9250,"comment_status":"open","ping_status":"closed","template":"","meta":[],"product_brand":[],"product_cat":[190],"product_tag":[],"class_list":{"0":"post-9248","1":"product","2":"type-product","3":"status-publish","4":"has-post-thumbnail","6":"product_cat-todo-el-chocolate","7":"edicoes-con-alcohol","8":"edicoes-especial-si","10":"first","11":"instock","12":"shipping-taxable","13":"purchasable","14":"product-type-simple"},"yoast_head":"<!-- This site is optimized with the Yoast SEO plugin v27.2 - https:\/\/yoast.com\/product\/yoast-seo-wordpress\/ -->\n<title>Pack Inbictus | SIM Chocolate<\/title>\n<meta name=\"description\" content=\"Descubre el Pack Inbictus: un homenaje al Oporto con 9 bombones de vino de Oporto y una tableta de chocolate negro. Elegancia y sabor inolvidables.\" \/>\n<meta name=\"robots\" content=\"index, follow, max-snippet:-1, max-image-preview:large, max-video-preview:-1\" \/>\n<link rel=\"canonical\" href=\"https:\/\/simchocolate.com\/es\/produto\/pack-inbictus\/\" \/>\n<meta property=\"og:locale\" content=\"es_ES\" \/>\n<meta property=\"og:type\" content=\"article\" \/>\n<meta property=\"og:title\" content=\"Pack Inbictus | SIM Chocolate\" \/>\n<meta property=\"og:description\" content=\"Descubre el Pack Inbictus: un homenaje al Oporto con 9 bombones de vino de Oporto y una tableta de chocolate negro. Elegancia y sabor inolvidables.\" \/>\n<meta property=\"og:url\" content=\"https:\/\/simchocolate.com\/es\/produto\/pack-inbictus\/\" \/>\n<meta property=\"og:site_name\" content=\"SIM Chocolate\" \/>\n<meta property=\"article:publisher\" content=\"https:\/\/www.facebook.com\/SimBombons\" \/>\n<meta property=\"og:image\" content=\"https:\/\/simchocolate.com\/wp-content\/uploads\/2025\/10\/IMG_0744.jpg\" \/>\n\t<meta property=\"og:image:width\" content=\"1000\" \/>\n\t<meta property=\"og:image:height\" content=\"1000\" \/>\n\t<meta property=\"og:image:type\" content=\"image\/jpeg\" \/>\n<meta name=\"twitter:card\" content=\"summary_large_image\" \/>\n<meta name=\"twitter:label1\" content=\"Tiempo de lectura\" \/>\n\t<meta name=\"twitter:data1\" content=\"1 minuto\" \/>\n<script type=\"application\/ld+json\" class=\"yoast-schema-graph\">{\"@context\":\"https:\/\/schema.org\",\"@graph\":[{\"@type\":\"WebPage\",\"@id\":\"https:\/\/simchocolate.com\/es\/produto\/pack-inbictus\/\",\"url\":\"https:\/\/simchocolate.com\/es\/produto\/pack-inbictus\/\",\"name\":\"Pack Inbictus | SIM Chocolate\",\"isPartOf\":{\"@id\":\"https:\/\/simchocolate.com\/es\/#website\"},\"primaryImageOfPage\":{\"@id\":\"https:\/\/simchocolate.com\/es\/produto\/pack-inbictus\/#primaryimage\"},\"image\":{\"@id\":\"https:\/\/simchocolate.com\/es\/produto\/pack-inbictus\/#primaryimage\"},\"thumbnailUrl\":\"https:\/\/simchocolate.com\/wp-content\/uploads\/2025\/10\/IMG_0744.jpg\",\"datePublished\":\"2025-10-20T11:08:54+00:00\",\"description\":\"Descubre el Pack Inbictus: un homenaje al Oporto con 9 bombones de vino de Oporto y una tableta de chocolate negro. Elegancia y sabor inolvidables.\",\"breadcrumb\":{\"@id\":\"https:\/\/simchocolate.com\/es\/produto\/pack-inbictus\/#breadcrumb\"},\"inLanguage\":\"es\",\"potentialAction\":[{\"@type\":\"ReadAction\",\"target\":[\"https:\/\/simchocolate.com\/es\/produto\/pack-inbictus\/\"]}]},{\"@type\":\"ImageObject\",\"inLanguage\":\"es\",\"@id\":\"https:\/\/simchocolate.com\/es\/produto\/pack-inbictus\/#primaryimage\",\"url\":\"https:\/\/simchocolate.com\/wp-content\/uploads\/2025\/10\/IMG_0744.jpg\",\"contentUrl\":\"https:\/\/simchocolate.com\/wp-content\/uploads\/2025\/10\/IMG_0744.jpg\",\"width\":1000,\"height\":1000,\"caption\":\"Pack Inbictus\"},{\"@type\":\"BreadcrumbList\",\"@id\":\"https:\/\/simchocolate.com\/es\/produto\/pack-inbictus\/#breadcrumb\",\"itemListElement\":[{\"@type\":\"ListItem\",\"position\":1,\"name\":\"In\u00edcio\",\"item\":\"https:\/\/simchocolate.com\/es\/\"},{\"@type\":\"ListItem\",\"position\":2,\"name\":\"Productos\",\"item\":\"https:\/\/simchocolate.com\/es\/shop\/\"},{\"@type\":\"ListItem\",\"position\":3,\"name\":\"Pack Inbictus\"}]},{\"@type\":\"WebSite\",\"@id\":\"https:\/\/simchocolate.com\/es\/#website\",\"url\":\"https:\/\/simchocolate.com\/es\/\",\"name\":\"SIM Chocolate\",\"description\":\"Do amor incondicional entre uma m\u00e3e e sua filha, nasce a marca SIM Bombons no Natal de 2014\",\"potentialAction\":[{\"@type\":\"SearchAction\",\"target\":{\"@type\":\"EntryPoint\",\"urlTemplate\":\"https:\/\/simchocolate.com\/es\/?s={search_term_string}\"},\"query-input\":{\"@type\":\"PropertyValueSpecification\",\"valueRequired\":true,\"valueName\":\"search_term_string\"}}],\"inLanguage\":\"es\"}]}<\/script>\n<!-- \/ Yoast SEO plugin. -->","yoast_head_json":{"title":"Pack Inbictus | SIM Chocolate","description":"Descubre el Pack Inbictus: un homenaje al Oporto con 9 bombones de vino de Oporto y una tableta de chocolate negro. Elegancia y sabor inolvidables.","robots":{"index":"index","follow":"follow","max-snippet":"max-snippet:-1","max-image-preview":"max-image-preview:large","max-video-preview":"max-video-preview:-1"},"canonical":"https:\/\/simchocolate.com\/es\/produto\/pack-inbictus\/","og_locale":"es_ES","og_type":"article","og_title":"Pack Inbictus | SIM Chocolate","og_description":"Descubre el Pack Inbictus: un homenaje al Oporto con 9 bombones de vino de Oporto y una tableta de chocolate negro. Elegancia y sabor inolvidables.","og_url":"https:\/\/simchocolate.com\/es\/produto\/pack-inbictus\/","og_site_name":"SIM Chocolate","article_publisher":"https:\/\/www.facebook.com\/SimBombons","og_image":[{"width":1000,"height":1000,"url":"https:\/\/simchocolate.com\/wp-content\/uploads\/2025\/10\/IMG_0744.jpg","type":"image\/jpeg"}],"twitter_card":"summary_large_image","twitter_misc":{"Tiempo de lectura":"1 minuto"},"schema":{"@context":"https:\/\/schema.org","@graph":[{"@type":"WebPage","@id":"https:\/\/simchocolate.com\/es\/produto\/pack-inbictus\/","url":"https:\/\/simchocolate.com\/es\/produto\/pack-inbictus\/","name":"Pack Inbictus | SIM Chocolate","isPartOf":{"@id":"https:\/\/simchocolate.com\/es\/#website"},"primaryImageOfPage":{"@id":"https:\/\/simchocolate.com\/es\/produto\/pack-inbictus\/#primaryimage"},"image":{"@id":"https:\/\/simchocolate.com\/es\/produto\/pack-inbictus\/#primaryimage"},"thumbnailUrl":"https:\/\/simchocolate.com\/wp-content\/uploads\/2025\/10\/IMG_0744.jpg","datePublished":"2025-10-20T11:08:54+00:00","description":"Descubre el Pack Inbictus: un homenaje al Oporto con 9 bombones de vino de Oporto y una tableta de chocolate negro. Elegancia y sabor inolvidables.","breadcrumb":{"@id":"https:\/\/simchocolate.com\/es\/produto\/pack-inbictus\/#breadcrumb"},"inLanguage":"es","potentialAction":[{"@type":"ReadAction","target":["https:\/\/simchocolate.com\/es\/produto\/pack-inbictus\/"]}]},{"@type":"ImageObject","inLanguage":"es","@id":"https:\/\/simchocolate.com\/es\/produto\/pack-inbictus\/#primaryimage","url":"https:\/\/simchocolate.com\/wp-content\/uploads\/2025\/10\/IMG_0744.jpg","contentUrl":"https:\/\/simchocolate.com\/wp-content\/uploads\/2025\/10\/IMG_0744.jpg","width":1000,"height":1000,"caption":"Pack Inbictus"},{"@type":"BreadcrumbList","@id":"https:\/\/simchocolate.com\/es\/produto\/pack-inbictus\/#breadcrumb","itemListElement":[{"@type":"ListItem","position":1,"name":"In\u00edcio","item":"https:\/\/simchocolate.com\/es\/"},{"@type":"ListItem","position":2,"name":"Productos","item":"https:\/\/simchocolate.com\/es\/shop\/"},{"@type":"ListItem","position":3,"name":"Pack Inbictus"}]},{"@type":"WebSite","@id":"https:\/\/simchocolate.com\/es\/#website","url":"https:\/\/simchocolate.com\/es\/","name":"SIM Chocolate","description":"Do amor incondicional entre uma m\u00e3e e sua filha, nasce a marca SIM Bombons no Natal de 2014","potentialAction":[{"@type":"SearchAction","target":{"@type":"EntryPoint","urlTemplate":"https:\/\/simchocolate.com\/es\/?s={search_term_string}"},"query-input":{"@type":"PropertyValueSpecification","valueRequired":true,"valueName":"search_term_string"}}],"inLanguage":"es"}]}},"_links":{"self":[{"href":"https:\/\/simchocolate.com\/es\/wp-json\/wp\/v2\/product\/9248","targetHints":{"allow":["GET"]}}],"collection":[{"href":"https:\/\/simchocolate.com\/es\/wp-json\/wp\/v2\/product"}],"about":[{"href":"https:\/\/simchocolate.com\/es\/wp-json\/wp\/v2\/types\/product"}],"replies":[{"embeddable":true,"href":"https:\/\/simchocolate.com\/es\/wp-json\/wp\/v2\/comments?post=9248"}],"wp:featuredmedia":[{"embeddable":true,"href":"https:\/\/simchocolate.com\/es\/wp-json\/wp\/v2\/media\/9250"}],"wp:attachment":[{"href":"https:\/\/simchocolate.com\/es\/wp-json\/wp\/v2\/media?parent=9248"}],"wp:term":[{"taxonomy":"product_brand","embeddable":true,"href":"https:\/\/simchocolate.com\/es\/wp-json\/wp\/v2\/product_brand?post=9248"},{"taxonomy":"product_cat","embeddable":true,"href":"https:\/\/simchocolate.com\/es\/wp-json\/wp\/v2\/product_cat?post=9248"},{"taxonomy":"product_tag","embeddable":true,"href":"https:\/\/simchocolate.com\/es\/wp-json\/wp\/v2\/product_tag?post=9248"}],"curies":[{"name":"wp","href":"https:\/\/api.w.org\/{rel}","templated":true}]}}