{"id":9249,"date":"2025-10-20T11:00:59","date_gmt":"2025-10-20T11:00:59","guid":{"rendered":"https:\/\/simchocolate.com\/produto\/pack-de-chocolate-vegano\/"},"modified":"2025-10-20T11:00:59","modified_gmt":"2025-10-20T11:00:59","slug":"pack-de-chocolate-vegano","status":"publish","type":"product","link":"https:\/\/simchocolate.com\/es\/produto\/pack-de-chocolate-vegano\/","title":{"rendered":"Pack de chocolate vegano"},"content":{"rendered":"<h5 style=\"text-align: left;\" data-start=\"931\" data-end=\"1004\">El placer del chocolate \u00e9tico y sostenible<\/h5>\n<p style=\"text-align: left;\" data-start=\"1006\" data-end=\"1320\">El Pack de Chocolate Vegano de <strong data-start=\"1039\" data-end=\"1056\">Sim<\/strong> Chocolate es un homenaje a la autenticidad, el sabor y la sostenibilidad. Esta elegante selecci\u00f3n incluye <strong data-start=\"1150\" data-end=\"1181\">una tableta vegana hecha a mano<\/strong> y <strong data-start=\"1184\" data-end=\"1224\">una caja de 9 bombones 100% veganos<\/strong>, creados con ingredientes naturales de alta calidad y sin ning\u00fan producto de origen animal. <\/p>\n<p style=\"text-align: left;\" data-start=\"1322\" data-end=\"1647\">Cada bomb\u00f3n es una obra maestra del chocolate artesano: 3 bombones <strong data-start=\"1375\" data-end=\"1399\">de almendra<\/strong>, con su sabor delicado y ligeramente tostado; <strong data-start=\"1447\" data-end=\"1468\">3 bombones de anacardos<\/strong>, cremosos e intensos; y <strong data-start=\"1493\" data-end=\"1515\">3 bombones de avellana<\/strong>, con notas ricas y sofisticadas. Juntos, ofrecen una experiencia gustativa equilibrada, llena de textura, aroma y puro placer. <\/p>\n<p style=\"text-align: left;\" data-start=\"1649\" data-end=\"1960\">La barra vegana lo complementa a la perfecci\u00f3n, combinando el profundo sabor del cacao con la suavidad natural de los ingredientes vegetales. El resultado es una experiencia de degustaci\u00f3n indulgente y consciente que atrae tanto a los amantes del chocolate tradicional como a los que siguen una dieta \u00e9tica. <\/p>\n<p style=\"text-align: left;\" data-start=\"1962\" data-end=\"2188\">Este paquete de chocolate vegano es ideal como regalo para quienes valoran los productos sostenibles, elaborados con respeto al planeta y a los animales. Una elecci\u00f3n perfecta para Navidad, cumplea\u00f1os o cualquier ocasi\u00f3n especial. <\/p>\n<p style=\"text-align: left;\" data-start=\"2190\" data-end=\"2266\"><strong><em data-start=\"2190\" data-end=\"2212\">Instrucciones de conservaci\u00f3n:<\/em><\/strong><br data-start=\"2212\" data-end=\"2215\"><em data-start=\"2215\" data-end=\"2264\">Conservar a una temperatura entre 16\u00ba &#8211; 20\u00ba grados.<\/em><\/p>\n","protected":false},"excerpt":{"rendered":"<p data-start=\"693\" data-end=\"894\">El Pack de Chocolate Vegano combina una tableta artesanal y una caja de 9 chocolates 100% veganos de sabores almendra, anacardo y avellana.<\/p>\n<p data-start=\"693\" data-end=\"894\">\n","protected":false},"featured_media":9252,"comment_status":"open","ping_status":"closed","template":"","meta":[],"product_brand":[],"product_cat":[190],"product_tag":[],"class_list":{"0":"post-9249","1":"product","2":"type-product","3":"status-publish","4":"has-post-thumbnail","6":"product_cat-todo-el-chocolate","7":"edicoes-especial-si","8":"edicoes-saludable","10":"first","11":"instock","12":"shipping-taxable","13":"purchasable","14":"product-type-simple"},"yoast_head":"<!-- This site is optimized with the Yoast SEO plugin v27.2 - https:\/\/yoast.com\/product\/yoast-seo-wordpress\/ -->\n<title>Pack de chocolate vegano | SIM Chocolate<\/title>\n<meta name=\"description\" content=\"Descubre el Pack de Chocolate Vegano con una tableta y 9 bombones artesanales de almendra, anacardo y avellana. Un regalo delicioso, \u00e9tico y 100% vegano.\" \/>\n<meta name=\"robots\" content=\"index, follow, max-snippet:-1, max-image-preview:large, max-video-preview:-1\" \/>\n<link rel=\"canonical\" href=\"https:\/\/simchocolate.com\/es\/produto\/pack-de-chocolate-vegano\/\" \/>\n<meta property=\"og:locale\" content=\"es_ES\" \/>\n<meta property=\"og:type\" content=\"article\" \/>\n<meta property=\"og:title\" content=\"Pack de chocolate vegano | SIM Chocolate\" \/>\n<meta property=\"og:description\" content=\"Descubre el Pack de Chocolate Vegano con una tableta y 9 bombones artesanales de almendra, anacardo y avellana. Un regalo delicioso, \u00e9tico y 100% vegano.\" \/>\n<meta property=\"og:url\" content=\"https:\/\/simchocolate.com\/es\/produto\/pack-de-chocolate-vegano\/\" \/>\n<meta property=\"og:site_name\" content=\"SIM Chocolate\" \/>\n<meta property=\"article:publisher\" content=\"https:\/\/www.facebook.com\/SimBombons\" \/>\n<meta property=\"og:image\" content=\"https:\/\/simchocolate.com\/wp-content\/uploads\/2025\/10\/IMG_0740.jpg\" \/>\n\t<meta property=\"og:image:width\" content=\"1000\" \/>\n\t<meta property=\"og:image:height\" content=\"1000\" \/>\n\t<meta property=\"og:image:type\" content=\"image\/jpeg\" \/>\n<meta name=\"twitter:card\" content=\"summary_large_image\" \/>\n<meta name=\"twitter:label1\" content=\"Tiempo de lectura\" \/>\n\t<meta name=\"twitter:data1\" content=\"1 minuto\" \/>\n<script type=\"application\/ld+json\" class=\"yoast-schema-graph\">{\"@context\":\"https:\/\/schema.org\",\"@graph\":[{\"@type\":\"WebPage\",\"@id\":\"https:\/\/simchocolate.com\/es\/produto\/pack-de-chocolate-vegano\/\",\"url\":\"https:\/\/simchocolate.com\/es\/produto\/pack-de-chocolate-vegano\/\",\"name\":\"Pack de chocolate vegano | SIM Chocolate\",\"isPartOf\":{\"@id\":\"https:\/\/simchocolate.com\/es\/#website\"},\"primaryImageOfPage\":{\"@id\":\"https:\/\/simchocolate.com\/es\/produto\/pack-de-chocolate-vegano\/#primaryimage\"},\"image\":{\"@id\":\"https:\/\/simchocolate.com\/es\/produto\/pack-de-chocolate-vegano\/#primaryimage\"},\"thumbnailUrl\":\"https:\/\/simchocolate.com\/wp-content\/uploads\/2025\/10\/IMG_0740.jpg\",\"datePublished\":\"2025-10-20T11:00:59+00:00\",\"description\":\"Descubre el Pack de Chocolate Vegano con una tableta y 9 bombones artesanales de almendra, anacardo y avellana. Un regalo delicioso, \u00e9tico y 100% vegano.\",\"breadcrumb\":{\"@id\":\"https:\/\/simchocolate.com\/es\/produto\/pack-de-chocolate-vegano\/#breadcrumb\"},\"inLanguage\":\"es\",\"potentialAction\":[{\"@type\":\"ReadAction\",\"target\":[\"https:\/\/simchocolate.com\/es\/produto\/pack-de-chocolate-vegano\/\"]}]},{\"@type\":\"ImageObject\",\"inLanguage\":\"es\",\"@id\":\"https:\/\/simchocolate.com\/es\/produto\/pack-de-chocolate-vegano\/#primaryimage\",\"url\":\"https:\/\/simchocolate.com\/wp-content\/uploads\/2025\/10\/IMG_0740.jpg\",\"contentUrl\":\"https:\/\/simchocolate.com\/wp-content\/uploads\/2025\/10\/IMG_0740.jpg\",\"width\":1000,\"height\":1000},{\"@type\":\"BreadcrumbList\",\"@id\":\"https:\/\/simchocolate.com\/es\/produto\/pack-de-chocolate-vegano\/#breadcrumb\",\"itemListElement\":[{\"@type\":\"ListItem\",\"position\":1,\"name\":\"In\u00edcio\",\"item\":\"https:\/\/simchocolate.com\/es\/\"},{\"@type\":\"ListItem\",\"position\":2,\"name\":\"Productos\",\"item\":\"https:\/\/simchocolate.com\/es\/shop\/\"},{\"@type\":\"ListItem\",\"position\":3,\"name\":\"Pack de chocolate vegano\"}]},{\"@type\":\"WebSite\",\"@id\":\"https:\/\/simchocolate.com\/es\/#website\",\"url\":\"https:\/\/simchocolate.com\/es\/\",\"name\":\"SIM Chocolate\",\"description\":\"Do amor incondicional entre uma m\u00e3e e sua filha, nasce a marca SIM Bombons no Natal de 2014\",\"potentialAction\":[{\"@type\":\"SearchAction\",\"target\":{\"@type\":\"EntryPoint\",\"urlTemplate\":\"https:\/\/simchocolate.com\/es\/?s={search_term_string}\"},\"query-input\":{\"@type\":\"PropertyValueSpecification\",\"valueRequired\":true,\"valueName\":\"search_term_string\"}}],\"inLanguage\":\"es\"}]}<\/script>\n<!-- \/ Yoast SEO plugin. -->","yoast_head_json":{"title":"Pack de chocolate vegano | SIM Chocolate","description":"Descubre el Pack de Chocolate Vegano con una tableta y 9 bombones artesanales de almendra, anacardo y avellana. Un regalo delicioso, \u00e9tico y 100% vegano.","robots":{"index":"index","follow":"follow","max-snippet":"max-snippet:-1","max-image-preview":"max-image-preview:large","max-video-preview":"max-video-preview:-1"},"canonical":"https:\/\/simchocolate.com\/es\/produto\/pack-de-chocolate-vegano\/","og_locale":"es_ES","og_type":"article","og_title":"Pack de chocolate vegano | SIM Chocolate","og_description":"Descubre el Pack de Chocolate Vegano con una tableta y 9 bombones artesanales de almendra, anacardo y avellana. Un regalo delicioso, \u00e9tico y 100% vegano.","og_url":"https:\/\/simchocolate.com\/es\/produto\/pack-de-chocolate-vegano\/","og_site_name":"SIM Chocolate","article_publisher":"https:\/\/www.facebook.com\/SimBombons","og_image":[{"width":1000,"height":1000,"url":"https:\/\/simchocolate.com\/wp-content\/uploads\/2025\/10\/IMG_0740.jpg","type":"image\/jpeg"}],"twitter_card":"summary_large_image","twitter_misc":{"Tiempo de lectura":"1 minuto"},"schema":{"@context":"https:\/\/schema.org","@graph":[{"@type":"WebPage","@id":"https:\/\/simchocolate.com\/es\/produto\/pack-de-chocolate-vegano\/","url":"https:\/\/simchocolate.com\/es\/produto\/pack-de-chocolate-vegano\/","name":"Pack de chocolate vegano | SIM Chocolate","isPartOf":{"@id":"https:\/\/simchocolate.com\/es\/#website"},"primaryImageOfPage":{"@id":"https:\/\/simchocolate.com\/es\/produto\/pack-de-chocolate-vegano\/#primaryimage"},"image":{"@id":"https:\/\/simchocolate.com\/es\/produto\/pack-de-chocolate-vegano\/#primaryimage"},"thumbnailUrl":"https:\/\/simchocolate.com\/wp-content\/uploads\/2025\/10\/IMG_0740.jpg","datePublished":"2025-10-20T11:00:59+00:00","description":"Descubre el Pack de Chocolate Vegano con una tableta y 9 bombones artesanales de almendra, anacardo y avellana. Un regalo delicioso, \u00e9tico y 100% vegano.","breadcrumb":{"@id":"https:\/\/simchocolate.com\/es\/produto\/pack-de-chocolate-vegano\/#breadcrumb"},"inLanguage":"es","potentialAction":[{"@type":"ReadAction","target":["https:\/\/simchocolate.com\/es\/produto\/pack-de-chocolate-vegano\/"]}]},{"@type":"ImageObject","inLanguage":"es","@id":"https:\/\/simchocolate.com\/es\/produto\/pack-de-chocolate-vegano\/#primaryimage","url":"https:\/\/simchocolate.com\/wp-content\/uploads\/2025\/10\/IMG_0740.jpg","contentUrl":"https:\/\/simchocolate.com\/wp-content\/uploads\/2025\/10\/IMG_0740.jpg","width":1000,"height":1000},{"@type":"BreadcrumbList","@id":"https:\/\/simchocolate.com\/es\/produto\/pack-de-chocolate-vegano\/#breadcrumb","itemListElement":[{"@type":"ListItem","position":1,"name":"In\u00edcio","item":"https:\/\/simchocolate.com\/es\/"},{"@type":"ListItem","position":2,"name":"Productos","item":"https:\/\/simchocolate.com\/es\/shop\/"},{"@type":"ListItem","position":3,"name":"Pack de chocolate vegano"}]},{"@type":"WebSite","@id":"https:\/\/simchocolate.com\/es\/#website","url":"https:\/\/simchocolate.com\/es\/","name":"SIM Chocolate","description":"Do amor incondicional entre uma m\u00e3e e sua filha, nasce a marca SIM Bombons no Natal de 2014","potentialAction":[{"@type":"SearchAction","target":{"@type":"EntryPoint","urlTemplate":"https:\/\/simchocolate.com\/es\/?s={search_term_string}"},"query-input":{"@type":"PropertyValueSpecification","valueRequired":true,"valueName":"search_term_string"}}],"inLanguage":"es"}]}},"_links":{"self":[{"href":"https:\/\/simchocolate.com\/es\/wp-json\/wp\/v2\/product\/9249","targetHints":{"allow":["GET"]}}],"collection":[{"href":"https:\/\/simchocolate.com\/es\/wp-json\/wp\/v2\/product"}],"about":[{"href":"https:\/\/simchocolate.com\/es\/wp-json\/wp\/v2\/types\/product"}],"replies":[{"embeddable":true,"href":"https:\/\/simchocolate.com\/es\/wp-json\/wp\/v2\/comments?post=9249"}],"wp:featuredmedia":[{"embeddable":true,"href":"https:\/\/simchocolate.com\/es\/wp-json\/wp\/v2\/media\/9252"}],"wp:attachment":[{"href":"https:\/\/simchocolate.com\/es\/wp-json\/wp\/v2\/media?parent=9249"}],"wp:term":[{"taxonomy":"product_brand","embeddable":true,"href":"https:\/\/simchocolate.com\/es\/wp-json\/wp\/v2\/product_brand?post=9249"},{"taxonomy":"product_cat","embeddable":true,"href":"https:\/\/simchocolate.com\/es\/wp-json\/wp\/v2\/product_cat?post=9249"},{"taxonomy":"product_tag","embeddable":true,"href":"https:\/\/simchocolate.com\/es\/wp-json\/wp\/v2\/product_tag?post=9249"}],"curies":[{"name":"wp","href":"https:\/\/api.w.org\/{rel}","templated":true}]}}