{"id":9253,"date":"2025-10-20T13:19:05","date_gmt":"2025-10-20T13:19:05","guid":{"rendered":"https:\/\/simchocolate.com\/produto\/pack-citricos\/"},"modified":"2025-10-20T13:19:05","modified_gmt":"2025-10-20T13:19:05","slug":"pack-citricos","status":"publish","type":"product","link":"https:\/\/simchocolate.com\/es\/produto\/pack-citricos\/","title":{"rendered":"Pack C\u00edtricos"},"content":{"rendered":"<h5 style=\"text-align: left;\" data-start=\"1021\" data-end=\"1110\">La armon\u00eda perfecta entre el chocolate y la frescura de los c\u00edtricos<\/h5>\n<p style=\"text-align: left;\" data-start=\"1112\" data-end=\"1406\">El <strong data-start=\"1114\" data-end=\"1129\">Pack C\u00edtricos<\/strong> de <strong data-start=\"1133\" data-end=\"1150\">Sim Chocolate<\/strong> es una oda al sabor y la elegancia. Creado para quienes aprecian las experiencias gourmet equilibradas y refrescantes, este lote re\u00fane <strong data-start=\"1280\" data-end=\"1317\">una caja de 9 bombones artesanales<\/strong> y <strong data-start=\"1320\" data-end=\"1347\">una caja de naranjas<\/strong>: una irresistible combinaci\u00f3n de intensidad y frescura. <\/p>\n<p style=\"text-align: left;\" data-start=\"1408\" data-end=\"1869\">Los bombones se dividen en tres sabores distintos: <strong data-start=\"1460\" data-end=\"1491\">3<\/strong> bombones de <strong data-start=\"1460\" data-end=\"1491\">crema de lim\u00f3n<\/strong>, con notas vibrantes y ligeras; <strong data-start=\"1522\" data-end=\"1555\">3 bombones de crema de naranja<\/strong>, con un toque naturalmente dulce y fragante; y <strong data-start=\"1603\" data-end=\"1631\">3 bombones de ron de naranja<\/strong>, que combinan la suavidad del chocolate con un toque sutil y ex\u00f3tico. Cada pieza se elabora cuidadosamente para proporcionar una experiencia sensorial completa, en la que el chocolate de primera calidad encuentra el equilibrio ideal con la acidez de los c\u00edtricos. <\/p>\n<p style=\"text-align: left;\" data-start=\"1871\" data-end=\"2078\">Para acompa\u00f1ar esta selecci\u00f3n, la <strong data-start=\"1900\" data-end=\"1923\">caja de orangettes<\/strong> ofrece el contraste perfecto: tiras de naranja confitada ba\u00f1adas en chocolate negro de alta calidad, que crean una explosi\u00f3n de sabor y textura.<\/p>\n<p style=\"text-align: left;\" data-start=\"2080\" data-end=\"2282\">El Pack C\u00edtricos es el regalo ideal para momentos especiales o simplemente para saborear un toque de frescura gourmet. Un homenaje a la reposter\u00eda artesanal portuguesa y al placer de los sabores naturales. <\/p>\n<p style=\"text-align: left;\" data-start=\"2284\" data-end=\"2360\"><strong><em data-start=\"2284\" data-end=\"2306\">Instrucciones de conservaci\u00f3n:<\/em><\/strong><br data-start=\"2306\" data-end=\"2309\"><em data-start=\"2309\" data-end=\"2358\">Conservar a una temperatura entre 16\u00ba &#8211; 20\u00ba grados.<\/em><\/p>\n","protected":false},"excerpt":{"rendered":"<p>El Pack C\u00edtricos combina lo mejor del chocolate artesano con la frescura de los c\u00edtricos. Contiene 9 bombones surtidos de naranja, lim\u00f3n y ron-naranja, adem\u00e1s de una caja de deliciosos orangettes. <\/p>\n","protected":false},"featured_media":9255,"comment_status":"open","ping_status":"closed","template":"","meta":[],"product_brand":[],"product_cat":[190],"product_tag":[],"class_list":{"0":"post-9253","1":"product","2":"type-product","3":"status-publish","4":"has-post-thumbnail","6":"product_cat-todo-el-chocolate","7":"edicoes-chocolate-con-fruta","8":"edicoes-especial-si","10":"first","11":"instock","12":"shipping-taxable","13":"purchasable","14":"product-type-simple"},"yoast_head":"<!-- This site is optimized with the Yoast SEO plugin v27.2 - https:\/\/yoast.com\/product\/yoast-seo-wordpress\/ -->\n<title>Pack C\u00edtricos | SIM Chocolate<\/title>\n<meta name=\"description\" content=\"Una combinaci\u00f3n fresca y sofisticada de 9 bombones artesanos y una caja de orangettes. El equilibrio perfecto entre el sabor del chocolate y un toque de c\u00edtricos.\" \/>\n<meta name=\"robots\" content=\"index, follow, max-snippet:-1, max-image-preview:large, max-video-preview:-1\" \/>\n<link rel=\"canonical\" href=\"https:\/\/simchocolate.com\/es\/produto\/pack-citricos\/\" \/>\n<meta property=\"og:locale\" content=\"es_ES\" \/>\n<meta property=\"og:type\" content=\"article\" \/>\n<meta property=\"og:title\" content=\"Pack C\u00edtricos | SIM Chocolate\" \/>\n<meta property=\"og:description\" content=\"Una combinaci\u00f3n fresca y sofisticada de 9 bombones artesanos y una caja de orangettes. El equilibrio perfecto entre el sabor del chocolate y un toque de c\u00edtricos.\" \/>\n<meta property=\"og:url\" content=\"https:\/\/simchocolate.com\/es\/produto\/pack-citricos\/\" \/>\n<meta property=\"og:site_name\" content=\"SIM Chocolate\" \/>\n<meta property=\"article:publisher\" content=\"https:\/\/www.facebook.com\/SimBombons\" \/>\n<meta property=\"og:image\" content=\"https:\/\/simchocolate.com\/wp-content\/uploads\/2025\/10\/IMG_0750.jpg\" \/>\n\t<meta property=\"og:image:width\" content=\"1000\" \/>\n\t<meta property=\"og:image:height\" content=\"1000\" \/>\n\t<meta property=\"og:image:type\" content=\"image\/jpeg\" \/>\n<meta name=\"twitter:card\" content=\"summary_large_image\" \/>\n<meta name=\"twitter:label1\" content=\"Tiempo de lectura\" \/>\n\t<meta name=\"twitter:data1\" content=\"1 minuto\" \/>\n<script type=\"application\/ld+json\" class=\"yoast-schema-graph\">{\"@context\":\"https:\/\/schema.org\",\"@graph\":[{\"@type\":\"WebPage\",\"@id\":\"https:\/\/simchocolate.com\/es\/produto\/pack-citricos\/\",\"url\":\"https:\/\/simchocolate.com\/es\/produto\/pack-citricos\/\",\"name\":\"Pack C\u00edtricos | SIM Chocolate\",\"isPartOf\":{\"@id\":\"https:\/\/simchocolate.com\/es\/#website\"},\"primaryImageOfPage\":{\"@id\":\"https:\/\/simchocolate.com\/es\/produto\/pack-citricos\/#primaryimage\"},\"image\":{\"@id\":\"https:\/\/simchocolate.com\/es\/produto\/pack-citricos\/#primaryimage\"},\"thumbnailUrl\":\"https:\/\/simchocolate.com\/wp-content\/uploads\/2025\/10\/IMG_0750.jpg\",\"datePublished\":\"2025-10-20T13:19:05+00:00\",\"description\":\"Una combinaci\u00f3n fresca y sofisticada de 9 bombones artesanos y una caja de orangettes. El equilibrio perfecto entre el sabor del chocolate y un toque de c\u00edtricos.\",\"breadcrumb\":{\"@id\":\"https:\/\/simchocolate.com\/es\/produto\/pack-citricos\/#breadcrumb\"},\"inLanguage\":\"es\",\"potentialAction\":[{\"@type\":\"ReadAction\",\"target\":[\"https:\/\/simchocolate.com\/es\/produto\/pack-citricos\/\"]}]},{\"@type\":\"ImageObject\",\"inLanguage\":\"es\",\"@id\":\"https:\/\/simchocolate.com\/es\/produto\/pack-citricos\/#primaryimage\",\"url\":\"https:\/\/simchocolate.com\/wp-content\/uploads\/2025\/10\/IMG_0750.jpg\",\"contentUrl\":\"https:\/\/simchocolate.com\/wp-content\/uploads\/2025\/10\/IMG_0750.jpg\",\"width\":1000,\"height\":1000,\"caption\":\"Pack Citrus\"},{\"@type\":\"BreadcrumbList\",\"@id\":\"https:\/\/simchocolate.com\/es\/produto\/pack-citricos\/#breadcrumb\",\"itemListElement\":[{\"@type\":\"ListItem\",\"position\":1,\"name\":\"In\u00edcio\",\"item\":\"https:\/\/simchocolate.com\/es\/\"},{\"@type\":\"ListItem\",\"position\":2,\"name\":\"Productos\",\"item\":\"https:\/\/simchocolate.com\/es\/shop\/\"},{\"@type\":\"ListItem\",\"position\":3,\"name\":\"Pack C\u00edtricos\"}]},{\"@type\":\"WebSite\",\"@id\":\"https:\/\/simchocolate.com\/es\/#website\",\"url\":\"https:\/\/simchocolate.com\/es\/\",\"name\":\"SIM Chocolate\",\"description\":\"Do amor incondicional entre uma m\u00e3e e sua filha, nasce a marca SIM Bombons no Natal de 2014\",\"potentialAction\":[{\"@type\":\"SearchAction\",\"target\":{\"@type\":\"EntryPoint\",\"urlTemplate\":\"https:\/\/simchocolate.com\/es\/?s={search_term_string}\"},\"query-input\":{\"@type\":\"PropertyValueSpecification\",\"valueRequired\":true,\"valueName\":\"search_term_string\"}}],\"inLanguage\":\"es\"}]}<\/script>\n<!-- \/ Yoast SEO plugin. -->","yoast_head_json":{"title":"Pack C\u00edtricos | SIM Chocolate","description":"Una combinaci\u00f3n fresca y sofisticada de 9 bombones artesanos y una caja de orangettes. El equilibrio perfecto entre el sabor del chocolate y un toque de c\u00edtricos.","robots":{"index":"index","follow":"follow","max-snippet":"max-snippet:-1","max-image-preview":"max-image-preview:large","max-video-preview":"max-video-preview:-1"},"canonical":"https:\/\/simchocolate.com\/es\/produto\/pack-citricos\/","og_locale":"es_ES","og_type":"article","og_title":"Pack C\u00edtricos | SIM Chocolate","og_description":"Una combinaci\u00f3n fresca y sofisticada de 9 bombones artesanos y una caja de orangettes. El equilibrio perfecto entre el sabor del chocolate y un toque de c\u00edtricos.","og_url":"https:\/\/simchocolate.com\/es\/produto\/pack-citricos\/","og_site_name":"SIM Chocolate","article_publisher":"https:\/\/www.facebook.com\/SimBombons","og_image":[{"width":1000,"height":1000,"url":"https:\/\/simchocolate.com\/wp-content\/uploads\/2025\/10\/IMG_0750.jpg","type":"image\/jpeg"}],"twitter_card":"summary_large_image","twitter_misc":{"Tiempo de lectura":"1 minuto"},"schema":{"@context":"https:\/\/schema.org","@graph":[{"@type":"WebPage","@id":"https:\/\/simchocolate.com\/es\/produto\/pack-citricos\/","url":"https:\/\/simchocolate.com\/es\/produto\/pack-citricos\/","name":"Pack C\u00edtricos | SIM Chocolate","isPartOf":{"@id":"https:\/\/simchocolate.com\/es\/#website"},"primaryImageOfPage":{"@id":"https:\/\/simchocolate.com\/es\/produto\/pack-citricos\/#primaryimage"},"image":{"@id":"https:\/\/simchocolate.com\/es\/produto\/pack-citricos\/#primaryimage"},"thumbnailUrl":"https:\/\/simchocolate.com\/wp-content\/uploads\/2025\/10\/IMG_0750.jpg","datePublished":"2025-10-20T13:19:05+00:00","description":"Una combinaci\u00f3n fresca y sofisticada de 9 bombones artesanos y una caja de orangettes. El equilibrio perfecto entre el sabor del chocolate y un toque de c\u00edtricos.","breadcrumb":{"@id":"https:\/\/simchocolate.com\/es\/produto\/pack-citricos\/#breadcrumb"},"inLanguage":"es","potentialAction":[{"@type":"ReadAction","target":["https:\/\/simchocolate.com\/es\/produto\/pack-citricos\/"]}]},{"@type":"ImageObject","inLanguage":"es","@id":"https:\/\/simchocolate.com\/es\/produto\/pack-citricos\/#primaryimage","url":"https:\/\/simchocolate.com\/wp-content\/uploads\/2025\/10\/IMG_0750.jpg","contentUrl":"https:\/\/simchocolate.com\/wp-content\/uploads\/2025\/10\/IMG_0750.jpg","width":1000,"height":1000,"caption":"Pack Citrus"},{"@type":"BreadcrumbList","@id":"https:\/\/simchocolate.com\/es\/produto\/pack-citricos\/#breadcrumb","itemListElement":[{"@type":"ListItem","position":1,"name":"In\u00edcio","item":"https:\/\/simchocolate.com\/es\/"},{"@type":"ListItem","position":2,"name":"Productos","item":"https:\/\/simchocolate.com\/es\/shop\/"},{"@type":"ListItem","position":3,"name":"Pack C\u00edtricos"}]},{"@type":"WebSite","@id":"https:\/\/simchocolate.com\/es\/#website","url":"https:\/\/simchocolate.com\/es\/","name":"SIM Chocolate","description":"Do amor incondicional entre uma m\u00e3e e sua filha, nasce a marca SIM Bombons no Natal de 2014","potentialAction":[{"@type":"SearchAction","target":{"@type":"EntryPoint","urlTemplate":"https:\/\/simchocolate.com\/es\/?s={search_term_string}"},"query-input":{"@type":"PropertyValueSpecification","valueRequired":true,"valueName":"search_term_string"}}],"inLanguage":"es"}]}},"_links":{"self":[{"href":"https:\/\/simchocolate.com\/es\/wp-json\/wp\/v2\/product\/9253","targetHints":{"allow":["GET"]}}],"collection":[{"href":"https:\/\/simchocolate.com\/es\/wp-json\/wp\/v2\/product"}],"about":[{"href":"https:\/\/simchocolate.com\/es\/wp-json\/wp\/v2\/types\/product"}],"replies":[{"embeddable":true,"href":"https:\/\/simchocolate.com\/es\/wp-json\/wp\/v2\/comments?post=9253"}],"wp:featuredmedia":[{"embeddable":true,"href":"https:\/\/simchocolate.com\/es\/wp-json\/wp\/v2\/media\/9255"}],"wp:attachment":[{"href":"https:\/\/simchocolate.com\/es\/wp-json\/wp\/v2\/media?parent=9253"}],"wp:term":[{"taxonomy":"product_brand","embeddable":true,"href":"https:\/\/simchocolate.com\/es\/wp-json\/wp\/v2\/product_brand?post=9253"},{"taxonomy":"product_cat","embeddable":true,"href":"https:\/\/simchocolate.com\/es\/wp-json\/wp\/v2\/product_cat?post=9253"},{"taxonomy":"product_tag","embeddable":true,"href":"https:\/\/simchocolate.com\/es\/wp-json\/wp\/v2\/product_tag?post=9253"}],"curies":[{"name":"wp","href":"https:\/\/api.w.org\/{rel}","templated":true}]}}