{"id":9257,"date":"2025-07-29T13:57:19","date_gmt":"2025-07-29T13:57:19","guid":{"rendered":"https:\/\/simchocolate.com\/produto\/napolitano-si-chocolate-negro-70\/"},"modified":"2025-07-29T13:57:19","modified_gmt":"2025-07-29T13:57:19","slug":"napolitano-si-chocolate-negro-70","status":"publish","type":"product","link":"https:\/\/simchocolate.com\/es\/produto\/napolitano-si-chocolate-negro-70\/","title":{"rendered":"Napolitano S\u00ed Chocolate negro 70%"},"content":{"rendered":"<h4 style=\"text-align: left;\" data-start=\"705\" data-end=\"790\">Pura intensidad para entendidos exigentes<\/h4>\n<p style=\"text-align: left;\" data-start=\"792\" data-end=\"1102\">El Chocolate Negro Napolitano S\u00ed 70% se ha creado especialmente para los amantes del aut\u00e9ntico chocolate negro. Con un alto porcentaje de cacao de or\u00edgenes seleccionados, esta peque\u00f1a tableta ofrece un sabor intenso y profundo, pero equilibrado, que te conquistar\u00e1 al primer bocado. <\/p>\n<p style=\"text-align: left;\" data-start=\"1104\" data-end=\"1456\">Su textura es suave y sedosa, con un ligero amargor que acent\u00faa el aut\u00e9ntico car\u00e1cter del chocolate negro. Esta combinaci\u00f3n de intensidad y cremosidad constituye una experiencia gustativa sofisticada y memorable. Ideal para saborearlo en cualquier momento del d\u00eda, ya sea durante una pausa para el caf\u00e9, despu\u00e9s de comer o como regalo delicado y refinado.  <\/p>\n<p style=\"text-align: left;\" data-start=\"1458\" data-end=\"1817\">El Chocolate Negro Napolitana Sim 70% se mantiene fiel al compromiso de la marca con la calidad y la excelencia artesanal. Cada unidad se envuelve individualmente para garantizar su frescura y preservar el intenso sabor del cacao. Es una elecci\u00f3n excelente para cestas gourmet, recuerdos de empresa o simplemente para quienes quieran saborear el aut\u00e9ntico chocolate.  <\/p>\n<p style=\"text-align: left;\" data-start=\"1989\" data-end=\"2063\"><strong><em data-start=\"1989\" data-end=\"2011\">Instrucciones de conservaci\u00f3n:<\/em><\/strong><br data-start=\"2011\" data-end=\"2014\"><em data-start=\"2014\" data-end=\"2063\">Conservar a una temperatura entre 16\u00ba &#8211; 20\u00ba grados.<\/em><\/p>\n","protected":false},"excerpt":{"rendered":"<p data-start=\"496\" data-end=\"668\">Con un 70% de cacao, el Chocolate Negro Napolitano Sim es perfecto para quienes disfrutan de un chocolate con un sabor profundo y llamativo.<\/p>\n","protected":false},"featured_media":9260,"comment_status":"open","ping_status":"closed","template":"","meta":[],"product_brand":[],"product_cat":[186],"product_tag":[],"class_list":{"0":"post-9257","1":"product","2":"type-product","3":"status-publish","4":"has-post-thumbnail","6":"product_cat-napolitanas-de-chocolate","8":"first","9":"instock","10":"shipping-taxable","11":"purchasable","12":"product-type-simple"},"yoast_head":"<!-- This site is optimized with the Yoast SEO plugin v27.2 - https:\/\/yoast.com\/product\/yoast-seo-wordpress\/ -->\n<title>Napolitano S\u00ed Chocolate negro 70% | SIM Chocolate<\/title>\n<meta name=\"description\" content=\"Con un 70% de cacao, el Chocolate Negro Napolitano Sim es perfecto para quienes disfrutan de un chocolate con un sabor profundo y llamativo.\" \/>\n<meta name=\"robots\" content=\"index, follow, max-snippet:-1, max-image-preview:large, max-video-preview:-1\" \/>\n<link rel=\"canonical\" href=\"https:\/\/simchocolate.com\/es\/produto\/napolitano-si-chocolate-negro-70\/\" \/>\n<meta property=\"og:locale\" content=\"es_ES\" \/>\n<meta property=\"og:type\" content=\"article\" \/>\n<meta property=\"og:title\" content=\"Napolitano S\u00ed Chocolate negro 70% | SIM Chocolate\" \/>\n<meta property=\"og:description\" content=\"Con un 70% de cacao, el Chocolate Negro Napolitano Sim es perfecto para quienes disfrutan de un chocolate con un sabor profundo y llamativo.\" \/>\n<meta property=\"og:url\" content=\"https:\/\/simchocolate.com\/es\/produto\/napolitano-si-chocolate-negro-70\/\" \/>\n<meta property=\"og:site_name\" content=\"SIM Chocolate\" \/>\n<meta property=\"article:publisher\" content=\"https:\/\/www.facebook.com\/SimBombons\" \/>\n<meta property=\"og:image\" content=\"https:\/\/simchocolate.com\/wp-content\/uploads\/2025\/07\/IMG_9986-scaled.jpg\" \/>\n\t<meta property=\"og:image:width\" content=\"2560\" \/>\n\t<meta property=\"og:image:height\" content=\"2560\" \/>\n\t<meta property=\"og:image:type\" content=\"image\/jpeg\" \/>\n<meta name=\"twitter:card\" content=\"summary_large_image\" \/>\n<meta name=\"twitter:label1\" content=\"Tiempo de lectura\" \/>\n\t<meta name=\"twitter:data1\" content=\"1 minuto\" \/>\n<script type=\"application\/ld+json\" class=\"yoast-schema-graph\">{\"@context\":\"https:\/\/schema.org\",\"@graph\":[{\"@type\":\"WebPage\",\"@id\":\"https:\/\/simchocolate.com\/es\/produto\/napolitano-si-chocolate-negro-70\/\",\"url\":\"https:\/\/simchocolate.com\/es\/produto\/napolitano-si-chocolate-negro-70\/\",\"name\":\"Napolitano S\u00ed Chocolate negro 70% | SIM Chocolate\",\"isPartOf\":{\"@id\":\"https:\/\/simchocolate.com\/es\/#website\"},\"primaryImageOfPage\":{\"@id\":\"https:\/\/simchocolate.com\/es\/produto\/napolitano-si-chocolate-negro-70\/#primaryimage\"},\"image\":{\"@id\":\"https:\/\/simchocolate.com\/es\/produto\/napolitano-si-chocolate-negro-70\/#primaryimage\"},\"thumbnailUrl\":\"https:\/\/simchocolate.com\/wp-content\/uploads\/2025\/07\/IMG_9986-scaled.jpg\",\"datePublished\":\"2025-07-29T13:57:19+00:00\",\"description\":\"Con un 70% de cacao, el Chocolate Negro Napolitano Sim es perfecto para quienes disfrutan de un chocolate con un sabor profundo y llamativo.\",\"breadcrumb\":{\"@id\":\"https:\/\/simchocolate.com\/es\/produto\/napolitano-si-chocolate-negro-70\/#breadcrumb\"},\"inLanguage\":\"es\",\"potentialAction\":[{\"@type\":\"ReadAction\",\"target\":[\"https:\/\/simchocolate.com\/es\/produto\/napolitano-si-chocolate-negro-70\/\"]}]},{\"@type\":\"ImageObject\",\"inLanguage\":\"es\",\"@id\":\"https:\/\/simchocolate.com\/es\/produto\/napolitano-si-chocolate-negro-70\/#primaryimage\",\"url\":\"https:\/\/simchocolate.com\/wp-content\/uploads\/2025\/07\/IMG_9986-scaled.jpg\",\"contentUrl\":\"https:\/\/simchocolate.com\/wp-content\/uploads\/2025\/07\/IMG_9986-scaled.jpg\",\"width\":2560,\"height\":2560,\"caption\":\"napolitana sim chocolate negro\"},{\"@type\":\"BreadcrumbList\",\"@id\":\"https:\/\/simchocolate.com\/es\/produto\/napolitano-si-chocolate-negro-70\/#breadcrumb\",\"itemListElement\":[{\"@type\":\"ListItem\",\"position\":1,\"name\":\"In\u00edcio\",\"item\":\"https:\/\/simchocolate.com\/es\/\"},{\"@type\":\"ListItem\",\"position\":2,\"name\":\"Productos\",\"item\":\"https:\/\/simchocolate.com\/es\/shop\/\"},{\"@type\":\"ListItem\",\"position\":3,\"name\":\"Napolitano S\u00ed Chocolate negro 70%\"}]},{\"@type\":\"WebSite\",\"@id\":\"https:\/\/simchocolate.com\/es\/#website\",\"url\":\"https:\/\/simchocolate.com\/es\/\",\"name\":\"SIM Chocolate\",\"description\":\"Do amor incondicional entre uma m\u00e3e e sua filha, nasce a marca SIM Bombons no Natal de 2014\",\"potentialAction\":[{\"@type\":\"SearchAction\",\"target\":{\"@type\":\"EntryPoint\",\"urlTemplate\":\"https:\/\/simchocolate.com\/es\/?s={search_term_string}\"},\"query-input\":{\"@type\":\"PropertyValueSpecification\",\"valueRequired\":true,\"valueName\":\"search_term_string\"}}],\"inLanguage\":\"es\"}]}<\/script>\n<!-- \/ Yoast SEO plugin. -->","yoast_head_json":{"title":"Napolitano S\u00ed Chocolate negro 70% | SIM Chocolate","description":"Con un 70% de cacao, el Chocolate Negro Napolitano Sim es perfecto para quienes disfrutan de un chocolate con un sabor profundo y llamativo.","robots":{"index":"index","follow":"follow","max-snippet":"max-snippet:-1","max-image-preview":"max-image-preview:large","max-video-preview":"max-video-preview:-1"},"canonical":"https:\/\/simchocolate.com\/es\/produto\/napolitano-si-chocolate-negro-70\/","og_locale":"es_ES","og_type":"article","og_title":"Napolitano S\u00ed Chocolate negro 70% | SIM Chocolate","og_description":"Con un 70% de cacao, el Chocolate Negro Napolitano Sim es perfecto para quienes disfrutan de un chocolate con un sabor profundo y llamativo.","og_url":"https:\/\/simchocolate.com\/es\/produto\/napolitano-si-chocolate-negro-70\/","og_site_name":"SIM Chocolate","article_publisher":"https:\/\/www.facebook.com\/SimBombons","og_image":[{"width":2560,"height":2560,"url":"https:\/\/simchocolate.com\/wp-content\/uploads\/2025\/07\/IMG_9986-scaled.jpg","type":"image\/jpeg"}],"twitter_card":"summary_large_image","twitter_misc":{"Tiempo de lectura":"1 minuto"},"schema":{"@context":"https:\/\/schema.org","@graph":[{"@type":"WebPage","@id":"https:\/\/simchocolate.com\/es\/produto\/napolitano-si-chocolate-negro-70\/","url":"https:\/\/simchocolate.com\/es\/produto\/napolitano-si-chocolate-negro-70\/","name":"Napolitano S\u00ed Chocolate negro 70% | SIM Chocolate","isPartOf":{"@id":"https:\/\/simchocolate.com\/es\/#website"},"primaryImageOfPage":{"@id":"https:\/\/simchocolate.com\/es\/produto\/napolitano-si-chocolate-negro-70\/#primaryimage"},"image":{"@id":"https:\/\/simchocolate.com\/es\/produto\/napolitano-si-chocolate-negro-70\/#primaryimage"},"thumbnailUrl":"https:\/\/simchocolate.com\/wp-content\/uploads\/2025\/07\/IMG_9986-scaled.jpg","datePublished":"2025-07-29T13:57:19+00:00","description":"Con un 70% de cacao, el Chocolate Negro Napolitano Sim es perfecto para quienes disfrutan de un chocolate con un sabor profundo y llamativo.","breadcrumb":{"@id":"https:\/\/simchocolate.com\/es\/produto\/napolitano-si-chocolate-negro-70\/#breadcrumb"},"inLanguage":"es","potentialAction":[{"@type":"ReadAction","target":["https:\/\/simchocolate.com\/es\/produto\/napolitano-si-chocolate-negro-70\/"]}]},{"@type":"ImageObject","inLanguage":"es","@id":"https:\/\/simchocolate.com\/es\/produto\/napolitano-si-chocolate-negro-70\/#primaryimage","url":"https:\/\/simchocolate.com\/wp-content\/uploads\/2025\/07\/IMG_9986-scaled.jpg","contentUrl":"https:\/\/simchocolate.com\/wp-content\/uploads\/2025\/07\/IMG_9986-scaled.jpg","width":2560,"height":2560,"caption":"napolitana sim chocolate negro"},{"@type":"BreadcrumbList","@id":"https:\/\/simchocolate.com\/es\/produto\/napolitano-si-chocolate-negro-70\/#breadcrumb","itemListElement":[{"@type":"ListItem","position":1,"name":"In\u00edcio","item":"https:\/\/simchocolate.com\/es\/"},{"@type":"ListItem","position":2,"name":"Productos","item":"https:\/\/simchocolate.com\/es\/shop\/"},{"@type":"ListItem","position":3,"name":"Napolitano S\u00ed Chocolate negro 70%"}]},{"@type":"WebSite","@id":"https:\/\/simchocolate.com\/es\/#website","url":"https:\/\/simchocolate.com\/es\/","name":"SIM Chocolate","description":"Do amor incondicional entre uma m\u00e3e e sua filha, nasce a marca SIM Bombons no Natal de 2014","potentialAction":[{"@type":"SearchAction","target":{"@type":"EntryPoint","urlTemplate":"https:\/\/simchocolate.com\/es\/?s={search_term_string}"},"query-input":{"@type":"PropertyValueSpecification","valueRequired":true,"valueName":"search_term_string"}}],"inLanguage":"es"}]}},"_links":{"self":[{"href":"https:\/\/simchocolate.com\/es\/wp-json\/wp\/v2\/product\/9257","targetHints":{"allow":["GET"]}}],"collection":[{"href":"https:\/\/simchocolate.com\/es\/wp-json\/wp\/v2\/product"}],"about":[{"href":"https:\/\/simchocolate.com\/es\/wp-json\/wp\/v2\/types\/product"}],"replies":[{"embeddable":true,"href":"https:\/\/simchocolate.com\/es\/wp-json\/wp\/v2\/comments?post=9257"}],"wp:featuredmedia":[{"embeddable":true,"href":"https:\/\/simchocolate.com\/es\/wp-json\/wp\/v2\/media\/9260"}],"wp:attachment":[{"href":"https:\/\/simchocolate.com\/es\/wp-json\/wp\/v2\/media?parent=9257"}],"wp:term":[{"taxonomy":"product_brand","embeddable":true,"href":"https:\/\/simchocolate.com\/es\/wp-json\/wp\/v2\/product_brand?post=9257"},{"taxonomy":"product_cat","embeddable":true,"href":"https:\/\/simchocolate.com\/es\/wp-json\/wp\/v2\/product_cat?post=9257"},{"taxonomy":"product_tag","embeddable":true,"href":"https:\/\/simchocolate.com\/es\/wp-json\/wp\/v2\/product_tag?post=9257"}],"curies":[{"name":"wp","href":"https:\/\/api.w.org\/{rel}","templated":true}]}}