{"id":9267,"date":"2025-07-30T09:37:49","date_gmt":"2025-07-30T09:37:49","guid":{"rendered":"https:\/\/simchocolate.com\/produto\/napolitanas-personalizadas\/"},"modified":"2025-07-30T09:37:49","modified_gmt":"2025-07-30T09:37:49","slug":"napolitanas-personalizadas","status":"publish","type":"product","link":"https:\/\/simchocolate.com\/es\/produto\/napolitanas-personalizadas\/","title":{"rendered":"Napolitanas personalizadas"},"content":{"rendered":"<h4 style=\"text-align: left;\" data-start=\"814\" data-end=\"894\">Tu marca con sabor a chocolate<\/h4>\n<p style=\"text-align: left;\" data-start=\"896\" data-end=\"1277\">Las Napolitanas Personalizadas para Empresas de Sim Chocolate son la soluci\u00f3n perfecta para quien quiera destacar su marca de forma elegante, sabrosa y memorable. Desarrollamos peque\u00f1os cuadrados de chocolate con leche, negro o blanco, con envases totalmente personalizables, ideales para acciones de marketing, eventos corporativos, ofertas institucionales o regalos promocionales. <\/p>\n<p style=\"text-align: left;\" data-start=\"1279\" data-end=\"1641\">El proceso de personalizaci\u00f3n es sencillo y flexible. Podemos imprimir logotipos, mensajes especiales o im\u00e1genes en el envase, convirtiendo cada napolitana en un veh\u00edculo de comunicaci\u00f3n eficaz y original. Estos bombones se elaboran con ingredientes de primera calidad y respetan las normas de calidad de Sim Chocolate, garantizando no s\u00f3lo belleza, sino tambi\u00e9n un sabor inigualable.  <\/p>\n<p style=\"text-align: left;\" data-start=\"1643\" data-end=\"1906\">Este producto es especialmente adecuado para empresas que quieren reforzar su imagen de marca de forma creativa y gourmet. Desde eventos corporativos a campa\u00f1as promocionales, las napolitanas personalizadas elevan cualquier ocasi\u00f3n con un toque dulce y profesional. <\/p>\n<p style=\"text-align: left;\" data-start=\"1908\" data-end=\"2031\">Para m\u00e1s informaci\u00f3n y presupuestos personalizados, ponte en contacto con nosotros por correo electr\u00f3nico: <strong data-start=\"2005\" data-end=\"2030\"><a class=\"cursor-pointer\" rel=\"noopener\" data-start=\"2007\" data-end=\"2028\">info@simchocolate.com<\/a><\/strong>.<\/p>\n<p style=\"text-align: left;\" data-start=\"2033\" data-end=\"2173\">La palabra clave <strong data-start=\"2049\" data-end=\"2093\">Napolitanas Personalizadas para Empresas<\/strong> representa la uni\u00f3n perfecta entre la marca y la excelencia artesanal del chocolate.<\/p>\n<p style=\"text-align: left;\" data-start=\"2175\" data-end=\"2249\"><em data-start=\"2175\" data-end=\"2197\">Instrucciones de conservaci\u00f3n:<\/em><br data-start=\"2197\" data-end=\"2200\"><em data-start=\"2200\" data-end=\"2249\">Conservar a una temperatura entre 16\u00ba &#8211; 20\u00ba grados.<\/em><\/p>\n","protected":false},"excerpt":{"rendered":"<p data-start=\"614\" data-end=\"777\">Ofrece una experiencia de chocolate con la identidad de tu marca. Napolitanas personalizadas para empresas, eventos o actividades promocionales. <\/p>\n<p data-start=\"614\" data-end=\"777\"><strong>Habla con nosotros:<\/strong><\/p>\n<p data-start=\"614\" data-end=\"777\">info@simchocolate.com<\/p>\n","protected":false},"featured_media":9270,"comment_status":"open","ping_status":"closed","template":"","meta":[],"product_brand":[],"product_cat":[186],"product_tag":[],"class_list":{"0":"post-9267","1":"product","2":"type-product","3":"status-publish","4":"has-post-thumbnail","6":"product_cat-napolitanas-de-chocolate","8":"first","9":"instock","10":"shipping-taxable","11":"purchasable","12":"product-type-simple"},"yoast_head":"<!-- This site is optimized with the Yoast SEO plugin v27.2 - https:\/\/yoast.com\/product\/yoast-seo-wordpress\/ -->\n<title>Napolitanas personalizadas | SIM Chocolate<\/title>\n<meta name=\"description\" content=\"Descubre nuestras Napolitanas personalizadas. Ideales para regalos de empresa y actividades promocionales. Solicita m\u00e1s informaci\u00f3n en: info@simchocolate.com.\" \/>\n<meta name=\"robots\" content=\"index, follow, max-snippet:-1, max-image-preview:large, max-video-preview:-1\" \/>\n<link rel=\"canonical\" href=\"https:\/\/simchocolate.com\/es\/produto\/napolitanas-personalizadas\/\" \/>\n<meta property=\"og:locale\" content=\"es_ES\" \/>\n<meta property=\"og:type\" content=\"article\" \/>\n<meta property=\"og:title\" content=\"Napolitanas personalizadas | SIM Chocolate\" \/>\n<meta property=\"og:description\" content=\"Descubre nuestras Napolitanas personalizadas. Ideales para regalos de empresa y actividades promocionales. Solicita m\u00e1s informaci\u00f3n en: info@simchocolate.com.\" \/>\n<meta property=\"og:url\" content=\"https:\/\/simchocolate.com\/es\/produto\/napolitanas-personalizadas\/\" \/>\n<meta property=\"og:site_name\" content=\"SIM Chocolate\" \/>\n<meta property=\"article:publisher\" content=\"https:\/\/www.facebook.com\/SimBombons\" \/>\n<meta property=\"og:image\" content=\"https:\/\/simchocolate.com\/wp-content\/uploads\/2025\/07\/IMG_9410-scaled.jpg\" \/>\n\t<meta property=\"og:image:width\" content=\"2560\" \/>\n\t<meta property=\"og:image:height\" content=\"2560\" \/>\n\t<meta property=\"og:image:type\" content=\"image\/jpeg\" \/>\n<meta name=\"twitter:card\" content=\"summary_large_image\" \/>\n<meta name=\"twitter:label1\" content=\"Tiempo de lectura\" \/>\n\t<meta name=\"twitter:data1\" content=\"1 minuto\" \/>\n<script type=\"application\/ld+json\" class=\"yoast-schema-graph\">{\"@context\":\"https:\/\/schema.org\",\"@graph\":[{\"@type\":\"WebPage\",\"@id\":\"https:\/\/simchocolate.com\/es\/produto\/napolitanas-personalizadas\/\",\"url\":\"https:\/\/simchocolate.com\/es\/produto\/napolitanas-personalizadas\/\",\"name\":\"Napolitanas personalizadas | SIM Chocolate\",\"isPartOf\":{\"@id\":\"https:\/\/simchocolate.com\/es\/#website\"},\"primaryImageOfPage\":{\"@id\":\"https:\/\/simchocolate.com\/es\/produto\/napolitanas-personalizadas\/#primaryimage\"},\"image\":{\"@id\":\"https:\/\/simchocolate.com\/es\/produto\/napolitanas-personalizadas\/#primaryimage\"},\"thumbnailUrl\":\"https:\/\/simchocolate.com\/wp-content\/uploads\/2025\/07\/IMG_9410-scaled.jpg\",\"datePublished\":\"2025-07-30T09:37:49+00:00\",\"description\":\"Descubre nuestras Napolitanas personalizadas. Ideales para regalos de empresa y actividades promocionales. Solicita m\u00e1s informaci\u00f3n en: info@simchocolate.com.\",\"breadcrumb\":{\"@id\":\"https:\/\/simchocolate.com\/es\/produto\/napolitanas-personalizadas\/#breadcrumb\"},\"inLanguage\":\"es\",\"potentialAction\":[{\"@type\":\"ReadAction\",\"target\":[\"https:\/\/simchocolate.com\/es\/produto\/napolitanas-personalizadas\/\"]}]},{\"@type\":\"ImageObject\",\"inLanguage\":\"es\",\"@id\":\"https:\/\/simchocolate.com\/es\/produto\/napolitanas-personalizadas\/#primaryimage\",\"url\":\"https:\/\/simchocolate.com\/wp-content\/uploads\/2025\/07\/IMG_9410-scaled.jpg\",\"contentUrl\":\"https:\/\/simchocolate.com\/wp-content\/uploads\/2025\/07\/IMG_9410-scaled.jpg\",\"width\":2560,\"height\":2560,\"caption\":\"napolitanas personalizadas\"},{\"@type\":\"BreadcrumbList\",\"@id\":\"https:\/\/simchocolate.com\/es\/produto\/napolitanas-personalizadas\/#breadcrumb\",\"itemListElement\":[{\"@type\":\"ListItem\",\"position\":1,\"name\":\"In\u00edcio\",\"item\":\"https:\/\/simchocolate.com\/es\/\"},{\"@type\":\"ListItem\",\"position\":2,\"name\":\"Productos\",\"item\":\"https:\/\/simchocolate.com\/es\/shop\/\"},{\"@type\":\"ListItem\",\"position\":3,\"name\":\"Napolitanas personalizadas\"}]},{\"@type\":\"WebSite\",\"@id\":\"https:\/\/simchocolate.com\/es\/#website\",\"url\":\"https:\/\/simchocolate.com\/es\/\",\"name\":\"SIM Chocolate\",\"description\":\"Do amor incondicional entre uma m\u00e3e e sua filha, nasce a marca SIM Bombons no Natal de 2014\",\"potentialAction\":[{\"@type\":\"SearchAction\",\"target\":{\"@type\":\"EntryPoint\",\"urlTemplate\":\"https:\/\/simchocolate.com\/es\/?s={search_term_string}\"},\"query-input\":{\"@type\":\"PropertyValueSpecification\",\"valueRequired\":true,\"valueName\":\"search_term_string\"}}],\"inLanguage\":\"es\"}]}<\/script>\n<!-- \/ Yoast SEO plugin. -->","yoast_head_json":{"title":"Napolitanas personalizadas | SIM Chocolate","description":"Descubre nuestras Napolitanas personalizadas. Ideales para regalos de empresa y actividades promocionales. Solicita m\u00e1s informaci\u00f3n en: info@simchocolate.com.","robots":{"index":"index","follow":"follow","max-snippet":"max-snippet:-1","max-image-preview":"max-image-preview:large","max-video-preview":"max-video-preview:-1"},"canonical":"https:\/\/simchocolate.com\/es\/produto\/napolitanas-personalizadas\/","og_locale":"es_ES","og_type":"article","og_title":"Napolitanas personalizadas | SIM Chocolate","og_description":"Descubre nuestras Napolitanas personalizadas. Ideales para regalos de empresa y actividades promocionales. Solicita m\u00e1s informaci\u00f3n en: info@simchocolate.com.","og_url":"https:\/\/simchocolate.com\/es\/produto\/napolitanas-personalizadas\/","og_site_name":"SIM Chocolate","article_publisher":"https:\/\/www.facebook.com\/SimBombons","og_image":[{"width":2560,"height":2560,"url":"https:\/\/simchocolate.com\/wp-content\/uploads\/2025\/07\/IMG_9410-scaled.jpg","type":"image\/jpeg"}],"twitter_card":"summary_large_image","twitter_misc":{"Tiempo de lectura":"1 minuto"},"schema":{"@context":"https:\/\/schema.org","@graph":[{"@type":"WebPage","@id":"https:\/\/simchocolate.com\/es\/produto\/napolitanas-personalizadas\/","url":"https:\/\/simchocolate.com\/es\/produto\/napolitanas-personalizadas\/","name":"Napolitanas personalizadas | SIM Chocolate","isPartOf":{"@id":"https:\/\/simchocolate.com\/es\/#website"},"primaryImageOfPage":{"@id":"https:\/\/simchocolate.com\/es\/produto\/napolitanas-personalizadas\/#primaryimage"},"image":{"@id":"https:\/\/simchocolate.com\/es\/produto\/napolitanas-personalizadas\/#primaryimage"},"thumbnailUrl":"https:\/\/simchocolate.com\/wp-content\/uploads\/2025\/07\/IMG_9410-scaled.jpg","datePublished":"2025-07-30T09:37:49+00:00","description":"Descubre nuestras Napolitanas personalizadas. Ideales para regalos de empresa y actividades promocionales. Solicita m\u00e1s informaci\u00f3n en: info@simchocolate.com.","breadcrumb":{"@id":"https:\/\/simchocolate.com\/es\/produto\/napolitanas-personalizadas\/#breadcrumb"},"inLanguage":"es","potentialAction":[{"@type":"ReadAction","target":["https:\/\/simchocolate.com\/es\/produto\/napolitanas-personalizadas\/"]}]},{"@type":"ImageObject","inLanguage":"es","@id":"https:\/\/simchocolate.com\/es\/produto\/napolitanas-personalizadas\/#primaryimage","url":"https:\/\/simchocolate.com\/wp-content\/uploads\/2025\/07\/IMG_9410-scaled.jpg","contentUrl":"https:\/\/simchocolate.com\/wp-content\/uploads\/2025\/07\/IMG_9410-scaled.jpg","width":2560,"height":2560,"caption":"napolitanas personalizadas"},{"@type":"BreadcrumbList","@id":"https:\/\/simchocolate.com\/es\/produto\/napolitanas-personalizadas\/#breadcrumb","itemListElement":[{"@type":"ListItem","position":1,"name":"In\u00edcio","item":"https:\/\/simchocolate.com\/es\/"},{"@type":"ListItem","position":2,"name":"Productos","item":"https:\/\/simchocolate.com\/es\/shop\/"},{"@type":"ListItem","position":3,"name":"Napolitanas personalizadas"}]},{"@type":"WebSite","@id":"https:\/\/simchocolate.com\/es\/#website","url":"https:\/\/simchocolate.com\/es\/","name":"SIM Chocolate","description":"Do amor incondicional entre uma m\u00e3e e sua filha, nasce a marca SIM Bombons no Natal de 2014","potentialAction":[{"@type":"SearchAction","target":{"@type":"EntryPoint","urlTemplate":"https:\/\/simchocolate.com\/es\/?s={search_term_string}"},"query-input":{"@type":"PropertyValueSpecification","valueRequired":true,"valueName":"search_term_string"}}],"inLanguage":"es"}]}},"_links":{"self":[{"href":"https:\/\/simchocolate.com\/es\/wp-json\/wp\/v2\/product\/9267","targetHints":{"allow":["GET"]}}],"collection":[{"href":"https:\/\/simchocolate.com\/es\/wp-json\/wp\/v2\/product"}],"about":[{"href":"https:\/\/simchocolate.com\/es\/wp-json\/wp\/v2\/types\/product"}],"replies":[{"embeddable":true,"href":"https:\/\/simchocolate.com\/es\/wp-json\/wp\/v2\/comments?post=9267"}],"wp:featuredmedia":[{"embeddable":true,"href":"https:\/\/simchocolate.com\/es\/wp-json\/wp\/v2\/media\/9270"}],"wp:attachment":[{"href":"https:\/\/simchocolate.com\/es\/wp-json\/wp\/v2\/media?parent=9267"}],"wp:term":[{"taxonomy":"product_brand","embeddable":true,"href":"https:\/\/simchocolate.com\/es\/wp-json\/wp\/v2\/product_brand?post=9267"},{"taxonomy":"product_cat","embeddable":true,"href":"https:\/\/simchocolate.com\/es\/wp-json\/wp\/v2\/product_cat?post=9267"},{"taxonomy":"product_tag","embeddable":true,"href":"https:\/\/simchocolate.com\/es\/wp-json\/wp\/v2\/product_tag?post=9267"}],"curies":[{"name":"wp","href":"https:\/\/api.w.org\/{rel}","templated":true}]}}