{"id":9268,"date":"2025-10-17T15:31:31","date_gmt":"2025-10-17T15:31:31","guid":{"rendered":"https:\/\/simchocolate.com\/produto\/bola-de-navidad-feliz-preventa\/"},"modified":"2025-10-17T15:31:31","modified_gmt":"2025-10-17T15:31:31","slug":"bola-de-navidad-feliz-preventa","status":"publish","type":"product","link":"https:\/\/simchocolate.com\/es\/produto\/bola-de-navidad-feliz-preventa\/","title":{"rendered":"Bola de Navidad Feliz | Preventa"},"content":{"rendered":"<h5 style=\"text-align: left;\" data-start=\"748\" data-end=\"825\">Un regalo de Navidad lleno de dulzura y elegancia<\/h5>\n<p style=\"text-align: left;\"><strong>NOTA:<\/strong> Este producto es un pedido anticipado. La fecha de env\u00edo prevista es el 10 de noviembre de 2025. <\/p>\n<p style=\"text-align: left;\" data-start=\"827\" data-end=\"1090\">La Bola Feliz de Navidad es una aut\u00e9ntica celebraci\u00f3n de la magia de la Navidad. En su interior hay <strong data-start=\"930\" data-end=\"976\">10 caramelos de chocolate con leche rellenos<\/strong>, cuidadosamente elaborados con chocolate de primera calidad para proporcionar una experiencia irresistible con cada mordisco. <\/p>\n<p style=\"text-align: left;\" data-start=\"1092\" data-end=\"1380\">Cada bomb\u00f3n se prepara a mano, garantizando una textura suave y cremosa que se funde en la boca, liberando todo el rico sabor del chocolate con leche. El delicado relleno complementa perfectamente la intensidad del chocolate, creando un armonioso equilibrio entre dulzor y placer. <\/p>\n<p style=\"text-align: left;\" data-start=\"1382\" data-end=\"1718\">La Bola de Navidad Feliz tambi\u00e9n destaca por su dise\u00f1o festivo, inspirado en las decoraciones navide\u00f1as tradicionales. Su elegante forma la convierte en una opci\u00f3n ideal para regalar a familiares, amigos, compa\u00f1eros de trabajo o incluso clientes. Es una elecci\u00f3n perfecta para quien busque un regalo que combine sabor, refinamiento y esp\u00edritu navide\u00f1o.  <\/p>\n<p style=\"text-align: left;\" data-start=\"1720\" data-end=\"1950\">Esta creaci\u00f3n combina la tradici\u00f3n artesanal con la sofisticaci\u00f3n moderna, transformando unos simples bombones en un s\u00edmbolo de compartir y celebrar. Un regalo que provoca sonrisas y hace que la Navidad sea a\u00fan m\u00e1s especial. <\/p>\n<p style=\"text-align: left;\" data-start=\"1952\" data-end=\"2028\"><strong><em data-start=\"1952\" data-end=\"1974\">Instrucciones de conservaci\u00f3n:<\/em><\/strong><br data-start=\"1974\" data-end=\"1977\"><em data-start=\"1977\" data-end=\"2026\">Conservar a una temperatura entre 16\u00ba &#8211; 20\u00ba grados.<\/em><\/p>\n","protected":false},"excerpt":{"rendered":"<p>La Bola Feliz de Navidad contiene 10 bombones de chocolate con leche con un relleno cremoso, dispuestos dentro de una bola festiva. Un regalo encantador y dulce para celebrar la Navidad. <\/p>\n<p><strong>Esta caja contiene<\/strong><\/p>\n<ul>\n<li>10 Bombones de leche<\/li>\n<\/ul>\n","protected":false},"featured_media":9271,"comment_status":"open","ping_status":"closed","template":"","meta":[],"product_brand":[],"product_cat":[190],"product_tag":[],"class_list":{"0":"post-9268","1":"product","2":"type-product","3":"status-publish","4":"has-post-thumbnail","6":"product_cat-todo-el-chocolate","7":"edicoes-navidad","9":"first","10":"instock","11":"shipping-taxable","12":"purchasable","13":"product-type-simple"},"yoast_head":"<!-- This site is optimized with the Yoast SEO plugin v27.5 - https:\/\/yoast.com\/product\/yoast-seo-wordpress\/ -->\n<title>Bola de Navidad Feliz | Preventa | SIM Chocolate<\/title>\n<meta name=\"description\" content=\"Descubre la Bola de Navidad Feliz con 10 caramelos de chocolate con leche rellenos. Un regalo elegante e irresistible para endulzar tu Navidad con estilo.\" \/>\n<meta name=\"robots\" content=\"index, follow, max-snippet:-1, max-image-preview:large, max-video-preview:-1\" \/>\n<link rel=\"canonical\" href=\"https:\/\/simchocolate.com\/es\/produto\/bola-de-navidad-feliz-preventa\/\" \/>\n<meta property=\"og:locale\" content=\"es_ES\" \/>\n<meta property=\"og:type\" content=\"article\" \/>\n<meta property=\"og:title\" content=\"Bola de Navidad Feliz | Preventa | SIM Chocolate\" \/>\n<meta property=\"og:description\" content=\"Descubre la Bola de Navidad Feliz con 10 caramelos de chocolate con leche rellenos. Un regalo elegante e irresistible para endulzar tu Navidad con estilo.\" \/>\n<meta property=\"og:url\" content=\"https:\/\/simchocolate.com\/es\/produto\/bola-de-navidad-feliz-preventa\/\" \/>\n<meta property=\"og:site_name\" content=\"SIM Chocolate\" \/>\n<meta property=\"article:publisher\" content=\"https:\/\/www.facebook.com\/SimBombons\" \/>\n<meta property=\"og:image\" content=\"https:\/\/simchocolate.com\/wp-content\/uploads\/2025\/10\/bola-natal.jpg\" \/>\n\t<meta property=\"og:image:width\" content=\"800\" \/>\n\t<meta property=\"og:image:height\" content=\"800\" \/>\n\t<meta property=\"og:image:type\" content=\"image\/jpeg\" \/>\n<meta name=\"twitter:card\" content=\"summary_large_image\" \/>\n<meta name=\"twitter:label1\" content=\"Tiempo de lectura\" \/>\n\t<meta name=\"twitter:data1\" content=\"1 minuto\" \/>\n<script type=\"application\/ld+json\" class=\"yoast-schema-graph\">{\"@context\":\"https:\\\/\\\/schema.org\",\"@graph\":[{\"@type\":\"WebPage\",\"@id\":\"https:\\\/\\\/simchocolate.com\\\/es\\\/produto\\\/bola-de-navidad-feliz-preventa\\\/\",\"url\":\"https:\\\/\\\/simchocolate.com\\\/es\\\/produto\\\/bola-de-navidad-feliz-preventa\\\/\",\"name\":\"Bola de Navidad Feliz | Preventa | SIM Chocolate\",\"isPartOf\":{\"@id\":\"https:\\\/\\\/simchocolate.com\\\/es\\\/#website\"},\"primaryImageOfPage\":{\"@id\":\"https:\\\/\\\/simchocolate.com\\\/es\\\/produto\\\/bola-de-navidad-feliz-preventa\\\/#primaryimage\"},\"image\":{\"@id\":\"https:\\\/\\\/simchocolate.com\\\/es\\\/produto\\\/bola-de-navidad-feliz-preventa\\\/#primaryimage\"},\"thumbnailUrl\":\"https:\\\/\\\/simchocolate.com\\\/wp-content\\\/uploads\\\/2025\\\/10\\\/bola-natal.jpg\",\"datePublished\":\"2025-10-17T15:31:31+00:00\",\"description\":\"Descubre la Bola de Navidad Feliz con 10 caramelos de chocolate con leche rellenos. Un regalo elegante e irresistible para endulzar tu Navidad con estilo.\",\"breadcrumb\":{\"@id\":\"https:\\\/\\\/simchocolate.com\\\/es\\\/produto\\\/bola-de-navidad-feliz-preventa\\\/#breadcrumb\"},\"inLanguage\":\"es\",\"potentialAction\":[{\"@type\":\"ReadAction\",\"target\":[\"https:\\\/\\\/simchocolate.com\\\/es\\\/produto\\\/bola-de-navidad-feliz-preventa\\\/\"]}]},{\"@type\":\"ImageObject\",\"inLanguage\":\"es\",\"@id\":\"https:\\\/\\\/simchocolate.com\\\/es\\\/produto\\\/bola-de-navidad-feliz-preventa\\\/#primaryimage\",\"url\":\"https:\\\/\\\/simchocolate.com\\\/wp-content\\\/uploads\\\/2025\\\/10\\\/bola-natal.jpg\",\"contentUrl\":\"https:\\\/\\\/simchocolate.com\\\/wp-content\\\/uploads\\\/2025\\\/10\\\/bola-natal.jpg\",\"width\":800,\"height\":800,\"caption\":\"Bola Happy Christmas\"},{\"@type\":\"BreadcrumbList\",\"@id\":\"https:\\\/\\\/simchocolate.com\\\/es\\\/produto\\\/bola-de-navidad-feliz-preventa\\\/#breadcrumb\",\"itemListElement\":[{\"@type\":\"ListItem\",\"position\":1,\"name\":\"In\u00edcio\",\"item\":\"https:\\\/\\\/simchocolate.com\\\/es\\\/\"},{\"@type\":\"ListItem\",\"position\":2,\"name\":\"Productos\",\"item\":\"https:\\\/\\\/simchocolate.com\\\/es\\\/shop\\\/\"},{\"@type\":\"ListItem\",\"position\":3,\"name\":\"Bola de Navidad Feliz | Preventa\"}]},{\"@type\":\"WebSite\",\"@id\":\"https:\\\/\\\/simchocolate.com\\\/es\\\/#website\",\"url\":\"https:\\\/\\\/simchocolate.com\\\/es\\\/\",\"name\":\"SIM Chocolate\",\"description\":\"Do amor incondicional entre uma m\u00e3e e sua filha, nasce a marca SIM Bombons no Natal de 2014\",\"potentialAction\":[{\"@type\":\"SearchAction\",\"target\":{\"@type\":\"EntryPoint\",\"urlTemplate\":\"https:\\\/\\\/simchocolate.com\\\/es\\\/?s={search_term_string}\"},\"query-input\":{\"@type\":\"PropertyValueSpecification\",\"valueRequired\":true,\"valueName\":\"search_term_string\"}}],\"inLanguage\":\"es\"}]}<\/script>\n<!-- \/ Yoast SEO plugin. -->","yoast_head_json":{"title":"Bola de Navidad Feliz | Preventa | SIM Chocolate","description":"Descubre la Bola de Navidad Feliz con 10 caramelos de chocolate con leche rellenos. Un regalo elegante e irresistible para endulzar tu Navidad con estilo.","robots":{"index":"index","follow":"follow","max-snippet":"max-snippet:-1","max-image-preview":"max-image-preview:large","max-video-preview":"max-video-preview:-1"},"canonical":"https:\/\/simchocolate.com\/es\/produto\/bola-de-navidad-feliz-preventa\/","og_locale":"es_ES","og_type":"article","og_title":"Bola de Navidad Feliz | Preventa | SIM Chocolate","og_description":"Descubre la Bola de Navidad Feliz con 10 caramelos de chocolate con leche rellenos. Un regalo elegante e irresistible para endulzar tu Navidad con estilo.","og_url":"https:\/\/simchocolate.com\/es\/produto\/bola-de-navidad-feliz-preventa\/","og_site_name":"SIM Chocolate","article_publisher":"https:\/\/www.facebook.com\/SimBombons","og_image":[{"width":800,"height":800,"url":"https:\/\/simchocolate.com\/wp-content\/uploads\/2025\/10\/bola-natal.jpg","type":"image\/jpeg"}],"twitter_card":"summary_large_image","twitter_misc":{"Tiempo de lectura":"1 minuto"},"schema":{"@context":"https:\/\/schema.org","@graph":[{"@type":"WebPage","@id":"https:\/\/simchocolate.com\/es\/produto\/bola-de-navidad-feliz-preventa\/","url":"https:\/\/simchocolate.com\/es\/produto\/bola-de-navidad-feliz-preventa\/","name":"Bola de Navidad Feliz | Preventa | SIM Chocolate","isPartOf":{"@id":"https:\/\/simchocolate.com\/es\/#website"},"primaryImageOfPage":{"@id":"https:\/\/simchocolate.com\/es\/produto\/bola-de-navidad-feliz-preventa\/#primaryimage"},"image":{"@id":"https:\/\/simchocolate.com\/es\/produto\/bola-de-navidad-feliz-preventa\/#primaryimage"},"thumbnailUrl":"https:\/\/simchocolate.com\/wp-content\/uploads\/2025\/10\/bola-natal.jpg","datePublished":"2025-10-17T15:31:31+00:00","description":"Descubre la Bola de Navidad Feliz con 10 caramelos de chocolate con leche rellenos. Un regalo elegante e irresistible para endulzar tu Navidad con estilo.","breadcrumb":{"@id":"https:\/\/simchocolate.com\/es\/produto\/bola-de-navidad-feliz-preventa\/#breadcrumb"},"inLanguage":"es","potentialAction":[{"@type":"ReadAction","target":["https:\/\/simchocolate.com\/es\/produto\/bola-de-navidad-feliz-preventa\/"]}]},{"@type":"ImageObject","inLanguage":"es","@id":"https:\/\/simchocolate.com\/es\/produto\/bola-de-navidad-feliz-preventa\/#primaryimage","url":"https:\/\/simchocolate.com\/wp-content\/uploads\/2025\/10\/bola-natal.jpg","contentUrl":"https:\/\/simchocolate.com\/wp-content\/uploads\/2025\/10\/bola-natal.jpg","width":800,"height":800,"caption":"Bola Happy Christmas"},{"@type":"BreadcrumbList","@id":"https:\/\/simchocolate.com\/es\/produto\/bola-de-navidad-feliz-preventa\/#breadcrumb","itemListElement":[{"@type":"ListItem","position":1,"name":"In\u00edcio","item":"https:\/\/simchocolate.com\/es\/"},{"@type":"ListItem","position":2,"name":"Productos","item":"https:\/\/simchocolate.com\/es\/shop\/"},{"@type":"ListItem","position":3,"name":"Bola de Navidad Feliz | Preventa"}]},{"@type":"WebSite","@id":"https:\/\/simchocolate.com\/es\/#website","url":"https:\/\/simchocolate.com\/es\/","name":"SIM Chocolate","description":"Do amor incondicional entre uma m\u00e3e e sua filha, nasce a marca SIM Bombons no Natal de 2014","potentialAction":[{"@type":"SearchAction","target":{"@type":"EntryPoint","urlTemplate":"https:\/\/simchocolate.com\/es\/?s={search_term_string}"},"query-input":{"@type":"PropertyValueSpecification","valueRequired":true,"valueName":"search_term_string"}}],"inLanguage":"es"}]}},"_links":{"self":[{"href":"https:\/\/simchocolate.com\/es\/wp-json\/wp\/v2\/product\/9268","targetHints":{"allow":["GET"]}}],"collection":[{"href":"https:\/\/simchocolate.com\/es\/wp-json\/wp\/v2\/product"}],"about":[{"href":"https:\/\/simchocolate.com\/es\/wp-json\/wp\/v2\/types\/product"}],"replies":[{"embeddable":true,"href":"https:\/\/simchocolate.com\/es\/wp-json\/wp\/v2\/comments?post=9268"}],"wp:featuredmedia":[{"embeddable":true,"href":"https:\/\/simchocolate.com\/es\/wp-json\/wp\/v2\/media\/9271"}],"wp:attachment":[{"href":"https:\/\/simchocolate.com\/es\/wp-json\/wp\/v2\/media?parent=9268"}],"wp:term":[{"taxonomy":"product_brand","embeddable":true,"href":"https:\/\/simchocolate.com\/es\/wp-json\/wp\/v2\/product_brand?post=9268"},{"taxonomy":"product_cat","embeddable":true,"href":"https:\/\/simchocolate.com\/es\/wp-json\/wp\/v2\/product_cat?post=9268"},{"taxonomy":"product_tag","embeddable":true,"href":"https:\/\/simchocolate.com\/es\/wp-json\/wp\/v2\/product_tag?post=9268"}],"curies":[{"name":"wp","href":"https:\/\/api.w.org\/{rel}","templated":true}]}}