{"id":9274,"date":"2025-05-13T11:19:09","date_gmt":"2025-05-13T11:19:09","guid":{"rendered":"https:\/\/simchocolate.com\/produto\/para-enamorados-caja-9-bombones\/"},"modified":"2026-01-19T11:20:28","modified_gmt":"2026-01-19T11:20:28","slug":"para-enamorados-caja-9-bombones","status":"publish","type":"product","link":"https:\/\/simchocolate.com\/es\/produto\/para-enamorados-caja-9-bombones\/","title":{"rendered":"Para enamorados caja 9 bombones"},"content":{"rendered":"<h5 style=\"text-align: left;\" data-start=\"1002\" data-end=\"1064\">Una explosi\u00f3n de sabores para celebrar el amor<\/h5>\n<p class=\"\" style=\"text-align: left;\" data-start=\"1066\" data-end=\"1354\">La Caja de 9 Bombones For Lovers es la elecci\u00f3n perfecta para quienes desean sorprender a alguien especial con una experiencia de sabor inolvidable. Esta edici\u00f3n limitada incluye una selecci\u00f3n de bombones surtidos, cuidadosamente elaborados para despertar los sentidos y crear dulces recuerdos. <\/p>\n<p class=\"\" style=\"text-align: left;\" data-start=\"1356\" data-end=\"1681\">Cada bomb\u00f3n se crea con ingredientes de alta calidad y t\u00e9cnicas artesanales, dando lugar a combinaciones \u00fanicas que van de lo afrutado a lo intenso, de lo cremoso a lo crujiente. Esta diversidad de sabores hace de esta caja un regalo ideal para cumplea\u00f1os, citas rom\u00e1nticas o simplemente para expresar lo especial que es alguien. <\/p>\n<p class=\"\" style=\"text-align: left;\" data-start=\"1683\" data-end=\"1884\">Ofreciendo algo m\u00e1s que chocolate, nuestra Caja de 9 Bombones Para Enamorados ofrece un gesto de afecto que se apreciar\u00e1 con cada bocado. Cada detalle de esta caja ha sido dise\u00f1ado para convertir los peque\u00f1os momentos en grandes celebraciones de amor. <\/p>\n<p class=\"\" style=\"text-align: left;\" data-start=\"1886\" data-end=\"1964\"><strong data-start=\"1886\" data-end=\"1910\">M\u00e9todo de conservaci\u00f3n:<\/strong><br data-start=\"1910\" data-end=\"1913\"><em data-start=\"1913\" data-end=\"1962\">Conservar a una temperatura entre 16\u00ba &#8211; 20\u00ba grados.<\/em><\/p>\n","protected":false},"excerpt":{"rendered":"<p>Descubre una rom\u00e1ntica y exclusiva selecci\u00f3n de bombones surtidos creados para celebrar el amor.<\/p>\n<p><strong>Esta caja contiene<\/strong><\/p>\n<ul>\n<li>9 chocolates variados<\/li>\n<li>Postal para enamorados<\/li>\n<\/ul>\n<p>&nbsp;<\/p>\n","protected":false},"featured_media":10567,"comment_status":"open","ping_status":"closed","template":"","meta":[],"product_brand":[],"product_cat":[189],"product_tag":[],"class_list":{"0":"post-9274","1":"product","2":"type-product","3":"status-publish","4":"has-post-thumbnail","6":"product_cat-caja-de-bombones","7":"edicoes-para-enamorados","9":"first","10":"instock","11":"shipping-taxable","12":"purchasable","13":"product-type-simple"},"yoast_head":"<!-- This site is optimized with the Yoast SEO plugin v27.2 - https:\/\/yoast.com\/product\/yoast-seo-wordpress\/ -->\n<title>Para enamorados caja 9 bombones | SIM Chocolate<\/title>\n<meta name=\"description\" content=\"Sorprende a tus seres queridos con la Caja Para Enamorados de 9 bombones surtidos. Una selecci\u00f3n de sabores irresistibles, ideal para momentos especiales para dos.\" \/>\n<meta name=\"robots\" content=\"index, follow, max-snippet:-1, max-image-preview:large, max-video-preview:-1\" \/>\n<link rel=\"canonical\" href=\"https:\/\/simchocolate.com\/es\/produto\/para-enamorados-caja-9-bombones\/\" \/>\n<meta property=\"og:locale\" content=\"es_ES\" \/>\n<meta property=\"og:type\" content=\"article\" \/>\n<meta property=\"og:title\" content=\"Para enamorados caja 9 bombones | SIM Chocolate\" \/>\n<meta property=\"og:description\" content=\"Sorprende a tus seres queridos con la Caja Para Enamorados de 9 bombones surtidos. Una selecci\u00f3n de sabores irresistibles, ideal para momentos especiales para dos.\" \/>\n<meta property=\"og:url\" content=\"https:\/\/simchocolate.com\/es\/produto\/para-enamorados-caja-9-bombones\/\" \/>\n<meta property=\"og:site_name\" content=\"SIM Chocolate\" \/>\n<meta property=\"article:publisher\" content=\"https:\/\/www.facebook.com\/SimBombons\" \/>\n<meta property=\"article:modified_time\" content=\"2026-01-19T11:20:28+00:00\" \/>\n<meta property=\"og:image\" content=\"https:\/\/simchocolate.com\/wp-content\/uploads\/2025\/05\/IMG_8222.jpg\" \/>\n\t<meta property=\"og:image:width\" content=\"1000\" \/>\n\t<meta property=\"og:image:height\" content=\"1000\" \/>\n\t<meta property=\"og:image:type\" content=\"image\/jpeg\" \/>\n<meta name=\"twitter:card\" content=\"summary_large_image\" \/>\n<meta name=\"twitter:label1\" content=\"Tiempo de lectura\" \/>\n\t<meta name=\"twitter:data1\" content=\"1 minuto\" \/>\n<script type=\"application\/ld+json\" class=\"yoast-schema-graph\">{\"@context\":\"https:\/\/schema.org\",\"@graph\":[{\"@type\":\"WebPage\",\"@id\":\"https:\/\/simchocolate.com\/es\/produto\/para-enamorados-caja-9-bombones\/\",\"url\":\"https:\/\/simchocolate.com\/es\/produto\/para-enamorados-caja-9-bombones\/\",\"name\":\"Para enamorados caja 9 bombones | SIM Chocolate\",\"isPartOf\":{\"@id\":\"https:\/\/simchocolate.com\/es\/#website\"},\"primaryImageOfPage\":{\"@id\":\"https:\/\/simchocolate.com\/es\/produto\/para-enamorados-caja-9-bombones\/#primaryimage\"},\"image\":{\"@id\":\"https:\/\/simchocolate.com\/es\/produto\/para-enamorados-caja-9-bombones\/#primaryimage\"},\"thumbnailUrl\":\"https:\/\/simchocolate.com\/wp-content\/uploads\/2025\/05\/final9.jpg\",\"datePublished\":\"2025-05-13T11:19:09+00:00\",\"dateModified\":\"2026-01-19T11:20:28+00:00\",\"description\":\"Sorprende a tus seres queridos con la Caja Para Enamorados de 9 bombones surtidos. Una selecci\u00f3n de sabores irresistibles, ideal para momentos especiales para dos.\",\"breadcrumb\":{\"@id\":\"https:\/\/simchocolate.com\/es\/produto\/para-enamorados-caja-9-bombones\/#breadcrumb\"},\"inLanguage\":\"es\",\"potentialAction\":[{\"@type\":\"ReadAction\",\"target\":[\"https:\/\/simchocolate.com\/es\/produto\/para-enamorados-caja-9-bombones\/\"]}]},{\"@type\":\"ImageObject\",\"inLanguage\":\"es\",\"@id\":\"https:\/\/simchocolate.com\/es\/produto\/para-enamorados-caja-9-bombones\/#primaryimage\",\"url\":\"https:\/\/simchocolate.com\/wp-content\/uploads\/2025\/05\/final9.jpg\",\"contentUrl\":\"https:\/\/simchocolate.com\/wp-content\/uploads\/2025\/05\/final9.jpg\",\"width\":1000,\"height\":1000,\"caption\":\"Caixa For Lovers 9 Bombons\"},{\"@type\":\"BreadcrumbList\",\"@id\":\"https:\/\/simchocolate.com\/es\/produto\/para-enamorados-caja-9-bombones\/#breadcrumb\",\"itemListElement\":[{\"@type\":\"ListItem\",\"position\":1,\"name\":\"In\u00edcio\",\"item\":\"https:\/\/simchocolate.com\/es\/\"},{\"@type\":\"ListItem\",\"position\":2,\"name\":\"Productos\",\"item\":\"https:\/\/simchocolate.com\/es\/shop\/\"},{\"@type\":\"ListItem\",\"position\":3,\"name\":\"Para enamorados caja 9 bombones\"}]},{\"@type\":\"WebSite\",\"@id\":\"https:\/\/simchocolate.com\/es\/#website\",\"url\":\"https:\/\/simchocolate.com\/es\/\",\"name\":\"SIM Chocolate\",\"description\":\"Do amor incondicional entre uma m\u00e3e e sua filha, nasce a marca SIM Bombons no Natal de 2014\",\"potentialAction\":[{\"@type\":\"SearchAction\",\"target\":{\"@type\":\"EntryPoint\",\"urlTemplate\":\"https:\/\/simchocolate.com\/es\/?s={search_term_string}\"},\"query-input\":{\"@type\":\"PropertyValueSpecification\",\"valueRequired\":true,\"valueName\":\"search_term_string\"}}],\"inLanguage\":\"es\"}]}<\/script>\n<!-- \/ Yoast SEO plugin. -->","yoast_head_json":{"title":"Para enamorados caja 9 bombones | SIM Chocolate","description":"Sorprende a tus seres queridos con la Caja Para Enamorados de 9 bombones surtidos. Una selecci\u00f3n de sabores irresistibles, ideal para momentos especiales para dos.","robots":{"index":"index","follow":"follow","max-snippet":"max-snippet:-1","max-image-preview":"max-image-preview:large","max-video-preview":"max-video-preview:-1"},"canonical":"https:\/\/simchocolate.com\/es\/produto\/para-enamorados-caja-9-bombones\/","og_locale":"es_ES","og_type":"article","og_title":"Para enamorados caja 9 bombones | SIM Chocolate","og_description":"Sorprende a tus seres queridos con la Caja Para Enamorados de 9 bombones surtidos. Una selecci\u00f3n de sabores irresistibles, ideal para momentos especiales para dos.","og_url":"https:\/\/simchocolate.com\/es\/produto\/para-enamorados-caja-9-bombones\/","og_site_name":"SIM Chocolate","article_publisher":"https:\/\/www.facebook.com\/SimBombons","article_modified_time":"2026-01-19T11:20:28+00:00","og_image":[{"width":1000,"height":1000,"url":"https:\/\/simchocolate.com\/wp-content\/uploads\/2025\/05\/IMG_8222.jpg","type":"image\/jpeg"}],"twitter_card":"summary_large_image","twitter_misc":{"Tiempo de lectura":"1 minuto"},"schema":{"@context":"https:\/\/schema.org","@graph":[{"@type":"WebPage","@id":"https:\/\/simchocolate.com\/es\/produto\/para-enamorados-caja-9-bombones\/","url":"https:\/\/simchocolate.com\/es\/produto\/para-enamorados-caja-9-bombones\/","name":"Para enamorados caja 9 bombones | SIM Chocolate","isPartOf":{"@id":"https:\/\/simchocolate.com\/es\/#website"},"primaryImageOfPage":{"@id":"https:\/\/simchocolate.com\/es\/produto\/para-enamorados-caja-9-bombones\/#primaryimage"},"image":{"@id":"https:\/\/simchocolate.com\/es\/produto\/para-enamorados-caja-9-bombones\/#primaryimage"},"thumbnailUrl":"https:\/\/simchocolate.com\/wp-content\/uploads\/2025\/05\/final9.jpg","datePublished":"2025-05-13T11:19:09+00:00","dateModified":"2026-01-19T11:20:28+00:00","description":"Sorprende a tus seres queridos con la Caja Para Enamorados de 9 bombones surtidos. Una selecci\u00f3n de sabores irresistibles, ideal para momentos especiales para dos.","breadcrumb":{"@id":"https:\/\/simchocolate.com\/es\/produto\/para-enamorados-caja-9-bombones\/#breadcrumb"},"inLanguage":"es","potentialAction":[{"@type":"ReadAction","target":["https:\/\/simchocolate.com\/es\/produto\/para-enamorados-caja-9-bombones\/"]}]},{"@type":"ImageObject","inLanguage":"es","@id":"https:\/\/simchocolate.com\/es\/produto\/para-enamorados-caja-9-bombones\/#primaryimage","url":"https:\/\/simchocolate.com\/wp-content\/uploads\/2025\/05\/final9.jpg","contentUrl":"https:\/\/simchocolate.com\/wp-content\/uploads\/2025\/05\/final9.jpg","width":1000,"height":1000,"caption":"Caixa For Lovers 9 Bombons"},{"@type":"BreadcrumbList","@id":"https:\/\/simchocolate.com\/es\/produto\/para-enamorados-caja-9-bombones\/#breadcrumb","itemListElement":[{"@type":"ListItem","position":1,"name":"In\u00edcio","item":"https:\/\/simchocolate.com\/es\/"},{"@type":"ListItem","position":2,"name":"Productos","item":"https:\/\/simchocolate.com\/es\/shop\/"},{"@type":"ListItem","position":3,"name":"Para enamorados caja 9 bombones"}]},{"@type":"WebSite","@id":"https:\/\/simchocolate.com\/es\/#website","url":"https:\/\/simchocolate.com\/es\/","name":"SIM Chocolate","description":"Do amor incondicional entre uma m\u00e3e e sua filha, nasce a marca SIM Bombons no Natal de 2014","potentialAction":[{"@type":"SearchAction","target":{"@type":"EntryPoint","urlTemplate":"https:\/\/simchocolate.com\/es\/?s={search_term_string}"},"query-input":{"@type":"PropertyValueSpecification","valueRequired":true,"valueName":"search_term_string"}}],"inLanguage":"es"}]}},"_links":{"self":[{"href":"https:\/\/simchocolate.com\/es\/wp-json\/wp\/v2\/product\/9274","targetHints":{"allow":["GET"]}}],"collection":[{"href":"https:\/\/simchocolate.com\/es\/wp-json\/wp\/v2\/product"}],"about":[{"href":"https:\/\/simchocolate.com\/es\/wp-json\/wp\/v2\/types\/product"}],"replies":[{"embeddable":true,"href":"https:\/\/simchocolate.com\/es\/wp-json\/wp\/v2\/comments?post=9274"}],"wp:featuredmedia":[{"embeddable":true,"href":"https:\/\/simchocolate.com\/es\/wp-json\/wp\/v2\/media\/10567"}],"wp:attachment":[{"href":"https:\/\/simchocolate.com\/es\/wp-json\/wp\/v2\/media?parent=9274"}],"wp:term":[{"taxonomy":"product_brand","embeddable":true,"href":"https:\/\/simchocolate.com\/es\/wp-json\/wp\/v2\/product_brand?post=9274"},{"taxonomy":"product_cat","embeddable":true,"href":"https:\/\/simchocolate.com\/es\/wp-json\/wp\/v2\/product_cat?post=9274"},{"taxonomy":"product_tag","embeddable":true,"href":"https:\/\/simchocolate.com\/es\/wp-json\/wp\/v2\/product_tag?post=9274"}],"curies":[{"name":"wp","href":"https:\/\/api.w.org\/{rel}","templated":true}]}}