{"id":9276,"date":"2025-04-22T13:40:29","date_gmt":"2025-04-22T13:40:29","guid":{"rendered":"https:\/\/simchocolate.com\/produto\/bombon-de-frambuesa-de-dubai\/"},"modified":"2025-04-22T13:40:29","modified_gmt":"2025-04-22T13:40:29","slug":"bombon-de-frambuesa-de-dubai","status":"publish","type":"product","link":"https:\/\/simchocolate.com\/es\/produto\/bombon-de-frambuesa-de-dubai\/","title":{"rendered":"Bomb\u00f3n de Frambuesa de Dubai"},"content":{"rendered":"<h4 class=\"\" style=\"text-align: left\" data-start=\"721\" data-end=\"767\">Sofisticaci\u00f3n oriental en cada bocado<\/h4>\n<p class=\"\" style=\"text-align: left\" data-start=\"769\" data-end=\"1153\">Bombom Dubai Frambuesa es un homenaje a la elegancia de los sabores afrutados combinados con texturas contrastadas y sorprendentes. Creado a mano, este bomb\u00f3n presenta un suave y arom\u00e1tico relleno de frambuesa, envuelto en chocolate de alta calidad, con un toque final de <strong data-start=\"1055\" data-end=\"1071\">masa kadaif<\/strong>, un elemento t\u00edpico de los dulces orientales, que ofrece una textura ligera y crujiente. <\/p>\n<p class=\"\" style=\"text-align: left\" data-start=\"1155\" data-end=\"1595\">La frambuesa, con su delicada acidez e intenso perfume, equilibra perfectamente el dulzor del chocolate, creando una explosi\u00f3n de sabor equilibrada y sofisticada. La masa kadaif, finamente desmenuzada y ligeramente tostada, a\u00f1ade un toque inusual que transforma cada bomb\u00f3n en una experiencia sensorial \u00fanica. El resultado es un dulce que no s\u00f3lo deleita el paladar, sino que sorprende por su creatividad y refinada presentaci\u00f3n.  <\/p>\n<p class=\"\" style=\"text-align: left\" data-start=\"1597\" data-end=\"1837\">Ideal para regalos especiales, momentos de indulgencia o como parte de una selecci\u00f3n de bombones de autor, el Bomb\u00f3n de Frambuesa de Dubai es la elecci\u00f3n perfecta para quienes buscan sabores diferentes y un giro ex\u00f3tico en el mundo del chocolate.<\/p>\n<p class=\"\" style=\"text-align: left\" data-start=\"1839\" data-end=\"1978\"><strong>Cada bomb\u00f3n se elabora con meticulosa atenci\u00f3n al detalle e ingredientes seleccionados, garantizando un nivel superior de calidad y sabor.<\/strong><\/p>\n<h5 style=\"text-align: left\" data-start=\"1980\" data-end=\"2056\">M\u00e9todo de conservaci\u00f3n:<\/h5>\n<p style=\"text-align: left\" data-start=\"1980\" data-end=\"2056\">\n<p class=\"\" style=\"text-align: left\" data-start=\"1980\" data-end=\"2056\"><em data-start=\"2007\" data-end=\"2055\">Cons\u00e9rvala a una temperatura de entre 16\u00ba y 20\u00ba Celsius<\/em>.<\/p>\n","protected":false},"excerpt":{"rendered":"<p>Bombom Dubai Frambuesa es una atrevida y sofisticada fusi\u00f3n de chocolate de primera calidad con frambuesas frescas y crujiente pasta kadaif.<\/p>\n","protected":false},"featured_media":9277,"comment_status":"open","ping_status":"closed","template":"","meta":[],"product_brand":[],"product_cat":[187],"product_tag":[],"class_list":{"0":"post-9276","1":"product","2":"type-product","3":"status-publish","4":"has-post-thumbnail","6":"product_cat-bombones","7":"edicoes-coleccion-dubai","9":"first","10":"instock","11":"shipping-taxable","12":"purchasable","13":"product-type-simple"},"yoast_head":"<!-- This site is optimized with the Yoast SEO plugin v27.2 - https:\/\/yoast.com\/product\/yoast-seo-wordpress\/ -->\n<title>Bomb\u00f3n de Frambuesa de Dubai - Bombones - SIM Chocolate<\/title>\n<meta name=\"description\" content=\"Descubre el Bomb\u00f3n de Frambuesa de Dubai con pasta kadaif: un equilibrio perfecto entre la dulzura de las frambuesas y el crujiente ex\u00f3tico de la pasta de Oriente Medio.\" \/>\n<meta name=\"robots\" content=\"index, follow, max-snippet:-1, max-image-preview:large, max-video-preview:-1\" \/>\n<link rel=\"canonical\" href=\"https:\/\/simchocolate.com\/es\/produto\/bombon-de-frambuesa-de-dubai\/\" \/>\n<meta property=\"og:locale\" content=\"es_ES\" \/>\n<meta property=\"og:type\" content=\"article\" \/>\n<meta property=\"og:title\" content=\"Bomb\u00f3n de Frambuesa de Dubai - Bombones - SIM Chocolate\" \/>\n<meta property=\"og:description\" content=\"Descubre el Bomb\u00f3n de Frambuesa de Dubai con pasta kadaif: un equilibrio perfecto entre la dulzura de las frambuesas y el crujiente ex\u00f3tico de la pasta de Oriente Medio.\" \/>\n<meta property=\"og:url\" content=\"https:\/\/simchocolate.com\/es\/produto\/bombon-de-frambuesa-de-dubai\/\" \/>\n<meta property=\"og:site_name\" content=\"SIM Chocolate\" \/>\n<meta property=\"article:publisher\" content=\"https:\/\/www.facebook.com\/SimBombons\" \/>\n<meta property=\"og:image\" content=\"https:\/\/simchocolate.com\/wp-content\/uploads\/2025\/04\/framboesa-dubai.jpg\" \/>\n\t<meta property=\"og:image:width\" content=\"1280\" \/>\n\t<meta property=\"og:image:height\" content=\"1280\" \/>\n\t<meta property=\"og:image:type\" content=\"image\/jpeg\" \/>\n<meta name=\"twitter:card\" content=\"summary_large_image\" \/>\n<meta name=\"twitter:label1\" content=\"Tiempo de lectura\" \/>\n\t<meta name=\"twitter:data1\" content=\"1 minuto\" \/>\n<script type=\"application\/ld+json\" class=\"yoast-schema-graph\">{\"@context\":\"https:\/\/schema.org\",\"@graph\":[{\"@type\":\"WebPage\",\"@id\":\"https:\/\/simchocolate.com\/es\/produto\/bombon-de-frambuesa-de-dubai\/\",\"url\":\"https:\/\/simchocolate.com\/es\/produto\/bombon-de-frambuesa-de-dubai\/\",\"name\":\"Bomb\u00f3n de Frambuesa de Dubai - Bombones - SIM Chocolate\",\"isPartOf\":{\"@id\":\"https:\/\/simchocolate.com\/es\/#website\"},\"primaryImageOfPage\":{\"@id\":\"https:\/\/simchocolate.com\/es\/produto\/bombon-de-frambuesa-de-dubai\/#primaryimage\"},\"image\":{\"@id\":\"https:\/\/simchocolate.com\/es\/produto\/bombon-de-frambuesa-de-dubai\/#primaryimage\"},\"thumbnailUrl\":\"https:\/\/simchocolate.com\/wp-content\/uploads\/2025\/04\/framboesa-dubai.jpg\",\"datePublished\":\"2025-04-22T13:40:29+00:00\",\"description\":\"Descubre el Bomb\u00f3n de Frambuesa de Dubai con pasta kadaif: un equilibrio perfecto entre la dulzura de las frambuesas y el crujiente ex\u00f3tico de la pasta de Oriente Medio.\",\"breadcrumb\":{\"@id\":\"https:\/\/simchocolate.com\/es\/produto\/bombon-de-frambuesa-de-dubai\/#breadcrumb\"},\"inLanguage\":\"es\",\"potentialAction\":[{\"@type\":\"ReadAction\",\"target\":[\"https:\/\/simchocolate.com\/es\/produto\/bombon-de-frambuesa-de-dubai\/\"]}]},{\"@type\":\"ImageObject\",\"inLanguage\":\"es\",\"@id\":\"https:\/\/simchocolate.com\/es\/produto\/bombon-de-frambuesa-de-dubai\/#primaryimage\",\"url\":\"https:\/\/simchocolate.com\/wp-content\/uploads\/2025\/04\/framboesa-dubai.jpg\",\"contentUrl\":\"https:\/\/simchocolate.com\/wp-content\/uploads\/2025\/04\/framboesa-dubai.jpg\",\"width\":1280,\"height\":1280,\"caption\":\"Bombom Dubai Framboesa\"},{\"@type\":\"BreadcrumbList\",\"@id\":\"https:\/\/simchocolate.com\/es\/produto\/bombon-de-frambuesa-de-dubai\/#breadcrumb\",\"itemListElement\":[{\"@type\":\"ListItem\",\"position\":1,\"name\":\"In\u00edcio\",\"item\":\"https:\/\/simchocolate.com\/es\/\"},{\"@type\":\"ListItem\",\"position\":2,\"name\":\"Productos\",\"item\":\"https:\/\/simchocolate.com\/es\/shop\/\"},{\"@type\":\"ListItem\",\"position\":3,\"name\":\"Bomb\u00f3n de Frambuesa de Dubai\"}]},{\"@type\":\"WebSite\",\"@id\":\"https:\/\/simchocolate.com\/es\/#website\",\"url\":\"https:\/\/simchocolate.com\/es\/\",\"name\":\"SIM Chocolate\",\"description\":\"Do amor incondicional entre uma m\u00e3e e sua filha, nasce a marca SIM Bombons no Natal de 2014\",\"potentialAction\":[{\"@type\":\"SearchAction\",\"target\":{\"@type\":\"EntryPoint\",\"urlTemplate\":\"https:\/\/simchocolate.com\/es\/?s={search_term_string}\"},\"query-input\":{\"@type\":\"PropertyValueSpecification\",\"valueRequired\":true,\"valueName\":\"search_term_string\"}}],\"inLanguage\":\"es\"}]}<\/script>\n<!-- \/ Yoast SEO plugin. -->","yoast_head_json":{"title":"Bomb\u00f3n de Frambuesa de Dubai - Bombones - SIM Chocolate","description":"Descubre el Bomb\u00f3n de Frambuesa de Dubai con pasta kadaif: un equilibrio perfecto entre la dulzura de las frambuesas y el crujiente ex\u00f3tico de la pasta de Oriente Medio.","robots":{"index":"index","follow":"follow","max-snippet":"max-snippet:-1","max-image-preview":"max-image-preview:large","max-video-preview":"max-video-preview:-1"},"canonical":"https:\/\/simchocolate.com\/es\/produto\/bombon-de-frambuesa-de-dubai\/","og_locale":"es_ES","og_type":"article","og_title":"Bomb\u00f3n de Frambuesa de Dubai - Bombones - SIM Chocolate","og_description":"Descubre el Bomb\u00f3n de Frambuesa de Dubai con pasta kadaif: un equilibrio perfecto entre la dulzura de las frambuesas y el crujiente ex\u00f3tico de la pasta de Oriente Medio.","og_url":"https:\/\/simchocolate.com\/es\/produto\/bombon-de-frambuesa-de-dubai\/","og_site_name":"SIM Chocolate","article_publisher":"https:\/\/www.facebook.com\/SimBombons","og_image":[{"width":1280,"height":1280,"url":"https:\/\/simchocolate.com\/wp-content\/uploads\/2025\/04\/framboesa-dubai.jpg","type":"image\/jpeg"}],"twitter_card":"summary_large_image","twitter_misc":{"Tiempo de lectura":"1 minuto"},"schema":{"@context":"https:\/\/schema.org","@graph":[{"@type":"WebPage","@id":"https:\/\/simchocolate.com\/es\/produto\/bombon-de-frambuesa-de-dubai\/","url":"https:\/\/simchocolate.com\/es\/produto\/bombon-de-frambuesa-de-dubai\/","name":"Bomb\u00f3n de Frambuesa de Dubai - Bombones - SIM Chocolate","isPartOf":{"@id":"https:\/\/simchocolate.com\/es\/#website"},"primaryImageOfPage":{"@id":"https:\/\/simchocolate.com\/es\/produto\/bombon-de-frambuesa-de-dubai\/#primaryimage"},"image":{"@id":"https:\/\/simchocolate.com\/es\/produto\/bombon-de-frambuesa-de-dubai\/#primaryimage"},"thumbnailUrl":"https:\/\/simchocolate.com\/wp-content\/uploads\/2025\/04\/framboesa-dubai.jpg","datePublished":"2025-04-22T13:40:29+00:00","description":"Descubre el Bomb\u00f3n de Frambuesa de Dubai con pasta kadaif: un equilibrio perfecto entre la dulzura de las frambuesas y el crujiente ex\u00f3tico de la pasta de Oriente Medio.","breadcrumb":{"@id":"https:\/\/simchocolate.com\/es\/produto\/bombon-de-frambuesa-de-dubai\/#breadcrumb"},"inLanguage":"es","potentialAction":[{"@type":"ReadAction","target":["https:\/\/simchocolate.com\/es\/produto\/bombon-de-frambuesa-de-dubai\/"]}]},{"@type":"ImageObject","inLanguage":"es","@id":"https:\/\/simchocolate.com\/es\/produto\/bombon-de-frambuesa-de-dubai\/#primaryimage","url":"https:\/\/simchocolate.com\/wp-content\/uploads\/2025\/04\/framboesa-dubai.jpg","contentUrl":"https:\/\/simchocolate.com\/wp-content\/uploads\/2025\/04\/framboesa-dubai.jpg","width":1280,"height":1280,"caption":"Bombom Dubai Framboesa"},{"@type":"BreadcrumbList","@id":"https:\/\/simchocolate.com\/es\/produto\/bombon-de-frambuesa-de-dubai\/#breadcrumb","itemListElement":[{"@type":"ListItem","position":1,"name":"In\u00edcio","item":"https:\/\/simchocolate.com\/es\/"},{"@type":"ListItem","position":2,"name":"Productos","item":"https:\/\/simchocolate.com\/es\/shop\/"},{"@type":"ListItem","position":3,"name":"Bomb\u00f3n de Frambuesa de Dubai"}]},{"@type":"WebSite","@id":"https:\/\/simchocolate.com\/es\/#website","url":"https:\/\/simchocolate.com\/es\/","name":"SIM Chocolate","description":"Do amor incondicional entre uma m\u00e3e e sua filha, nasce a marca SIM Bombons no Natal de 2014","potentialAction":[{"@type":"SearchAction","target":{"@type":"EntryPoint","urlTemplate":"https:\/\/simchocolate.com\/es\/?s={search_term_string}"},"query-input":{"@type":"PropertyValueSpecification","valueRequired":true,"valueName":"search_term_string"}}],"inLanguage":"es"}]}},"_links":{"self":[{"href":"https:\/\/simchocolate.com\/es\/wp-json\/wp\/v2\/product\/9276","targetHints":{"allow":["GET"]}}],"collection":[{"href":"https:\/\/simchocolate.com\/es\/wp-json\/wp\/v2\/product"}],"about":[{"href":"https:\/\/simchocolate.com\/es\/wp-json\/wp\/v2\/types\/product"}],"replies":[{"embeddable":true,"href":"https:\/\/simchocolate.com\/es\/wp-json\/wp\/v2\/comments?post=9276"}],"wp:featuredmedia":[{"embeddable":true,"href":"https:\/\/simchocolate.com\/es\/wp-json\/wp\/v2\/media\/9277"}],"wp:attachment":[{"href":"https:\/\/simchocolate.com\/es\/wp-json\/wp\/v2\/media?parent=9276"}],"wp:term":[{"taxonomy":"product_brand","embeddable":true,"href":"https:\/\/simchocolate.com\/es\/wp-json\/wp\/v2\/product_brand?post=9276"},{"taxonomy":"product_cat","embeddable":true,"href":"https:\/\/simchocolate.com\/es\/wp-json\/wp\/v2\/product_cat?post=9276"},{"taxonomy":"product_tag","embeddable":true,"href":"https:\/\/simchocolate.com\/es\/wp-json\/wp\/v2\/product_tag?post=9276"}],"curies":[{"name":"wp","href":"https:\/\/api.w.org\/{rel}","templated":true}]}}