{"id":9290,"date":"2025-04-11T10:41:49","date_gmt":"2025-04-11T10:41:49","guid":{"rendered":"https:\/\/simchocolate.com\/produto\/3-almendras-de-chocolate\/"},"modified":"2025-12-02T17:13:04","modified_gmt":"2025-12-02T17:13:04","slug":"3-almendras-de-chocolate","status":"publish","type":"product","link":"https:\/\/simchocolate.com\/es\/produto\/3-almendras-de-chocolate\/","title":{"rendered":"3 almendras de chocolate"},"content":{"rendered":"<h5 style=\"text-align: left\">Tres sabores, una experiencia \u00fanica de chocolate y crujiente<\/h5>\n<p class=\"\" style=\"text-align: left\" data-start=\"808\" data-end=\"1204\"><strong data-start=\"811\" data-end=\"846\">Las Almendras de Chocolate 3 Sabores<\/strong> ofrecen una experiencia \u00fanica a los amantes del chocolate. Con la combinaci\u00f3n perfecta de <g id=\"gid_1\">chocolate con leche<\/g>, <g id=\"gid_2\">chocolate negro<\/g> y <g id=\"gid_3\">chocolate blanco<\/g>, cada bocado es un viaje de ricos sabores y texturas irresistibles. Las almendras crujientes, envueltas en generosas capas de chocolate, proporcionan el equilibrio ideal entre suave, dulce e intenso.  <\/p>\n<p class=\"\" style=\"text-align: left\" data-start=\"1206\" data-end=\"1675\">La combinaci\u00f3n de tres sabores cl\u00e1sicos hace de esta caja una opci\u00f3n vers\u00e1til que atrae a todos los paladares. Tanto si prefieres el sabor m\u00e1s suave y cremoso del chocolate con leche, como el toque intenso y amargo del chocolate negro, sin olvidar la suavidad y dulzura del chocolate blanco, esta selecci\u00f3n ofrece un placer completo. Ideales como regalo o para disfrutar en cualquier momento, las <strong data-start=\"1595\" data-end=\"1630\">Almendras de Chocolate 3 Sabores<\/strong> son un capricho sofisticado y delicioso.  <\/p>\n<h5 style=\"text-align: left\" data-start=\"1909\" data-end=\"2078\">M\u00e9todo de conservaci\u00f3n:<\/h5>\n<p style=\"text-align: left\" data-start=\"1909\" data-end=\"2078\">Para garantizar la frescura y calidad de las <strong data-start=\"1977\" data-end=\"2012\">Almendras de Chocolate 3 Sabores<\/strong>, recomendamos conservarlas a una temperatura de entre <strong data-start=\"2058\" data-end=\"2077\">16\u00ba y 20\u00ba Celsius<\/strong>.<\/p>\n<div class=\"qodef-content-grid\" style=\"text-align: left\"><\/div>\n","protected":false},"excerpt":{"rendered":"<p>Disfruta de las Almendras de Chocolate 3 Sabores, donde el crujido de la almendra se funde con el chocolate con leche, negro y blanco.<\/p>\n","protected":false},"featured_media":9292,"comment_status":"open","ping_status":"closed","template":"","meta":[],"product_brand":[],"product_cat":[190],"product_tag":[],"class_list":{"0":"post-9290","1":"product","2":"type-product","3":"status-publish","4":"has-post-thumbnail","6":"product_cat-todo-el-chocolate","7":"edicoes-pascua","9":"first","10":"outofstock","11":"shipping-taxable","12":"purchasable","13":"product-type-simple"},"yoast_head":"<!-- This site is optimized with the Yoast SEO plugin v27.2 - https:\/\/yoast.com\/product\/yoast-seo-wordpress\/ -->\n<title>3 almendras de chocolate | SIM Chocolate<\/title>\n<meta name=\"description\" content=\"Disfruta de las Almendras de Chocolate 3 Sabores, donde el crujido de la almendra se funde con el chocolate con leche, negro y blanco.\" \/>\n<meta name=\"robots\" content=\"index, follow, max-snippet:-1, max-image-preview:large, max-video-preview:-1\" \/>\n<link rel=\"canonical\" href=\"https:\/\/simchocolate.com\/es\/produto\/3-almendras-de-chocolate\/\" \/>\n<meta property=\"og:locale\" content=\"es_ES\" \/>\n<meta property=\"og:type\" content=\"article\" \/>\n<meta property=\"og:title\" content=\"3 almendras de chocolate | SIM Chocolate\" \/>\n<meta property=\"og:description\" content=\"Disfruta de las Almendras de Chocolate 3 Sabores, donde el crujido de la almendra se funde con el chocolate con leche, negro y blanco.\" \/>\n<meta property=\"og:url\" content=\"https:\/\/simchocolate.com\/es\/produto\/3-almendras-de-chocolate\/\" \/>\n<meta property=\"og:site_name\" content=\"SIM Chocolate\" \/>\n<meta property=\"article:publisher\" content=\"https:\/\/www.facebook.com\/SimBombons\" \/>\n<meta property=\"article:modified_time\" content=\"2025-12-02T17:13:04+00:00\" \/>\n<meta property=\"og:image\" content=\"https:\/\/simchocolate.com\/wp-content\/uploads\/2025\/04\/d3cbbe6010a04ea587851a02fbae1b8d-scaled.webp\" \/>\n\t<meta property=\"og:image:width\" content=\"2560\" \/>\n\t<meta property=\"og:image:height\" content=\"2560\" \/>\n\t<meta property=\"og:image:type\" content=\"image\/webp\" \/>\n<meta name=\"twitter:card\" content=\"summary_large_image\" \/>\n<meta name=\"twitter:label1\" content=\"Tiempo de lectura\" \/>\n\t<meta name=\"twitter:data1\" content=\"1 minuto\" \/>\n<script type=\"application\/ld+json\" class=\"yoast-schema-graph\">{\"@context\":\"https:\/\/schema.org\",\"@graph\":[{\"@type\":\"WebPage\",\"@id\":\"https:\/\/simchocolate.com\/es\/produto\/3-almendras-de-chocolate\/\",\"url\":\"https:\/\/simchocolate.com\/es\/produto\/3-almendras-de-chocolate\/\",\"name\":\"3 almendras de chocolate | SIM Chocolate\",\"isPartOf\":{\"@id\":\"https:\/\/simchocolate.com\/es\/#website\"},\"primaryImageOfPage\":{\"@id\":\"https:\/\/simchocolate.com\/es\/produto\/3-almendras-de-chocolate\/#primaryimage\"},\"image\":{\"@id\":\"https:\/\/simchocolate.com\/es\/produto\/3-almendras-de-chocolate\/#primaryimage\"},\"thumbnailUrl\":\"https:\/\/simchocolate.com\/wp-content\/uploads\/2025\/04\/d3cbbe6010a04ea587851a02fbae1b8d-scaled.webp\",\"datePublished\":\"2025-04-11T10:41:49+00:00\",\"dateModified\":\"2025-12-02T17:13:04+00:00\",\"description\":\"Disfruta de las Almendras de Chocolate 3 Sabores, donde el crujido de la almendra se funde con el chocolate con leche, negro y blanco.\",\"breadcrumb\":{\"@id\":\"https:\/\/simchocolate.com\/es\/produto\/3-almendras-de-chocolate\/#breadcrumb\"},\"inLanguage\":\"es\",\"potentialAction\":[{\"@type\":\"ReadAction\",\"target\":[\"https:\/\/simchocolate.com\/es\/produto\/3-almendras-de-chocolate\/\"]}]},{\"@type\":\"ImageObject\",\"inLanguage\":\"es\",\"@id\":\"https:\/\/simchocolate.com\/es\/produto\/3-almendras-de-chocolate\/#primaryimage\",\"url\":\"https:\/\/simchocolate.com\/wp-content\/uploads\/2025\/04\/d3cbbe6010a04ea587851a02fbae1b8d-scaled.webp\",\"contentUrl\":\"https:\/\/simchocolate.com\/wp-content\/uploads\/2025\/04\/d3cbbe6010a04ea587851a02fbae1b8d-scaled.webp\",\"width\":2560,\"height\":2560,\"caption\":\"almendras\"},{\"@type\":\"BreadcrumbList\",\"@id\":\"https:\/\/simchocolate.com\/es\/produto\/3-almendras-de-chocolate\/#breadcrumb\",\"itemListElement\":[{\"@type\":\"ListItem\",\"position\":1,\"name\":\"In\u00edcio\",\"item\":\"https:\/\/simchocolate.com\/es\/\"},{\"@type\":\"ListItem\",\"position\":2,\"name\":\"Productos\",\"item\":\"https:\/\/simchocolate.com\/es\/shop\/\"},{\"@type\":\"ListItem\",\"position\":3,\"name\":\"3 almendras de chocolate\"}]},{\"@type\":\"WebSite\",\"@id\":\"https:\/\/simchocolate.com\/es\/#website\",\"url\":\"https:\/\/simchocolate.com\/es\/\",\"name\":\"SIM Chocolate\",\"description\":\"Do amor incondicional entre uma m\u00e3e e sua filha, nasce a marca SIM Bombons no Natal de 2014\",\"potentialAction\":[{\"@type\":\"SearchAction\",\"target\":{\"@type\":\"EntryPoint\",\"urlTemplate\":\"https:\/\/simchocolate.com\/es\/?s={search_term_string}\"},\"query-input\":{\"@type\":\"PropertyValueSpecification\",\"valueRequired\":true,\"valueName\":\"search_term_string\"}}],\"inLanguage\":\"es\"}]}<\/script>\n<!-- \/ Yoast SEO plugin. -->","yoast_head_json":{"title":"3 almendras de chocolate | SIM Chocolate","description":"Disfruta de las Almendras de Chocolate 3 Sabores, donde el crujido de la almendra se funde con el chocolate con leche, negro y blanco.","robots":{"index":"index","follow":"follow","max-snippet":"max-snippet:-1","max-image-preview":"max-image-preview:large","max-video-preview":"max-video-preview:-1"},"canonical":"https:\/\/simchocolate.com\/es\/produto\/3-almendras-de-chocolate\/","og_locale":"es_ES","og_type":"article","og_title":"3 almendras de chocolate | SIM Chocolate","og_description":"Disfruta de las Almendras de Chocolate 3 Sabores, donde el crujido de la almendra se funde con el chocolate con leche, negro y blanco.","og_url":"https:\/\/simchocolate.com\/es\/produto\/3-almendras-de-chocolate\/","og_site_name":"SIM Chocolate","article_publisher":"https:\/\/www.facebook.com\/SimBombons","article_modified_time":"2025-12-02T17:13:04+00:00","og_image":[{"width":2560,"height":2560,"url":"https:\/\/simchocolate.com\/wp-content\/uploads\/2025\/04\/d3cbbe6010a04ea587851a02fbae1b8d-scaled.webp","type":"image\/webp"}],"twitter_card":"summary_large_image","twitter_misc":{"Tiempo de lectura":"1 minuto"},"schema":{"@context":"https:\/\/schema.org","@graph":[{"@type":"WebPage","@id":"https:\/\/simchocolate.com\/es\/produto\/3-almendras-de-chocolate\/","url":"https:\/\/simchocolate.com\/es\/produto\/3-almendras-de-chocolate\/","name":"3 almendras de chocolate | SIM Chocolate","isPartOf":{"@id":"https:\/\/simchocolate.com\/es\/#website"},"primaryImageOfPage":{"@id":"https:\/\/simchocolate.com\/es\/produto\/3-almendras-de-chocolate\/#primaryimage"},"image":{"@id":"https:\/\/simchocolate.com\/es\/produto\/3-almendras-de-chocolate\/#primaryimage"},"thumbnailUrl":"https:\/\/simchocolate.com\/wp-content\/uploads\/2025\/04\/d3cbbe6010a04ea587851a02fbae1b8d-scaled.webp","datePublished":"2025-04-11T10:41:49+00:00","dateModified":"2025-12-02T17:13:04+00:00","description":"Disfruta de las Almendras de Chocolate 3 Sabores, donde el crujido de la almendra se funde con el chocolate con leche, negro y blanco.","breadcrumb":{"@id":"https:\/\/simchocolate.com\/es\/produto\/3-almendras-de-chocolate\/#breadcrumb"},"inLanguage":"es","potentialAction":[{"@type":"ReadAction","target":["https:\/\/simchocolate.com\/es\/produto\/3-almendras-de-chocolate\/"]}]},{"@type":"ImageObject","inLanguage":"es","@id":"https:\/\/simchocolate.com\/es\/produto\/3-almendras-de-chocolate\/#primaryimage","url":"https:\/\/simchocolate.com\/wp-content\/uploads\/2025\/04\/d3cbbe6010a04ea587851a02fbae1b8d-scaled.webp","contentUrl":"https:\/\/simchocolate.com\/wp-content\/uploads\/2025\/04\/d3cbbe6010a04ea587851a02fbae1b8d-scaled.webp","width":2560,"height":2560,"caption":"almendras"},{"@type":"BreadcrumbList","@id":"https:\/\/simchocolate.com\/es\/produto\/3-almendras-de-chocolate\/#breadcrumb","itemListElement":[{"@type":"ListItem","position":1,"name":"In\u00edcio","item":"https:\/\/simchocolate.com\/es\/"},{"@type":"ListItem","position":2,"name":"Productos","item":"https:\/\/simchocolate.com\/es\/shop\/"},{"@type":"ListItem","position":3,"name":"3 almendras de chocolate"}]},{"@type":"WebSite","@id":"https:\/\/simchocolate.com\/es\/#website","url":"https:\/\/simchocolate.com\/es\/","name":"SIM Chocolate","description":"Do amor incondicional entre uma m\u00e3e e sua filha, nasce a marca SIM Bombons no Natal de 2014","potentialAction":[{"@type":"SearchAction","target":{"@type":"EntryPoint","urlTemplate":"https:\/\/simchocolate.com\/es\/?s={search_term_string}"},"query-input":{"@type":"PropertyValueSpecification","valueRequired":true,"valueName":"search_term_string"}}],"inLanguage":"es"}]}},"_links":{"self":[{"href":"https:\/\/simchocolate.com\/es\/wp-json\/wp\/v2\/product\/9290","targetHints":{"allow":["GET"]}}],"collection":[{"href":"https:\/\/simchocolate.com\/es\/wp-json\/wp\/v2\/product"}],"about":[{"href":"https:\/\/simchocolate.com\/es\/wp-json\/wp\/v2\/types\/product"}],"replies":[{"embeddable":true,"href":"https:\/\/simchocolate.com\/es\/wp-json\/wp\/v2\/comments?post=9290"}],"wp:featuredmedia":[{"embeddable":true,"href":"https:\/\/simchocolate.com\/es\/wp-json\/wp\/v2\/media\/9292"}],"wp:attachment":[{"href":"https:\/\/simchocolate.com\/es\/wp-json\/wp\/v2\/media?parent=9290"}],"wp:term":[{"taxonomy":"product_brand","embeddable":true,"href":"https:\/\/simchocolate.com\/es\/wp-json\/wp\/v2\/product_brand?post=9290"},{"taxonomy":"product_cat","embeddable":true,"href":"https:\/\/simchocolate.com\/es\/wp-json\/wp\/v2\/product_cat?post=9290"},{"taxonomy":"product_tag","embeddable":true,"href":"https:\/\/simchocolate.com\/es\/wp-json\/wp\/v2\/product_tag?post=9290"}],"curies":[{"name":"wp","href":"https:\/\/api.w.org\/{rel}","templated":true}]}}