{"id":9295,"date":"2025-03-27T10:25:24","date_gmt":"2025-03-27T10:25:24","guid":{"rendered":"https:\/\/simchocolate.com\/produto\/tableta-de-chocolate-y-pistacho-dubai\/"},"modified":"2025-03-27T10:25:24","modified_gmt":"2025-03-27T10:25:24","slug":"tableta-de-chocolate-y-pistacho-dubai","status":"publish","type":"product","link":"https:\/\/simchocolate.com\/es\/produto\/tableta-de-chocolate-y-pistacho-dubai\/","title":{"rendered":"Tableta de chocolate y pistacho Dubai"},"content":{"rendered":"<h5 style=\"text-align: left;\" data-start=\"724\" data-end=\"773\">Un viaje de sabores de Oriente Medio<\/h5>\n<p class=\"\" style=\"text-align: left;\" data-start=\"775\" data-end=\"1095\">La Tableta de Chocolate Pistacho Dubai es una creaci\u00f3n sofisticada y ex\u00f3tica, inspirada en los lujosos sabores de Oriente Medio. Esta tableta <strong>combina el intenso chocolate negro con la crujiente ligereza de la masa kadaif y el profundo y mantecoso sabor de los pistachos<\/strong>, dando como resultado una experiencia de degustaci\u00f3n rica y memorable. <\/p>\n<p class=\"\" style=\"text-align: left;\" data-start=\"1097\" data-end=\"1454\">El chocolate negro de alta calidad ofrece un perfil de sabor intenso, que contrasta perfectamente con la textura fina y crujiente de la pasta kadaif. Esta combinaci\u00f3n se enriquece con generosos trozos de pistacho, que a\u00f1aden una nota de frescor y un ligero toque salado, equilibrando los sabores y <strong>creando una experiencia verdaderamente \u00fanica.<\/strong> <\/p>\n<p class=\"\" style=\"text-align: left;\" data-start=\"1456\" data-end=\"1751\">Ideal para quienes aprecian los chocolates artesanales con un toque de atrevimiento, esta tableta es perfecta tanto para saborearla lentamente como para regalarla en ocasiones especiales. Cada pieza es una fusi\u00f3n de tradici\u00f3n e innovaci\u00f3n, que lleva el concepto del chocolate a un nuevo nivel de sofisticaci\u00f3n. <\/p>\n<p class=\"\" style=\"text-align: left;\" data-start=\"1753\" data-end=\"1941\">Elaborada con ingredientes seleccionados y t\u00e9cnicas artesanales, nuestra Tableta de Chocolate con Pistacho de Dubai es<strong> una aut\u00e9ntica obra maestra de la reposter\u00eda gourmet, reflejo de la excelencia y la pasi\u00f3n por el arte del chocolate.<\/strong><\/p>\n<p class=\"\" style=\"text-align: left;\" data-start=\"1943\" data-end=\"2019\"><strong data-start=\"1943\" data-end=\"1967\">M\u00e9todo de conservaci\u00f3n:<\/strong><br data-start=\"1967\" data-end=\"1970\"><em data-start=\"1970\" data-end=\"2018\">Para una mejor conservaci\u00f3n, mantener a una temperatura entre 16\u00ba y 20\u00ba grados<\/em>.<\/p>\n","protected":false},"excerpt":{"rendered":"<p>La Tableta de Chocolate Negro Dubai con Pistacho combina la intensidad del chocolate negro con la suavidad de los pistachos y el sorprendente crujido de la pasta kadaif.<\/p>\n<p>&nbsp;<\/p>\n","protected":false},"featured_media":9303,"comment_status":"open","ping_status":"closed","template":"","meta":[],"product_brand":[],"product_cat":[200],"product_tag":[],"class_list":{"0":"post-9295","1":"product","2":"type-product","3":"status-publish","4":"has-post-thumbnail","6":"product_cat-tabletas-de-chocolate","7":"edicoes-coleccion-dubai","8":"edicoes-origenes","10":"first","11":"instock","12":"shipping-taxable","13":"purchasable","14":"product-type-simple"},"yoast_head":"<!-- This site is optimized with the Yoast SEO plugin v27.2 - https:\/\/yoast.com\/product\/yoast-seo-wordpress\/ -->\n<title>Tableta de chocolate y pistacho Dubai | SIM Chocolate<\/title>\n<meta name=\"description\" content=\"Descubre la Tableta de Chocolate Negro de Dubai con pistacho y pasta kadaif, una fusi\u00f3n de texturas y sabores, perfecta para los amantes del chocolate de primera calidad.\" \/>\n<meta name=\"robots\" content=\"index, follow, max-snippet:-1, max-image-preview:large, max-video-preview:-1\" \/>\n<link rel=\"canonical\" href=\"https:\/\/simchocolate.com\/es\/produto\/tableta-de-chocolate-y-pistacho-dubai\/\" \/>\n<meta property=\"og:locale\" content=\"es_ES\" \/>\n<meta property=\"og:type\" content=\"article\" \/>\n<meta property=\"og:title\" content=\"Tableta de chocolate y pistacho Dubai | SIM Chocolate\" \/>\n<meta property=\"og:description\" content=\"Descubre la Tableta de Chocolate Negro de Dubai con pistacho y pasta kadaif, una fusi\u00f3n de texturas y sabores, perfecta para los amantes del chocolate de primera calidad.\" \/>\n<meta property=\"og:url\" content=\"https:\/\/simchocolate.com\/es\/produto\/tableta-de-chocolate-y-pistacho-dubai\/\" \/>\n<meta property=\"og:site_name\" content=\"SIM Chocolate\" \/>\n<meta property=\"article:publisher\" content=\"https:\/\/www.facebook.com\/SimBombons\" \/>\n<meta property=\"og:image\" content=\"https:\/\/simchocolate.com\/wp-content\/uploads\/2025\/03\/tablete-dubai-site--scaled.jpg\" \/>\n\t<meta property=\"og:image:width\" content=\"2560\" \/>\n\t<meta property=\"og:image:height\" content=\"2560\" \/>\n\t<meta property=\"og:image:type\" content=\"image\/jpeg\" \/>\n<meta name=\"twitter:card\" content=\"summary_large_image\" \/>\n<meta name=\"twitter:label1\" content=\"Tiempo de lectura\" \/>\n\t<meta name=\"twitter:data1\" content=\"1 minuto\" \/>\n<script type=\"application\/ld+json\" class=\"yoast-schema-graph\">{\"@context\":\"https:\/\/schema.org\",\"@graph\":[{\"@type\":\"WebPage\",\"@id\":\"https:\/\/simchocolate.com\/es\/produto\/tableta-de-chocolate-y-pistacho-dubai\/\",\"url\":\"https:\/\/simchocolate.com\/es\/produto\/tableta-de-chocolate-y-pistacho-dubai\/\",\"name\":\"Tableta de chocolate y pistacho Dubai | SIM Chocolate\",\"isPartOf\":{\"@id\":\"https:\/\/simchocolate.com\/es\/#website\"},\"primaryImageOfPage\":{\"@id\":\"https:\/\/simchocolate.com\/es\/produto\/tableta-de-chocolate-y-pistacho-dubai\/#primaryimage\"},\"image\":{\"@id\":\"https:\/\/simchocolate.com\/es\/produto\/tableta-de-chocolate-y-pistacho-dubai\/#primaryimage\"},\"thumbnailUrl\":\"https:\/\/simchocolate.com\/wp-content\/uploads\/2025\/03\/tablete-dubai-site--scaled.jpg\",\"datePublished\":\"2025-03-27T10:25:24+00:00\",\"description\":\"Descubre la Tableta de Chocolate Negro de Dubai con pistacho y pasta kadaif, una fusi\u00f3n de texturas y sabores, perfecta para los amantes del chocolate de primera calidad.\",\"breadcrumb\":{\"@id\":\"https:\/\/simchocolate.com\/es\/produto\/tableta-de-chocolate-y-pistacho-dubai\/#breadcrumb\"},\"inLanguage\":\"es\",\"potentialAction\":[{\"@type\":\"ReadAction\",\"target\":[\"https:\/\/simchocolate.com\/es\/produto\/tableta-de-chocolate-y-pistacho-dubai\/\"]}]},{\"@type\":\"ImageObject\",\"inLanguage\":\"es\",\"@id\":\"https:\/\/simchocolate.com\/es\/produto\/tableta-de-chocolate-y-pistacho-dubai\/#primaryimage\",\"url\":\"https:\/\/simchocolate.com\/wp-content\/uploads\/2025\/03\/tablete-dubai-site--scaled.jpg\",\"contentUrl\":\"https:\/\/simchocolate.com\/wp-content\/uploads\/2025\/03\/tablete-dubai-site--scaled.jpg\",\"width\":2560,\"height\":2560,\"caption\":\"Dubai Collection\"},{\"@type\":\"BreadcrumbList\",\"@id\":\"https:\/\/simchocolate.com\/es\/produto\/tableta-de-chocolate-y-pistacho-dubai\/#breadcrumb\",\"itemListElement\":[{\"@type\":\"ListItem\",\"position\":1,\"name\":\"In\u00edcio\",\"item\":\"https:\/\/simchocolate.com\/es\/\"},{\"@type\":\"ListItem\",\"position\":2,\"name\":\"Productos\",\"item\":\"https:\/\/simchocolate.com\/es\/shop\/\"},{\"@type\":\"ListItem\",\"position\":3,\"name\":\"Tableta de chocolate y pistacho Dubai\"}]},{\"@type\":\"WebSite\",\"@id\":\"https:\/\/simchocolate.com\/es\/#website\",\"url\":\"https:\/\/simchocolate.com\/es\/\",\"name\":\"SIM Chocolate\",\"description\":\"Do amor incondicional entre uma m\u00e3e e sua filha, nasce a marca SIM Bombons no Natal de 2014\",\"potentialAction\":[{\"@type\":\"SearchAction\",\"target\":{\"@type\":\"EntryPoint\",\"urlTemplate\":\"https:\/\/simchocolate.com\/es\/?s={search_term_string}\"},\"query-input\":{\"@type\":\"PropertyValueSpecification\",\"valueRequired\":true,\"valueName\":\"search_term_string\"}}],\"inLanguage\":\"es\"}]}<\/script>\n<!-- \/ Yoast SEO plugin. -->","yoast_head_json":{"title":"Tableta de chocolate y pistacho Dubai | SIM Chocolate","description":"Descubre la Tableta de Chocolate Negro de Dubai con pistacho y pasta kadaif, una fusi\u00f3n de texturas y sabores, perfecta para los amantes del chocolate de primera calidad.","robots":{"index":"index","follow":"follow","max-snippet":"max-snippet:-1","max-image-preview":"max-image-preview:large","max-video-preview":"max-video-preview:-1"},"canonical":"https:\/\/simchocolate.com\/es\/produto\/tableta-de-chocolate-y-pistacho-dubai\/","og_locale":"es_ES","og_type":"article","og_title":"Tableta de chocolate y pistacho Dubai | SIM Chocolate","og_description":"Descubre la Tableta de Chocolate Negro de Dubai con pistacho y pasta kadaif, una fusi\u00f3n de texturas y sabores, perfecta para los amantes del chocolate de primera calidad.","og_url":"https:\/\/simchocolate.com\/es\/produto\/tableta-de-chocolate-y-pistacho-dubai\/","og_site_name":"SIM Chocolate","article_publisher":"https:\/\/www.facebook.com\/SimBombons","og_image":[{"width":2560,"height":2560,"url":"https:\/\/simchocolate.com\/wp-content\/uploads\/2025\/03\/tablete-dubai-site--scaled.jpg","type":"image\/jpeg"}],"twitter_card":"summary_large_image","twitter_misc":{"Tiempo de lectura":"1 minuto"},"schema":{"@context":"https:\/\/schema.org","@graph":[{"@type":"WebPage","@id":"https:\/\/simchocolate.com\/es\/produto\/tableta-de-chocolate-y-pistacho-dubai\/","url":"https:\/\/simchocolate.com\/es\/produto\/tableta-de-chocolate-y-pistacho-dubai\/","name":"Tableta de chocolate y pistacho Dubai | SIM Chocolate","isPartOf":{"@id":"https:\/\/simchocolate.com\/es\/#website"},"primaryImageOfPage":{"@id":"https:\/\/simchocolate.com\/es\/produto\/tableta-de-chocolate-y-pistacho-dubai\/#primaryimage"},"image":{"@id":"https:\/\/simchocolate.com\/es\/produto\/tableta-de-chocolate-y-pistacho-dubai\/#primaryimage"},"thumbnailUrl":"https:\/\/simchocolate.com\/wp-content\/uploads\/2025\/03\/tablete-dubai-site--scaled.jpg","datePublished":"2025-03-27T10:25:24+00:00","description":"Descubre la Tableta de Chocolate Negro de Dubai con pistacho y pasta kadaif, una fusi\u00f3n de texturas y sabores, perfecta para los amantes del chocolate de primera calidad.","breadcrumb":{"@id":"https:\/\/simchocolate.com\/es\/produto\/tableta-de-chocolate-y-pistacho-dubai\/#breadcrumb"},"inLanguage":"es","potentialAction":[{"@type":"ReadAction","target":["https:\/\/simchocolate.com\/es\/produto\/tableta-de-chocolate-y-pistacho-dubai\/"]}]},{"@type":"ImageObject","inLanguage":"es","@id":"https:\/\/simchocolate.com\/es\/produto\/tableta-de-chocolate-y-pistacho-dubai\/#primaryimage","url":"https:\/\/simchocolate.com\/wp-content\/uploads\/2025\/03\/tablete-dubai-site--scaled.jpg","contentUrl":"https:\/\/simchocolate.com\/wp-content\/uploads\/2025\/03\/tablete-dubai-site--scaled.jpg","width":2560,"height":2560,"caption":"Dubai Collection"},{"@type":"BreadcrumbList","@id":"https:\/\/simchocolate.com\/es\/produto\/tableta-de-chocolate-y-pistacho-dubai\/#breadcrumb","itemListElement":[{"@type":"ListItem","position":1,"name":"In\u00edcio","item":"https:\/\/simchocolate.com\/es\/"},{"@type":"ListItem","position":2,"name":"Productos","item":"https:\/\/simchocolate.com\/es\/shop\/"},{"@type":"ListItem","position":3,"name":"Tableta de chocolate y pistacho Dubai"}]},{"@type":"WebSite","@id":"https:\/\/simchocolate.com\/es\/#website","url":"https:\/\/simchocolate.com\/es\/","name":"SIM Chocolate","description":"Do amor incondicional entre uma m\u00e3e e sua filha, nasce a marca SIM Bombons no Natal de 2014","potentialAction":[{"@type":"SearchAction","target":{"@type":"EntryPoint","urlTemplate":"https:\/\/simchocolate.com\/es\/?s={search_term_string}"},"query-input":{"@type":"PropertyValueSpecification","valueRequired":true,"valueName":"search_term_string"}}],"inLanguage":"es"}]}},"_links":{"self":[{"href":"https:\/\/simchocolate.com\/es\/wp-json\/wp\/v2\/product\/9295","targetHints":{"allow":["GET"]}}],"collection":[{"href":"https:\/\/simchocolate.com\/es\/wp-json\/wp\/v2\/product"}],"about":[{"href":"https:\/\/simchocolate.com\/es\/wp-json\/wp\/v2\/types\/product"}],"replies":[{"embeddable":true,"href":"https:\/\/simchocolate.com\/es\/wp-json\/wp\/v2\/comments?post=9295"}],"wp:featuredmedia":[{"embeddable":true,"href":"https:\/\/simchocolate.com\/es\/wp-json\/wp\/v2\/media\/9303"}],"wp:attachment":[{"href":"https:\/\/simchocolate.com\/es\/wp-json\/wp\/v2\/media?parent=9295"}],"wp:term":[{"taxonomy":"product_brand","embeddable":true,"href":"https:\/\/simchocolate.com\/es\/wp-json\/wp\/v2\/product_brand?post=9295"},{"taxonomy":"product_cat","embeddable":true,"href":"https:\/\/simchocolate.com\/es\/wp-json\/wp\/v2\/product_cat?post=9295"},{"taxonomy":"product_tag","embeddable":true,"href":"https:\/\/simchocolate.com\/es\/wp-json\/wp\/v2\/product_tag?post=9295"}],"curies":[{"name":"wp","href":"https:\/\/api.w.org\/{rel}","templated":true}]}}