{"id":9298,"date":"2025-04-08T13:14:16","date_gmt":"2025-04-08T13:14:16","guid":{"rendered":"https:\/\/simchocolate.com\/produto\/bombon-de-dubai\/"},"modified":"2025-04-08T13:14:16","modified_gmt":"2025-04-08T13:14:16","slug":"bombon-de-dubai","status":"publish","type":"product","link":"https:\/\/simchocolate.com\/es\/produto\/bombon-de-dubai\/","title":{"rendered":"Bomb\u00f3n de Dubai"},"content":{"rendered":"<h5 style=\"text-align: left\">Un viaje ex\u00f3tico con el sabor de Oriente Pr\u00f3ximo<\/h5>\n<p class=\"\" style=\"text-align: left\" data-start=\"817\" data-end=\"1134\">Inspirado en los aromas y sabores de Oriente Medio, Bombom Dubai es una aut\u00e9ntica joya de la reposter\u00eda gourmet. Hecho a mano, este bomb\u00f3n destaca por su sofisticada combinaci\u00f3n de pistacho, conocido por su cremosidad e intensidad, con masa kadaif, que le da una textura delicadamente crujiente. <\/p>\n<p class=\"\" style=\"text-align: left\" data-start=\"1136\" data-end=\"1425\">Envuelto en chocolate de alta calidad, cada bomb\u00f3n ofrece una experiencia rica, sorprendente y memorable. Ideal para quienes aprecian los sabores \u00fanicos y atrevidos, Bombom Dubai es perfecto tanto para momentos especiales como para regalar a alguien que valore la excelencia en el chocolate. <\/p>\n","protected":false},"excerpt":{"rendered":"<p>Bombom Dubai combina el rico sabor de los pistachos con la textura crujiente de la pasta kadaif, envuelta en un excelente chocolate.<\/p>\n","protected":false},"featured_media":9304,"comment_status":"open","ping_status":"closed","template":"","meta":[],"product_brand":[],"product_cat":[187],"product_tag":[],"class_list":{"0":"post-9298","1":"product","2":"type-product","3":"status-publish","4":"has-post-thumbnail","6":"product_cat-bombones","7":"edicoes-coleccion-dubai","9":"first","10":"instock","11":"shipping-taxable","12":"purchasable","13":"product-type-simple"},"yoast_head":"<!-- This site is optimized with the Yoast SEO plugin v27.5 - https:\/\/yoast.com\/product\/yoast-seo-wordpress\/ -->\n<title>Bomb\u00f3n de Dubai | SIM Chocolate<\/title>\n<meta name=\"description\" content=\"Descubre la exquisitez de Bombom Dubai, una ex\u00f3tica fusi\u00f3n de pasta de pistacho y kadaif en un chocolate artesanal que sorprende a cada bocado.\" \/>\n<meta name=\"robots\" content=\"index, follow, max-snippet:-1, max-image-preview:large, max-video-preview:-1\" \/>\n<link rel=\"canonical\" href=\"https:\/\/simchocolate.com\/es\/produto\/bombon-de-dubai\/\" \/>\n<meta property=\"og:locale\" content=\"es_ES\" \/>\n<meta property=\"og:type\" content=\"article\" \/>\n<meta property=\"og:title\" content=\"Bomb\u00f3n de Dubai | SIM Chocolate\" \/>\n<meta property=\"og:description\" content=\"Descubre la exquisitez de Bombom Dubai, una ex\u00f3tica fusi\u00f3n de pasta de pistacho y kadaif en un chocolate artesanal que sorprende a cada bocado.\" \/>\n<meta property=\"og:url\" content=\"https:\/\/simchocolate.com\/es\/produto\/bombon-de-dubai\/\" \/>\n<meta property=\"og:site_name\" content=\"SIM Chocolate\" \/>\n<meta property=\"article:publisher\" content=\"https:\/\/www.facebook.com\/SimBombons\" \/>\n<meta property=\"og:image\" content=\"https:\/\/simchocolate.com\/wp-content\/uploads\/2025\/04\/bombomdubai.jpg\" \/>\n\t<meta property=\"og:image:width\" content=\"1280\" \/>\n\t<meta property=\"og:image:height\" content=\"1280\" \/>\n\t<meta property=\"og:image:type\" content=\"image\/jpeg\" \/>\n<meta name=\"twitter:card\" content=\"summary_large_image\" \/>\n<meta name=\"twitter:label1\" content=\"Tiempo de lectura\" \/>\n\t<meta name=\"twitter:data1\" content=\"1 minuto\" \/>\n<script type=\"application\/ld+json\" class=\"yoast-schema-graph\">{\"@context\":\"https:\\\/\\\/schema.org\",\"@graph\":[{\"@type\":\"WebPage\",\"@id\":\"https:\\\/\\\/simchocolate.com\\\/es\\\/produto\\\/bombon-de-dubai\\\/\",\"url\":\"https:\\\/\\\/simchocolate.com\\\/es\\\/produto\\\/bombon-de-dubai\\\/\",\"name\":\"Bomb\u00f3n de Dubai | SIM Chocolate\",\"isPartOf\":{\"@id\":\"https:\\\/\\\/simchocolate.com\\\/es\\\/#website\"},\"primaryImageOfPage\":{\"@id\":\"https:\\\/\\\/simchocolate.com\\\/es\\\/produto\\\/bombon-de-dubai\\\/#primaryimage\"},\"image\":{\"@id\":\"https:\\\/\\\/simchocolate.com\\\/es\\\/produto\\\/bombon-de-dubai\\\/#primaryimage\"},\"thumbnailUrl\":\"https:\\\/\\\/simchocolate.com\\\/wp-content\\\/uploads\\\/2025\\\/04\\\/bombomdubai.jpg\",\"datePublished\":\"2025-04-08T13:14:16+00:00\",\"description\":\"Descubre la exquisitez de Bombom Dubai, una ex\u00f3tica fusi\u00f3n de pasta de pistacho y kadaif en un chocolate artesanal que sorprende a cada bocado.\",\"breadcrumb\":{\"@id\":\"https:\\\/\\\/simchocolate.com\\\/es\\\/produto\\\/bombon-de-dubai\\\/#breadcrumb\"},\"inLanguage\":\"es\",\"potentialAction\":[{\"@type\":\"ReadAction\",\"target\":[\"https:\\\/\\\/simchocolate.com\\\/es\\\/produto\\\/bombon-de-dubai\\\/\"]}]},{\"@type\":\"ImageObject\",\"inLanguage\":\"es\",\"@id\":\"https:\\\/\\\/simchocolate.com\\\/es\\\/produto\\\/bombon-de-dubai\\\/#primaryimage\",\"url\":\"https:\\\/\\\/simchocolate.com\\\/wp-content\\\/uploads\\\/2025\\\/04\\\/bombomdubai.jpg\",\"contentUrl\":\"https:\\\/\\\/simchocolate.com\\\/wp-content\\\/uploads\\\/2025\\\/04\\\/bombomdubai.jpg\",\"width\":1280,\"height\":1280,\"caption\":\"bombom dubai\"},{\"@type\":\"BreadcrumbList\",\"@id\":\"https:\\\/\\\/simchocolate.com\\\/es\\\/produto\\\/bombon-de-dubai\\\/#breadcrumb\",\"itemListElement\":[{\"@type\":\"ListItem\",\"position\":1,\"name\":\"In\u00edcio\",\"item\":\"https:\\\/\\\/simchocolate.com\\\/es\\\/\"},{\"@type\":\"ListItem\",\"position\":2,\"name\":\"Productos\",\"item\":\"https:\\\/\\\/simchocolate.com\\\/es\\\/shop\\\/\"},{\"@type\":\"ListItem\",\"position\":3,\"name\":\"Bomb\u00f3n de Dubai\"}]},{\"@type\":\"WebSite\",\"@id\":\"https:\\\/\\\/simchocolate.com\\\/es\\\/#website\",\"url\":\"https:\\\/\\\/simchocolate.com\\\/es\\\/\",\"name\":\"SIM Chocolate\",\"description\":\"Do amor incondicional entre uma m\u00e3e e sua filha, nasce a marca SIM Bombons no Natal de 2014\",\"potentialAction\":[{\"@type\":\"SearchAction\",\"target\":{\"@type\":\"EntryPoint\",\"urlTemplate\":\"https:\\\/\\\/simchocolate.com\\\/es\\\/?s={search_term_string}\"},\"query-input\":{\"@type\":\"PropertyValueSpecification\",\"valueRequired\":true,\"valueName\":\"search_term_string\"}}],\"inLanguage\":\"es\"}]}<\/script>\n<!-- \/ Yoast SEO plugin. -->","yoast_head_json":{"title":"Bomb\u00f3n de Dubai | SIM Chocolate","description":"Descubre la exquisitez de Bombom Dubai, una ex\u00f3tica fusi\u00f3n de pasta de pistacho y kadaif en un chocolate artesanal que sorprende a cada bocado.","robots":{"index":"index","follow":"follow","max-snippet":"max-snippet:-1","max-image-preview":"max-image-preview:large","max-video-preview":"max-video-preview:-1"},"canonical":"https:\/\/simchocolate.com\/es\/produto\/bombon-de-dubai\/","og_locale":"es_ES","og_type":"article","og_title":"Bomb\u00f3n de Dubai | SIM Chocolate","og_description":"Descubre la exquisitez de Bombom Dubai, una ex\u00f3tica fusi\u00f3n de pasta de pistacho y kadaif en un chocolate artesanal que sorprende a cada bocado.","og_url":"https:\/\/simchocolate.com\/es\/produto\/bombon-de-dubai\/","og_site_name":"SIM Chocolate","article_publisher":"https:\/\/www.facebook.com\/SimBombons","og_image":[{"width":1280,"height":1280,"url":"https:\/\/simchocolate.com\/wp-content\/uploads\/2025\/04\/bombomdubai.jpg","type":"image\/jpeg"}],"twitter_card":"summary_large_image","twitter_misc":{"Tiempo de lectura":"1 minuto"},"schema":{"@context":"https:\/\/schema.org","@graph":[{"@type":"WebPage","@id":"https:\/\/simchocolate.com\/es\/produto\/bombon-de-dubai\/","url":"https:\/\/simchocolate.com\/es\/produto\/bombon-de-dubai\/","name":"Bomb\u00f3n de Dubai | SIM Chocolate","isPartOf":{"@id":"https:\/\/simchocolate.com\/es\/#website"},"primaryImageOfPage":{"@id":"https:\/\/simchocolate.com\/es\/produto\/bombon-de-dubai\/#primaryimage"},"image":{"@id":"https:\/\/simchocolate.com\/es\/produto\/bombon-de-dubai\/#primaryimage"},"thumbnailUrl":"https:\/\/simchocolate.com\/wp-content\/uploads\/2025\/04\/bombomdubai.jpg","datePublished":"2025-04-08T13:14:16+00:00","description":"Descubre la exquisitez de Bombom Dubai, una ex\u00f3tica fusi\u00f3n de pasta de pistacho y kadaif en un chocolate artesanal que sorprende a cada bocado.","breadcrumb":{"@id":"https:\/\/simchocolate.com\/es\/produto\/bombon-de-dubai\/#breadcrumb"},"inLanguage":"es","potentialAction":[{"@type":"ReadAction","target":["https:\/\/simchocolate.com\/es\/produto\/bombon-de-dubai\/"]}]},{"@type":"ImageObject","inLanguage":"es","@id":"https:\/\/simchocolate.com\/es\/produto\/bombon-de-dubai\/#primaryimage","url":"https:\/\/simchocolate.com\/wp-content\/uploads\/2025\/04\/bombomdubai.jpg","contentUrl":"https:\/\/simchocolate.com\/wp-content\/uploads\/2025\/04\/bombomdubai.jpg","width":1280,"height":1280,"caption":"bombom dubai"},{"@type":"BreadcrumbList","@id":"https:\/\/simchocolate.com\/es\/produto\/bombon-de-dubai\/#breadcrumb","itemListElement":[{"@type":"ListItem","position":1,"name":"In\u00edcio","item":"https:\/\/simchocolate.com\/es\/"},{"@type":"ListItem","position":2,"name":"Productos","item":"https:\/\/simchocolate.com\/es\/shop\/"},{"@type":"ListItem","position":3,"name":"Bomb\u00f3n de Dubai"}]},{"@type":"WebSite","@id":"https:\/\/simchocolate.com\/es\/#website","url":"https:\/\/simchocolate.com\/es\/","name":"SIM Chocolate","description":"Do amor incondicional entre uma m\u00e3e e sua filha, nasce a marca SIM Bombons no Natal de 2014","potentialAction":[{"@type":"SearchAction","target":{"@type":"EntryPoint","urlTemplate":"https:\/\/simchocolate.com\/es\/?s={search_term_string}"},"query-input":{"@type":"PropertyValueSpecification","valueRequired":true,"valueName":"search_term_string"}}],"inLanguage":"es"}]}},"_links":{"self":[{"href":"https:\/\/simchocolate.com\/es\/wp-json\/wp\/v2\/product\/9298","targetHints":{"allow":["GET"]}}],"collection":[{"href":"https:\/\/simchocolate.com\/es\/wp-json\/wp\/v2\/product"}],"about":[{"href":"https:\/\/simchocolate.com\/es\/wp-json\/wp\/v2\/types\/product"}],"replies":[{"embeddable":true,"href":"https:\/\/simchocolate.com\/es\/wp-json\/wp\/v2\/comments?post=9298"}],"wp:featuredmedia":[{"embeddable":true,"href":"https:\/\/simchocolate.com\/es\/wp-json\/wp\/v2\/media\/9304"}],"wp:attachment":[{"href":"https:\/\/simchocolate.com\/es\/wp-json\/wp\/v2\/media?parent=9298"}],"wp:term":[{"taxonomy":"product_brand","embeddable":true,"href":"https:\/\/simchocolate.com\/es\/wp-json\/wp\/v2\/product_brand?post=9298"},{"taxonomy":"product_cat","embeddable":true,"href":"https:\/\/simchocolate.com\/es\/wp-json\/wp\/v2\/product_cat?post=9298"},{"taxonomy":"product_tag","embeddable":true,"href":"https:\/\/simchocolate.com\/es\/wp-json\/wp\/v2\/product_tag?post=9298"}],"curies":[{"name":"wp","href":"https:\/\/api.w.org\/{rel}","templated":true}]}}