{"id":9310,"date":"2025-03-21T10:45:19","date_gmt":"2025-03-21T10:45:19","guid":{"rendered":"https:\/\/simchocolate.com\/produto\/caja-de-2-bombones-padrino-feliz-pascua\/"},"modified":"2025-03-21T10:45:19","modified_gmt":"2025-03-21T10:45:19","slug":"caja-de-2-bombones-padrino-feliz-pascua","status":"publish","type":"product","link":"https:\/\/simchocolate.com\/es\/produto\/caja-de-2-bombones-padrino-feliz-pascua\/","title":{"rendered":"Caja de 2 bombones Padrino Feliz Pascua"},"content":{"rendered":"<h5 style=\"text-align: left\" data-start=\"692\" data-end=\"748\">Un regalo dulce y especial para el mejor padrino<\/h5>\n<p style=\"text-align: left\">La Pascua es una \u00e9poca para compartir y dar cari\u00f1o, y no hay mejor forma de agradec\u00e9rselo a tu padrino que con un delicioso regalo. Nuestra Caja de 2 Bombones Padrino Feliz Pascua contiene bombones surtidos cuidadosamente seleccionados para ofrecer una experiencia de sabor \u00fanica. Elaborados con chocolate de alta calidad y rellenos irresistibles, estos bombones son una forma sofisticada y dulce de mostrar tu gratitud en esta fecha tan especial. \u00a1Un regalo encantador que combina sabor y emoci\u00f3n en cada detalle!   <\/p>\n<div class=\"qodef-content-grid qodef-description--in-grid\">\n<div class=\"woocommerce-tabs wc-tabs-wrapper\">\n<div id=\"tab-description\" class=\"woocommerce-Tabs-panel woocommerce-Tabs-panel--description panel entry-content wc-tab\" role=\"tabpanel\" aria-labelledby=\"tab-title-description\">\n<p style=\"text-align: left\"><strong>*Mantener a una temperatura entre 16\u00ba &#8211; 20\u00ba grados<\/strong><\/p>\n<\/div>\n<\/div>\n<\/div>\n<div class=\"qodef-content-grid\"><\/div>\n","protected":false},"excerpt":{"rendered":"<p>La <strong data-start=\"549\" data-end=\"593\">Caja de 2 Bombones Padrino Feliz Pascua<\/strong> es el regalo ideal para demostrar tu amor esta Pascua.<\/p>\n<p data-start=\"360\" data-end=\"513\"><strong>Esta caja contiene<\/strong><\/p>\n<ul>\n<li data-start=\"360\" data-end=\"513\">2 chocolates gourmet surtidos<\/li>\n<\/ul>\n","protected":false},"featured_media":9312,"comment_status":"open","ping_status":"closed","template":"","meta":[],"product_brand":[],"product_cat":[190],"product_tag":[],"class_list":{"0":"post-9310","1":"product","2":"type-product","3":"status-publish","4":"has-post-thumbnail","6":"product_cat-todo-el-chocolate","7":"edicoes-pascua","9":"first","10":"outofstock","11":"shipping-taxable","12":"purchasable","13":"product-type-simple"},"yoast_head":"<!-- This site is optimized with the Yoast SEO plugin v27.2 - https:\/\/yoast.com\/product\/yoast-seo-wordpress\/ -->\n<title>Caja de 2 bombones Padrino Feliz Pascua | SIM Chocolate<\/title>\n<meta name=\"description\" content=\"Sorprende a tu padrino con la Caja de 2 Bombones Padrino Feliz Pascua. Un regalo delicioso y especial para celebrar la Pascua con sabor y cari\u00f1o.\" \/>\n<meta name=\"robots\" content=\"index, follow, max-snippet:-1, max-image-preview:large, max-video-preview:-1\" \/>\n<link rel=\"canonical\" href=\"https:\/\/simchocolate.com\/es\/produto\/caja-de-2-bombones-padrino-feliz-pascua\/\" \/>\n<meta property=\"og:locale\" content=\"es_ES\" \/>\n<meta property=\"og:type\" content=\"article\" \/>\n<meta property=\"og:title\" content=\"Caja de 2 bombones Padrino Feliz Pascua | SIM Chocolate\" \/>\n<meta property=\"og:description\" content=\"Sorprende a tu padrino con la Caja de 2 Bombones Padrino Feliz Pascua. Un regalo delicioso y especial para celebrar la Pascua con sabor y cari\u00f1o.\" \/>\n<meta property=\"og:url\" content=\"https:\/\/simchocolate.com\/es\/produto\/caja-de-2-bombones-padrino-feliz-pascua\/\" \/>\n<meta property=\"og:site_name\" content=\"SIM Chocolate\" \/>\n<meta property=\"article:publisher\" content=\"https:\/\/www.facebook.com\/SimBombons\" \/>\n<meta property=\"og:image\" content=\"https:\/\/simchocolate.com\/wp-content\/uploads\/2025\/03\/WhatsApp-Image-2025-03-20-at-17.22.20.jpeg\" \/>\n\t<meta property=\"og:image:width\" content=\"1600\" \/>\n\t<meta property=\"og:image:height\" content=\"1120\" \/>\n\t<meta property=\"og:image:type\" content=\"image\/jpeg\" \/>\n<meta name=\"twitter:card\" content=\"summary_large_image\" \/>\n<meta name=\"twitter:label1\" content=\"Tiempo de lectura\" \/>\n\t<meta name=\"twitter:data1\" content=\"1 minuto\" \/>\n<script type=\"application\/ld+json\" class=\"yoast-schema-graph\">{\"@context\":\"https:\/\/schema.org\",\"@graph\":[{\"@type\":\"WebPage\",\"@id\":\"https:\/\/simchocolate.com\/es\/produto\/caja-de-2-bombones-padrino-feliz-pascua\/\",\"url\":\"https:\/\/simchocolate.com\/es\/produto\/caja-de-2-bombones-padrino-feliz-pascua\/\",\"name\":\"Caja de 2 bombones Padrino Feliz Pascua | SIM Chocolate\",\"isPartOf\":{\"@id\":\"https:\/\/simchocolate.com\/es\/#website\"},\"primaryImageOfPage\":{\"@id\":\"https:\/\/simchocolate.com\/es\/produto\/caja-de-2-bombones-padrino-feliz-pascua\/#primaryimage\"},\"image\":{\"@id\":\"https:\/\/simchocolate.com\/es\/produto\/caja-de-2-bombones-padrino-feliz-pascua\/#primaryimage\"},\"thumbnailUrl\":\"https:\/\/simchocolate.com\/wp-content\/uploads\/2025\/03\/WhatsApp-Image-2025-03-20-at-17.22.20.jpeg\",\"datePublished\":\"2025-03-21T10:45:19+00:00\",\"description\":\"Sorprende a tu padrino con la Caja de 2 Bombones Padrino Feliz Pascua. Un regalo delicioso y especial para celebrar la Pascua con sabor y cari\u00f1o.\",\"breadcrumb\":{\"@id\":\"https:\/\/simchocolate.com\/es\/produto\/caja-de-2-bombones-padrino-feliz-pascua\/#breadcrumb\"},\"inLanguage\":\"es\",\"potentialAction\":[{\"@type\":\"ReadAction\",\"target\":[\"https:\/\/simchocolate.com\/es\/produto\/caja-de-2-bombones-padrino-feliz-pascua\/\"]}]},{\"@type\":\"ImageObject\",\"inLanguage\":\"es\",\"@id\":\"https:\/\/simchocolate.com\/es\/produto\/caja-de-2-bombones-padrino-feliz-pascua\/#primaryimage\",\"url\":\"https:\/\/simchocolate.com\/wp-content\/uploads\/2025\/03\/WhatsApp-Image-2025-03-20-at-17.22.20.jpeg\",\"contentUrl\":\"https:\/\/simchocolate.com\/wp-content\/uploads\/2025\/03\/WhatsApp-Image-2025-03-20-at-17.22.20.jpeg\",\"width\":1600,\"height\":1120,\"caption\":\"Caixa de 2 Bombons Padrinho Happy Easter\"},{\"@type\":\"BreadcrumbList\",\"@id\":\"https:\/\/simchocolate.com\/es\/produto\/caja-de-2-bombones-padrino-feliz-pascua\/#breadcrumb\",\"itemListElement\":[{\"@type\":\"ListItem\",\"position\":1,\"name\":\"In\u00edcio\",\"item\":\"https:\/\/simchocolate.com\/es\/\"},{\"@type\":\"ListItem\",\"position\":2,\"name\":\"Productos\",\"item\":\"https:\/\/simchocolate.com\/es\/shop\/\"},{\"@type\":\"ListItem\",\"position\":3,\"name\":\"Caja de 2 bombones Padrino Feliz Pascua\"}]},{\"@type\":\"WebSite\",\"@id\":\"https:\/\/simchocolate.com\/es\/#website\",\"url\":\"https:\/\/simchocolate.com\/es\/\",\"name\":\"SIM Chocolate\",\"description\":\"Do amor incondicional entre uma m\u00e3e e sua filha, nasce a marca SIM Bombons no Natal de 2014\",\"potentialAction\":[{\"@type\":\"SearchAction\",\"target\":{\"@type\":\"EntryPoint\",\"urlTemplate\":\"https:\/\/simchocolate.com\/es\/?s={search_term_string}\"},\"query-input\":{\"@type\":\"PropertyValueSpecification\",\"valueRequired\":true,\"valueName\":\"search_term_string\"}}],\"inLanguage\":\"es\"}]}<\/script>\n<!-- \/ Yoast SEO plugin. -->","yoast_head_json":{"title":"Caja de 2 bombones Padrino Feliz Pascua | SIM Chocolate","description":"Sorprende a tu padrino con la Caja de 2 Bombones Padrino Feliz Pascua. Un regalo delicioso y especial para celebrar la Pascua con sabor y cari\u00f1o.","robots":{"index":"index","follow":"follow","max-snippet":"max-snippet:-1","max-image-preview":"max-image-preview:large","max-video-preview":"max-video-preview:-1"},"canonical":"https:\/\/simchocolate.com\/es\/produto\/caja-de-2-bombones-padrino-feliz-pascua\/","og_locale":"es_ES","og_type":"article","og_title":"Caja de 2 bombones Padrino Feliz Pascua | SIM Chocolate","og_description":"Sorprende a tu padrino con la Caja de 2 Bombones Padrino Feliz Pascua. Un regalo delicioso y especial para celebrar la Pascua con sabor y cari\u00f1o.","og_url":"https:\/\/simchocolate.com\/es\/produto\/caja-de-2-bombones-padrino-feliz-pascua\/","og_site_name":"SIM Chocolate","article_publisher":"https:\/\/www.facebook.com\/SimBombons","og_image":[{"width":1600,"height":1120,"url":"https:\/\/simchocolate.com\/wp-content\/uploads\/2025\/03\/WhatsApp-Image-2025-03-20-at-17.22.20.jpeg","type":"image\/jpeg"}],"twitter_card":"summary_large_image","twitter_misc":{"Tiempo de lectura":"1 minuto"},"schema":{"@context":"https:\/\/schema.org","@graph":[{"@type":"WebPage","@id":"https:\/\/simchocolate.com\/es\/produto\/caja-de-2-bombones-padrino-feliz-pascua\/","url":"https:\/\/simchocolate.com\/es\/produto\/caja-de-2-bombones-padrino-feliz-pascua\/","name":"Caja de 2 bombones Padrino Feliz Pascua | SIM Chocolate","isPartOf":{"@id":"https:\/\/simchocolate.com\/es\/#website"},"primaryImageOfPage":{"@id":"https:\/\/simchocolate.com\/es\/produto\/caja-de-2-bombones-padrino-feliz-pascua\/#primaryimage"},"image":{"@id":"https:\/\/simchocolate.com\/es\/produto\/caja-de-2-bombones-padrino-feliz-pascua\/#primaryimage"},"thumbnailUrl":"https:\/\/simchocolate.com\/wp-content\/uploads\/2025\/03\/WhatsApp-Image-2025-03-20-at-17.22.20.jpeg","datePublished":"2025-03-21T10:45:19+00:00","description":"Sorprende a tu padrino con la Caja de 2 Bombones Padrino Feliz Pascua. Un regalo delicioso y especial para celebrar la Pascua con sabor y cari\u00f1o.","breadcrumb":{"@id":"https:\/\/simchocolate.com\/es\/produto\/caja-de-2-bombones-padrino-feliz-pascua\/#breadcrumb"},"inLanguage":"es","potentialAction":[{"@type":"ReadAction","target":["https:\/\/simchocolate.com\/es\/produto\/caja-de-2-bombones-padrino-feliz-pascua\/"]}]},{"@type":"ImageObject","inLanguage":"es","@id":"https:\/\/simchocolate.com\/es\/produto\/caja-de-2-bombones-padrino-feliz-pascua\/#primaryimage","url":"https:\/\/simchocolate.com\/wp-content\/uploads\/2025\/03\/WhatsApp-Image-2025-03-20-at-17.22.20.jpeg","contentUrl":"https:\/\/simchocolate.com\/wp-content\/uploads\/2025\/03\/WhatsApp-Image-2025-03-20-at-17.22.20.jpeg","width":1600,"height":1120,"caption":"Caixa de 2 Bombons Padrinho Happy Easter"},{"@type":"BreadcrumbList","@id":"https:\/\/simchocolate.com\/es\/produto\/caja-de-2-bombones-padrino-feliz-pascua\/#breadcrumb","itemListElement":[{"@type":"ListItem","position":1,"name":"In\u00edcio","item":"https:\/\/simchocolate.com\/es\/"},{"@type":"ListItem","position":2,"name":"Productos","item":"https:\/\/simchocolate.com\/es\/shop\/"},{"@type":"ListItem","position":3,"name":"Caja de 2 bombones Padrino Feliz Pascua"}]},{"@type":"WebSite","@id":"https:\/\/simchocolate.com\/es\/#website","url":"https:\/\/simchocolate.com\/es\/","name":"SIM Chocolate","description":"Do amor incondicional entre uma m\u00e3e e sua filha, nasce a marca SIM Bombons no Natal de 2014","potentialAction":[{"@type":"SearchAction","target":{"@type":"EntryPoint","urlTemplate":"https:\/\/simchocolate.com\/es\/?s={search_term_string}"},"query-input":{"@type":"PropertyValueSpecification","valueRequired":true,"valueName":"search_term_string"}}],"inLanguage":"es"}]}},"_links":{"self":[{"href":"https:\/\/simchocolate.com\/es\/wp-json\/wp\/v2\/product\/9310","targetHints":{"allow":["GET"]}}],"collection":[{"href":"https:\/\/simchocolate.com\/es\/wp-json\/wp\/v2\/product"}],"about":[{"href":"https:\/\/simchocolate.com\/es\/wp-json\/wp\/v2\/types\/product"}],"replies":[{"embeddable":true,"href":"https:\/\/simchocolate.com\/es\/wp-json\/wp\/v2\/comments?post=9310"}],"wp:featuredmedia":[{"embeddable":true,"href":"https:\/\/simchocolate.com\/es\/wp-json\/wp\/v2\/media\/9312"}],"wp:attachment":[{"href":"https:\/\/simchocolate.com\/es\/wp-json\/wp\/v2\/media?parent=9310"}],"wp:term":[{"taxonomy":"product_brand","embeddable":true,"href":"https:\/\/simchocolate.com\/es\/wp-json\/wp\/v2\/product_brand?post=9310"},{"taxonomy":"product_cat","embeddable":true,"href":"https:\/\/simchocolate.com\/es\/wp-json\/wp\/v2\/product_cat?post=9310"},{"taxonomy":"product_tag","embeddable":true,"href":"https:\/\/simchocolate.com\/es\/wp-json\/wp\/v2\/product_tag?post=9310"}],"curies":[{"name":"wp","href":"https:\/\/api.w.org\/{rel}","templated":true}]}}