{"id":9315,"date":"2024-10-21T14:18:56","date_gmt":"2024-10-21T14:18:56","guid":{"rendered":"https:\/\/simchocolate.com\/produto\/bombon-crujiente-de-almendra\/"},"modified":"2024-10-21T14:18:56","modified_gmt":"2024-10-21T14:18:56","slug":"bombon-crujiente-de-almendra","status":"publish","type":"product","link":"https:\/\/simchocolate.com\/es\/produto\/bombon-crujiente-de-almendra\/","title":{"rendered":"Bomb\u00f3n crujiente de almendra"},"content":{"rendered":"<h5 style=\"text-align: left;\">La combinaci\u00f3n perfecta de chocolate de primera calidad y textura irresistible<\/h5>\n<p style=\"text-align: left;\">El Bomb\u00f3n Crujiente de Almendra ofrece una experiencia gourmet sin igual, combinando la riqueza del chocolate de primera calidad con el crujiente de las mejores almendras seleccionadas. Cada bomb\u00f3n es elaborado meticulosamente por artesanos, asegur\u00e1ndose de que cada detalle -desde la textura crujiente hasta el perfecto equilibrio de sabores- sea una aut\u00e9ntica obra maestra. El intenso sabor del chocolate, combinado con las notas tostadas de las almendras frescas, proporciona un delicioso contraste y una explosi\u00f3n de sabor en cada bocado. Perfecto para ocasiones especiales o para mimarte con un toque de sofisticaci\u00f3n, este bomb\u00f3n es ideal para los amantes del chocolate que valoran la calidad y la autenticidad. Eleva tus momentos de indulgencia con esta irresistible combinaci\u00f3n, que fusiona tradici\u00f3n e innovaci\u00f3n en un solo bomb\u00f3n.    <\/p>\n<p style=\"text-align: left;\"><strong>*Mantener a una temperatura entre 16\u00ba &#8211; 20\u00ba grados<\/strong><\/p>\n","protected":false},"excerpt":{"rendered":"<p>Crujientes bombones de almendra, con chocolate de alta calidad y almendras frescas, que crean una irresistible experiencia gourmet.<\/p>\n","protected":false},"featured_media":9323,"comment_status":"open","ping_status":"closed","template":"","meta":[],"product_brand":[],"product_cat":[187],"product_tag":[201],"class_list":{"0":"post-9315","1":"product","2":"type-product","3":"status-publish","4":"has-post-thumbnail","6":"product_cat-bombones","7":"product_tag-crujiente-de-almendra","9":"first","10":"instock","11":"shipping-taxable","12":"purchasable","13":"product-type-simple"},"yoast_head":"<!-- This site is optimized with the Yoast SEO plugin v27.2 - https:\/\/yoast.com\/product\/yoast-seo-wordpress\/ -->\n<title>Bomb\u00f3n crujiente de almendra | S\u00cd Chocolate<\/title>\n<meta name=\"description\" content=\"Disfruta del Bomb\u00f3n de Almendra Crujiente, una combinaci\u00f3n perfecta de chocolate de primera calidad y almendras crujientes. Ideal para momentos de indulgencia.\" \/>\n<meta name=\"robots\" content=\"index, follow, max-snippet:-1, max-image-preview:large, max-video-preview:-1\" \/>\n<link rel=\"canonical\" href=\"https:\/\/simchocolate.com\/es\/produto\/bombon-crujiente-de-almendra\/\" \/>\n<meta property=\"og:locale\" content=\"es_ES\" \/>\n<meta property=\"og:type\" content=\"article\" \/>\n<meta property=\"og:title\" content=\"Bomb\u00f3n crujiente de almendra | S\u00cd Chocolate\" \/>\n<meta property=\"og:description\" content=\"Disfruta del Bomb\u00f3n de Almendra Crujiente, una combinaci\u00f3n perfecta de chocolate de primera calidad y almendras crujientes. Ideal para momentos de indulgencia.\" \/>\n<meta property=\"og:url\" content=\"https:\/\/simchocolate.com\/es\/produto\/bombon-crujiente-de-almendra\/\" \/>\n<meta property=\"og:site_name\" content=\"SIM Chocolate\" \/>\n<meta property=\"article:publisher\" content=\"https:\/\/www.facebook.com\/SimBombons\" \/>\n<meta property=\"og:image\" content=\"https:\/\/simchocolate.com\/wp-content\/uploads\/2024\/10\/BOMBOM-FINAL-OPCAO-1-38.jpg\" \/>\n\t<meta property=\"og:image:width\" content=\"1000\" \/>\n\t<meta property=\"og:image:height\" content=\"1000\" \/>\n\t<meta property=\"og:image:type\" content=\"image\/jpeg\" \/>\n<meta name=\"twitter:card\" content=\"summary_large_image\" \/>\n<meta name=\"twitter:label1\" content=\"Tiempo de lectura\" \/>\n\t<meta name=\"twitter:data1\" content=\"1 minuto\" \/>\n<script type=\"application\/ld+json\" class=\"yoast-schema-graph\">{\"@context\":\"https:\/\/schema.org\",\"@graph\":[{\"@type\":\"WebPage\",\"@id\":\"https:\/\/simchocolate.com\/es\/produto\/bombon-crujiente-de-almendra\/\",\"url\":\"https:\/\/simchocolate.com\/es\/produto\/bombon-crujiente-de-almendra\/\",\"name\":\"Bomb\u00f3n crujiente de almendra | S\u00cd Chocolate\",\"isPartOf\":{\"@id\":\"https:\/\/simchocolate.com\/es\/#website\"},\"primaryImageOfPage\":{\"@id\":\"https:\/\/simchocolate.com\/es\/produto\/bombon-crujiente-de-almendra\/#primaryimage\"},\"image\":{\"@id\":\"https:\/\/simchocolate.com\/es\/produto\/bombon-crujiente-de-almendra\/#primaryimage\"},\"thumbnailUrl\":\"https:\/\/simchocolate.com\/wp-content\/uploads\/2024\/10\/BOMBOM-FINAL-OPCAO-1-38.jpg\",\"datePublished\":\"2024-10-21T14:18:56+00:00\",\"description\":\"Disfruta del Bomb\u00f3n de Almendra Crujiente, una combinaci\u00f3n perfecta de chocolate de primera calidad y almendras crujientes. Ideal para momentos de indulgencia.\",\"breadcrumb\":{\"@id\":\"https:\/\/simchocolate.com\/es\/produto\/bombon-crujiente-de-almendra\/#breadcrumb\"},\"inLanguage\":\"es\",\"potentialAction\":[{\"@type\":\"ReadAction\",\"target\":[\"https:\/\/simchocolate.com\/es\/produto\/bombon-crujiente-de-almendra\/\"]}]},{\"@type\":\"ImageObject\",\"inLanguage\":\"es\",\"@id\":\"https:\/\/simchocolate.com\/es\/produto\/bombon-crujiente-de-almendra\/#primaryimage\",\"url\":\"https:\/\/simchocolate.com\/wp-content\/uploads\/2024\/10\/BOMBOM-FINAL-OPCAO-1-38.jpg\",\"contentUrl\":\"https:\/\/simchocolate.com\/wp-content\/uploads\/2024\/10\/BOMBOM-FINAL-OPCAO-1-38.jpg\",\"width\":1000,\"height\":1000,\"caption\":\"bombom crocante de amendoa\"},{\"@type\":\"BreadcrumbList\",\"@id\":\"https:\/\/simchocolate.com\/es\/produto\/bombon-crujiente-de-almendra\/#breadcrumb\",\"itemListElement\":[{\"@type\":\"ListItem\",\"position\":1,\"name\":\"In\u00edcio\",\"item\":\"https:\/\/simchocolate.com\/es\/\"},{\"@type\":\"ListItem\",\"position\":2,\"name\":\"Productos\",\"item\":\"https:\/\/simchocolate.com\/es\/shop\/\"},{\"@type\":\"ListItem\",\"position\":3,\"name\":\"Bomb\u00f3n crujiente de almendra\"}]},{\"@type\":\"WebSite\",\"@id\":\"https:\/\/simchocolate.com\/es\/#website\",\"url\":\"https:\/\/simchocolate.com\/es\/\",\"name\":\"SIM Chocolate\",\"description\":\"Do amor incondicional entre uma m\u00e3e e sua filha, nasce a marca SIM Bombons no Natal de 2014\",\"potentialAction\":[{\"@type\":\"SearchAction\",\"target\":{\"@type\":\"EntryPoint\",\"urlTemplate\":\"https:\/\/simchocolate.com\/es\/?s={search_term_string}\"},\"query-input\":{\"@type\":\"PropertyValueSpecification\",\"valueRequired\":true,\"valueName\":\"search_term_string\"}}],\"inLanguage\":\"es\"}]}<\/script>\n<!-- \/ Yoast SEO plugin. -->","yoast_head_json":{"title":"Bomb\u00f3n crujiente de almendra | S\u00cd Chocolate","description":"Disfruta del Bomb\u00f3n de Almendra Crujiente, una combinaci\u00f3n perfecta de chocolate de primera calidad y almendras crujientes. Ideal para momentos de indulgencia.","robots":{"index":"index","follow":"follow","max-snippet":"max-snippet:-1","max-image-preview":"max-image-preview:large","max-video-preview":"max-video-preview:-1"},"canonical":"https:\/\/simchocolate.com\/es\/produto\/bombon-crujiente-de-almendra\/","og_locale":"es_ES","og_type":"article","og_title":"Bomb\u00f3n crujiente de almendra | S\u00cd Chocolate","og_description":"Disfruta del Bomb\u00f3n de Almendra Crujiente, una combinaci\u00f3n perfecta de chocolate de primera calidad y almendras crujientes. Ideal para momentos de indulgencia.","og_url":"https:\/\/simchocolate.com\/es\/produto\/bombon-crujiente-de-almendra\/","og_site_name":"SIM Chocolate","article_publisher":"https:\/\/www.facebook.com\/SimBombons","og_image":[{"width":1000,"height":1000,"url":"https:\/\/simchocolate.com\/wp-content\/uploads\/2024\/10\/BOMBOM-FINAL-OPCAO-1-38.jpg","type":"image\/jpeg"}],"twitter_card":"summary_large_image","twitter_misc":{"Tiempo de lectura":"1 minuto"},"schema":{"@context":"https:\/\/schema.org","@graph":[{"@type":"WebPage","@id":"https:\/\/simchocolate.com\/es\/produto\/bombon-crujiente-de-almendra\/","url":"https:\/\/simchocolate.com\/es\/produto\/bombon-crujiente-de-almendra\/","name":"Bomb\u00f3n crujiente de almendra | S\u00cd Chocolate","isPartOf":{"@id":"https:\/\/simchocolate.com\/es\/#website"},"primaryImageOfPage":{"@id":"https:\/\/simchocolate.com\/es\/produto\/bombon-crujiente-de-almendra\/#primaryimage"},"image":{"@id":"https:\/\/simchocolate.com\/es\/produto\/bombon-crujiente-de-almendra\/#primaryimage"},"thumbnailUrl":"https:\/\/simchocolate.com\/wp-content\/uploads\/2024\/10\/BOMBOM-FINAL-OPCAO-1-38.jpg","datePublished":"2024-10-21T14:18:56+00:00","description":"Disfruta del Bomb\u00f3n de Almendra Crujiente, una combinaci\u00f3n perfecta de chocolate de primera calidad y almendras crujientes. Ideal para momentos de indulgencia.","breadcrumb":{"@id":"https:\/\/simchocolate.com\/es\/produto\/bombon-crujiente-de-almendra\/#breadcrumb"},"inLanguage":"es","potentialAction":[{"@type":"ReadAction","target":["https:\/\/simchocolate.com\/es\/produto\/bombon-crujiente-de-almendra\/"]}]},{"@type":"ImageObject","inLanguage":"es","@id":"https:\/\/simchocolate.com\/es\/produto\/bombon-crujiente-de-almendra\/#primaryimage","url":"https:\/\/simchocolate.com\/wp-content\/uploads\/2024\/10\/BOMBOM-FINAL-OPCAO-1-38.jpg","contentUrl":"https:\/\/simchocolate.com\/wp-content\/uploads\/2024\/10\/BOMBOM-FINAL-OPCAO-1-38.jpg","width":1000,"height":1000,"caption":"bombom crocante de amendoa"},{"@type":"BreadcrumbList","@id":"https:\/\/simchocolate.com\/es\/produto\/bombon-crujiente-de-almendra\/#breadcrumb","itemListElement":[{"@type":"ListItem","position":1,"name":"In\u00edcio","item":"https:\/\/simchocolate.com\/es\/"},{"@type":"ListItem","position":2,"name":"Productos","item":"https:\/\/simchocolate.com\/es\/shop\/"},{"@type":"ListItem","position":3,"name":"Bomb\u00f3n crujiente de almendra"}]},{"@type":"WebSite","@id":"https:\/\/simchocolate.com\/es\/#website","url":"https:\/\/simchocolate.com\/es\/","name":"SIM Chocolate","description":"Do amor incondicional entre uma m\u00e3e e sua filha, nasce a marca SIM Bombons no Natal de 2014","potentialAction":[{"@type":"SearchAction","target":{"@type":"EntryPoint","urlTemplate":"https:\/\/simchocolate.com\/es\/?s={search_term_string}"},"query-input":{"@type":"PropertyValueSpecification","valueRequired":true,"valueName":"search_term_string"}}],"inLanguage":"es"}]}},"_links":{"self":[{"href":"https:\/\/simchocolate.com\/es\/wp-json\/wp\/v2\/product\/9315","targetHints":{"allow":["GET"]}}],"collection":[{"href":"https:\/\/simchocolate.com\/es\/wp-json\/wp\/v2\/product"}],"about":[{"href":"https:\/\/simchocolate.com\/es\/wp-json\/wp\/v2\/types\/product"}],"replies":[{"embeddable":true,"href":"https:\/\/simchocolate.com\/es\/wp-json\/wp\/v2\/comments?post=9315"}],"wp:featuredmedia":[{"embeddable":true,"href":"https:\/\/simchocolate.com\/es\/wp-json\/wp\/v2\/media\/9323"}],"wp:attachment":[{"href":"https:\/\/simchocolate.com\/es\/wp-json\/wp\/v2\/media?parent=9315"}],"wp:term":[{"taxonomy":"product_brand","embeddable":true,"href":"https:\/\/simchocolate.com\/es\/wp-json\/wp\/v2\/product_brand?post=9315"},{"taxonomy":"product_cat","embeddable":true,"href":"https:\/\/simchocolate.com\/es\/wp-json\/wp\/v2\/product_cat?post=9315"},{"taxonomy":"product_tag","embeddable":true,"href":"https:\/\/simchocolate.com\/es\/wp-json\/wp\/v2\/product_tag?post=9315"}],"curies":[{"name":"wp","href":"https:\/\/api.w.org\/{rel}","templated":true}]}}