{"id":9324,"date":"2024-10-07T08:38:08","date_gmt":"2024-10-07T08:38:08","guid":{"rendered":"https:\/\/simchocolate.com\/produto\/bombones-de-calabaza-de-halloween\/"},"modified":"2024-10-07T08:38:08","modified_gmt":"2024-10-07T08:38:08","slug":"bombones-de-calabaza-de-halloween","status":"publish","type":"product","link":"https:\/\/simchocolate.com\/es\/produto\/bombones-de-calabaza-de-halloween\/","title":{"rendered":"Bombones de calabaza de Halloween"},"content":{"rendered":"<h5 style=\"text-align: left\">Aterradoramente delicioso<\/h5>\n<p style=\"text-align: left\">Nuestra caja de 2 bombones de Halloween con sabor a calabaza es la elecci\u00f3n ideal para quienes desean celebrar estas fiestas de una forma \u00fanica y deliciosa. Cada bomb\u00f3n est\u00e1 meticulosamente elaborado con chocolate de alta calidad y un relleno delicadamente preparado con esencia de calabaza, que proporciona un sabor rico y envolvente. El toque artesanal y el dise\u00f1o tem\u00e1tico de Halloween hacen de estos bombones no s\u00f3lo una explosi\u00f3n de sabor, sino tambi\u00e9n una verdadera obra de arte, perfecta para impresionar y encantar.  <\/p>\n<p style=\"text-align: left\">Tanto si los regalas a tus amigos como si los disfrutas en fiestas, estos bombones son la combinaci\u00f3n perfecta de diversi\u00f3n y sabor. Haz que tu Halloween sea a\u00fan m\u00e1s especial con un toque gourmet. <\/p>\n<p style=\"text-align: left\"><strong>*Mantener a una temperatura entre 16\u00ba &#8211; 20\u00ba grados<\/strong><\/p>\n","protected":false},"excerpt":{"rendered":"<p style=\"text-align: left\">Caja de 2 bombones de calabaza hechos a mano, especiales para Halloween.<\/p>\n","protected":false},"featured_media":9333,"comment_status":"open","ping_status":"closed","template":"","meta":[],"product_brand":[],"product_cat":[190],"product_tag":[],"class_list":{"0":"post-9324","1":"product","2":"type-product","3":"status-publish","4":"has-post-thumbnail","6":"product_cat-todo-el-chocolate","8":"first","9":"outofstock","10":"shipping-taxable","11":"purchasable","12":"product-type-simple"},"yoast_head":"<!-- This site is optimized with the Yoast SEO plugin v27.5 - https:\/\/yoast.com\/product\/yoast-seo-wordpress\/ -->\n<title>Bombones de calabaza de Halloween | S\u00cd Chocolate<\/title>\n<meta name=\"description\" content=\"Caja de 2 bombones de Halloween con sabor a calabaza, perfectos para celebrar la \u00e9poca m\u00e1s espeluznante del a\u00f1o con sabor y diversi\u00f3n.\" \/>\n<meta name=\"robots\" content=\"index, follow, max-snippet:-1, max-image-preview:large, max-video-preview:-1\" \/>\n<link rel=\"canonical\" href=\"https:\/\/simchocolate.com\/es\/produto\/bombones-de-calabaza-de-halloween\/\" \/>\n<meta property=\"og:locale\" content=\"es_ES\" \/>\n<meta property=\"og:type\" content=\"article\" \/>\n<meta property=\"og:title\" content=\"Bombones de calabaza de Halloween | S\u00cd Chocolate\" \/>\n<meta property=\"og:description\" content=\"Caja de 2 bombones de Halloween con sabor a calabaza, perfectos para celebrar la \u00e9poca m\u00e1s espeluznante del a\u00f1o con sabor y diversi\u00f3n.\" \/>\n<meta property=\"og:url\" content=\"https:\/\/simchocolate.com\/es\/produto\/bombones-de-calabaza-de-halloween\/\" \/>\n<meta property=\"og:site_name\" content=\"SIM Chocolate\" \/>\n<meta property=\"article:publisher\" content=\"https:\/\/www.facebook.com\/SimBombons\" \/>\n<meta property=\"og:image\" content=\"https:\/\/simchocolate.com\/wp-content\/uploads\/2024\/10\/bombomabobora1-2-scaled.jpg\" \/>\n\t<meta property=\"og:image:width\" content=\"2560\" \/>\n\t<meta property=\"og:image:height\" content=\"2560\" \/>\n\t<meta property=\"og:image:type\" content=\"image\/jpeg\" \/>\n<meta name=\"twitter:card\" content=\"summary_large_image\" \/>\n<meta name=\"twitter:label1\" content=\"Tiempo de lectura\" \/>\n\t<meta name=\"twitter:data1\" content=\"1 minuto\" \/>\n<script type=\"application\/ld+json\" class=\"yoast-schema-graph\">{\"@context\":\"https:\\\/\\\/schema.org\",\"@graph\":[{\"@type\":\"WebPage\",\"@id\":\"https:\\\/\\\/simchocolate.com\\\/es\\\/produto\\\/bombones-de-calabaza-de-halloween\\\/\",\"url\":\"https:\\\/\\\/simchocolate.com\\\/es\\\/produto\\\/bombones-de-calabaza-de-halloween\\\/\",\"name\":\"Bombones de calabaza de Halloween | S\u00cd Chocolate\",\"isPartOf\":{\"@id\":\"https:\\\/\\\/simchocolate.com\\\/es\\\/#website\"},\"primaryImageOfPage\":{\"@id\":\"https:\\\/\\\/simchocolate.com\\\/es\\\/produto\\\/bombones-de-calabaza-de-halloween\\\/#primaryimage\"},\"image\":{\"@id\":\"https:\\\/\\\/simchocolate.com\\\/es\\\/produto\\\/bombones-de-calabaza-de-halloween\\\/#primaryimage\"},\"thumbnailUrl\":\"https:\\\/\\\/simchocolate.com\\\/wp-content\\\/uploads\\\/2024\\\/10\\\/bombomabobora1-2-scaled.jpg\",\"datePublished\":\"2024-10-07T08:38:08+00:00\",\"description\":\"Caja de 2 bombones de Halloween con sabor a calabaza, perfectos para celebrar la \u00e9poca m\u00e1s espeluznante del a\u00f1o con sabor y diversi\u00f3n.\",\"breadcrumb\":{\"@id\":\"https:\\\/\\\/simchocolate.com\\\/es\\\/produto\\\/bombones-de-calabaza-de-halloween\\\/#breadcrumb\"},\"inLanguage\":\"es\",\"potentialAction\":[{\"@type\":\"ReadAction\",\"target\":[\"https:\\\/\\\/simchocolate.com\\\/es\\\/produto\\\/bombones-de-calabaza-de-halloween\\\/\"]}]},{\"@type\":\"ImageObject\",\"inLanguage\":\"es\",\"@id\":\"https:\\\/\\\/simchocolate.com\\\/es\\\/produto\\\/bombones-de-calabaza-de-halloween\\\/#primaryimage\",\"url\":\"https:\\\/\\\/simchocolate.com\\\/wp-content\\\/uploads\\\/2024\\\/10\\\/bombomabobora1-2-scaled.jpg\",\"contentUrl\":\"https:\\\/\\\/simchocolate.com\\\/wp-content\\\/uploads\\\/2024\\\/10\\\/bombomabobora1-2-scaled.jpg\",\"width\":2560,\"height\":2560,\"caption\":\"2 bombons halloween\"},{\"@type\":\"BreadcrumbList\",\"@id\":\"https:\\\/\\\/simchocolate.com\\\/es\\\/produto\\\/bombones-de-calabaza-de-halloween\\\/#breadcrumb\",\"itemListElement\":[{\"@type\":\"ListItem\",\"position\":1,\"name\":\"In\u00edcio\",\"item\":\"https:\\\/\\\/simchocolate.com\\\/es\\\/\"},{\"@type\":\"ListItem\",\"position\":2,\"name\":\"Productos\",\"item\":\"https:\\\/\\\/simchocolate.com\\\/es\\\/shop\\\/\"},{\"@type\":\"ListItem\",\"position\":3,\"name\":\"Bombones de calabaza de Halloween\"}]},{\"@type\":\"WebSite\",\"@id\":\"https:\\\/\\\/simchocolate.com\\\/es\\\/#website\",\"url\":\"https:\\\/\\\/simchocolate.com\\\/es\\\/\",\"name\":\"SIM Chocolate\",\"description\":\"Do amor incondicional entre uma m\u00e3e e sua filha, nasce a marca SIM Bombons no Natal de 2014\",\"potentialAction\":[{\"@type\":\"SearchAction\",\"target\":{\"@type\":\"EntryPoint\",\"urlTemplate\":\"https:\\\/\\\/simchocolate.com\\\/es\\\/?s={search_term_string}\"},\"query-input\":{\"@type\":\"PropertyValueSpecification\",\"valueRequired\":true,\"valueName\":\"search_term_string\"}}],\"inLanguage\":\"es\"}]}<\/script>\n<!-- \/ Yoast SEO plugin. -->","yoast_head_json":{"title":"Bombones de calabaza de Halloween | S\u00cd Chocolate","description":"Caja de 2 bombones de Halloween con sabor a calabaza, perfectos para celebrar la \u00e9poca m\u00e1s espeluznante del a\u00f1o con sabor y diversi\u00f3n.","robots":{"index":"index","follow":"follow","max-snippet":"max-snippet:-1","max-image-preview":"max-image-preview:large","max-video-preview":"max-video-preview:-1"},"canonical":"https:\/\/simchocolate.com\/es\/produto\/bombones-de-calabaza-de-halloween\/","og_locale":"es_ES","og_type":"article","og_title":"Bombones de calabaza de Halloween | S\u00cd Chocolate","og_description":"Caja de 2 bombones de Halloween con sabor a calabaza, perfectos para celebrar la \u00e9poca m\u00e1s espeluznante del a\u00f1o con sabor y diversi\u00f3n.","og_url":"https:\/\/simchocolate.com\/es\/produto\/bombones-de-calabaza-de-halloween\/","og_site_name":"SIM Chocolate","article_publisher":"https:\/\/www.facebook.com\/SimBombons","og_image":[{"width":2560,"height":2560,"url":"https:\/\/simchocolate.com\/wp-content\/uploads\/2024\/10\/bombomabobora1-2-scaled.jpg","type":"image\/jpeg"}],"twitter_card":"summary_large_image","twitter_misc":{"Tiempo de lectura":"1 minuto"},"schema":{"@context":"https:\/\/schema.org","@graph":[{"@type":"WebPage","@id":"https:\/\/simchocolate.com\/es\/produto\/bombones-de-calabaza-de-halloween\/","url":"https:\/\/simchocolate.com\/es\/produto\/bombones-de-calabaza-de-halloween\/","name":"Bombones de calabaza de Halloween | S\u00cd Chocolate","isPartOf":{"@id":"https:\/\/simchocolate.com\/es\/#website"},"primaryImageOfPage":{"@id":"https:\/\/simchocolate.com\/es\/produto\/bombones-de-calabaza-de-halloween\/#primaryimage"},"image":{"@id":"https:\/\/simchocolate.com\/es\/produto\/bombones-de-calabaza-de-halloween\/#primaryimage"},"thumbnailUrl":"https:\/\/simchocolate.com\/wp-content\/uploads\/2024\/10\/bombomabobora1-2-scaled.jpg","datePublished":"2024-10-07T08:38:08+00:00","description":"Caja de 2 bombones de Halloween con sabor a calabaza, perfectos para celebrar la \u00e9poca m\u00e1s espeluznante del a\u00f1o con sabor y diversi\u00f3n.","breadcrumb":{"@id":"https:\/\/simchocolate.com\/es\/produto\/bombones-de-calabaza-de-halloween\/#breadcrumb"},"inLanguage":"es","potentialAction":[{"@type":"ReadAction","target":["https:\/\/simchocolate.com\/es\/produto\/bombones-de-calabaza-de-halloween\/"]}]},{"@type":"ImageObject","inLanguage":"es","@id":"https:\/\/simchocolate.com\/es\/produto\/bombones-de-calabaza-de-halloween\/#primaryimage","url":"https:\/\/simchocolate.com\/wp-content\/uploads\/2024\/10\/bombomabobora1-2-scaled.jpg","contentUrl":"https:\/\/simchocolate.com\/wp-content\/uploads\/2024\/10\/bombomabobora1-2-scaled.jpg","width":2560,"height":2560,"caption":"2 bombons halloween"},{"@type":"BreadcrumbList","@id":"https:\/\/simchocolate.com\/es\/produto\/bombones-de-calabaza-de-halloween\/#breadcrumb","itemListElement":[{"@type":"ListItem","position":1,"name":"In\u00edcio","item":"https:\/\/simchocolate.com\/es\/"},{"@type":"ListItem","position":2,"name":"Productos","item":"https:\/\/simchocolate.com\/es\/shop\/"},{"@type":"ListItem","position":3,"name":"Bombones de calabaza de Halloween"}]},{"@type":"WebSite","@id":"https:\/\/simchocolate.com\/es\/#website","url":"https:\/\/simchocolate.com\/es\/","name":"SIM Chocolate","description":"Do amor incondicional entre uma m\u00e3e e sua filha, nasce a marca SIM Bombons no Natal de 2014","potentialAction":[{"@type":"SearchAction","target":{"@type":"EntryPoint","urlTemplate":"https:\/\/simchocolate.com\/es\/?s={search_term_string}"},"query-input":{"@type":"PropertyValueSpecification","valueRequired":true,"valueName":"search_term_string"}}],"inLanguage":"es"}]}},"_links":{"self":[{"href":"https:\/\/simchocolate.com\/es\/wp-json\/wp\/v2\/product\/9324","targetHints":{"allow":["GET"]}}],"collection":[{"href":"https:\/\/simchocolate.com\/es\/wp-json\/wp\/v2\/product"}],"about":[{"href":"https:\/\/simchocolate.com\/es\/wp-json\/wp\/v2\/types\/product"}],"replies":[{"embeddable":true,"href":"https:\/\/simchocolate.com\/es\/wp-json\/wp\/v2\/comments?post=9324"}],"wp:featuredmedia":[{"embeddable":true,"href":"https:\/\/simchocolate.com\/es\/wp-json\/wp\/v2\/media\/9333"}],"wp:attachment":[{"href":"https:\/\/simchocolate.com\/es\/wp-json\/wp\/v2\/media?parent=9324"}],"wp:term":[{"taxonomy":"product_brand","embeddable":true,"href":"https:\/\/simchocolate.com\/es\/wp-json\/wp\/v2\/product_brand?post=9324"},{"taxonomy":"product_cat","embeddable":true,"href":"https:\/\/simchocolate.com\/es\/wp-json\/wp\/v2\/product_cat?post=9324"},{"taxonomy":"product_tag","embeddable":true,"href":"https:\/\/simchocolate.com\/es\/wp-json\/wp\/v2\/product_tag?post=9324"}],"curies":[{"name":"wp","href":"https:\/\/api.w.org\/{rel}","templated":true}]}}