{"id":9326,"date":"2024-06-28T15:31:33","date_gmt":"2024-06-28T15:31:33","guid":{"rendered":"https:\/\/simchocolate.com\/produto\/caja-de-4-bombones-de-portugal\/"},"modified":"2024-06-28T15:31:33","modified_gmt":"2024-06-28T15:31:33","slug":"caja-de-4-bombones-de-portugal","status":"publish","type":"product","link":"https:\/\/simchocolate.com\/es\/produto\/caja-de-4-bombones-de-portugal\/","title":{"rendered":"Caja de 4 bombones de Portugal"},"content":{"rendered":"<h5 style=\"text-align: left\"><strong>UNA DULCE CELEBRACI\u00d3N DE NUESTRA PASI\u00d3N<\/strong><\/h5>\n<p style=\"text-align: left\">En honor al vibrante esp\u00edritu de Portugal en la Eurocopa 2024, presentamos nuestra exclusiva caja de 4 bombones tem\u00e1ticos. Estos bombones son algo m\u00e1s que chocolate, son una expresi\u00f3n gourmet del orgullo y la pasi\u00f3n portugueses por el f\u00fatbol. Elaborados con el mejor chocolate de primera calidad y rellenos de delicioso caramelo salado, cada bomb\u00f3n es una fusi\u00f3n perfecta de sabores que deleitan el paladar.  <\/p>\n<p style=\"text-align: left\"><strong>El crujiente exterior del chocolate esconde un coraz\u00f3n de caramelo salado que se deshace en la boca, creando una experiencia sensorial \u00fanica<\/strong>. La combinaci\u00f3n de dulce y salado proporciona un equilibrio armonioso que atrae a todos los amantes del chocolate. Estos bombones no s\u00f3lo son deliciosos, sino tambi\u00e9n una forma elegante y sabrosa de mostrar tu apoyo a la selecci\u00f3n portuguesa.  <\/p>\n<p style=\"text-align: left\">El envoltorio tem\u00e1tico de Portugal a\u00f1ade un toque especial a esta caja, por <strong>lo que es ideal para regalar a amigos, familiares o incluso para mimarte a ti mismo mientras apoyas a Portugal.<\/strong><\/p>\n<p style=\"text-align: left\">Disfruta de la combinaci\u00f3n de sabores y de la emoci\u00f3n del campeonato en cada bomb\u00f3n.  <strong>\u00a1Vamos Portugal!<\/strong><\/p>\n","protected":false},"excerpt":{"rendered":"<p>\u00a1Celebra la Eurocopa 2024 con Bombom de Portugal! Elaborado con el m\u00e1s puro de los chocolates combinado con caramelo salado, este bomb\u00f3n exclusivo ha sido creado para honrar la pasi\u00f3n y la emoci\u00f3n del f\u00fatbol, con especial atenci\u00f3n a la selecci\u00f3n de Portugal. <\/p>\n<p><strong>Cada caja contiene:  <\/strong><\/p>\n<ul>\n<li>4 bombones portugueses rellenos de caramelo salado<\/li>\n<\/ul>\n","protected":false},"featured_media":9334,"comment_status":"open","ping_status":"closed","template":"","meta":[],"product_brand":[],"product_cat":[190],"product_tag":[],"class_list":{"0":"post-9326","1":"product","2":"type-product","3":"status-publish","4":"has-post-thumbnail","6":"product_cat-todo-el-chocolate","7":"edicoes-especial-si","9":"first","10":"outofstock","11":"shipping-taxable","12":"purchasable","13":"product-type-simple"},"yoast_head":"<!-- This site is optimized with the Yoast SEO plugin v27.5 - https:\/\/yoast.com\/product\/yoast-seo-wordpress\/ -->\n<title>Caja de 4 bombones de Portugal - Todo el chocolate - SIM Chocolate<\/title>\n<meta name=\"description\" content=\"\u00a1Celebra la Eurocopa 2024 con Bombom de Portugal! Elaborado con el m\u00e1s puro de los chocolates combinado con caramelo salado, este bomb\u00f3n exclusivo ha sido creado para honrar la pasi\u00f3n y la emoci\u00f3n del f\u00fatbol, con especial atenci\u00f3n a la selecci\u00f3n de Portugal.  Cada caja contiene:   4 bombones portugueses rellenos de caramelo salado\" \/>\n<meta name=\"robots\" content=\"index, follow, max-snippet:-1, max-image-preview:large, max-video-preview:-1\" \/>\n<link rel=\"canonical\" href=\"https:\/\/simchocolate.com\/es\/produto\/caja-de-4-bombones-de-portugal\/\" \/>\n<meta property=\"og:locale\" content=\"es_ES\" \/>\n<meta property=\"og:type\" content=\"article\" \/>\n<meta property=\"og:title\" content=\"Caja de 4 bombones de Portugal - Todo el chocolate - SIM Chocolate\" \/>\n<meta property=\"og:description\" content=\"\u00a1Celebra la Eurocopa 2024 con Bombom de Portugal! Elaborado con el m\u00e1s puro de los chocolates combinado con caramelo salado, este bomb\u00f3n exclusivo ha sido creado para honrar la pasi\u00f3n y la emoci\u00f3n del f\u00fatbol, con especial atenci\u00f3n a la selecci\u00f3n de Portugal.  Cada caja contiene:   4 bombones portugueses rellenos de caramelo salado\" \/>\n<meta property=\"og:url\" content=\"https:\/\/simchocolate.com\/es\/produto\/caja-de-4-bombones-de-portugal\/\" \/>\n<meta property=\"og:site_name\" content=\"SIM Chocolate\" \/>\n<meta property=\"article:publisher\" content=\"https:\/\/www.facebook.com\/SimBombons\" \/>\n<meta property=\"og:image\" content=\"https:\/\/simchocolate.com\/wp-content\/uploads\/2024\/06\/IMG_7426-Photoroom.jpg\" \/>\n\t<meta property=\"og:image:width\" content=\"1280\" \/>\n\t<meta property=\"og:image:height\" content=\"1280\" \/>\n\t<meta property=\"og:image:type\" content=\"image\/jpeg\" \/>\n<meta name=\"twitter:card\" content=\"summary_large_image\" \/>\n<meta name=\"twitter:label1\" content=\"Tiempo de lectura\" \/>\n\t<meta name=\"twitter:data1\" content=\"1 minuto\" \/>\n<script type=\"application\/ld+json\" class=\"yoast-schema-graph\">{\"@context\":\"https:\\\/\\\/schema.org\",\"@graph\":[{\"@type\":\"WebPage\",\"@id\":\"https:\\\/\\\/simchocolate.com\\\/es\\\/produto\\\/caja-de-4-bombones-de-portugal\\\/\",\"url\":\"https:\\\/\\\/simchocolate.com\\\/es\\\/produto\\\/caja-de-4-bombones-de-portugal\\\/\",\"name\":\"Caja de 4 bombones de Portugal - Todo el chocolate - SIM Chocolate\",\"isPartOf\":{\"@id\":\"https:\\\/\\\/simchocolate.com\\\/es\\\/#website\"},\"primaryImageOfPage\":{\"@id\":\"https:\\\/\\\/simchocolate.com\\\/es\\\/produto\\\/caja-de-4-bombones-de-portugal\\\/#primaryimage\"},\"image\":{\"@id\":\"https:\\\/\\\/simchocolate.com\\\/es\\\/produto\\\/caja-de-4-bombones-de-portugal\\\/#primaryimage\"},\"thumbnailUrl\":\"https:\\\/\\\/simchocolate.com\\\/wp-content\\\/uploads\\\/2024\\\/06\\\/IMG_7426-Photoroom.jpg\",\"datePublished\":\"2024-06-28T15:31:33+00:00\",\"description\":\"\u00a1Celebra la Eurocopa 2024 con Bombom de Portugal! Elaborado con el m\u00e1s puro de los chocolates combinado con caramelo salado, este bomb\u00f3n exclusivo ha sido creado para honrar la pasi\u00f3n y la emoci\u00f3n del f\u00fatbol, con especial atenci\u00f3n a la selecci\u00f3n de Portugal. Cada caja contiene: 4 bombones portugueses rellenos de caramelo salado\",\"breadcrumb\":{\"@id\":\"https:\\\/\\\/simchocolate.com\\\/es\\\/produto\\\/caja-de-4-bombones-de-portugal\\\/#breadcrumb\"},\"inLanguage\":\"es\",\"potentialAction\":[{\"@type\":\"ReadAction\",\"target\":[\"https:\\\/\\\/simchocolate.com\\\/es\\\/produto\\\/caja-de-4-bombones-de-portugal\\\/\"]}]},{\"@type\":\"ImageObject\",\"inLanguage\":\"es\",\"@id\":\"https:\\\/\\\/simchocolate.com\\\/es\\\/produto\\\/caja-de-4-bombones-de-portugal\\\/#primaryimage\",\"url\":\"https:\\\/\\\/simchocolate.com\\\/wp-content\\\/uploads\\\/2024\\\/06\\\/IMG_7426-Photoroom.jpg\",\"contentUrl\":\"https:\\\/\\\/simchocolate.com\\\/wp-content\\\/uploads\\\/2024\\\/06\\\/IMG_7426-Photoroom.jpg\",\"width\":1280,\"height\":1280,\"caption\":\"caixa de 4 bombons de portugal\"},{\"@type\":\"BreadcrumbList\",\"@id\":\"https:\\\/\\\/simchocolate.com\\\/es\\\/produto\\\/caja-de-4-bombones-de-portugal\\\/#breadcrumb\",\"itemListElement\":[{\"@type\":\"ListItem\",\"position\":1,\"name\":\"In\u00edcio\",\"item\":\"https:\\\/\\\/simchocolate.com\\\/es\\\/\"},{\"@type\":\"ListItem\",\"position\":2,\"name\":\"Productos\",\"item\":\"https:\\\/\\\/simchocolate.com\\\/es\\\/shop\\\/\"},{\"@type\":\"ListItem\",\"position\":3,\"name\":\"Caja de 4 bombones de Portugal\"}]},{\"@type\":\"WebSite\",\"@id\":\"https:\\\/\\\/simchocolate.com\\\/es\\\/#website\",\"url\":\"https:\\\/\\\/simchocolate.com\\\/es\\\/\",\"name\":\"SIM Chocolate\",\"description\":\"Do amor incondicional entre uma m\u00e3e e sua filha, nasce a marca SIM Bombons no Natal de 2014\",\"potentialAction\":[{\"@type\":\"SearchAction\",\"target\":{\"@type\":\"EntryPoint\",\"urlTemplate\":\"https:\\\/\\\/simchocolate.com\\\/es\\\/?s={search_term_string}\"},\"query-input\":{\"@type\":\"PropertyValueSpecification\",\"valueRequired\":true,\"valueName\":\"search_term_string\"}}],\"inLanguage\":\"es\"}]}<\/script>\n<!-- \/ Yoast SEO plugin. -->","yoast_head_json":{"title":"Caja de 4 bombones de Portugal - Todo el chocolate - SIM Chocolate","description":"\u00a1Celebra la Eurocopa 2024 con Bombom de Portugal! Elaborado con el m\u00e1s puro de los chocolates combinado con caramelo salado, este bomb\u00f3n exclusivo ha sido creado para honrar la pasi\u00f3n y la emoci\u00f3n del f\u00fatbol, con especial atenci\u00f3n a la selecci\u00f3n de Portugal.  Cada caja contiene:   4 bombones portugueses rellenos de caramelo salado","robots":{"index":"index","follow":"follow","max-snippet":"max-snippet:-1","max-image-preview":"max-image-preview:large","max-video-preview":"max-video-preview:-1"},"canonical":"https:\/\/simchocolate.com\/es\/produto\/caja-de-4-bombones-de-portugal\/","og_locale":"es_ES","og_type":"article","og_title":"Caja de 4 bombones de Portugal - Todo el chocolate - SIM Chocolate","og_description":"\u00a1Celebra la Eurocopa 2024 con Bombom de Portugal! Elaborado con el m\u00e1s puro de los chocolates combinado con caramelo salado, este bomb\u00f3n exclusivo ha sido creado para honrar la pasi\u00f3n y la emoci\u00f3n del f\u00fatbol, con especial atenci\u00f3n a la selecci\u00f3n de Portugal.  Cada caja contiene:   4 bombones portugueses rellenos de caramelo salado","og_url":"https:\/\/simchocolate.com\/es\/produto\/caja-de-4-bombones-de-portugal\/","og_site_name":"SIM Chocolate","article_publisher":"https:\/\/www.facebook.com\/SimBombons","og_image":[{"width":1280,"height":1280,"url":"https:\/\/simchocolate.com\/wp-content\/uploads\/2024\/06\/IMG_7426-Photoroom.jpg","type":"image\/jpeg"}],"twitter_card":"summary_large_image","twitter_misc":{"Tiempo de lectura":"1 minuto"},"schema":{"@context":"https:\/\/schema.org","@graph":[{"@type":"WebPage","@id":"https:\/\/simchocolate.com\/es\/produto\/caja-de-4-bombones-de-portugal\/","url":"https:\/\/simchocolate.com\/es\/produto\/caja-de-4-bombones-de-portugal\/","name":"Caja de 4 bombones de Portugal - Todo el chocolate - SIM Chocolate","isPartOf":{"@id":"https:\/\/simchocolate.com\/es\/#website"},"primaryImageOfPage":{"@id":"https:\/\/simchocolate.com\/es\/produto\/caja-de-4-bombones-de-portugal\/#primaryimage"},"image":{"@id":"https:\/\/simchocolate.com\/es\/produto\/caja-de-4-bombones-de-portugal\/#primaryimage"},"thumbnailUrl":"https:\/\/simchocolate.com\/wp-content\/uploads\/2024\/06\/IMG_7426-Photoroom.jpg","datePublished":"2024-06-28T15:31:33+00:00","description":"\u00a1Celebra la Eurocopa 2024 con Bombom de Portugal! Elaborado con el m\u00e1s puro de los chocolates combinado con caramelo salado, este bomb\u00f3n exclusivo ha sido creado para honrar la pasi\u00f3n y la emoci\u00f3n del f\u00fatbol, con especial atenci\u00f3n a la selecci\u00f3n de Portugal. Cada caja contiene: 4 bombones portugueses rellenos de caramelo salado","breadcrumb":{"@id":"https:\/\/simchocolate.com\/es\/produto\/caja-de-4-bombones-de-portugal\/#breadcrumb"},"inLanguage":"es","potentialAction":[{"@type":"ReadAction","target":["https:\/\/simchocolate.com\/es\/produto\/caja-de-4-bombones-de-portugal\/"]}]},{"@type":"ImageObject","inLanguage":"es","@id":"https:\/\/simchocolate.com\/es\/produto\/caja-de-4-bombones-de-portugal\/#primaryimage","url":"https:\/\/simchocolate.com\/wp-content\/uploads\/2024\/06\/IMG_7426-Photoroom.jpg","contentUrl":"https:\/\/simchocolate.com\/wp-content\/uploads\/2024\/06\/IMG_7426-Photoroom.jpg","width":1280,"height":1280,"caption":"caixa de 4 bombons de portugal"},{"@type":"BreadcrumbList","@id":"https:\/\/simchocolate.com\/es\/produto\/caja-de-4-bombones-de-portugal\/#breadcrumb","itemListElement":[{"@type":"ListItem","position":1,"name":"In\u00edcio","item":"https:\/\/simchocolate.com\/es\/"},{"@type":"ListItem","position":2,"name":"Productos","item":"https:\/\/simchocolate.com\/es\/shop\/"},{"@type":"ListItem","position":3,"name":"Caja de 4 bombones de Portugal"}]},{"@type":"WebSite","@id":"https:\/\/simchocolate.com\/es\/#website","url":"https:\/\/simchocolate.com\/es\/","name":"SIM Chocolate","description":"Do amor incondicional entre uma m\u00e3e e sua filha, nasce a marca SIM Bombons no Natal de 2014","potentialAction":[{"@type":"SearchAction","target":{"@type":"EntryPoint","urlTemplate":"https:\/\/simchocolate.com\/es\/?s={search_term_string}"},"query-input":{"@type":"PropertyValueSpecification","valueRequired":true,"valueName":"search_term_string"}}],"inLanguage":"es"}]}},"_links":{"self":[{"href":"https:\/\/simchocolate.com\/es\/wp-json\/wp\/v2\/product\/9326","targetHints":{"allow":["GET"]}}],"collection":[{"href":"https:\/\/simchocolate.com\/es\/wp-json\/wp\/v2\/product"}],"about":[{"href":"https:\/\/simchocolate.com\/es\/wp-json\/wp\/v2\/types\/product"}],"replies":[{"embeddable":true,"href":"https:\/\/simchocolate.com\/es\/wp-json\/wp\/v2\/comments?post=9326"}],"wp:featuredmedia":[{"embeddable":true,"href":"https:\/\/simchocolate.com\/es\/wp-json\/wp\/v2\/media\/9334"}],"wp:attachment":[{"href":"https:\/\/simchocolate.com\/es\/wp-json\/wp\/v2\/media?parent=9326"}],"wp:term":[{"taxonomy":"product_brand","embeddable":true,"href":"https:\/\/simchocolate.com\/es\/wp-json\/wp\/v2\/product_brand?post=9326"},{"taxonomy":"product_cat","embeddable":true,"href":"https:\/\/simchocolate.com\/es\/wp-json\/wp\/v2\/product_cat?post=9326"},{"taxonomy":"product_tag","embeddable":true,"href":"https:\/\/simchocolate.com\/es\/wp-json\/wp\/v2\/product_tag?post=9326"}],"curies":[{"name":"wp","href":"https:\/\/api.w.org\/{rel}","templated":true}]}}