{"id":9352,"date":"2024-06-12T14:49:42","date_gmt":"2024-06-12T14:49:42","guid":{"rendered":"https:\/\/simchocolate.com\/produto\/lote-de-2-trufas-gourmet-de-caramelo-y-oporto\/"},"modified":"2024-06-12T14:49:42","modified_gmt":"2024-06-12T14:49:42","slug":"lote-de-2-trufas-gourmet-de-caramelo-y-oporto","status":"publish","type":"product","link":"https:\/\/simchocolate.com\/es\/produto\/lote-de-2-trufas-gourmet-de-caramelo-y-oporto\/","title":{"rendered":"Lote de 2 &#8211; Trufas Gourmet de Caramelo y Oporto"},"content":{"rendered":"<div class=\"flex flex-grow flex-col max-w-full\">\n<div class=\"min-h-[20px] text-message flex flex-col items-start whitespace-pre-wrap break-words [.text-message+&amp;]:mt-5 juice:w-full juice:items-end overflow-x-auto gap-2\" dir=\"auto\" data-message-author-role=\"assistant\" data-message-id=\"dc991305-aa50-495e-83fa-5c4798160882\">\n<div class=\"flex w-full flex-col gap-1 juice:empty:hidden juice:first:pt-[3px]\">\n<div class=\"markdown prose w-full break-words dark:prose-invert dark\">\n<h3><strong>Trufas de caramelo<\/strong><\/h3>\n<\/div>\n<\/div>\n<\/div>\n<\/div>\n<p>Del\u00e9itate con nuestras trufas de caramelo, donde la cremosa suavidad del caramelo se une a la riqueza del chocolate de primera calidad. Cada trufa est\u00e1 hecha a mano para garantizar una textura suave y un sabor dulce y reconfortante que se deshace en la boca. Elaboradas con los mejores ingredientes, estas trufas no son s\u00f3lo chocolate, sino una aut\u00e9ntica experiencia gourmet. El caramelo, preparado cuidadosamente para alcanzar el punto perfecto de cremosidad, se envuelve en una capa de chocolate de alta calidad, proporcionando un contraste de texturas y sabores que deleita el paladar.   <\/p>\n<p>&nbsp;<\/p>\n<h3><strong>Trufas de vino de Oporto<\/strong><\/h3>\n<p>Descubre la elegancia de nuestras trufas de vino de Oporto, una armoniosa combinaci\u00f3n de chocolate refinado y el sabor con cuerpo del vino de Oporto. Cada trufa es una obra maestra que ofrece una experiencia de sabor profunda y compleja, con notas afrutadas y un toque de robustez que s\u00f3lo el vino de Oporto puede proporcionar. Elaboradas con chocolate negro de alta calidad y un delicado toque de vino de Oporto, estas trufas son una celebraci\u00f3n de lo mejor del chocolate gourmet. Cada bocado revela la complejidad y crea una experiencia sensorial \u00fanica que lleva al degustador a un viaje de sabores.   <\/p>\n<p>&nbsp;<\/p>\n<h3><strong>El regalo ideal<\/strong><\/h3>\n<p>Este pack de dos cajas es la elecci\u00f3n perfecta para regalo o para saborear en ocasiones especiales. Cada caja contiene una cuidada selecci\u00f3n de trufas de caramelo y trufas de vino de Oporto, que proporcionan una experiencia \u00fanica a los amantes del chocolate. Las trufas de caramelo encantan con su cremoso dulzor, mientras que las trufas de vino de Oporto ofrecen una sofisticada profundidad de sabor. Tanto si celebras una ocasi\u00f3n especial, como un cumplea\u00f1os o Nochevieja, como si simplemente las saboreas a diario, nuestras trufas prometen complacer incluso a los paladares m\u00e1s exigentes.   <\/p>\n<p>&nbsp;<\/p>\n<h3><strong>Conservar trufas de caramelo y vino de Oporto<\/strong><\/h3>\n<p>Para que disfrutes de la mejor calidad y sabor de nuestras trufas, es esencial seguir algunas pautas de conservaci\u00f3n. Aqu\u00ed tienes las instrucciones detalladas para mantener tus trufas en las mejores condiciones: <\/p>\n<h4>Almacenamiento ideal<\/h4>\n<ul>\n<li><strong>Temperatura<\/strong>: Almacena las trufas en un lugar fresco y seco, con una temperatura de entre 16\u00baC y 20\u00baC. Evita la exposici\u00f3n directa al sol o a fuentes de calor. <\/li>\n<li><strong>Humedad<\/strong>: Mant\u00e9n las trufas en un ambiente con poca humedad para evitar que absorban demasiada humedad y pierdan su textura y sabor.<\/li>\n<li>Congelaci\u00f3n<strong>: <\/strong>Tambi\u00e9n puedes congelar nuestras trufas para disfrutarlas en los calurosos d\u00edas de verano.<\/li>\n<\/ul>\n<h4>Envases<\/h4>\n<ul>\n<li><strong>Envase original<\/strong>: Conserva siempre las trufas en su envase original, que est\u00e1 dise\u00f1ado para proteger el chocolate de factores externos y conservar su frescura.<\/li>\n<li><strong>Envase herm\u00e9tico<\/strong>: Si tienes que pasar las trufas a otro recipiente, aseg\u00farate de que sea herm\u00e9tico para evitar que absorba olores y humedad del ambiente.<\/li>\n<\/ul>\n<p>&nbsp;<\/p>\n","protected":false},"excerpt":{"rendered":"<p>Descubre una combinaci\u00f3n de placeres con nuestras Trufas de Caramelo en un maridaje perfecto con las Trufas de Vino de Oporto.<\/p>\n<p><strong>Cada envase contiene  <\/strong><\/p>\n<ul>\n<li>7 Trufas de vino de Oporto<\/li>\n<li>7 Trufas de caramelo<\/li>\n<\/ul>\n","protected":false},"featured_media":9359,"comment_status":"open","ping_status":"closed","template":"","meta":[],"product_brand":[],"product_cat":[191],"product_tag":[],"class_list":{"0":"post-9352","1":"product","2":"type-product","3":"status-publish","4":"has-post-thumbnail","6":"product_cat-trufas","7":"edicoes-especial-si","9":"first","10":"outofstock","11":"sale","12":"shipping-taxable","13":"purchasable","14":"product-type-simple"},"yoast_head":"<!-- This site is optimized with the Yoast SEO plugin v27.5 - https:\/\/yoast.com\/product\/yoast-seo-wordpress\/ -->\n<title>SIM Chocolate<\/title>\n<meta name=\"description\" content=\"Descubre una combinaci\u00f3n de placeres con nuestras Trufas de Caramelo en un maridaje perfecto con las Trufas de Vino de Oporto. Cada envase contiene   7 Trufas de vino de Oporto  7 Trufas de caramelo\" \/>\n<meta name=\"robots\" content=\"index, follow, max-snippet:-1, max-image-preview:large, max-video-preview:-1\" \/>\n<link rel=\"canonical\" href=\"https:\/\/simchocolate.com\/es\/produto\/lote-de-2-trufas-gourmet-de-caramelo-y-oporto\/\" \/>\n<meta property=\"og:locale\" content=\"es_ES\" \/>\n<meta property=\"og:type\" content=\"article\" \/>\n<meta property=\"og:description\" content=\"Descubre una combinaci\u00f3n de placeres con nuestras Trufas de Caramelo en un maridaje perfecto con las Trufas de Vino de Oporto. Cada envase contiene   7 Trufas de vino de Oporto  7 Trufas de caramelo\" \/>\n<meta property=\"og:url\" content=\"https:\/\/simchocolate.com\/es\/produto\/lote-de-2-trufas-gourmet-de-caramelo-y-oporto\/\" \/>\n<meta property=\"og:site_name\" content=\"SIM Chocolate\" \/>\n<meta property=\"article:publisher\" content=\"https:\/\/www.facebook.com\/SimBombons\" \/>\n<meta property=\"og:image\" content=\"https:\/\/simchocolate.com\/wp-content\/uploads\/2024\/06\/BX0061.jpg\" \/>\n\t<meta property=\"og:image:width\" content=\"1150\" \/>\n\t<meta property=\"og:image:height\" content=\"1150\" \/>\n\t<meta property=\"og:image:type\" content=\"image\/jpeg\" \/>\n<meta name=\"twitter:card\" content=\"summary_large_image\" \/>\n<meta name=\"twitter:label1\" content=\"Tiempo de lectura\" \/>\n\t<meta name=\"twitter:data1\" content=\"2 minutos\" \/>\n<script type=\"application\/ld+json\" class=\"yoast-schema-graph\">{\"@context\":\"https:\\\/\\\/schema.org\",\"@graph\":[{\"@type\":\"WebPage\",\"@id\":\"https:\\\/\\\/simchocolate.com\\\/es\\\/produto\\\/lote-de-2-trufas-gourmet-de-caramelo-y-oporto\\\/\",\"url\":\"https:\\\/\\\/simchocolate.com\\\/es\\\/produto\\\/lote-de-2-trufas-gourmet-de-caramelo-y-oporto\\\/\",\"name\":\"\",\"isPartOf\":{\"@id\":\"https:\\\/\\\/simchocolate.com\\\/es\\\/#website\"},\"primaryImageOfPage\":{\"@id\":\"https:\\\/\\\/simchocolate.com\\\/es\\\/produto\\\/lote-de-2-trufas-gourmet-de-caramelo-y-oporto\\\/#primaryimage\"},\"image\":{\"@id\":\"https:\\\/\\\/simchocolate.com\\\/es\\\/produto\\\/lote-de-2-trufas-gourmet-de-caramelo-y-oporto\\\/#primaryimage\"},\"thumbnailUrl\":\"https:\\\/\\\/simchocolate.com\\\/wp-content\\\/uploads\\\/2024\\\/06\\\/BX0061.jpg\",\"datePublished\":\"2024-06-12T14:49:42+00:00\",\"description\":\"Descubre una combinaci\u00f3n de placeres con nuestras Trufas de Caramelo en un maridaje perfecto con las Trufas de Vino de Oporto. Cada envase contiene 7 Trufas de vino de Oporto 7 Trufas de caramelo\",\"breadcrumb\":{\"@id\":\"https:\\\/\\\/simchocolate.com\\\/es\\\/produto\\\/lote-de-2-trufas-gourmet-de-caramelo-y-oporto\\\/#breadcrumb\"},\"inLanguage\":\"es\",\"potentialAction\":[{\"@type\":\"ReadAction\",\"target\":[\"https:\\\/\\\/simchocolate.com\\\/es\\\/produto\\\/lote-de-2-trufas-gourmet-de-caramelo-y-oporto\\\/\"]}]},{\"@type\":\"ImageObject\",\"inLanguage\":\"es\",\"@id\":\"https:\\\/\\\/simchocolate.com\\\/es\\\/produto\\\/lote-de-2-trufas-gourmet-de-caramelo-y-oporto\\\/#primaryimage\",\"url\":\"https:\\\/\\\/simchocolate.com\\\/wp-content\\\/uploads\\\/2024\\\/06\\\/BX0061.jpg\",\"contentUrl\":\"https:\\\/\\\/simchocolate.com\\\/wp-content\\\/uploads\\\/2024\\\/06\\\/BX0061.jpg\",\"width\":1150,\"height\":1150,\"caption\":\"pack box trufas de caramelo e trufas vinho do porto\"},{\"@type\":\"BreadcrumbList\",\"@id\":\"https:\\\/\\\/simchocolate.com\\\/es\\\/produto\\\/lote-de-2-trufas-gourmet-de-caramelo-y-oporto\\\/#breadcrumb\",\"itemListElement\":[{\"@type\":\"ListItem\",\"position\":1,\"name\":\"In\u00edcio\",\"item\":\"https:\\\/\\\/simchocolate.com\\\/es\\\/\"},{\"@type\":\"ListItem\",\"position\":2,\"name\":\"Productos\",\"item\":\"https:\\\/\\\/simchocolate.com\\\/es\\\/shop\\\/\"},{\"@type\":\"ListItem\",\"position\":3,\"name\":\"Lote de 2 &#8211; Trufas Gourmet de Caramelo y Oporto\"}]},{\"@type\":\"WebSite\",\"@id\":\"https:\\\/\\\/simchocolate.com\\\/es\\\/#website\",\"url\":\"https:\\\/\\\/simchocolate.com\\\/es\\\/\",\"name\":\"SIM Chocolate\",\"description\":\"Do amor incondicional entre uma m\u00e3e e sua filha, nasce a marca SIM Bombons no Natal de 2014\",\"potentialAction\":[{\"@type\":\"SearchAction\",\"target\":{\"@type\":\"EntryPoint\",\"urlTemplate\":\"https:\\\/\\\/simchocolate.com\\\/es\\\/?s={search_term_string}\"},\"query-input\":{\"@type\":\"PropertyValueSpecification\",\"valueRequired\":true,\"valueName\":\"search_term_string\"}}],\"inLanguage\":\"es\"}]}<\/script>\n<!-- \/ Yoast SEO plugin. -->","yoast_head_json":{"title":"SIM Chocolate","description":"Descubre una combinaci\u00f3n de placeres con nuestras Trufas de Caramelo en un maridaje perfecto con las Trufas de Vino de Oporto. Cada envase contiene   7 Trufas de vino de Oporto  7 Trufas de caramelo","robots":{"index":"index","follow":"follow","max-snippet":"max-snippet:-1","max-image-preview":"max-image-preview:large","max-video-preview":"max-video-preview:-1"},"canonical":"https:\/\/simchocolate.com\/es\/produto\/lote-de-2-trufas-gourmet-de-caramelo-y-oporto\/","og_locale":"es_ES","og_type":"article","og_description":"Descubre una combinaci\u00f3n de placeres con nuestras Trufas de Caramelo en un maridaje perfecto con las Trufas de Vino de Oporto. Cada envase contiene   7 Trufas de vino de Oporto  7 Trufas de caramelo","og_url":"https:\/\/simchocolate.com\/es\/produto\/lote-de-2-trufas-gourmet-de-caramelo-y-oporto\/","og_site_name":"SIM Chocolate","article_publisher":"https:\/\/www.facebook.com\/SimBombons","og_image":[{"width":1150,"height":1150,"url":"https:\/\/simchocolate.com\/wp-content\/uploads\/2024\/06\/BX0061.jpg","type":"image\/jpeg"}],"twitter_card":"summary_large_image","twitter_misc":{"Tiempo de lectura":"2 minutos"},"schema":{"@context":"https:\/\/schema.org","@graph":[{"@type":"WebPage","@id":"https:\/\/simchocolate.com\/es\/produto\/lote-de-2-trufas-gourmet-de-caramelo-y-oporto\/","url":"https:\/\/simchocolate.com\/es\/produto\/lote-de-2-trufas-gourmet-de-caramelo-y-oporto\/","name":"","isPartOf":{"@id":"https:\/\/simchocolate.com\/es\/#website"},"primaryImageOfPage":{"@id":"https:\/\/simchocolate.com\/es\/produto\/lote-de-2-trufas-gourmet-de-caramelo-y-oporto\/#primaryimage"},"image":{"@id":"https:\/\/simchocolate.com\/es\/produto\/lote-de-2-trufas-gourmet-de-caramelo-y-oporto\/#primaryimage"},"thumbnailUrl":"https:\/\/simchocolate.com\/wp-content\/uploads\/2024\/06\/BX0061.jpg","datePublished":"2024-06-12T14:49:42+00:00","description":"Descubre una combinaci\u00f3n de placeres con nuestras Trufas de Caramelo en un maridaje perfecto con las Trufas de Vino de Oporto. Cada envase contiene 7 Trufas de vino de Oporto 7 Trufas de caramelo","breadcrumb":{"@id":"https:\/\/simchocolate.com\/es\/produto\/lote-de-2-trufas-gourmet-de-caramelo-y-oporto\/#breadcrumb"},"inLanguage":"es","potentialAction":[{"@type":"ReadAction","target":["https:\/\/simchocolate.com\/es\/produto\/lote-de-2-trufas-gourmet-de-caramelo-y-oporto\/"]}]},{"@type":"ImageObject","inLanguage":"es","@id":"https:\/\/simchocolate.com\/es\/produto\/lote-de-2-trufas-gourmet-de-caramelo-y-oporto\/#primaryimage","url":"https:\/\/simchocolate.com\/wp-content\/uploads\/2024\/06\/BX0061.jpg","contentUrl":"https:\/\/simchocolate.com\/wp-content\/uploads\/2024\/06\/BX0061.jpg","width":1150,"height":1150,"caption":"pack box trufas de caramelo e trufas vinho do porto"},{"@type":"BreadcrumbList","@id":"https:\/\/simchocolate.com\/es\/produto\/lote-de-2-trufas-gourmet-de-caramelo-y-oporto\/#breadcrumb","itemListElement":[{"@type":"ListItem","position":1,"name":"In\u00edcio","item":"https:\/\/simchocolate.com\/es\/"},{"@type":"ListItem","position":2,"name":"Productos","item":"https:\/\/simchocolate.com\/es\/shop\/"},{"@type":"ListItem","position":3,"name":"Lote de 2 &#8211; Trufas Gourmet de Caramelo y Oporto"}]},{"@type":"WebSite","@id":"https:\/\/simchocolate.com\/es\/#website","url":"https:\/\/simchocolate.com\/es\/","name":"SIM Chocolate","description":"Do amor incondicional entre uma m\u00e3e e sua filha, nasce a marca SIM Bombons no Natal de 2014","potentialAction":[{"@type":"SearchAction","target":{"@type":"EntryPoint","urlTemplate":"https:\/\/simchocolate.com\/es\/?s={search_term_string}"},"query-input":{"@type":"PropertyValueSpecification","valueRequired":true,"valueName":"search_term_string"}}],"inLanguage":"es"}]}},"_links":{"self":[{"href":"https:\/\/simchocolate.com\/es\/wp-json\/wp\/v2\/product\/9352","targetHints":{"allow":["GET"]}}],"collection":[{"href":"https:\/\/simchocolate.com\/es\/wp-json\/wp\/v2\/product"}],"about":[{"href":"https:\/\/simchocolate.com\/es\/wp-json\/wp\/v2\/types\/product"}],"replies":[{"embeddable":true,"href":"https:\/\/simchocolate.com\/es\/wp-json\/wp\/v2\/comments?post=9352"}],"wp:featuredmedia":[{"embeddable":true,"href":"https:\/\/simchocolate.com\/es\/wp-json\/wp\/v2\/media\/9359"}],"wp:attachment":[{"href":"https:\/\/simchocolate.com\/es\/wp-json\/wp\/v2\/media?parent=9352"}],"wp:term":[{"taxonomy":"product_brand","embeddable":true,"href":"https:\/\/simchocolate.com\/es\/wp-json\/wp\/v2\/product_brand?post=9352"},{"taxonomy":"product_cat","embeddable":true,"href":"https:\/\/simchocolate.com\/es\/wp-json\/wp\/v2\/product_cat?post=9352"},{"taxonomy":"product_tag","embeddable":true,"href":"https:\/\/simchocolate.com\/es\/wp-json\/wp\/v2\/product_tag?post=9352"}],"curies":[{"name":"wp","href":"https:\/\/api.w.org\/{rel}","templated":true}]}}