{"id":9353,"date":"2024-06-12T09:16:24","date_gmt":"2024-06-12T09:16:24","guid":{"rendered":"https:\/\/simchocolate.com\/produto\/pack-de-2-trufas-de-caramelo-y-vino-espumoso\/"},"modified":"2024-06-12T09:16:24","modified_gmt":"2024-06-12T09:16:24","slug":"pack-de-2-trufas-de-caramelo-y-vino-espumoso","status":"publish","type":"product","link":"https:\/\/simchocolate.com\/es\/produto\/pack-de-2-trufas-de-caramelo-y-vino-espumoso\/","title":{"rendered":"Pack de 2 &#8211; Trufas de Caramelo y Vino Espumoso"},"content":{"rendered":"<h3><strong>TRUFAS DE CHOCOLATE<\/strong><\/h3>\n<p>Del\u00e9itate con nuestras trufas de chocolate, donde la riqueza y profundidad del chocolate de primera calidad se unen a una textura sedosa y un sabor irresistible. Cada trufa se elabora artesanalmente para garantizar una aut\u00e9ntica experiencia gourmet. Elaboradas con los mejores ingredientes, estas trufas ofrecen una explosi\u00f3n de sabores que se deshacen en la boca, deleitando el paladar y proporcionando un momento de pura satisfacci\u00f3n.  <\/p>\n<h3><\/h3>\n<h3><strong>TRUFAS DE VINO ESPUMOSO<\/strong><\/h3>\n<p>Descubre la elegancia de nuestras trufas de vino espumoso, una sofisticada combinaci\u00f3n de chocolate refinado y el toque efervescente del vino espumoso. Cada trufa es una obra maestra que ofrece una experiencia gustativa \u00fanica, con notas frescas y afrutadas que armonizan perfectamente con la intensidad del chocolate. Elaboradas con chocolate negro de alta calidad y un delicado toque de vino espumoso, estas maravillosas golosinas son una celebraci\u00f3n de lo mejor del chocolate gourmet.  <\/p>\n<p>&nbsp;<\/p>\n<h3><strong>Caliente y fr\u00edo<\/strong><\/h3>\n<p>Descubre la combinaci\u00f3n perfecta de suave caramelo y vibrante vino espumoso con nuestras Trufas Calientes y Fr\u00edas de Caramelo y Vino Espumoso. Estas trufas gourmet ofrecen una experiencia \u00fanica y vers\u00e1til que se puede disfrutar de dos maneras: <\/p>\n<ul>\n<li><strong>Cali\u00e9ntalas:<\/strong> Disfruta de una experiencia reconfortante calentando ligeramente las trufas, realzando la cremosidad del caramelo y la efervescencia del vino espumoso.<\/li>\n<li><strong>Congeladas:<\/strong> Para una experiencia refrescante, congela las trufas y disfruta del crujido inicial y el toque helado, seguidos de la deliciosa fusi\u00f3n de sabores.<\/li>\n<\/ul>\n<p>Elijas lo que elijas para saborearlas, nuestras trufas prometen una explosi\u00f3n de sabor y una experiencia sensorial \u00fanica.<\/p>\n<h3><\/h3>\n<h3><strong>EL REGALO IDEAL  <\/strong><\/h3>\n<p>Este pack de dos cajas es la elecci\u00f3n perfecta como regalo o para saborear en ocasiones especiales. Cada caja contiene una cuidada selecci\u00f3n de trufas de chocolate y trufas de vino espumoso, que proporcionan una experiencia \u00fanica a los amantes del chocolate de primera calidad. Las trufas de chocolate encantan por su riqueza y profundidad, mientras que las trufas de vino espumoso ofrecen una frescura y sofisticaci\u00f3n inigualables. Tanto si celebras una ocasi\u00f3n especial, como cumplea\u00f1os o vacaciones, como si simplemente las disfrutas a diario, nuestras trufas prometen complacer incluso a los paladares m\u00e1s exigentes.   <\/p>\n<h3><\/h3>\n<h3><strong>ALMACENAMIENTO DE TRUFAS DE CHOCOLATE Y ESPUMOSOS<\/strong><\/h3>\n<p>Para que disfrutes de la mejor calidad y sabor de nuestras trufas, es esencial seguir algunas pautas de conservaci\u00f3n. Aqu\u00ed tienes las instrucciones detalladas para mantener tus trufas en las mejores condiciones: <\/p>\n<h4><\/h4>\n<h4>ALMACENAMIENTO \u00d3PTIMO<\/h4>\n<ul>\n<li><strong>Temperatura:<\/strong> Almacena las trufas en un lugar fresco y seco, con una temperatura de entre 16\u00b0C y 20\u00b0C. Evita la exposici\u00f3n directa al sol o a fuentes de calor. <\/li>\n<li><strong>Humedad:<\/strong> Mant\u00e9n las trufas en un ambiente con poca humedad para evitar que absorban demasiada humedad y pierdan su textura y sabor.<\/li>\n<li>Congelaci\u00f3n<strong>:<\/strong> Tambi\u00e9n puedes congelar nuestras trufas para disfrutarlas en los calurosos d\u00edas de verano.<\/li>\n<\/ul>\n<h4><\/h4>\n<h4>EMBALAJE<\/h4>\n<ul>\n<li><strong>Envase original:<\/strong> Conserva las trufas en su envase original, que est\u00e1 dise\u00f1ado para proteger el chocolate de factores externos y conservar su frescura.<\/li>\n<li><strong>Envase herm\u00e9tico:<\/strong> Si tienes que trasladar las trufas a otro recipiente, aseg\u00farate de que sea herm\u00e9tico para evitar que absorba olores y humedad del ambiente.<\/li>\n<\/ul>\n","protected":false},"excerpt":{"rendered":"<p>Descubre una combinaci\u00f3n de placeres con nuestras Trufas de Vino Espumoso, perfectamente maridadas con Trufas de Chocolate.<\/p>\n<p>&nbsp;<\/p>\n<p><strong style=\"letter-spacing: 0.01em\">Cada envase contiene  <\/strong><\/p>\n<div class=\"woocommerce-product-details__short-description\">\n<ul>\n<li>7 Trufas de chocolate<\/li>\n<li>7 Trufas de vino espumoso<\/li>\n<\/ul>\n<\/div>\n","protected":false},"featured_media":9360,"comment_status":"open","ping_status":"closed","template":"","meta":[],"product_brand":[],"product_cat":[191],"product_tag":[],"class_list":{"0":"post-9353","1":"product","2":"type-product","3":"status-publish","4":"has-post-thumbnail","6":"product_cat-trufas","7":"edicoes-con-alcohol","9":"first","10":"instock","11":"shipping-taxable","12":"purchasable","13":"product-type-simple"},"yoast_head":"<!-- This site is optimized with the Yoast SEO plugin v27.2 - https:\/\/yoast.com\/product\/yoast-seo-wordpress\/ -->\n<title>SIM Chocolate<\/title>\n<meta name=\"description\" content=\"Descubre una combinaci\u00f3n de placeres con nuestras Trufas de Vino Espumoso, perfectamente maridadas con Trufas de Chocolate. &nbsp; Cada envase contiene    7 Trufas de chocolate  7 Trufas de vino espumoso\" \/>\n<meta name=\"robots\" content=\"index, follow, max-snippet:-1, max-image-preview:large, max-video-preview:-1\" \/>\n<link rel=\"canonical\" href=\"https:\/\/simchocolate.com\/es\/produto\/pack-de-2-trufas-de-caramelo-y-vino-espumoso\/\" \/>\n<meta property=\"og:locale\" content=\"es_ES\" \/>\n<meta property=\"og:type\" content=\"article\" \/>\n<meta property=\"og:description\" content=\"Descubre una combinaci\u00f3n de placeres con nuestras Trufas de Vino Espumoso, perfectamente maridadas con Trufas de Chocolate. &nbsp; Cada envase contiene    7 Trufas de chocolate  7 Trufas de vino espumoso\" \/>\n<meta property=\"og:url\" content=\"https:\/\/simchocolate.com\/es\/produto\/pack-de-2-trufas-de-caramelo-y-vino-espumoso\/\" \/>\n<meta property=\"og:site_name\" content=\"SIM Chocolate\" \/>\n<meta property=\"article:publisher\" content=\"https:\/\/www.facebook.com\/SimBombons\" \/>\n<meta property=\"og:image\" content=\"https:\/\/simchocolate.com\/wp-content\/uploads\/2024\/06\/BX0060.jpg\" \/>\n\t<meta property=\"og:image:width\" content=\"1150\" \/>\n\t<meta property=\"og:image:height\" content=\"1150\" \/>\n\t<meta property=\"og:image:type\" content=\"image\/jpeg\" \/>\n<meta name=\"twitter:card\" content=\"summary_large_image\" \/>\n<meta name=\"twitter:label1\" content=\"Tiempo de lectura\" \/>\n\t<meta name=\"twitter:data1\" content=\"3 minutos\" \/>\n<script type=\"application\/ld+json\" class=\"yoast-schema-graph\">{\"@context\":\"https:\/\/schema.org\",\"@graph\":[{\"@type\":\"WebPage\",\"@id\":\"https:\/\/simchocolate.com\/es\/produto\/pack-de-2-trufas-de-caramelo-y-vino-espumoso\/\",\"url\":\"https:\/\/simchocolate.com\/es\/produto\/pack-de-2-trufas-de-caramelo-y-vino-espumoso\/\",\"name\":\"\",\"isPartOf\":{\"@id\":\"https:\/\/simchocolate.com\/es\/#website\"},\"primaryImageOfPage\":{\"@id\":\"https:\/\/simchocolate.com\/es\/produto\/pack-de-2-trufas-de-caramelo-y-vino-espumoso\/#primaryimage\"},\"image\":{\"@id\":\"https:\/\/simchocolate.com\/es\/produto\/pack-de-2-trufas-de-caramelo-y-vino-espumoso\/#primaryimage\"},\"thumbnailUrl\":\"https:\/\/simchocolate.com\/wp-content\/uploads\/2024\/06\/BX0060.jpg\",\"datePublished\":\"2024-06-12T09:16:24+00:00\",\"description\":\"Descubre una combinaci\u00f3n de placeres con nuestras Trufas de Vino Espumoso, perfectamente maridadas con Trufas de Chocolate. &nbsp; Cada envase contiene 7 Trufas de chocolate 7 Trufas de vino espumoso\",\"breadcrumb\":{\"@id\":\"https:\/\/simchocolate.com\/es\/produto\/pack-de-2-trufas-de-caramelo-y-vino-espumoso\/#breadcrumb\"},\"inLanguage\":\"es\",\"potentialAction\":[{\"@type\":\"ReadAction\",\"target\":[\"https:\/\/simchocolate.com\/es\/produto\/pack-de-2-trufas-de-caramelo-y-vino-espumoso\/\"]}]},{\"@type\":\"ImageObject\",\"inLanguage\":\"es\",\"@id\":\"https:\/\/simchocolate.com\/es\/produto\/pack-de-2-trufas-de-caramelo-y-vino-espumoso\/#primaryimage\",\"url\":\"https:\/\/simchocolate.com\/wp-content\/uploads\/2024\/06\/BX0060.jpg\",\"contentUrl\":\"https:\/\/simchocolate.com\/wp-content\/uploads\/2024\/06\/BX0060.jpg\",\"width\":1150,\"height\":1150,\"caption\":\"pack de trufas de espumante + trufas de chocolate\"},{\"@type\":\"BreadcrumbList\",\"@id\":\"https:\/\/simchocolate.com\/es\/produto\/pack-de-2-trufas-de-caramelo-y-vino-espumoso\/#breadcrumb\",\"itemListElement\":[{\"@type\":\"ListItem\",\"position\":1,\"name\":\"In\u00edcio\",\"item\":\"https:\/\/simchocolate.com\/es\/\"},{\"@type\":\"ListItem\",\"position\":2,\"name\":\"Productos\",\"item\":\"https:\/\/simchocolate.com\/es\/shop\/\"},{\"@type\":\"ListItem\",\"position\":3,\"name\":\"Pack de 2 &#8211; Trufas de Caramelo y Vino Espumoso\"}]},{\"@type\":\"WebSite\",\"@id\":\"https:\/\/simchocolate.com\/es\/#website\",\"url\":\"https:\/\/simchocolate.com\/es\/\",\"name\":\"SIM Chocolate\",\"description\":\"Do amor incondicional entre uma m\u00e3e e sua filha, nasce a marca SIM Bombons no Natal de 2014\",\"potentialAction\":[{\"@type\":\"SearchAction\",\"target\":{\"@type\":\"EntryPoint\",\"urlTemplate\":\"https:\/\/simchocolate.com\/es\/?s={search_term_string}\"},\"query-input\":{\"@type\":\"PropertyValueSpecification\",\"valueRequired\":true,\"valueName\":\"search_term_string\"}}],\"inLanguage\":\"es\"}]}<\/script>\n<!-- \/ Yoast SEO plugin. -->","yoast_head_json":{"title":"SIM Chocolate","description":"Descubre una combinaci\u00f3n de placeres con nuestras Trufas de Vino Espumoso, perfectamente maridadas con Trufas de Chocolate. &nbsp; Cada envase contiene    7 Trufas de chocolate  7 Trufas de vino espumoso","robots":{"index":"index","follow":"follow","max-snippet":"max-snippet:-1","max-image-preview":"max-image-preview:large","max-video-preview":"max-video-preview:-1"},"canonical":"https:\/\/simchocolate.com\/es\/produto\/pack-de-2-trufas-de-caramelo-y-vino-espumoso\/","og_locale":"es_ES","og_type":"article","og_description":"Descubre una combinaci\u00f3n de placeres con nuestras Trufas de Vino Espumoso, perfectamente maridadas con Trufas de Chocolate. &nbsp; Cada envase contiene    7 Trufas de chocolate  7 Trufas de vino espumoso","og_url":"https:\/\/simchocolate.com\/es\/produto\/pack-de-2-trufas-de-caramelo-y-vino-espumoso\/","og_site_name":"SIM Chocolate","article_publisher":"https:\/\/www.facebook.com\/SimBombons","og_image":[{"width":1150,"height":1150,"url":"https:\/\/simchocolate.com\/wp-content\/uploads\/2024\/06\/BX0060.jpg","type":"image\/jpeg"}],"twitter_card":"summary_large_image","twitter_misc":{"Tiempo de lectura":"3 minutos"},"schema":{"@context":"https:\/\/schema.org","@graph":[{"@type":"WebPage","@id":"https:\/\/simchocolate.com\/es\/produto\/pack-de-2-trufas-de-caramelo-y-vino-espumoso\/","url":"https:\/\/simchocolate.com\/es\/produto\/pack-de-2-trufas-de-caramelo-y-vino-espumoso\/","name":"","isPartOf":{"@id":"https:\/\/simchocolate.com\/es\/#website"},"primaryImageOfPage":{"@id":"https:\/\/simchocolate.com\/es\/produto\/pack-de-2-trufas-de-caramelo-y-vino-espumoso\/#primaryimage"},"image":{"@id":"https:\/\/simchocolate.com\/es\/produto\/pack-de-2-trufas-de-caramelo-y-vino-espumoso\/#primaryimage"},"thumbnailUrl":"https:\/\/simchocolate.com\/wp-content\/uploads\/2024\/06\/BX0060.jpg","datePublished":"2024-06-12T09:16:24+00:00","description":"Descubre una combinaci\u00f3n de placeres con nuestras Trufas de Vino Espumoso, perfectamente maridadas con Trufas de Chocolate. &nbsp; Cada envase contiene 7 Trufas de chocolate 7 Trufas de vino espumoso","breadcrumb":{"@id":"https:\/\/simchocolate.com\/es\/produto\/pack-de-2-trufas-de-caramelo-y-vino-espumoso\/#breadcrumb"},"inLanguage":"es","potentialAction":[{"@type":"ReadAction","target":["https:\/\/simchocolate.com\/es\/produto\/pack-de-2-trufas-de-caramelo-y-vino-espumoso\/"]}]},{"@type":"ImageObject","inLanguage":"es","@id":"https:\/\/simchocolate.com\/es\/produto\/pack-de-2-trufas-de-caramelo-y-vino-espumoso\/#primaryimage","url":"https:\/\/simchocolate.com\/wp-content\/uploads\/2024\/06\/BX0060.jpg","contentUrl":"https:\/\/simchocolate.com\/wp-content\/uploads\/2024\/06\/BX0060.jpg","width":1150,"height":1150,"caption":"pack de trufas de espumante + trufas de chocolate"},{"@type":"BreadcrumbList","@id":"https:\/\/simchocolate.com\/es\/produto\/pack-de-2-trufas-de-caramelo-y-vino-espumoso\/#breadcrumb","itemListElement":[{"@type":"ListItem","position":1,"name":"In\u00edcio","item":"https:\/\/simchocolate.com\/es\/"},{"@type":"ListItem","position":2,"name":"Productos","item":"https:\/\/simchocolate.com\/es\/shop\/"},{"@type":"ListItem","position":3,"name":"Pack de 2 &#8211; Trufas de Caramelo y Vino Espumoso"}]},{"@type":"WebSite","@id":"https:\/\/simchocolate.com\/es\/#website","url":"https:\/\/simchocolate.com\/es\/","name":"SIM Chocolate","description":"Do amor incondicional entre uma m\u00e3e e sua filha, nasce a marca SIM Bombons no Natal de 2014","potentialAction":[{"@type":"SearchAction","target":{"@type":"EntryPoint","urlTemplate":"https:\/\/simchocolate.com\/es\/?s={search_term_string}"},"query-input":{"@type":"PropertyValueSpecification","valueRequired":true,"valueName":"search_term_string"}}],"inLanguage":"es"}]}},"_links":{"self":[{"href":"https:\/\/simchocolate.com\/es\/wp-json\/wp\/v2\/product\/9353","targetHints":{"allow":["GET"]}}],"collection":[{"href":"https:\/\/simchocolate.com\/es\/wp-json\/wp\/v2\/product"}],"about":[{"href":"https:\/\/simchocolate.com\/es\/wp-json\/wp\/v2\/types\/product"}],"replies":[{"embeddable":true,"href":"https:\/\/simchocolate.com\/es\/wp-json\/wp\/v2\/comments?post=9353"}],"wp:featuredmedia":[{"embeddable":true,"href":"https:\/\/simchocolate.com\/es\/wp-json\/wp\/v2\/media\/9360"}],"wp:attachment":[{"href":"https:\/\/simchocolate.com\/es\/wp-json\/wp\/v2\/media?parent=9353"}],"wp:term":[{"taxonomy":"product_brand","embeddable":true,"href":"https:\/\/simchocolate.com\/es\/wp-json\/wp\/v2\/product_brand?post=9353"},{"taxonomy":"product_cat","embeddable":true,"href":"https:\/\/simchocolate.com\/es\/wp-json\/wp\/v2\/product_cat?post=9353"},{"taxonomy":"product_tag","embeddable":true,"href":"https:\/\/simchocolate.com\/es\/wp-json\/wp\/v2\/product_tag?post=9353"}],"curies":[{"name":"wp","href":"https:\/\/api.w.org\/{rel}","templated":true}]}}